{"id":916,"date":"2020-10-11T00:10:19","date_gmt":"2020-10-10T22:10:19","guid":{"rendered":"http:\/\/new.eczk.cz\/?page_id=916"},"modified":"2020-10-13T22:10:38","modified_gmt":"2020-10-13T20:10:38","slug":"medien","status":"publish","type":"page","link":"https:\/\/www.eczk.cz\/index.php\/medien\/","title":{"rendered":"Medien"},"content":{"rendered":"<div id=\"themify_builder_content-916\" data-postid=\"916\" class=\"themify_builder_content themify_builder_content-916 themify_builder tf_clear\">\n    \t<!-- module_row -->\n\t<div   data-css_id=\"tb_ewqr196\" data-lazy=\"1\" class=\"themify_builder_row module_row fullcover fullwidth tb_ewqr196 tb_first clearfix\">\n\t    <div class=\"tf_abs builder_row_cover\"><\/div>\t    <div class=\"row_inner col_align_middle tf_box tf_w tf_rel\" >\n\t\t\t<div  data-lazy=\"1\" class=\"module_column tb-column col4-2 first tb_h417196 tf_box\" >\n\t    \t    \t        <div class=\"tb-column-inner tf_box tf_w\">\n\t\t    \t<div  data-lazy=\"1\" class=\"themify_builder_sub_row module_subrow tb_oo2a196 tf_w clearfix\" >\n\t    \t    <div class=\"subrow_inner col_align_top tf_box tf_w\" >\n\t\t\t<div  data-lazy=\"1\" class=\"sub_column module_column tf_box col-full first tb_0kgo196\"> \n\t    \t    \t        <div class=\"tb-column-inner tf_box tf_w\">\n\t\t    <!-- module text -->\n<div  class=\"module module-text tb_etum196  repeat \" data-lazy=\"1\">\n            <div  class=\"tb_text_wrap\">\n    <div class=\"module module-text tb_ok2c601  repeat  \">\n<div class=\"tb_text_wrap\">\n<p style=\"text-align: left;\">MUDr. Pavel Krejzl\u00edk<\/p>\n<\/div>\n<\/div>    <\/div>\n<\/div>\n<!-- \/module text --><!-- module text -->\n<div  class=\"module module-text tb_8ye7196  repeat \" data-lazy=\"1\">\n            <div  class=\"tb_text_wrap\">\n    <h1>Napsali o n\u00e1s<\/h1>    <\/div>\n<\/div>\n<!-- \/module text --><!-- module buttons -->\n<div  class=\"module module-buttons tb_4qnm196 buttons-horizontal outline  squared\" data-lazy=\"1\">\n            \t<div class=\"module-buttons-item tf_inline_b\">\n\t    \t\t    <a href=\"\/index.php\/de\/kontakte\/\" class=\"ui builder_button tb_default_color\" >\n\t\t\t\t        \t\t<span class=\"tf_inline_b tf_vmiddle\">Rezervujte si term\u00edn<\/span>\n\t\t    \t\t    \t\t    <\/a>\n\t\t        \t<\/div>\n\t    <\/div>\n<!-- \/module buttons -->\n\t        <\/div>\n\t    \t<\/div>\n\t\t    <\/div>\n\t<\/div><!-- \/themify_builder_sub_row -->\n\t\t        <\/div>\n\t    \t<\/div>\n\t\t<div  data-lazy=\"1\" class=\"module_column tb-column col4-2 last tb_9psz196 tf_box\">\n\t    \t    \t<\/div>\n\t\t    <\/div>\n\t    <!-- \/row_inner -->\n\t<\/div>\n\t<!-- \/module_row -->\n\t\t<!-- module_row -->\n\t<div   data-css_id=\"tb_mtuu731\" data-lazy=\"1\" class=\"themify_builder_row module_row fullwidth tb_mtuu731 clearfix\">\n\t    \t    <div class=\"row_inner col_align_top tf_box tf_w tf_rel\" >\n\t\t\t<div  data-lazy=\"1\" class=\"module_column tb-column col-full first tb_1kdb731 tf_box\">\n\t    \t    \t        <div class=\"tb-column-inner tf_box tf_w\">\n\t\t    <!-- module text -->\n<div  class=\"module module-text tb_wd85731  repeat \" data-lazy=\"1\">\n            <div  class=\"tb_text_wrap\">\n    <h2 style=\"text-align: center;\">Zm\u00ednili se o n\u00e1s<\/h2>    <\/div>\n<\/div>\n<!-- \/module text --><!-- module text -->\n<div  class=\"module module-text tb_ovjj731  repeat \" data-lazy=\"1\">\n            <div  class=\"tb_text_wrap\">\n    <h3 style=\"text-align: center;\">MUDr. Pavel Krejzl\u00edk v po\u0159adu \u010cesk\u00e9ho rozhlasu Rendez-vous<\/h3>    <\/div>\n<\/div>\n<!-- \/module text --><!-- module text -->\n<div  class=\"module module-text tb_vtld211   \" data-lazy=\"1\">\n            <div  class=\"tb_text_wrap\">\n    <p>Dne 6.12.2015 byl hostem v r\u00e1diu \u010cesk\u00fd rozhlas MUDr. Pavel Krejzl\u00edk, kde mluvil o modern\u00edch metod\u00e1ch l\u00e9\u010dby a pou\u017e\u00edv\u00e1n\u00ed \u00fa\u010dinn\u00fdch laser\u016f v oborech \u00fastn\u00ed, \u010delistn\u00ed a obli\u010dejov\u00e9 chirurgie. <a href=\"https:\/\/prehravac.rozhlas.cz\/audio\/3526718\" target=\"_blank\" rel=\"noopener\">Poslechn\u011bte si z\u00e1znam rozhovoru<\/a>.<\/p>    <\/div>\n<\/div>\n<!-- \/module text --><!-- module text -->\n<div  class=\"module module-text tb_sx3i26  repeat \" data-lazy=\"1\">\n            <div  class=\"tb_text_wrap\">\n    <h3 style=\"text-align: center;\">MUDr. Pavel Krejzl\u00edk v po\u0159adu \u010cesk\u00e9 televize Sama doma<\/h3>    <\/div>\n<\/div>\n<!-- \/module text --><!-- module text -->\n<div  class=\"module module-text tb_g7cv349   \" data-lazy=\"1\">\n            <div  class=\"tb_text_wrap\">\n    <p>MUDr. Pavel Krejzl\u00edk byl dne 17.4.2015 hostem v po\u0159adu \u010cesk\u00e9 televize Sama doma, kde prezentoval novinky v modern\u00ed zubn\u00ed implantologii. <a href=\"https:\/\/www.ceskatelevize.cz\/porady\/1148499747-sama-doma\/315292320030006\/video\/394756\">Pod\u00edvejte se na z\u00e1znam po\u0159adu<\/a>.<\/p>    <\/div>\n<\/div>\n<!-- \/module text --><!-- module text -->\n<div  class=\"module module-text tb_ijv4486  repeat \" data-lazy=\"1\">\n            <div  class=\"tb_text_wrap\">\n    <h3 style=\"text-align: center;\">Reference na\u0161ich klient\u016f<\/h3>    <\/div>\n<\/div>\n<!-- \/module text --><!-- advanced-posts module -->\n<div  class=\"module module-advanced-posts tb_272j787   themify_builder_content-272j787\">\n    \t    \t<div  class=\"builder-posts-wrap loops-wrapper grid3 classic tf_clear clearfix\" data-lazy=\"1\">\n\t    \t\t    <article itemscope itemtype=\"http:\/\/schema.org\/BlogPosting\" id=\"post-1535\" class=\"post clearfix post-1535 type-post status-publish format-standard has-post-thumbnail hentry category-reference-klientu has-post-title has-post-date has-post-category has-post-tag has-post-comment has-post-author \">\n\t\t\t        <div class=\"tbp_advanchd_archive_wrap\">\n\t\t<!-- module_row -->\n\t<div  data-css_id=\"tb_qzvu421\" data-lazy=\"1\" class=\"themify_builder_row module_row tb_qzvu421 clearfix\">\n\t    \t    <div class=\"row_inner col_align_top tf_box tf_w tf_rel\" >\n\t\t\t<div  data-lazy=\"1\" class=\"module_column tb-column col-full first tb_aiyd422 tf_box\">\n\t    \t    \t        <div class=\"tb-column-inner tf_box tf_w\">\n\t\t    <!-- Featured Image module -->\n<div  class=\"module module-image module-featured-image tb_8z2a939  \" data-lazy=\"1\">\n    <div class=\"image-wrap\" itemprop=\"image\">\n       \t\t\t\t\t\n\t\t\t\t\t\n\t\t    \t\t\t\t\t      \n\t\t\t\n\t\t\t\t\t\n\t\t\t\t    <img loading=\"lazy\" src=\"https:\/\/www.eczk.cz\/wp-content\/uploads\/2020\/10\/ansley-ventura-SIXoW9s9A-unsplash-150x150.jpg\" width=\"150\" height=\"150\" class=\"wp-post-image wp-image-790\" alt=\"Anna B.\" srcset=\"https:\/\/www.eczk.cz\/wp-content\/uploads\/2020\/10\/ansley-ventura-SIXoW9s9A-unsplash-150x150.jpg 150w, https:\/\/www.eczk.cz\/wp-content\/uploads\/2020\/10\/ansley-ventura-SIXoW9s9A-unsplash-300x300.jpg 300w, https:\/\/www.eczk.cz\/wp-content\/uploads\/2020\/10\/ansley-ventura-SIXoW9s9A-unsplash-290x290.jpg 290w, https:\/\/www.eczk.cz\/wp-content\/uploads\/2020\/10\/ansley-ventura-SIXoW9s9A-unsplash-47x48.jpg 47w, https:\/\/www.eczk.cz\/wp-content\/uploads\/2020\/10\/ansley-ventura-SIXoW9s9A-unsplash.jpg 500w\" sizes=\"(max-width: 150px) 100vw, 150px\" \/>\t\t\t\t\t\n\t\t\t\n\t        <\/div>\n<\/div>\n<!-- \/Featured Image module -->\n<!-- Post Title module -->\n<div  class=\"module module-post-title tb_fpfe422 \" data-lazy=\"1\">\n   <h4 itemprop=\"headline\" class=\"tbp_title\">\n        Anna B.    <\/h4><\/div>\n<!-- \/Post Title module -->\n<!-- Post Content module -->\n<div  class=\"module module-post-content tb_5f5e422 \" data-lazy=\"1\">\n    <div>\n    <div class=\"tb_text_wrap\" itemprop=\"description\">\n\t    <div class=\"themify_builder_content themify_builder_content-1535 themify_builder not_editable_builder in_the_loop\" data-postid=\"1535\">\n            <\/div>\n\n\n\n<p>Velmi jemn\u00fd. ohledupln\u00fd a pokud mohu soudit i profesion\u00e1ln\u00ed. Doporu\u010duji, nebojte se jeho z\u00e1kroku.<\/p>\n    <\/div>\n<\/div>\n\n<\/div>\n<!-- \/Post Content module -->\n\t        <\/div>\n\t    \t<\/div>\n\t\t    <\/div>\n\t    <!-- \/row_inner -->\n\t<\/div>\n\t<!-- \/module_row -->\n\t    <\/div>\n\t\t    <\/article>\n\t\t\t\t    <article itemscope itemtype=\"http:\/\/schema.org\/BlogPosting\" id=\"post-797\" class=\"post clearfix post-797 type-post status-publish format-standard has-post-thumbnail hentry category-reference-klientu has-post-title has-post-date has-post-category has-post-tag has-post-comment has-post-author \">\n\t\t\t        <div class=\"tbp_advanchd_archive_wrap\">\n\t\t<!-- module_row -->\n\t<div  data-css_id=\"tb_qzvu421\" data-lazy=\"1\" class=\"themify_builder_row module_row tb_qzvu421 clearfix\">\n\t    \t    <div class=\"row_inner col_align_top tf_box tf_w tf_rel\" >\n\t\t\t<div  data-lazy=\"1\" class=\"module_column tb-column col-full first tb_aiyd422 tf_box\">\n\t    \t    \t        <div class=\"tb-column-inner tf_box tf_w\">\n\t\t    <!-- Featured Image module -->\n<div  class=\"module module-image module-featured-image tb_8z2a939  \" data-lazy=\"1\">\n    <div class=\"image-wrap\" itemprop=\"image\">\n       \t\t\t\t\t\n\t\t\t\t\t\n\t\t    \t\t\t\t\t      \n\t\t\t\n\t\t\t\t\t\n\t\t\t\t    <img loading=\"lazy\" src=\"https:\/\/www.eczk.cz\/wp-content\/uploads\/2020\/10\/ansley-ventura-SIXoW9s9A-unsplash-150x150.jpg\" width=\"150\" height=\"150\" class=\"wp-post-image wp-image-790\" alt=\"Dr. Pavel O.\" srcset=\"https:\/\/www.eczk.cz\/wp-content\/uploads\/2020\/10\/ansley-ventura-SIXoW9s9A-unsplash-150x150.jpg 150w, https:\/\/www.eczk.cz\/wp-content\/uploads\/2020\/10\/ansley-ventura-SIXoW9s9A-unsplash-300x300.jpg 300w, https:\/\/www.eczk.cz\/wp-content\/uploads\/2020\/10\/ansley-ventura-SIXoW9s9A-unsplash-290x290.jpg 290w, https:\/\/www.eczk.cz\/wp-content\/uploads\/2020\/10\/ansley-ventura-SIXoW9s9A-unsplash-47x48.jpg 47w, https:\/\/www.eczk.cz\/wp-content\/uploads\/2020\/10\/ansley-ventura-SIXoW9s9A-unsplash.jpg 500w\" sizes=\"(max-width: 150px) 100vw, 150px\" \/>\t\t\t\t\t\n\t\t\t\n\t        <\/div>\n<\/div>\n<!-- \/Featured Image module -->\n<!-- Post Title module -->\n<div  class=\"module module-post-title tb_fpfe422 \" data-lazy=\"1\">\n   <h4 itemprop=\"headline\" class=\"tbp_title\">\n        Dr. Pavel O.    <\/h4><\/div>\n<!-- \/Post Title module -->\n<!-- Post Content module -->\n<div  class=\"module module-post-content tb_5f5e422 \" data-lazy=\"1\">\n    <div>\n    <div class=\"tb_text_wrap\" itemprop=\"description\">\n\t    <div class=\"themify_builder_content themify_builder_content-797 themify_builder not_editable_builder in_the_loop\" data-postid=\"797\">\n            <\/div>\n\n\n\n<p>Pan doktor je zku\u0161en\u00fd stomatochirurg, kter\u00fd mi brilantn\u011b odoperoval osmi\u010dku ,p\u0159irostlou ke kosti ,maj\u00edc\u00ed 3 ko\u0159eny, roz\u0159ezal j\u00ed na 4 kusy , kter\u00e9 po t\u00e9 extrahoval. V\u00fdkon byl riskantn\u00ed nebo\u0165 zub byl v t\u011bsn\u00e9 bl\u00edzkosti mandibul\u00e1rn\u00edho kan\u00e1lu, kter\u00fd po v\u00fdkonu z\u016fstal neporu\u0161en. V\u0161em tohoto l\u00e9ka\u0159e doporu\u010duji.<\/p>\n    <\/div>\n<\/div>\n\n<\/div>\n<!-- \/Post Content module -->\n\t        <\/div>\n\t    \t<\/div>\n\t\t    <\/div>\n\t    <!-- \/row_inner -->\n\t<\/div>\n\t<!-- \/module_row -->\n\t    <\/div>\n\t\t    <\/article>\n\t\t\t\t    <article itemscope itemtype=\"http:\/\/schema.org\/BlogPosting\" id=\"post-796\" class=\"post clearfix post-796 type-post status-publish format-standard has-post-thumbnail hentry category-reference-klientu has-post-title has-post-date has-post-category has-post-tag has-post-comment has-post-author \">\n\t\t\t        <div class=\"tbp_advanchd_archive_wrap\">\n\t\t<!-- module_row -->\n\t<div  data-css_id=\"tb_qzvu421\" data-lazy=\"1\" class=\"themify_builder_row module_row tb_qzvu421 clearfix\">\n\t    \t    <div class=\"row_inner col_align_top tf_box tf_w tf_rel\" >\n\t\t\t<div  data-lazy=\"1\" class=\"module_column tb-column col-full first tb_aiyd422 tf_box\">\n\t    \t    \t        <div class=\"tb-column-inner tf_box tf_w\">\n\t\t    <!-- Featured Image module -->\n<div  class=\"module module-image module-featured-image tb_8z2a939  \" data-lazy=\"1\">\n    <div class=\"image-wrap\" itemprop=\"image\">\n       \t\t\t\t\t\n\t\t\t\t\t\n\t\t    \t\t\t\t\t      \n\t\t\t\n\t\t\t\t\t\n\t\t\t\t    <img loading=\"lazy\" src=\"https:\/\/www.eczk.cz\/wp-content\/uploads\/2020\/10\/oz-seyrek-Ir03_pgpMU-unsplash-150x150.jpg\" width=\"150\" height=\"150\" class=\"wp-post-image wp-image-789\" alt=\"Romana93\" srcset=\"https:\/\/www.eczk.cz\/wp-content\/uploads\/2020\/10\/oz-seyrek-Ir03_pgpMU-unsplash-150x150.jpg 150w, https:\/\/www.eczk.cz\/wp-content\/uploads\/2020\/10\/oz-seyrek-Ir03_pgpMU-unsplash-300x300.jpg 300w, https:\/\/www.eczk.cz\/wp-content\/uploads\/2020\/10\/oz-seyrek-Ir03_pgpMU-unsplash-47x48.jpg 47w, https:\/\/www.eczk.cz\/wp-content\/uploads\/2020\/10\/oz-seyrek-Ir03_pgpMU-unsplash.jpg 500w\" sizes=\"(max-width: 150px) 100vw, 150px\" \/>\t\t\t\t\t\n\t\t\t\n\t        <\/div>\n<\/div>\n<!-- \/Featured Image module -->\n<!-- Post Title module -->\n<div  class=\"module module-post-title tb_fpfe422 \" data-lazy=\"1\">\n   <h4 itemprop=\"headline\" class=\"tbp_title\">\n        Romana93    <\/h4><\/div>\n<!-- \/Post Title module -->\n<!-- Post Content module -->\n<div  class=\"module module-post-content tb_5f5e422 \" data-lazy=\"1\">\n    <div>\n    <div class=\"tb_text_wrap\" itemprop=\"description\">\n\t    <div class=\"themify_builder_content themify_builder_content-796 themify_builder not_editable_builder in_the_loop\" data-postid=\"796\">\n            <\/div>\n\n\n\n<p>Pan doktor je nejlep\u0161\u00ed! Trhal mi t\u0159i osmi\u010dky, dv\u011b byly komplikovan\u011bj\u0161\u00ed, v\u017edy naprosto bezbolestn\u011b a profesion\u00e1ln\u011b. Je na n\u011bj spolehnut\u00ed.<\/p>\n    <\/div>\n<\/div>\n\n<\/div>\n<!-- \/Post Content module -->\n\t        <\/div>\n\t    \t<\/div>\n\t\t    <\/div>\n\t    <!-- \/row_inner -->\n\t<\/div>\n\t<!-- \/module_row -->\n\t    <\/div>\n\t\t    <\/article>\n\t\t\t<\/div>\n\t<div class=\"pagenav tf_clear tf_box tf_textr clearfix\"> <span class=\"number current\">1<\/span>  <a href=\"https:\/\/www.eczk.cz\/index.php\/wp-json\/wp\/v2\/pages\/916\/page\/2\/\" class=\"number\">2<\/a> <\/div>    <\/div>\n<!-- \/advanced-posts module -->\n\t        <\/div>\n\t    \t<\/div>\n\t\t    <\/div>\n\t    <!-- \/row_inner -->\n\t<\/div>\n\t<!-- \/module_row -->\n\t\t<!-- module_row -->\n\t<div   data-css_id=\"tb_4s38428\" data-lazy=\"1\" class=\"themify_builder_row module_row fullwidth tb_4s38428 clearfix\">\n\t    \t    <div class=\"row_inner col_align_top tf_box tf_w tf_rel\" >\n\t\t\t<div  data-lazy=\"1\" class=\"module_column tb-column col-full first tb_opv5428 tf_box\">\n\t    \t    \t        <div class=\"tb-column-inner tf_box tf_w\">\n\t\t    <!-- module template_part -->\n<div  class=\"module module-layout-part tb_fl1s746 \">\n    <div class=\"tb_layout_part_wrap tf_w\">\n    <div class=\"themify_builder_content themify_builder_content-278 themify_builder not_editable_builder in_the_loop\" data-postid=\"278\">\n        \t<!-- module_row -->\n\t<div   data-css_id=\"tb_qytw158\" data-lazy=\"1\" class=\"themify_builder_row module_row repeat fullwidth tb_qytw158 clearfix\">\n\t    \t    <div class=\"row_inner col_align_middle gutter-none tf_box tf_w tf_rel\"   data-basecol=\"1\" data-col_tablet=\"tablet-full\" data-col_mobile=\"column-full\">\n\t\t\t<div  data-lazy=\"1\" class=\"module_column tb-column col-full first tb_q9as158 repeat tf_box\" >\n\t    \t    \t        <div class=\"tb-column-inner tf_box tf_w\">\n\t\t    <!-- module text -->\n<div  class=\"module module-text tb_8147158  repeat \" data-lazy=\"1\">\n            <div  class=\"tb_text_wrap\">\n    <h2 style=\"text-align: center;\"><strong>MUDr. Pavel Krejzl\u00edk<\/strong><\/h2>    <\/div>\n<\/div>\n<!-- \/module text -->\t<div  data-lazy=\"1\" class=\"themify_builder_sub_row module_subrow tb_t11r158 tf_w clearfix\">\n\t    \t    <div class=\"subrow_inner gutter-none col_auto_height col_align_middle tf_box tf_w\" >\n\t\t\t<div  data-lazy=\"1\" class=\"sub_column module_column tf_box col3-1 first tb_tuq6158\"> \n\t    \t    \t        <div class=\"tb-column-inner tf_box tf_w\">\n\t\t    <!-- module icon -->\n<div  class=\"module module-icon tb_5cc6158  normal circle icon_horizontal tf_textc\" data-lazy=\"1\">\n            <div class=\"module-icon\">\n\t\t    <div class=\"module-icon-item tf_inline_b\">\n\t\t\t\t    \t\t\t\t    \t\t\t<i class=\"ui tf_vmiddle tf_textc tf_box transparent\"><svg class=\"tf_fa tf-ti-email\"><use href=\"#tf-ti-email\"><\/use><\/svg><\/i>\n\t\t    \t\t    \t\t    \t    <\/div>\n\t    <\/div>\n<\/div>\n<!-- \/module icon -->\n<!-- module text -->\n<div  class=\"module module-text tb_xpej158   \" data-lazy=\"1\">\n            <div  class=\"tb_text_wrap\">\n    <p style=\"text-align: center;\"><a href=\"mailto:info@lasercentra.cz\">&#105;&#110;&#102;&#111;&#64;&#108;&#97;&#115;&#101;&#114;&#99;&#101;&#110;&#116;&#114;&#97;&#46;&#99;&#122;<\/a><\/p>\n    <\/div>\n<\/div>\n<!-- \/module text -->\t        <\/div>\n\t    \t<\/div>\n\t\t<div  data-lazy=\"1\" class=\"sub_column module_column tf_box col3-1 middle tb_7l6h158\"> \n\t    \t    \t        <div class=\"tb-column-inner tf_box tf_w\">\n\t\t    <!-- module icon -->\n<div  class=\"module module-icon tb_lh98158  normal circle icon_horizontal tf_textc\" data-lazy=\"1\">\n            <div class=\"module-icon\">\n\t\t    <div class=\"module-icon-item tf_inline_b\">\n\t\t\t\t    \t\t\t\t    \t\t\t<i class=\"ui tf_vmiddle tf_textc tf_box transparent\"><svg class=\"tf_fa tf-ti-mobile\"><use href=\"#tf-ti-mobile\"><\/use><\/svg><\/i>\n\t\t    \t\t    \t\t    \t    <\/div>\n\t    <\/div>\n<\/div>\n<!-- \/module icon -->\n<!-- module text -->\n<div  class=\"module module-text tb_ftur158   \" data-lazy=\"1\">\n            <div  class=\"tb_text_wrap\">\n    <p style=\"text-align: center;\"><a href=\"tel:725800900\">+420 725 800 900<\/a><\/p>    <\/div>\n<\/div>\n<!-- \/module text -->\t        <\/div>\n\t    \t<\/div>\n\t\t<div  data-lazy=\"1\" class=\"sub_column module_column tf_box col3-1 last tb_6fkn158\"> \n\t    \t    \t        <div class=\"tb-column-inner tf_box tf_w\">\n\t\t    <!-- module icon -->\n<div  class=\"module module-icon tb_ynya158  normal circle icon_horizontal tf_textc\" data-lazy=\"1\">\n            <div class=\"module-icon\">\n\t\t    <div class=\"module-icon-item tf_inline_b\">\n\t\t\t\t    \t\t\t\t    \t\t\t<i class=\"ui tf_vmiddle tf_textc tf_box transparent\"><svg class=\"tf_fa tf-ti-headphone-alt\"><use href=\"#tf-ti-headphone-alt\"><\/use><\/svg><\/i>\n\t\t    \t\t    \t\t    \t    <\/div>\n\t    <\/div>\n<\/div>\n<!-- \/module icon -->\n<!-- module text -->\n<div  class=\"module module-text tb_nmx8158   \" data-lazy=\"1\">\n            <div  class=\"tb_text_wrap\">\n    <p style=\"text-align: center;\">Provozn\u00ed doba 7:00 \u2013 15:30<\/p>    <\/div>\n<\/div>\n<!-- \/module text -->\t        <\/div>\n\t    \t<\/div>\n\t\t    <\/div>\n\t<\/div><!-- \/themify_builder_sub_row -->\n\t<!-- module text -->\n<div  class=\"module module-text tb_uz43763  repeat \" data-lazy=\"1\">\n            <div  class=\"tb_text_wrap\">\n    <p style=\"text-align: center;\">\u010c\u00edslo bankovn\u00edho \u00fa\u010dtu: 107-3046290297\/0100<\/p>    <\/div>\n<\/div>\n<!-- \/module text --><!-- module divider -->\n<div  class=\"module tf_mw module-divider tb_ckpz158 solid   \" style=\"border-width: 1px;border-color: rgba(0,0,0, 0.05);margin-top: 10px;margin-bottom: 10px;\" data-lazy=\"1\">\n        <\/div>\n<!-- \/module divider -->\n<!-- module icon -->\n<div  class=\"module module-icon tb_2140158  normal none icon_horizontal tf_textc\" data-lazy=\"1\">\n            <div class=\"module-icon\">\n\t\t    <div class=\"module-icon-item tf_inline_b\">\n\t\t\t\t    <a href=\"https:\/\/www.facebook.com\/mudr.pavel.krejzlik\">\n\t\t    \t\t    \t\t\t\t    \t\t\t<i class=\"ui tf_vmiddle tf_textc tf_box black\"><svg class=\"tf_fa tf-ti-facebook\"><use href=\"#tf-ti-facebook\"><\/use><\/svg><\/i>\n\t\t    \t\t    \t\t    \t\t    <\/a>\n\t\t\t    <\/div>\n\t\t    <div class=\"module-icon-item tf_inline_b\">\n\t\t\t\t    <a href=\"https:\/\/www.instagram.com\/mudr.pavel.krejzlik\/\">\n\t\t    \t\t    \t\t\t\t    \t\t\t<i class=\"ui tf_vmiddle tf_textc tf_box black\"><svg class=\"tf_fa tf-ti-instagram\"><use href=\"#tf-ti-instagram\"><\/use><\/svg><\/i>\n\t\t    \t\t    \t\t    \t\t    <\/a>\n\t\t\t    <\/div>\n\t\t    <div class=\"module-icon-item tf_inline_b\">\n\t\t\t\t    <a href=\"https:\/\/www.youtube.com\/channel\/UC8cfRPhtNPvL_Ze6j1bwrLA?&amp;ab_channel=OndraJana\">\n\t\t    \t\t    \t\t\t\t    \t\t\t<i class=\"ui tf_vmiddle tf_textc tf_box black\"><svg class=\"tf_fa tf-ti-youtube\"><use href=\"#tf-ti-youtube\"><\/use><\/svg><\/i>\n\t\t    \t\t    \t\t    \t\t    <\/a>\n\t\t\t    <\/div>\n\t    <\/div>\n<\/div>\n<!-- \/module icon -->\n\t        <\/div>\n\t    \t<\/div>\n\t\t    <\/div>\n\t    <!-- \/row_inner -->\n\t<\/div>\n\t<!-- \/module_row -->\n\t    <\/div>\n<\/div>\n<\/div>\n<!-- \/module template_part -->\n\t        <\/div>\n\t    \t<\/div>\n\t\t    <\/div>\n\t    <!-- \/row_inner -->\n\t<\/div>\n\t<!-- \/module_row -->\n\t<\/div>\n\n","protected":false},"excerpt":{"rendered":"<p>MUDr. Pavel Krejzl\u00edk Napsali o n\u00e1s Rezervujte si term\u00edn Zm\u00ednili se o n\u00e1s MUDr. Pavel Krejzl\u00edk v po\u0159adu \u010cesk\u00e9ho rozhlasu Rendez-vous Dne 6.12.2015 byl hostem v r\u00e1diu \u010cesk\u00fd rozhlas MUDr. Pavel Krejzl\u00edk, kde mluvil o modern\u00edch metod\u00e1ch l\u00e9\u010dby a pou\u017e\u00edv\u00e1n\u00ed \u00fa\u010dinn\u00fdch laser\u016f v oborech \u00fastn\u00ed, \u010delistn\u00ed a obli\u010dejov\u00e9 chirurgie. Poslechn\u011bte si z\u00e1znam rozhovoru. MUDr. Pavel [&hellip;]<\/p>\n","protected":false},"author":1,"featured_media":0,"parent":0,"menu_order":0,"comment_status":"closed","ping_status":"closed","template":"","meta":[],"categories":[],"tags":[],"builder_content":"<p style=\"text-align: left;\">MUDr. Pavel Krejzl\u00edk<\/p>\n<h1>Napsali o n\u00e1s<\/h1>\n<a href=\"\/index.php\/de\/kontakte\/\" > Rezervujte si term\u00edn <\/a>\n<h2 style=\"text-align: center;\">Zm\u00ednili se o n\u00e1s<\/h2>\n<h3 style=\"text-align: center;\">MUDr. Pavel Krejzl\u00edk v po\u0159adu \u010cesk\u00e9ho rozhlasu Rendez-vous<\/h3>\n<p>Dne 6.12.2015 byl hostem v r\u00e1diu \u010cesk\u00fd rozhlas MUDr. Pavel Krejzl\u00edk, kde mluvil o modern\u00edch metod\u00e1ch l\u00e9\u010dby a pou\u017e\u00edv\u00e1n\u00ed \u00fa\u010dinn\u00fdch laser\u016f v oborech \u00fastn\u00ed, \u010delistn\u00ed a obli\u010dejov\u00e9 chirurgie. <a href=\"https:\/\/prehravac.rozhlas.cz\/audio\/3526718\" target=\"_blank\" rel=\"noopener\">Poslechn\u011bte si z\u00e1znam rozhovoru<\/a>.<\/p>\n<h3 style=\"text-align: center;\">MUDr. Pavel Krejzl\u00edk v po\u0159adu \u010cesk\u00e9 televize Sama doma<\/h3>\n<p>MUDr. Pavel Krejzl\u00edk byl dne 17.4.2015 hostem v po\u0159adu \u010cesk\u00e9 televize Sama doma, kde prezentoval novinky v modern\u00ed zubn\u00ed implantologii. <a href=\"https:\/\/www.ceskatelevize.cz\/porady\/1148499747-sama-doma\/315292320030006\/video\/394756\">Pod\u00edvejte se na z\u00e1znam po\u0159adu<\/a>.<\/p>\n<h3 style=\"text-align: center;\">Reference na\u0161ich klient\u016f<\/h3>\n\n<h2 style=\"text-align: center;\"><strong>MUDr. Pavel Krejzl\u00edk<\/strong><\/h2> \n \n <i><svg><use href=\"#tf-ti-email\"><\/use><\/svg><\/i> \n <p style=\"text-align: center;\"><a href=\"mailto:info@lasercentra.cz\">&#105;&#110;&#102;&#111;&#64;&#108;&#97;&#115;&#101;&#114;&#99;&#101;&#110;&#116;&#114;&#97;&#46;&#99;&#122;<\/a><\/p> \n \n <i><svg><use href=\"#tf-ti-mobile\"><\/use><\/svg><\/i> \n <p style=\"text-align: center;\"><a href=\"tel:725800900\">+420 725 800 900<\/a><\/p> \n \n <i><svg><use href=\"#tf-ti-headphone-alt\"><\/use><\/svg><\/i> \n <p style=\"text-align: center;\">Provozn\u00ed doba 7:00 \u2013 15:30<\/p> \n \n <p style=\"text-align: center;\">\u010c\u00edslo bankovn\u00edho \u00fa\u010dtu: 107-3046290297\/0100<\/p> \n \n <a href=\"https:\/\/www.facebook.com\/mudr.pavel.krejzlik\"> <i><svg><use href=\"#tf-ti-facebook\"><\/use><\/svg><\/i> <\/a> <a href=\"https:\/\/www.instagram.com\/mudr.pavel.krejzlik\/\"> <i><svg><use href=\"#tf-ti-instagram\"><\/use><\/svg><\/i> <\/a> <a href=\"https:\/\/www.youtube.com\/channel\/UC8cfRPhtNPvL_Ze6j1bwrLA?&amp;ab_channel=OndraJana\"> <i><svg><use href=\"#tf-ti-youtube\"><\/use><\/svg><\/i> <\/a>","_links":{"self":[{"href":"https:\/\/www.eczk.cz\/index.php\/wp-json\/wp\/v2\/pages\/916"}],"collection":[{"href":"https:\/\/www.eczk.cz\/index.php\/wp-json\/wp\/v2\/pages"}],"about":[{"href":"https:\/\/www.eczk.cz\/index.php\/wp-json\/wp\/v2\/types\/page"}],"author":[{"embeddable":true,"href":"https:\/\/www.eczk.cz\/index.php\/wp-json\/wp\/v2\/users\/1"}],"replies":[{"embeddable":true,"href":"https:\/\/www.eczk.cz\/index.php\/wp-json\/wp\/v2\/comments?post=916"}],"version-history":[{"count":3,"href":"https:\/\/www.eczk.cz\/index.php\/wp-json\/wp\/v2\/pages\/916\/revisions"}],"predecessor-version":[{"id":1270,"href":"https:\/\/www.eczk.cz\/index.php\/wp-json\/wp\/v2\/pages\/916\/revisions\/1270"}],"wp:attachment":[{"href":"https:\/\/www.eczk.cz\/index.php\/wp-json\/wp\/v2\/media?parent=916"}],"wp:term":[{"taxonomy":"category","embeddable":true,"href":"https:\/\/www.eczk.cz\/index.php\/wp-json\/wp\/v2\/categories?post=916"},{"taxonomy":"post_tag","embeddable":true,"href":"https:\/\/www.eczk.cz\/index.php\/wp-json\/wp\/v2\/tags?post=916"}],"curies":[{"name":"wp","href":"https:\/\/api.w.org\/{rel}","templated":true}]}}