{"id":875,"date":"2020-10-10T23:24:11","date_gmt":"2020-10-10T21:24:11","guid":{"rendered":"http:\/\/new.eczk.cz\/?page_id=875"},"modified":"2022-10-26T12:44:07","modified_gmt":"2022-10-26T10:44:07","slug":"dermatologie-laserchirurgie","status":"publish","type":"page","link":"https:\/\/www.eczk.cz\/index.php\/dermatologie-laserchirurgie\/","title":{"rendered":"Dermatologie &#8211; Laserchirurgie"},"content":{"rendered":"<div id=\"themify_builder_content-875\" data-postid=\"875\" class=\"themify_builder_content themify_builder_content-875 themify_builder tf_clear\">\n    \t<!-- module_row -->\n\t<div   data-css_id=\"tb_ewqr196\" data-lazy=\"1\" class=\"themify_builder_row module_row fullcover fullwidth tb_ewqr196 tb_first clearfix\">\n\t    \t    <div class=\"row_inner col_align_middle tf_box tf_w tf_rel\" >\n\t\t\t<div  data-lazy=\"1\" class=\"module_column tb-column col4-2 first tb_h417196 tf_box\" >\n\t    \t    \t        <div class=\"tb-column-inner tf_box tf_w\">\n\t\t    \t<div  data-lazy=\"1\" class=\"themify_builder_sub_row module_subrow tb_oo2a196 tf_w clearfix\" >\n\t    \t    <div class=\"subrow_inner col_align_top tf_box tf_w\" >\n\t\t\t<div  data-lazy=\"1\" class=\"sub_column module_column tf_box col-full first tb_0kgo196\"> \n\t    \t    \t        <div class=\"tb-column-inner tf_box tf_w\">\n\t\t    <!-- module text -->\n<div  class=\"module module-text tb_etum196  repeat \" data-lazy=\"1\">\n            <div  class=\"tb_text_wrap\">\n    <div class=\"module module-text tb_ok2c601 repeat \">\n<div class=\"tb_text_wrap\">\n<p style=\"text-align: left;\">Dr. Pavel Krejzl\u00edk<\/p>\n<\/div>\n<\/div>    <\/div>\n<\/div>\n<!-- \/module text --><!-- module text -->\n<div  class=\"module module-text tb_8ye7196  repeat \" data-lazy=\"1\">\n            <div  class=\"tb_text_wrap\">\n    <h1>Dermatologie <br \/>&#8211; Laserchirurgie<\/h1>    <\/div>\n<\/div>\n<!-- \/module text --><!-- module buttons -->\n<div  class=\"module module-buttons tb_4qnm196 buttons-horizontal outline  squared\" data-lazy=\"1\">\n            \t<div class=\"module-buttons-item tf_inline_b\">\n\t    \t\t    <a href=\"\/index.php\/de\/kontakte\/\" class=\"ui builder_button tb_default_color\" >\n\t\t\t\t        \t\t<span class=\"tf_inline_b tf_vmiddle\">Reservierung<\/span>\n\t\t    \t\t    \t\t    <\/a>\n\t\t        \t<\/div>\n\t    <\/div>\n<!-- \/module buttons -->\n\t        <\/div>\n\t    \t<\/div>\n\t\t    <\/div>\n\t<\/div><!-- \/themify_builder_sub_row -->\n\t\t        <\/div>\n\t    \t<\/div>\n\t\t<div  data-lazy=\"1\" class=\"module_column tb-column col4-2 last tb_9psz196 tf_box\">\n\t    \t    \t<\/div>\n\t\t    <\/div>\n\t    <!-- \/row_inner -->\n\t<\/div>\n\t<!-- \/module_row -->\n\t\t<!-- module_row -->\n\t<div   data-css_id=\"tb_wfyy938\" data-lazy=\"1\" class=\"themify_builder_row module_row fullwidth tb_wfyy938 clearfix\">\n\t    \t    <div class=\"row_inner col_align_top tf_box tf_w tf_rel\" >\n\t\t\t<div  data-lazy=\"1\" class=\"module_column tb-column col-full first tb_hlo1938 tf_box\">\n\t    \t    \t        <div class=\"tb-column-inner tf_box tf_w\">\n\t\t    <!-- module text -->\n<div  class=\"module module-text tb_w290938  repeat \" data-lazy=\"1\">\n            <div  class=\"tb_text_wrap\">\n    <h2 style=\"text-align: center;\">Dermatologie &#8211; Laserchirurgie<\/h2>    <\/div>\n<\/div>\n<!-- \/module text -->\t        <\/div>\n\t    \t<\/div>\n\t\t    <\/div>\n\t    <!-- \/row_inner -->\n\t<\/div>\n\t<!-- \/module_row -->\n\t\t<!-- module_row -->\n\t<div   data-css_id=\"tb_4prh211\" data-lazy=\"1\" class=\"themify_builder_row module_row fullwidth tb_4prh211 clearfix\">\n\t    \t    <div class=\"row_inner col_align_middle tf_box tf_w tf_rel\"   data-basecol=\"2\" data-col_tablet=\"column4-2\" data-col_mobile=\"column-full\">\n\t\t\t<div  data-lazy=\"1\" class=\"module_column tb-column col4-2 first tb_ia7n211 tf_box\" >\n\t    \t    \t        <div class=\"tb-column-inner tf_box tf_w\">\n\t\t    <!-- module text -->\n<div  class=\"module module-text tb_vtld211   \" data-lazy=\"1\">\n            <div  class=\"tb_text_wrap\">\n    <h3 style=\"text-align: left;\">Laser-Epilation<\/h3>\n<p>Epilationslaser <a href=\"http:\/\/www.candelalaser.com\/\" target=\"_blank\" rel=\"noopener\">Gentlelase, Candela, USA<\/a><\/p>\n<p>Es handelt sich um einen der leistungsst\u00e4rksten Epilationslaser in Tschechien. Dunkle Haare k\u00f6nnen epiliert werden, graue und helle Haare sind schwieriger zu entfernen.<\/p>\n<p>Es ist m\u00f6glich, das Gesicht (Oberlippe, Kinn), Achselh\u00f6hlen, Leistengegend, Waden zu behandeln.<\/p>\n<p>F\u00fcr eine dauerhafte REDUZIERUNG sind mindestens vier bis f\u00fcnf Besuche erforderlich (nicht f\u00fcr eine dauerhafte Entfernung ALLER Haaren).<\/p>    <\/div>\n<\/div>\n<!-- \/module text -->\t        <\/div>\n\t    \t<\/div>\n\t\t<div  data-lazy=\"1\" class=\"module_column tb-column col4-2 last tb_14nm211 tf_box\" >\n\t    \t    \t        <div class=\"tb-column-inner tf_box tf_w\">\n\t\t    <!-- module image -->\n<div  class=\"module module-image tb_qhob211   image-left tf_mw\" data-lazy=\"1\">\n            <div class=\"image-wrap tf_rel tf_mw\">\n\t\t    <img src=\"http:\/\/www.eczk.cz\/wp-content\/uploads\/2020\/10\/laser-hair-removal1.jpg\" width=\"500\" height=\"400\" title=\"Dermatologie &#8211; Laserchirurgie\" alt=\"Dermatologie &#8211; Laserchirurgie\">\t\n\t\t<\/div>\n\t<!-- \/image-wrap -->\n    \n    \n<\/div>\n<!-- \/module image -->\t        <\/div>\n\t    \t<\/div>\n\t\t    <\/div>\n\t    <!-- \/row_inner -->\n\t<\/div>\n\t<!-- \/module_row -->\n\t\t<!-- module_row -->\n\t<div   data-css_id=\"tb_bdyf999\" data-lazy=\"1\" class=\"themify_builder_row module_row fullwidth tb_bdyf999 clearfix\">\n\t    \t    <div class=\"row_inner col_align_middle tf_box tf_w tf_rel\"   data-mobile_dir=\"rtl\" data-basecol=\"2\" data-col_tablet=\"column4-2\" data-col_mobile=\"column-full\">\n\t\t\t<div  data-lazy=\"1\" class=\"module_column tb-column col4-2 first tb_0215999 repeat tf_box\" >\n\t    \t    \t        <div class=\"tb-column-inner tf_box tf_w\">\n\t\t    <!-- module image -->\n<div  class=\"module module-image tb_aigz999   image-right tf_mw\" data-lazy=\"1\">\n            <div class=\"image-wrap tf_rel tf_mw\">\n\t\t    <img src=\"http:\/\/www.eczk.cz\/wp-content\/uploads\/2020\/10\/635486656982174566-PNI-met-laser-scaled.jpg\" width=\"500\" height=\"400\" title=\"Dermatologie &#8211; Laserchirurgie\" alt=\"Dermatologie &#8211; Laserchirurgie\">\t\n\t\t<\/div>\n\t<!-- \/image-wrap -->\n    \n    \n<\/div>\n<!-- \/module image -->\t        <\/div>\n\t    \t<\/div>\n\t\t<div  data-lazy=\"1\" class=\"module_column tb-column col4-2 last tb_e19e999 tf_box\" >\n\t    \t    \t        <div class=\"tb-column-inner tf_box tf_w\">\n\t\t    <!-- module text -->\n<div  class=\"module module-text tb_14dj999   \" data-lazy=\"1\">\n            <div  class=\"tb_text_wrap\">\n    <h3 style=\"text-align: left;\">Laserentfernung von Muttermalen<\/h3>\n<p>Wir entfernen Hautwucherungen wie Muttermale, Milien oder Fibrome. Der Behandlung geht eine Untersuchung durch einen Dermatologen, evtl. Dermatoskop-Diagnostik voraus. Der gesamte Vorgang dauert nur ein paar Minuten und wird unter \u00f6rtlicher Bet\u00e4ubung durchgef\u00fchrt. Nach der Behandlung bildet sich innerhalb von zwei Tagen ein Schorf auf dem behandelten Bereich, der innerhalb von 10 bis 14 Tagen abf\u00e4llt. Danach bleibt nur noch ein rosa-gef\u00e4rbter Fleck f\u00fcr 6-9 Monate, der allm\u00e4hlich verblasst. Es ist m\u00f6glich, mehrere Muttermale in einer Sitzung zu l\u00f6schen.<\/p>\n<p>Rufen Sie die neue Nummer +420 733 599 669 <br \/>(MUDr. Zuzana Kub\u00ed\u010dkov\u00e1) an, um die Laserentfernung von Muttermalen zu bestellen.<br \/><strong>Die Diagnose<\/strong> wird mit einem optischen oder digitalen Dermatoskop durchgef\u00fchrt.<\/p>    <\/div>\n<\/div>\n<!-- \/module text -->\t        <\/div>\n\t    \t<\/div>\n\t\t    <\/div>\n\t    <!-- \/row_inner -->\n\t<\/div>\n\t<!-- \/module_row -->\n\t\t<!-- module_row -->\n\t<div   data-css_id=\"tb_rouh437\" data-lazy=\"1\" class=\"themify_builder_row module_row fullwidth tb_rouh437 clearfix\">\n\t    \t    <div class=\"row_inner col_align_top tf_box tf_w tf_rel\" >\n\t\t\t<div  data-lazy=\"1\" class=\"module_column tb-column col-full first tb_xne1437 tf_box\">\n\t    \t    \t        <div class=\"tb-column-inner tf_box tf_w\">\n\t\t    <!-- module template_part -->\n<div  class=\"module module-layout-part tb_m6rv370 \">\n    <div class=\"tb_layout_part_wrap tf_w\">\n    <div class=\"themify_builder_content themify_builder_content-856 themify_builder not_editable_builder in_the_loop\" data-postid=\"856\">\n        \t<!-- module_row -->\n\t<div   data-css_id=\"tb_9nl3177\" data-lazy=\"1\" class=\"themify_builder_row module_row repeat fullwidth tb_9nl3177 clearfix\">\n\t    \t    <div class=\"row_inner col_align_middle gutter-none tf_box tf_w tf_rel\"   data-basecol=\"1\" data-col_tablet=\"tablet-full\" data-col_mobile=\"column-full\">\n\t\t\t<div  data-lazy=\"1\" class=\"module_column tb-column col-full first tb_io9p177 repeat tf_box\" >\n\t    \t    \t        <div class=\"tb-column-inner tf_box tf_w\">\n\t\t    <!-- module text -->\n<div  class=\"module module-text tb_cav8177  repeat \" data-lazy=\"1\">\n            <div  class=\"tb_text_wrap\">\n    <h2 style=\"text-align: center;\"><strong>MUDr. Pavel Krejzl\u00edk<\/strong><\/h2>    <\/div>\n<\/div>\n<!-- \/module text -->\t<div  data-lazy=\"1\" class=\"themify_builder_sub_row module_subrow tb_ra96177 tf_w clearfix\">\n\t    \t    <div class=\"subrow_inner gutter-none col_auto_height col_align_middle tf_box tf_w\" >\n\t\t\t<div  data-lazy=\"1\" class=\"sub_column module_column tf_box col3-1 first tb_la40177\"> \n\t    \t    \t        <div class=\"tb-column-inner tf_box tf_w\">\n\t\t    <!-- module icon -->\n<div  class=\"module module-icon tb_ykhk177  normal circle icon_horizontal tf_textc\" data-lazy=\"1\">\n            <div class=\"module-icon\">\n\t\t    <div class=\"module-icon-item tf_inline_b\">\n\t\t\t\t    \t\t\t\t    \t\t\t<i class=\"ui tf_vmiddle tf_textc tf_box transparent\"><svg class=\"tf_fa tf-ti-email\"><use href=\"#tf-ti-email\"><\/use><\/svg><\/i>\n\t\t    \t\t    \t\t    \t    <\/div>\n\t    <\/div>\n<\/div>\n<!-- \/module icon -->\n<!-- module text -->\n<div  class=\"module module-text tb_0c1d177   \" data-lazy=\"1\">\n            <div  class=\"tb_text_wrap\">\n    <p style=\"text-align: center;\"><a href=\"mailto:info@lasercentra.cz\">info@lasercentra.cz<\/a><\/p>    <\/div>\n<\/div>\n<!-- \/module text -->\t        <\/div>\n\t    \t<\/div>\n\t\t<div  data-lazy=\"1\" class=\"sub_column module_column tf_box col3-1 middle tb_sndx177\"> \n\t    \t    \t        <div class=\"tb-column-inner tf_box tf_w\">\n\t\t    <!-- module icon -->\n<div  class=\"module module-icon tb_ex0e177  normal circle icon_horizontal tf_textc\" data-lazy=\"1\">\n            <div class=\"module-icon\">\n\t\t    <div class=\"module-icon-item tf_inline_b\">\n\t\t\t\t    \t\t\t\t    \t\t\t<i class=\"ui tf_vmiddle tf_textc tf_box transparent\"><svg class=\"tf_fa tf-ti-mobile\"><use href=\"#tf-ti-mobile\"><\/use><\/svg><\/i>\n\t\t    \t\t    \t\t    \t    <\/div>\n\t    <\/div>\n<\/div>\n<!-- \/module icon -->\n<!-- module text -->\n<div  class=\"module module-text tb_dni8177   \" data-lazy=\"1\">\n            <div  class=\"tb_text_wrap\">\n    <p style=\"text-align: center;\"><a href=\"tel:725800900\">+420 725 800 900<\/a><\/p>    <\/div>\n<\/div>\n<!-- \/module text -->\t        <\/div>\n\t    \t<\/div>\n\t\t<div  data-lazy=\"1\" class=\"sub_column module_column tf_box col3-1 last tb_qx3s177\"> \n\t    \t    \t        <div class=\"tb-column-inner tf_box tf_w\">\n\t\t    <!-- module icon -->\n<div  class=\"module module-icon tb_r8yq177  normal circle icon_horizontal tf_textc\" data-lazy=\"1\">\n            <div class=\"module-icon\">\n\t\t    <div class=\"module-icon-item tf_inline_b\">\n\t\t\t\t    \t\t\t\t    \t\t\t<i class=\"ui tf_vmiddle tf_textc tf_box transparent\"><svg class=\"tf_fa tf-ti-headphone-alt\"><use href=\"#tf-ti-headphone-alt\"><\/use><\/svg><\/i>\n\t\t    \t\t    \t\t    \t    <\/div>\n\t    <\/div>\n<\/div>\n<!-- \/module icon -->\n<!-- module text -->\n<div  class=\"module module-text tb_j4sf177   \" data-lazy=\"1\">\n            <div  class=\"tb_text_wrap\">\n    <p style=\"text-align: center;\">Betriebsstunden 7:00 \u2013 15:30<\/p>    <\/div>\n<\/div>\n<!-- \/module text -->\t        <\/div>\n\t    \t<\/div>\n\t\t    <\/div>\n\t<\/div><!-- \/themify_builder_sub_row -->\n\t<!-- module divider -->\n<div  class=\"module tf_mw module-divider tb_agqo177 solid   \" style=\"border-width: 1px;border-color: rgba(0,0,0, 0.05);margin-top: 10px;margin-bottom: 10px;\" data-lazy=\"1\">\n        <\/div>\n<!-- \/module divider -->\n<!-- module icon -->\n<div  class=\"module module-icon tb_1m8r177  normal none icon_horizontal \" data-lazy=\"1\">\n            <div class=\"module-icon\">\n\t\t    <div class=\"module-icon-item tf_inline_b\">\n\t\t\t\t    <a href=\"https:\/\/www.facebook.com\/mudr.pavel.krejzlik\">\n\t\t    \t\t    \t\t\t\t    \t\t\t<i class=\"ui tf_vmiddle tf_textc tf_box black\"><svg class=\"tf_fa tf-ti-facebook\"><use href=\"#tf-ti-facebook\"><\/use><\/svg><\/i>\n\t\t    \t\t    \t\t    \t\t    <\/a>\n\t\t\t    <\/div>\n\t\t    <div class=\"module-icon-item tf_inline_b\">\n\t\t\t\t    <a href=\"https:\/\/www.instagram.com\/mudr.pavel.krejzlik\/\">\n\t\t    \t\t    \t\t\t\t    \t\t\t<i class=\"ui tf_vmiddle tf_textc tf_box black\"><svg class=\"tf_fa tf-ti-instagram\"><use href=\"#tf-ti-instagram\"><\/use><\/svg><\/i>\n\t\t    \t\t    \t\t    \t\t    <\/a>\n\t\t\t    <\/div>\n\t\t    <div class=\"module-icon-item tf_inline_b\">\n\t\t\t\t    <a href=\"https:\/\/www.youtube.com\/channel\/UC8cfRPhtNPvL_Ze6j1bwrLA\">\n\t\t    \t\t    \t\t\t\t    \t\t\t<i class=\"ui tf_vmiddle tf_textc tf_box black\"><svg class=\"tf_fa tf-ti-youtube\"><use href=\"#tf-ti-youtube\"><\/use><\/svg><\/i>\n\t\t    \t\t    \t\t    \t\t    <\/a>\n\t\t\t    <\/div>\n\t    <\/div>\n<\/div>\n<!-- \/module icon -->\n\t        <\/div>\n\t    \t<\/div>\n\t\t    <\/div>\n\t    <!-- \/row_inner -->\n\t<\/div>\n\t<!-- \/module_row -->\n\t    <\/div>\n<\/div>\n<\/div>\n<!-- \/module template_part -->\n\t        <\/div>\n\t    \t<\/div>\n\t\t    <\/div>\n\t    <!-- \/row_inner -->\n\t<\/div>\n\t<!-- \/module_row -->\n\t<\/div>\n\n","protected":false},"excerpt":{"rendered":"<p>Dr. Pavel Krejzl\u00edk Dermatologie &#8211; Laserchirurgie Reservierung Dermatologie &#8211; Laserchirurgie Laser-Epilation Epilationslaser Gentlelase, Candela, USA Es handelt sich um einen der leistungsst\u00e4rksten Epilationslaser in Tschechien. Dunkle Haare k\u00f6nnen epiliert werden, graue und helle Haare sind schwieriger zu entfernen. Es ist m\u00f6glich, das Gesicht (Oberlippe, Kinn), Achselh\u00f6hlen, Leistengegend, Waden zu behandeln. F\u00fcr eine dauerhafte REDUZIERUNG sind [&hellip;]<\/p>\n","protected":false},"author":1,"featured_media":0,"parent":0,"menu_order":0,"comment_status":"closed","ping_status":"closed","template":"","meta":[],"categories":[],"tags":[],"builder_content":"<p style=\"text-align: left;\">Dr. Pavel Krejzl\u00edk<\/p>\n<h1>Dermatologie <br \/>- Laserchirurgie<\/h1>\n<a href=\"\/index.php\/de\/kontakte\/\" > Reservierung <\/a>\n<h2 style=\"text-align: center;\">Dermatologie - Laserchirurgie<\/h2>\n<h3 style=\"text-align: left;\">Laser-Epilation<\/h3> <p>Epilationslaser <a href=\"http:\/\/www.candelalaser.com\/\" target=\"_blank\" rel=\"noopener\">Gentlelase, Candela, USA<\/a><\/p> <p>Es handelt sich um einen der leistungsst\u00e4rksten Epilationslaser in Tschechien. Dunkle Haare k\u00f6nnen epiliert werden, graue und helle Haare sind schwieriger zu entfernen.<\/p> <p>Es ist m\u00f6glich, das Gesicht (Oberlippe, Kinn), Achselh\u00f6hlen, Leistengegend, Waden zu behandeln.<\/p> <p>F\u00fcr eine dauerhafte REDUZIERUNG sind mindestens vier bis f\u00fcnf Besuche erforderlich (nicht f\u00fcr eine dauerhafte Entfernung ALLER Haaren).<\/p>\n<img src=\"http:\/\/www.eczk.cz\/wp-content\/uploads\/2020\/10\/laser-hair-removal1.jpg\" width=\"500\" height=\"400\" title=\"Dermatologie &#8211; Laserchirurgie\" alt=\"Dermatologie &#8211; Laserchirurgie\">\n<img src=\"http:\/\/www.eczk.cz\/wp-content\/uploads\/2020\/10\/635486656982174566-PNI-met-laser-scaled.jpg\" width=\"500\" height=\"400\" title=\"Dermatologie &#8211; Laserchirurgie\" alt=\"Dermatologie &#8211; Laserchirurgie\">\n<h3 style=\"text-align: left;\">Laserentfernung von Muttermalen<\/h3> <p>Wir entfernen Hautwucherungen wie Muttermale, Milien oder Fibrome. Der Behandlung geht eine Untersuchung durch einen Dermatologen, evtl. Dermatoskop-Diagnostik voraus. Der gesamte Vorgang dauert nur ein paar Minuten und wird unter \u00f6rtlicher Bet\u00e4ubung durchgef\u00fchrt. Nach der Behandlung bildet sich innerhalb von zwei Tagen ein Schorf auf dem behandelten Bereich, der innerhalb von 10 bis 14 Tagen abf\u00e4llt. Danach bleibt nur noch ein rosa-gef\u00e4rbter Fleck f\u00fcr 6-9 Monate, der allm\u00e4hlich verblasst. Es ist m\u00f6glich, mehrere Muttermale in einer Sitzung zu l\u00f6schen.<\/p> <p>Rufen Sie die neue Nummer +420 733 599 669 <br \/>(MUDr. Zuzana Kub\u00ed\u010dkov\u00e1) an, um die Laserentfernung von Muttermalen zu bestellen.<br \/><strong>Die Diagnose<\/strong> wird mit einem optischen oder digitalen Dermatoskop durchgef\u00fchrt.<\/p>\n<h2 style=\"text-align: center;\"><strong>MUDr. Pavel Krejzl\u00edk<\/strong><\/h2> \n \n <i><svg><use href=\"#tf-ti-email\"><\/use><\/svg><\/i> \n <p style=\"text-align: center;\"><a href=\"mailto:info@lasercentra.cz\">info@lasercentra.cz<\/a><\/p> \n \n <i><svg><use href=\"#tf-ti-mobile\"><\/use><\/svg><\/i> \n <p style=\"text-align: center;\"><a href=\"tel:725800900\">+420 725 800 900<\/a><\/p> \n \n <i><svg><use href=\"#tf-ti-headphone-alt\"><\/use><\/svg><\/i> \n <p style=\"text-align: center;\">Betriebsstunden 7:00 \u2013 15:30<\/p> \n \n \n <a href=\"https:\/\/www.facebook.com\/mudr.pavel.krejzlik\"> <i><svg><use href=\"#tf-ti-facebook\"><\/use><\/svg><\/i> <\/a> <a href=\"https:\/\/www.instagram.com\/mudr.pavel.krejzlik\/\"> <i><svg><use href=\"#tf-ti-instagram\"><\/use><\/svg><\/i> <\/a> <a href=\"https:\/\/www.youtube.com\/channel\/UC8cfRPhtNPvL_Ze6j1bwrLA\"> <i><svg><use href=\"#tf-ti-youtube\"><\/use><\/svg><\/i> <\/a>","_links":{"self":[{"href":"https:\/\/www.eczk.cz\/index.php\/wp-json\/wp\/v2\/pages\/875"}],"collection":[{"href":"https:\/\/www.eczk.cz\/index.php\/wp-json\/wp\/v2\/pages"}],"about":[{"href":"https:\/\/www.eczk.cz\/index.php\/wp-json\/wp\/v2\/types\/page"}],"author":[{"embeddable":true,"href":"https:\/\/www.eczk.cz\/index.php\/wp-json\/wp\/v2\/users\/1"}],"replies":[{"embeddable":true,"href":"https:\/\/www.eczk.cz\/index.php\/wp-json\/wp\/v2\/comments?post=875"}],"version-history":[{"count":13,"href":"https:\/\/www.eczk.cz\/index.php\/wp-json\/wp\/v2\/pages\/875\/revisions"}],"predecessor-version":[{"id":3153,"href":"https:\/\/www.eczk.cz\/index.php\/wp-json\/wp\/v2\/pages\/875\/revisions\/3153"}],"wp:attachment":[{"href":"https:\/\/www.eczk.cz\/index.php\/wp-json\/wp\/v2\/media?parent=875"}],"wp:term":[{"taxonomy":"category","embeddable":true,"href":"https:\/\/www.eczk.cz\/index.php\/wp-json\/wp\/v2\/categories?post=875"},{"taxonomy":"post_tag","embeddable":true,"href":"https:\/\/www.eczk.cz\/index.php\/wp-json\/wp\/v2\/tags?post=875"}],"curies":[{"name":"wp","href":"https:\/\/api.w.org\/{rel}","templated":true}]}}