{"id":868,"date":"2020-10-10T23:20:15","date_gmt":"2020-10-10T21:20:15","guid":{"rendered":"http:\/\/new.eczk.cz\/?page_id=868"},"modified":"2022-10-26T12:43:26","modified_gmt":"2022-10-26T10:43:26","slug":"plastische-chirurgie","status":"publish","type":"page","link":"https:\/\/www.eczk.cz\/index.php\/plastische-chirurgie\/","title":{"rendered":"Plastische Chirurgie"},"content":{"rendered":"<div id=\"themify_builder_content-868\" data-postid=\"868\" class=\"themify_builder_content themify_builder_content-868 themify_builder tf_clear\">\n    \t<!-- module_row -->\n\t<div   data-css_id=\"tb_34j2406\" data-lazy=\"1\" class=\"themify_builder_row module_row repeat-none fullwidth tb_34j2406 tb_first clearfix\">\n\t    \t    <div class=\"row_inner col_align_middle tf_box tf_w tf_rel\" >\n\t\t\t<div  data-lazy=\"1\" class=\"module_column tb-column col4-2 first tb_bbwk406 tf_box\" >\n\t    \t    \t        <div class=\"tb-column-inner tf_box tf_w\">\n\t\t    \t<div  data-lazy=\"1\" class=\"themify_builder_sub_row module_subrow tb_xw59406 tf_w clearfix\" >\n\t    \t    <div class=\"subrow_inner col_align_top tf_box tf_w\" >\n\t\t\t<div  data-lazy=\"1\" class=\"sub_column module_column tf_box col-full first tb_9xvm406\"> \n\t    \t    \t        <div class=\"tb-column-inner tf_box tf_w\">\n\t\t    <!-- module text -->\n<div  class=\"module module-text tb_e9sz406  repeat \" data-lazy=\"1\">\n            <div  class=\"tb_text_wrap\">\n    <div class=\"module module-text tb_ok2c601 repeat \">\n<div class=\"tb_text_wrap\">\n<p style=\"text-align: left;\">Dr. Pavel Krejzl\u00edk<\/p>\n<\/div>\n<\/div>    <\/div>\n<\/div>\n<!-- \/module text --><!-- module text -->\n<div  class=\"module module-text tb_kari406  repeat \" data-lazy=\"1\">\n            <div  class=\"tb_text_wrap\">\n    <h1>Plastische<br \/>Chirurgie<\/h1>    <\/div>\n<\/div>\n<!-- \/module text --><!-- module buttons -->\n<div  class=\"module module-buttons tb_0x8q406 buttons-horizontal outline  squared\" data-lazy=\"1\">\n            \t<div class=\"module-buttons-item tf_inline_b\">\n\t    \t\t    <a href=\"\/index.php\/de\/kontakte\/\" class=\"ui builder_button tb_default_color\" >\n\t\t\t\t        \t\t<span class=\"tf_inline_b tf_vmiddle\">Reservierung<\/span>\n\t\t    \t\t    \t\t    <\/a>\n\t\t        \t<\/div>\n\t    <\/div>\n<!-- \/module buttons -->\n\t        <\/div>\n\t    \t<\/div>\n\t\t    <\/div>\n\t<\/div><!-- \/themify_builder_sub_row -->\n\t\t        <\/div>\n\t    \t<\/div>\n\t\t<div  data-lazy=\"1\" class=\"module_column tb-column col4-2 last tb_k31y406 tf_box\">\n\t    \t    \t<\/div>\n\t\t    <\/div>\n\t    <!-- \/row_inner -->\n\t<\/div>\n\t<!-- \/module_row -->\n\t\t<!-- module_row -->\n\t<div   data-css_id=\"tb_lhu0532\" data-lazy=\"1\" class=\"themify_builder_row module_row fullwidth tb_lhu0532 clearfix\">\n\t    \t    <div class=\"row_inner col_align_top tf_box tf_w tf_rel\" >\n\t\t\t<div  data-lazy=\"1\" class=\"module_column tb-column col-full first tb_qoyq532 tf_box\">\n\t    \t    \t        <div class=\"tb-column-inner tf_box tf_w\">\n\t\t    <!-- module text -->\n<div  class=\"module module-text tb_f1sl532  repeat \" data-lazy=\"1\">\n            <div  class=\"tb_text_wrap\">\n    <h2 style=\"text-align: center;\">Plastische Chirurgie<\/h2>    <\/div>\n<\/div>\n<!-- \/module text -->\t        <\/div>\n\t    \t<\/div>\n\t\t    <\/div>\n\t    <!-- \/row_inner -->\n\t<\/div>\n\t<!-- \/module_row -->\n\t\t<!-- module_row -->\n\t<div   data-css_id=\"tb_t4sm561\" data-lazy=\"1\" class=\"themify_builder_row module_row fullwidth tb_t4sm561 clearfix\">\n\t    \t    <div class=\"row_inner col_align_middle tf_box tf_w tf_rel\"   data-basecol=\"2\" data-col_tablet=\"column4-2\" data-col_mobile=\"column-full\">\n\t\t\t<div  data-lazy=\"1\" class=\"module_column tb-column col4-2 first tb_c0s5561 tf_box\" >\n\t    \t    \t        <div class=\"tb-column-inner tf_box tf_w\">\n\t\t    <!-- module text -->\n<div  class=\"module module-text tb_axqj463   \" data-lazy=\"1\">\n            <div  class=\"tb_text_wrap\">\n    <h3 style=\"text-align: left;\">Ober- und Unterlid-Straffung<\/h3>\n<p>Operationen am oberen und unteren Augenlid werden unter \u00f6rtlicher Bet\u00e4ubung durchgef\u00fchrt, k\u00f6nnen aber auch unter Vollnarkose durchgef\u00fchrt werden.<\/p>\n<p>Der Eingriff wird normalerweise aus kosmetischen Gr\u00fcnden durchgef\u00fchrt, aber manchmal schr\u00e4nkt das Herabh\u00e4ngen der Augenlider das Sichtfeld ein &#8211; die Operation hat dann einen medizinischen Grund.<\/p>\n<p>Nach der Operation ist es normalerweise m\u00f6glich, normale Aktivit\u00e4ten innerhalb weniger Tage auszuf\u00fchren.<\/p>    <\/div>\n<\/div>\n<!-- \/module text -->\t        <\/div>\n\t    \t<\/div>\n\t\t<div  data-lazy=\"1\" class=\"module_column tb-column col4-2 last tb_6zbq561 tf_box\" >\n\t    \t    \t        <div class=\"tb-column-inner tf_box tf_w\">\n\t\t    <!-- module image -->\n<div  class=\"module module-image tb_y541561   image-left tf_mw\" data-lazy=\"1\">\n            <div class=\"image-wrap tf_rel tf_mw\">\n\t\t    <img src=\"http:\/\/eczk.cz\/wp-content\/uploads\/2020\/10\/tamara-bellis-tw5_DJQaeDU-unsplash-1-scaled-e1601918336257.jpg\" width=\"500\" height=\"400\" title=\"Plastische Chirurgie\" alt=\"Plastische Chirurgie\">\t\n\t\t<\/div>\n\t<!-- \/image-wrap -->\n    \n    \n<\/div>\n<!-- \/module image -->\t        <\/div>\n\t    \t<\/div>\n\t\t    <\/div>\n\t    <!-- \/row_inner -->\n\t<\/div>\n\t<!-- \/module_row -->\n\t\t<!-- module_row -->\n\t<div   data-css_id=\"tb_b8e2433\" data-lazy=\"1\" class=\"themify_builder_row module_row fullwidth tb_b8e2433 clearfix\">\n\t    \t    <div class=\"row_inner col_align_top tf_box tf_w tf_rel\" >\n\t\t\t<div  data-lazy=\"1\" class=\"module_column tb-column col-full first tb_8gh9433 tf_box\">\n\t    \t    \t        <div class=\"tb-column-inner tf_box tf_w\">\n\t\t    <!-- module template_part -->\n<div  class=\"module module-layout-part tb_3byj764 \">\n    <div class=\"tb_layout_part_wrap tf_w\">\n    <div class=\"themify_builder_content themify_builder_content-856 themify_builder not_editable_builder in_the_loop\" data-postid=\"856\">\n        \t<!-- module_row -->\n\t<div   data-css_id=\"tb_9nl3177\" data-lazy=\"1\" class=\"themify_builder_row module_row repeat fullwidth tb_9nl3177 clearfix\">\n\t    \t    <div class=\"row_inner col_align_middle gutter-none tf_box tf_w tf_rel\"   data-basecol=\"1\" data-col_tablet=\"tablet-full\" data-col_mobile=\"column-full\">\n\t\t\t<div  data-lazy=\"1\" class=\"module_column tb-column col-full first tb_io9p177 repeat tf_box\" >\n\t    \t    \t        <div class=\"tb-column-inner tf_box tf_w\">\n\t\t    <!-- module text -->\n<div  class=\"module module-text tb_cav8177  repeat \" data-lazy=\"1\">\n            <div  class=\"tb_text_wrap\">\n    <h2 style=\"text-align: center;\"><strong>MUDr. Pavel Krejzl\u00edk<\/strong><\/h2>    <\/div>\n<\/div>\n<!-- \/module text -->\t<div  data-lazy=\"1\" class=\"themify_builder_sub_row module_subrow tb_ra96177 tf_w clearfix\">\n\t    \t    <div class=\"subrow_inner gutter-none col_auto_height col_align_middle tf_box tf_w\" >\n\t\t\t<div  data-lazy=\"1\" class=\"sub_column module_column tf_box col3-1 first tb_la40177\"> \n\t    \t    \t        <div class=\"tb-column-inner tf_box tf_w\">\n\t\t    <!-- module icon -->\n<div  class=\"module module-icon tb_ykhk177  normal circle icon_horizontal tf_textc\" data-lazy=\"1\">\n            <div class=\"module-icon\">\n\t\t    <div class=\"module-icon-item tf_inline_b\">\n\t\t\t\t    \t\t\t\t    \t\t\t<i class=\"ui tf_vmiddle tf_textc tf_box transparent\"><svg class=\"tf_fa tf-ti-email\"><use href=\"#tf-ti-email\"><\/use><\/svg><\/i>\n\t\t    \t\t    \t\t    \t    <\/div>\n\t    <\/div>\n<\/div>\n<!-- \/module icon -->\n<!-- module text -->\n<div  class=\"module module-text tb_0c1d177   \" data-lazy=\"1\">\n            <div  class=\"tb_text_wrap\">\n    <p style=\"text-align: center;\"><a href=\"mailto:info@lasercentra.cz\">info@lasercentra.cz<\/a><\/p>    <\/div>\n<\/div>\n<!-- \/module text -->\t        <\/div>\n\t    \t<\/div>\n\t\t<div  data-lazy=\"1\" class=\"sub_column module_column tf_box col3-1 middle tb_sndx177\"> \n\t    \t    \t        <div class=\"tb-column-inner tf_box tf_w\">\n\t\t    <!-- module icon -->\n<div  class=\"module module-icon tb_ex0e177  normal circle icon_horizontal tf_textc\" data-lazy=\"1\">\n            <div class=\"module-icon\">\n\t\t    <div class=\"module-icon-item tf_inline_b\">\n\t\t\t\t    \t\t\t\t    \t\t\t<i class=\"ui tf_vmiddle tf_textc tf_box transparent\"><svg class=\"tf_fa tf-ti-mobile\"><use href=\"#tf-ti-mobile\"><\/use><\/svg><\/i>\n\t\t    \t\t    \t\t    \t    <\/div>\n\t    <\/div>\n<\/div>\n<!-- \/module icon -->\n<!-- module text -->\n<div  class=\"module module-text tb_dni8177   \" data-lazy=\"1\">\n            <div  class=\"tb_text_wrap\">\n    <p style=\"text-align: center;\"><a href=\"tel:725800900\">+420 725 800 900<\/a><\/p>    <\/div>\n<\/div>\n<!-- \/module text -->\t        <\/div>\n\t    \t<\/div>\n\t\t<div  data-lazy=\"1\" class=\"sub_column module_column tf_box col3-1 last tb_qx3s177\"> \n\t    \t    \t        <div class=\"tb-column-inner tf_box tf_w\">\n\t\t    <!-- module icon -->\n<div  class=\"module module-icon tb_r8yq177  normal circle icon_horizontal tf_textc\" data-lazy=\"1\">\n            <div class=\"module-icon\">\n\t\t    <div class=\"module-icon-item tf_inline_b\">\n\t\t\t\t    \t\t\t\t    \t\t\t<i class=\"ui tf_vmiddle tf_textc tf_box transparent\"><svg class=\"tf_fa tf-ti-headphone-alt\"><use href=\"#tf-ti-headphone-alt\"><\/use><\/svg><\/i>\n\t\t    \t\t    \t\t    \t    <\/div>\n\t    <\/div>\n<\/div>\n<!-- \/module icon -->\n<!-- module text -->\n<div  class=\"module module-text tb_j4sf177   \" data-lazy=\"1\">\n            <div  class=\"tb_text_wrap\">\n    <p style=\"text-align: center;\">Betriebsstunden 7:00 \u2013 15:30<\/p>    <\/div>\n<\/div>\n<!-- \/module text -->\t        <\/div>\n\t    \t<\/div>\n\t\t    <\/div>\n\t<\/div><!-- \/themify_builder_sub_row -->\n\t<!-- module divider -->\n<div  class=\"module tf_mw module-divider tb_agqo177 solid   \" style=\"border-width: 1px;border-color: rgba(0,0,0, 0.05);margin-top: 10px;margin-bottom: 10px;\" data-lazy=\"1\">\n        <\/div>\n<!-- \/module divider -->\n<!-- module icon -->\n<div  class=\"module module-icon tb_1m8r177  normal none icon_horizontal \" data-lazy=\"1\">\n            <div class=\"module-icon\">\n\t\t    <div class=\"module-icon-item tf_inline_b\">\n\t\t\t\t    <a href=\"https:\/\/www.facebook.com\/mudr.pavel.krejzlik\">\n\t\t    \t\t    \t\t\t\t    \t\t\t<i class=\"ui tf_vmiddle tf_textc tf_box black\"><svg class=\"tf_fa tf-ti-facebook\"><use href=\"#tf-ti-facebook\"><\/use><\/svg><\/i>\n\t\t    \t\t    \t\t    \t\t    <\/a>\n\t\t\t    <\/div>\n\t\t    <div class=\"module-icon-item tf_inline_b\">\n\t\t\t\t    <a href=\"https:\/\/www.instagram.com\/mudr.pavel.krejzlik\/\">\n\t\t    \t\t    \t\t\t\t    \t\t\t<i class=\"ui tf_vmiddle tf_textc tf_box black\"><svg class=\"tf_fa tf-ti-instagram\"><use href=\"#tf-ti-instagram\"><\/use><\/svg><\/i>\n\t\t    \t\t    \t\t    \t\t    <\/a>\n\t\t\t    <\/div>\n\t\t    <div class=\"module-icon-item tf_inline_b\">\n\t\t\t\t    <a href=\"https:\/\/www.youtube.com\/channel\/UC8cfRPhtNPvL_Ze6j1bwrLA\">\n\t\t    \t\t    \t\t\t\t    \t\t\t<i class=\"ui tf_vmiddle tf_textc tf_box black\"><svg class=\"tf_fa tf-ti-youtube\"><use href=\"#tf-ti-youtube\"><\/use><\/svg><\/i>\n\t\t    \t\t    \t\t    \t\t    <\/a>\n\t\t\t    <\/div>\n\t    <\/div>\n<\/div>\n<!-- \/module icon -->\n\t        <\/div>\n\t    \t<\/div>\n\t\t    <\/div>\n\t    <!-- \/row_inner -->\n\t<\/div>\n\t<!-- \/module_row -->\n\t    <\/div>\n<\/div>\n<\/div>\n<!-- \/module template_part -->\n\t        <\/div>\n\t    \t<\/div>\n\t\t    <\/div>\n\t    <!-- \/row_inner -->\n\t<\/div>\n\t<!-- \/module_row -->\n\t<\/div>\n\n","protected":false},"excerpt":{"rendered":"<p>Dr. Pavel Krejzl\u00edk PlastischeChirurgie Reservierung Plastische Chirurgie Ober- und Unterlid-Straffung Operationen am oberen und unteren Augenlid werden unter \u00f6rtlicher Bet\u00e4ubung durchgef\u00fchrt, k\u00f6nnen aber auch unter Vollnarkose durchgef\u00fchrt werden. Der Eingriff wird normalerweise aus kosmetischen Gr\u00fcnden durchgef\u00fchrt, aber manchmal schr\u00e4nkt das Herabh\u00e4ngen der Augenlider das Sichtfeld ein &#8211; die Operation hat dann einen medizinischen Grund. Nach [&hellip;]<\/p>\n","protected":false},"author":1,"featured_media":0,"parent":0,"menu_order":0,"comment_status":"closed","ping_status":"closed","template":"","meta":[],"categories":[],"tags":[],"builder_content":"<p style=\"text-align: left;\">Dr. Pavel Krejzl\u00edk<\/p>\n<h1>Plastische<br \/>Chirurgie<\/h1>\n<a href=\"\/index.php\/de\/kontakte\/\" > Reservierung <\/a>\n<h2 style=\"text-align: center;\">Plastische Chirurgie<\/h2>\n<h3 style=\"text-align: left;\">Ober- und Unterlid-Straffung<\/h3> <p>Operationen am oberen und unteren Augenlid werden unter \u00f6rtlicher Bet\u00e4ubung durchgef\u00fchrt, k\u00f6nnen aber auch unter Vollnarkose durchgef\u00fchrt werden.<\/p> <p>Der Eingriff wird normalerweise aus kosmetischen Gr\u00fcnden durchgef\u00fchrt, aber manchmal schr\u00e4nkt das Herabh\u00e4ngen der Augenlider das Sichtfeld ein - die Operation hat dann einen medizinischen Grund.<\/p> <p>Nach der Operation ist es normalerweise m\u00f6glich, normale Aktivit\u00e4ten innerhalb weniger Tage auszuf\u00fchren.<\/p>\n<img src=\"http:\/\/eczk.cz\/wp-content\/uploads\/2020\/10\/tamara-bellis-tw5_DJQaeDU-unsplash-1-scaled-e1601918336257.jpg\" width=\"500\" height=\"400\" title=\"Plastische Chirurgie\" alt=\"Plastische Chirurgie\">\n<img src=\"http:\/\/eczk.cz\/wp-content\/uploads\/2020\/10\/jernej-graj-xTpgLbkkZDE-unsplash-scaled.jpg\" width=\"500\" height=\"400\" title=\"Plastische Chirurgie\" alt=\"Plastische Chirurgie\">\n<h3 style=\"text-align: left;\">Plastick\u00e1 operace prsou \u2013 zv\u011bt\u0161en\u00ed, zmen\u0161en\u00ed, modelace<\/h3> <p>Z\u00e1kroky operace prsou se prov\u00e1d\u011bj\u00ed v celkov\u00e9 anestesii obvykle s jedno \u010di dvoudenn\u00ed hospitalizac\u00ed.<\/p> <p>Zv\u011bt\u0161en\u00ed prsou - augmentace, spo\u010d\u00edv\u00e1 v chirurgick\u00e9m vlo\u017een\u00ed prsn\u00edch implant\u00e1t\u016f. Jejich \u00fa\u010delem je zv\u011bt\u0161en\u00ed objemu a zlep\u0161en\u00ed tvaru.<\/p> <p>Pokud dojde v obdob\u00ed adolescence nebo i v t\u011bhotenstv\u00ed k extr\u00e9mn\u00edmu zv\u011bt\u0161en\u00ed prsou, je mo\u017en\u00e9 tento stav \u0159e\u0161it zmen\u0161en\u00edm. Tato operace je ve sv\u00e9m principu podobn\u00e1 operaci modela\u010dn\u00ed.<br \/>Modelace prsou se prov\u00e1d\u00ed u poklesl\u00fdch a ochabl\u00fdch prsou. K\u016f\u017ee je v nadbytku, mnohdy neesteticky voln\u011b vis\u00ed a zbytek \u017el\u00e1zy se na hrudn\u00ed st\u011bn\u011b sesune dol\u016f. C\u00edlem v\u00fdkonu je modelace a p\u0159esunut\u00ed tk\u00e1n\u011b prsu nahoru. Nep\u0159id\u00e1v\u00e1 se ani neub\u00edr\u00e1 tk\u00e1\u0148.<\/p>\n<h3>Operace odst\u00e1vaj\u00edc\u00edch u\u0161n\u00edch boltc\u016f<\/h3> <p>V\u00fdkon operace odst\u00e1vaj\u00edch u\u0161n\u00edch boltc\u016f se prov\u00e1d\u00ed v\u011bt\u0161inou jen v m\u00edstn\u00edm znecitliv\u011bn\u00ed. Je ale mo\u017en\u00e9 po domluv\u011b s klientem prov\u00e9st z\u00e1krok i v celkov\u00e9 anestesii.<br \/><br \/>Operace u\u0161\u00ed m\u016f\u017ee \u0159e\u0161it odchylky od norm\u00e1ln\u00edho postaven\u00ed u\u0161n\u00edch boltc\u016f. Nej\u010dast\u011bji se operace u\u0161\u00ed prov\u00e1d\u00ed p\u0159ita\u017een\u00edm odst\u00e1t\u00fdch boltc\u016f s p\u0159\u00edpadnou modelac\u00ed nebo zmen\u0161en\u00edm jejich velikosti.<\/p>\n<img src=\"http:\/\/eczk.cz\/wp-content\/uploads\/2020\/10\/samuel-dixon-fQ5XNOcqFQ-unsplash.jpg\" width=\"500\" height=\"400\" title=\"Plastische Chirurgie\" alt=\"Plastische Chirurgie\">\n<h2 style=\"text-align: center;\"><strong>MUDr. Pavel Krejzl\u00edk<\/strong><\/h2> \n \n <i><svg><use href=\"#tf-ti-email\"><\/use><\/svg><\/i> \n <p style=\"text-align: center;\"><a href=\"mailto:info@lasercentra.cz\">info@lasercentra.cz<\/a><\/p> \n \n <i><svg><use href=\"#tf-ti-mobile\"><\/use><\/svg><\/i> \n <p style=\"text-align: center;\"><a href=\"tel:725800900\">+420 725 800 900<\/a><\/p> \n \n <i><svg><use href=\"#tf-ti-headphone-alt\"><\/use><\/svg><\/i> \n <p style=\"text-align: center;\">Betriebsstunden 7:00 \u2013 15:30<\/p> \n \n \n <a href=\"https:\/\/www.facebook.com\/mudr.pavel.krejzlik\"> <i><svg><use href=\"#tf-ti-facebook\"><\/use><\/svg><\/i> <\/a> <a href=\"https:\/\/www.instagram.com\/mudr.pavel.krejzlik\/\"> <i><svg><use href=\"#tf-ti-instagram\"><\/use><\/svg><\/i> <\/a> <a href=\"https:\/\/www.youtube.com\/channel\/UC8cfRPhtNPvL_Ze6j1bwrLA\"> <i><svg><use href=\"#tf-ti-youtube\"><\/use><\/svg><\/i> <\/a>","_links":{"self":[{"href":"https:\/\/www.eczk.cz\/index.php\/wp-json\/wp\/v2\/pages\/868"}],"collection":[{"href":"https:\/\/www.eczk.cz\/index.php\/wp-json\/wp\/v2\/pages"}],"about":[{"href":"https:\/\/www.eczk.cz\/index.php\/wp-json\/wp\/v2\/types\/page"}],"author":[{"embeddable":true,"href":"https:\/\/www.eczk.cz\/index.php\/wp-json\/wp\/v2\/users\/1"}],"replies":[{"embeddable":true,"href":"https:\/\/www.eczk.cz\/index.php\/wp-json\/wp\/v2\/comments?post=868"}],"version-history":[{"count":8,"href":"https:\/\/www.eczk.cz\/index.php\/wp-json\/wp\/v2\/pages\/868\/revisions"}],"predecessor-version":[{"id":3152,"href":"https:\/\/www.eczk.cz\/index.php\/wp-json\/wp\/v2\/pages\/868\/revisions\/3152"}],"wp:attachment":[{"href":"https:\/\/www.eczk.cz\/index.php\/wp-json\/wp\/v2\/media?parent=868"}],"wp:term":[{"taxonomy":"category","embeddable":true,"href":"https:\/\/www.eczk.cz\/index.php\/wp-json\/wp\/v2\/categories?post=868"},{"taxonomy":"post_tag","embeddable":true,"href":"https:\/\/www.eczk.cz\/index.php\/wp-json\/wp\/v2\/tags?post=868"}],"curies":[{"name":"wp","href":"https:\/\/api.w.org\/{rel}","templated":true}]}}