{"id":860,"date":"2020-10-10T23:16:01","date_gmt":"2020-10-10T21:16:01","guid":{"rendered":"http:\/\/new.eczk.cz\/?page_id=860"},"modified":"2022-10-26T12:45:22","modified_gmt":"2022-10-26T10:45:22","slug":"hno","status":"publish","type":"page","link":"https:\/\/www.eczk.cz\/index.php\/hno\/","title":{"rendered":"HNO"},"content":{"rendered":"<div id=\"themify_builder_content-860\" data-postid=\"860\" class=\"themify_builder_content themify_builder_content-860 themify_builder tf_clear\">\n    \t<!-- module_row -->\n\t<div   data-css_id=\"tb_ewqr196\" data-lazy=\"1\" class=\"themify_builder_row module_row fullcover fullwidth tb_ewqr196 tb_first clearfix\">\n\t    \t    <div class=\"row_inner col_align_middle tf_box tf_w tf_rel\" >\n\t\t\t<div  data-lazy=\"1\" class=\"module_column tb-column col4-2 first tb_h417196 tf_box\" >\n\t    \t    \t        <div class=\"tb-column-inner tf_box tf_w\">\n\t\t    \t<div  data-lazy=\"1\" class=\"themify_builder_sub_row module_subrow tb_oo2a196 tf_w clearfix\" >\n\t    \t    <div class=\"subrow_inner col_align_top tf_box tf_w\" >\n\t\t\t<div  data-lazy=\"1\" class=\"sub_column module_column tf_box col-full first tb_0kgo196\"> \n\t    \t    \t        <div class=\"tb-column-inner tf_box tf_w\">\n\t\t    <!-- module text -->\n<div  class=\"module module-text tb_etum196  repeat \" data-lazy=\"1\">\n            <div  class=\"tb_text_wrap\">\n    <div class=\"module module-text tb_ok2c601 repeat \">\n<div class=\"tb_text_wrap\">\n<p style=\"text-align: left;\">Dr. Pavel Krejzl\u00edk<\/p>\n<\/div>\n<\/div>    <\/div>\n<\/div>\n<!-- \/module text --><!-- module text -->\n<div  class=\"module module-text tb_8ye7196  repeat \" data-lazy=\"1\">\n            <div  class=\"tb_text_wrap\">\n    <h1>HNO<\/h1>    <\/div>\n<\/div>\n<!-- \/module text --><!-- module buttons -->\n<div  class=\"module module-buttons tb_4qnm196 buttons-horizontal outline  squared\" data-lazy=\"1\">\n            \t<div class=\"module-buttons-item tf_inline_b\">\n\t    \t\t    <a href=\"\/index.php\/de\/kontakte\/\" class=\"ui builder_button black\" >\n\t\t\t\t        \t\t<span class=\"tf_inline_b tf_vmiddle\">Reservierung<\/span>\n\t\t    \t\t    \t\t    <\/a>\n\t\t        \t<\/div>\n\t    <\/div>\n<!-- \/module buttons -->\n\t        <\/div>\n\t    \t<\/div>\n\t\t    <\/div>\n\t<\/div><!-- \/themify_builder_sub_row -->\n\t\t        <\/div>\n\t    \t<\/div>\n\t\t<div  data-lazy=\"1\" class=\"module_column tb-column col4-2 last tb_9psz196 tf_box\">\n\t    \t    \t<\/div>\n\t\t    <\/div>\n\t    <!-- \/row_inner -->\n\t<\/div>\n\t<!-- \/module_row -->\n\t\t<!-- module_row -->\n\t<div   data-css_id=\"tb_wfyy938\" data-lazy=\"1\" class=\"themify_builder_row module_row fullwidth tb_wfyy938 clearfix\">\n\t    \t    <div class=\"row_inner col_align_top tf_box tf_w tf_rel\" >\n\t\t\t<div  data-lazy=\"1\" class=\"module_column tb-column col-full first tb_hlo1938 tf_box\">\n\t    \t    \t        <div class=\"tb-column-inner tf_box tf_w\">\n\t\t    <!-- module text -->\n<div  class=\"module module-text tb_w290938  repeat \" data-lazy=\"1\">\n            <div  class=\"tb_text_wrap\">\n        <\/div>\n<\/div>\n<!-- \/module text -->\t        <\/div>\n\t    \t<\/div>\n\t\t    <\/div>\n\t    <!-- \/row_inner -->\n\t<\/div>\n\t<!-- \/module_row -->\n\t\t<!-- module_row -->\n\t<div   data-css_id=\"tb_sye8485\" data-lazy=\"1\" class=\"themify_builder_row module_row fullwidth tb_sye8485 clearfix\">\n\t    \t    <div class=\"row_inner col_align_top tf_box tf_w tf_rel\" >\n\t\t\t<div  data-lazy=\"1\" class=\"module_column tb-column col-full first tb_l1v7485 tf_box\">\n\t    \t    \t        <div class=\"tb-column-inner tf_box tf_w\">\n\t\t    <!-- module text -->\n<div  class=\"module module-text tb_vtld211   \" data-lazy=\"1\">\n            <div  class=\"tb_text_wrap\">\n    <h2 style=\"text-align: left;\">HNO<\/h2>\n<p>Die Behandlung umfasst die erste HNO-Untersuchung, Beratung und L\u00f6sungsgestaltung. Ein HNO-Spezialist mit langj\u00e4hriger klinischer Erfahrung, der auf eine Operation hinweist, f\u00fchrt diese ebenfalls durch und kontrolliert den Patienten. Viele Eingriffe werden nur ambulant durchgef\u00fchrt. Insbesondere sind wir spezialisiert auf die Behandlung von Nasenverstopfung, Behandlung von chronischer Rhinitis und von Schnarchen. Hierf\u00fcr wird die modernste Technologie einschlie\u00dflich eines Lasers eingesetzt.<\/p>\n<p>In den angegebenen F\u00e4llen ist die Zusammenarbeit von HNO-Chirurg, Zahnarzt und plastischem Chirurgen m\u00f6glich.<\/p>    <\/div>\n<\/div>\n<!-- \/module text -->\t        <\/div>\n\t    \t<\/div>\n\t\t    <\/div>\n\t    <!-- \/row_inner -->\n\t<\/div>\n\t<!-- \/module_row -->\n\t\t<!-- module_row -->\n\t<div   data-css_id=\"tb_4prh211\" data-lazy=\"1\" class=\"themify_builder_row module_row fullwidth tb_4prh211 clearfix\">\n\t    \t    <div class=\"row_inner col_align_middle tf_box tf_w tf_rel\"   data-basecol=\"2\" data-col_tablet=\"column4-2\" data-col_mobile=\"column-full\">\n\t\t\t<div  data-lazy=\"1\" class=\"module_column tb-column col4-2 first tb_ia7n211 tf_box\" >\n\t    \t    \t        <div class=\"tb-column-inner tf_box tf_w\">\n\t\t    <!-- module text -->\n<div  class=\"module module-text tb_xbxg260   \" data-lazy=\"1\">\n            <div  class=\"tb_text_wrap\">\n    <h3 style=\"text-align: left;\">Behandlung chronischer Rhinitis<\/h3>\n<h4 style=\"text-align: left;\">Behandlung der chronischen Rhinitis &#8211; Laserreduktion des Nasenschalenvolumens<\/h4>\n<p>Chronische Rhinitis ist eine Entz\u00fcndung der Nasenschleimhaut, die manchmal allergischen Ursprungs ist. Allm\u00e4hlich kann es zu einer irreversiblen Schwellung der Schleimhaut und einer Verstopfung der Nase kommen. Ziel des Verfahrens ist es, die Schleimhaut der Nasenschalen zu behandeln, d.h. mit einem Laserstrahl zu verkleinern. Im Vergleich zu anderen Methoden kommt es zu keinen Komplikationen wie Blutung, Austrocknung der Schleimhaut oder Bildung blutiger Krusten. Der Eingriff kann nur unter \u00f6rtlicher Bet\u00e4ubung durchgef\u00fchrt werden. In der postoperativen Phase ist der Patient nicht wesentlich eingeschr\u00e4nkt, hat keine Schmerzen und kann arbeiten.<\/p>    <\/div>\n<\/div>\n<!-- \/module text -->\t        <\/div>\n\t    \t<\/div>\n\t\t<div  data-lazy=\"1\" class=\"module_column tb-column col4-2 last tb_14nm211 tf_box\" >\n\t    \t    \t        <div class=\"tb-column-inner tf_box tf_w\">\n\t\t    <!-- module image -->\n<div  class=\"module module-image tb_qhob211   image-left tf_mw\" data-lazy=\"1\">\n            <div class=\"image-wrap tf_rel tf_mw\">\n\t\t    <img src=\"http:\/\/eczk.cz\/wp-content\/uploads\/2020\/10\/brittany-colette-CDN2nTKfrA-unsplash.jpg\" width=\"500\" height=\"400\" title=\"HNO\" alt=\"HNO\">\t\n\t\t<\/div>\n\t<!-- \/image-wrap -->\n    \n    \n<\/div>\n<!-- \/module image -->\t        <\/div>\n\t    \t<\/div>\n\t\t    <\/div>\n\t    <!-- \/row_inner -->\n\t<\/div>\n\t<!-- \/module_row -->\n\t\t<!-- module_row -->\n\t<div   data-css_id=\"tb_bdyf999\" data-lazy=\"1\" class=\"themify_builder_row module_row fullwidth tb_bdyf999 clearfix\">\n\t    \t    <div class=\"row_inner col_align_middle tf_box tf_w tf_rel\"   data-mobile_dir=\"rtl\" data-basecol=\"2\" data-col_tablet=\"column4-2\" data-col_mobile=\"column-full\">\n\t\t\t<div  data-lazy=\"1\" class=\"module_column tb-column col4-2 first tb_0215999 repeat tf_box\" >\n\t    \t    \t        <div class=\"tb-column-inner tf_box tf_w\">\n\t\t    <!-- module image -->\n<div  class=\"module module-image tb_aigz999   image-right tf_mw\" data-lazy=\"1\">\n            <div class=\"image-wrap tf_rel tf_mw\">\n\t\t    <img src=\"http:\/\/eczk.cz\/wp-content\/uploads\/2020\/10\/damir-spanic-14OzPVGzScg-unsplash.jpg\" width=\"500\" height=\"400\" title=\"HNO\" alt=\"HNO\">\t\n\t\t<\/div>\n\t<!-- \/image-wrap -->\n    \n    \n<\/div>\n<!-- \/module image -->\t        <\/div>\n\t    \t<\/div>\n\t\t<div  data-lazy=\"1\" class=\"module_column tb-column col4-2 last tb_e19e999 tf_box\" >\n\t    \t    \t        <div class=\"tb-column-inner tf_box tf_w\">\n\t\t    <!-- module text -->\n<div  class=\"module module-text tb_14dj999   \" data-lazy=\"1\">\n            <div  class=\"tb_text_wrap\">\n    <h3 style=\"text-align: left;\">Beseitigung von Schnarchen<\/h3>\n<h4 style=\"text-align: left;\">Beseitigung von Schnarchen &#8211; Laserkorrektur des weichen Gaumens<\/h4>\n<p>Schnarchen tritt am h\u00e4ufigsten auf, wenn ein- und ausgeatmete Luft in die verengten Bereiche der oberen Atemwege eindringt, insbesondere in den weichen Gaumen. In einigen F\u00e4llen kann es sich jedoch auch um eine schwerwiegendere St\u00f6rung handeln &#8211; das sogenannte Schlafapnoe-Syndrom, bei dem die Atemwege w\u00e4hrend des Schlafes kurzfristig vollst\u00e4ndig geschlossen werden.<\/p>\n<p>Wenn die Untersuchung und der chirurgische Eingriff richtig gew\u00e4hlt sind, kann das Schnarchen beseitigt werden. W\u00e4hrend der Operation f\u00fchrt der Arzt eine plastische Operation des weichen Gaumens mit einem Laserstrahl durch. Ziel ist es, den weichen Gaumen und das Z\u00e4pfchen so zu korrigieren und zu modellieren, dass er verk\u00fcrzt und verst\u00e4rkt wird. Der Eingriff dauert ca. 15 min.<\/p>\n<p>Wenn der Eingriff nur unter \u00f6rtlicher Bet\u00e4ubung durchgef\u00fchrt wird, geht der Patient unmittelbar nach der Operation nach Hause. In der postoperativen Phase sind mehrere Tage dauernde Halsschmerzen h\u00e4ufig.<\/p>    <\/div>\n<\/div>\n<!-- \/module text -->\t        <\/div>\n\t    \t<\/div>\n\t\t    <\/div>\n\t    <!-- \/row_inner -->\n\t<\/div>\n\t<!-- \/module_row -->\n\t\t<!-- module_row -->\n\t<div   data-css_id=\"tb_kau3117\" data-lazy=\"1\" class=\"themify_builder_row module_row fullwidth tb_kau3117 clearfix\">\n\t    \t    <div class=\"row_inner col_align_top tf_box tf_w tf_rel\" >\n\t\t\t<div  data-lazy=\"1\" class=\"module_column tb-column col-full first tb_np49118 tf_box\">\n\t    \t    \t        <div class=\"tb-column-inner tf_box tf_w\">\n\t\t    <!-- module template_part -->\n<div  class=\"module module-layout-part tb_9726452 \">\n    <div class=\"tb_layout_part_wrap tf_w\">\n    <div class=\"themify_builder_content themify_builder_content-856 themify_builder not_editable_builder in_the_loop\" data-postid=\"856\">\n        \t<!-- module_row -->\n\t<div   data-css_id=\"tb_9nl3177\" data-lazy=\"1\" class=\"themify_builder_row module_row repeat fullwidth tb_9nl3177 clearfix\">\n\t    \t    <div class=\"row_inner col_align_middle gutter-none tf_box tf_w tf_rel\"   data-basecol=\"1\" data-col_tablet=\"tablet-full\" data-col_mobile=\"column-full\">\n\t\t\t<div  data-lazy=\"1\" class=\"module_column tb-column col-full first tb_io9p177 repeat tf_box\" >\n\t    \t    \t        <div class=\"tb-column-inner tf_box tf_w\">\n\t\t    <!-- module text -->\n<div  class=\"module module-text tb_cav8177  repeat \" data-lazy=\"1\">\n            <div  class=\"tb_text_wrap\">\n    <h2 style=\"text-align: center;\"><strong>MUDr. Pavel Krejzl\u00edk<\/strong><\/h2>    <\/div>\n<\/div>\n<!-- \/module text -->\t<div  data-lazy=\"1\" class=\"themify_builder_sub_row module_subrow tb_ra96177 tf_w clearfix\">\n\t    \t    <div class=\"subrow_inner gutter-none col_auto_height col_align_middle tf_box tf_w\" >\n\t\t\t<div  data-lazy=\"1\" class=\"sub_column module_column tf_box col3-1 first tb_la40177\"> \n\t    \t    \t        <div class=\"tb-column-inner tf_box tf_w\">\n\t\t    <!-- module icon -->\n<div  class=\"module module-icon tb_ykhk177  normal circle icon_horizontal tf_textc\" data-lazy=\"1\">\n            <div class=\"module-icon\">\n\t\t    <div class=\"module-icon-item tf_inline_b\">\n\t\t\t\t    \t\t\t\t    \t\t\t<i class=\"ui tf_vmiddle tf_textc tf_box transparent\"><svg class=\"tf_fa tf-ti-email\"><use href=\"#tf-ti-email\"><\/use><\/svg><\/i>\n\t\t    \t\t    \t\t    \t    <\/div>\n\t    <\/div>\n<\/div>\n<!-- \/module icon -->\n<!-- module text -->\n<div  class=\"module module-text tb_0c1d177   \" data-lazy=\"1\">\n            <div  class=\"tb_text_wrap\">\n    <p style=\"text-align: center;\"><a href=\"mailto:info@lasercentra.cz\">info@lasercentra.cz<\/a><\/p>    <\/div>\n<\/div>\n<!-- \/module text -->\t        <\/div>\n\t    \t<\/div>\n\t\t<div  data-lazy=\"1\" class=\"sub_column module_column tf_box col3-1 middle tb_sndx177\"> \n\t    \t    \t        <div class=\"tb-column-inner tf_box tf_w\">\n\t\t    <!-- module icon -->\n<div  class=\"module module-icon tb_ex0e177  normal circle icon_horizontal tf_textc\" data-lazy=\"1\">\n            <div class=\"module-icon\">\n\t\t    <div class=\"module-icon-item tf_inline_b\">\n\t\t\t\t    \t\t\t\t    \t\t\t<i class=\"ui tf_vmiddle tf_textc tf_box transparent\"><svg class=\"tf_fa tf-ti-mobile\"><use href=\"#tf-ti-mobile\"><\/use><\/svg><\/i>\n\t\t    \t\t    \t\t    \t    <\/div>\n\t    <\/div>\n<\/div>\n<!-- \/module icon -->\n<!-- module text -->\n<div  class=\"module module-text tb_dni8177   \" data-lazy=\"1\">\n            <div  class=\"tb_text_wrap\">\n    <p style=\"text-align: center;\"><a href=\"tel:725800900\">+420 725 800 900<\/a><\/p>    <\/div>\n<\/div>\n<!-- \/module text -->\t        <\/div>\n\t    \t<\/div>\n\t\t<div  data-lazy=\"1\" class=\"sub_column module_column tf_box col3-1 last tb_qx3s177\"> \n\t    \t    \t        <div class=\"tb-column-inner tf_box tf_w\">\n\t\t    <!-- module icon -->\n<div  class=\"module module-icon tb_r8yq177  normal circle icon_horizontal tf_textc\" data-lazy=\"1\">\n            <div class=\"module-icon\">\n\t\t    <div class=\"module-icon-item tf_inline_b\">\n\t\t\t\t    \t\t\t\t    \t\t\t<i class=\"ui tf_vmiddle tf_textc tf_box transparent\"><svg class=\"tf_fa tf-ti-headphone-alt\"><use href=\"#tf-ti-headphone-alt\"><\/use><\/svg><\/i>\n\t\t    \t\t    \t\t    \t    <\/div>\n\t    <\/div>\n<\/div>\n<!-- \/module icon -->\n<!-- module text -->\n<div  class=\"module module-text tb_j4sf177   \" data-lazy=\"1\">\n            <div  class=\"tb_text_wrap\">\n    <p style=\"text-align: center;\">Betriebsstunden 7:00 \u2013 15:30<\/p>    <\/div>\n<\/div>\n<!-- \/module text -->\t        <\/div>\n\t    \t<\/div>\n\t\t    <\/div>\n\t<\/div><!-- \/themify_builder_sub_row -->\n\t<!-- module divider -->\n<div  class=\"module tf_mw module-divider tb_agqo177 solid   \" style=\"border-width: 1px;border-color: rgba(0,0,0, 0.05);margin-top: 10px;margin-bottom: 10px;\" data-lazy=\"1\">\n        <\/div>\n<!-- \/module divider -->\n<!-- module icon -->\n<div  class=\"module module-icon tb_1m8r177  normal none icon_horizontal \" data-lazy=\"1\">\n            <div class=\"module-icon\">\n\t\t    <div class=\"module-icon-item tf_inline_b\">\n\t\t\t\t    <a href=\"https:\/\/www.facebook.com\/mudr.pavel.krejzlik\">\n\t\t    \t\t    \t\t\t\t    \t\t\t<i class=\"ui tf_vmiddle tf_textc tf_box black\"><svg class=\"tf_fa tf-ti-facebook\"><use href=\"#tf-ti-facebook\"><\/use><\/svg><\/i>\n\t\t    \t\t    \t\t    \t\t    <\/a>\n\t\t\t    <\/div>\n\t\t    <div class=\"module-icon-item tf_inline_b\">\n\t\t\t\t    <a href=\"https:\/\/www.instagram.com\/mudr.pavel.krejzlik\/\">\n\t\t    \t\t    \t\t\t\t    \t\t\t<i class=\"ui tf_vmiddle tf_textc tf_box black\"><svg class=\"tf_fa tf-ti-instagram\"><use href=\"#tf-ti-instagram\"><\/use><\/svg><\/i>\n\t\t    \t\t    \t\t    \t\t    <\/a>\n\t\t\t    <\/div>\n\t\t    <div class=\"module-icon-item tf_inline_b\">\n\t\t\t\t    <a href=\"https:\/\/www.youtube.com\/channel\/UC8cfRPhtNPvL_Ze6j1bwrLA\">\n\t\t    \t\t    \t\t\t\t    \t\t\t<i class=\"ui tf_vmiddle tf_textc tf_box black\"><svg class=\"tf_fa tf-ti-youtube\"><use href=\"#tf-ti-youtube\"><\/use><\/svg><\/i>\n\t\t    \t\t    \t\t    \t\t    <\/a>\n\t\t\t    <\/div>\n\t    <\/div>\n<\/div>\n<!-- \/module icon -->\n\t        <\/div>\n\t    \t<\/div>\n\t\t    <\/div>\n\t    <!-- \/row_inner -->\n\t<\/div>\n\t<!-- \/module_row -->\n\t    <\/div>\n<\/div>\n<\/div>\n<!-- \/module template_part -->\n\t        <\/div>\n\t    \t<\/div>\n\t\t    <\/div>\n\t    <!-- \/row_inner -->\n\t<\/div>\n\t<!-- \/module_row -->\n\t<\/div>\n\n","protected":false},"excerpt":{"rendered":"<p>Dr. Pavel Krejzl\u00edk HNO Reservierung HNO Die Behandlung umfasst die erste HNO-Untersuchung, Beratung und L\u00f6sungsgestaltung. Ein HNO-Spezialist mit langj\u00e4hriger klinischer Erfahrung, der auf eine Operation hinweist, f\u00fchrt diese ebenfalls durch und kontrolliert den Patienten. Viele Eingriffe werden nur ambulant durchgef\u00fchrt. Insbesondere sind wir spezialisiert auf die Behandlung von Nasenverstopfung, Behandlung von chronischer Rhinitis und von [&hellip;]<\/p>\n","protected":false},"author":1,"featured_media":0,"parent":0,"menu_order":0,"comment_status":"closed","ping_status":"closed","template":"","meta":[],"categories":[],"tags":[],"builder_content":"<p style=\"text-align: left;\">Dr. Pavel Krejzl\u00edk<\/p>\n<h1>HNO<\/h1>\n<a href=\"\/index.php\/de\/kontakte\/\" > Reservierung <\/a>\n\n<h2 style=\"text-align: left;\">HNO<\/h2> <p>Die Behandlung umfasst die erste HNO-Untersuchung, Beratung und L\u00f6sungsgestaltung. Ein HNO-Spezialist mit langj\u00e4hriger klinischer Erfahrung, der auf eine Operation hinweist, f\u00fchrt diese ebenfalls durch und kontrolliert den Patienten. Viele Eingriffe werden nur ambulant durchgef\u00fchrt. Insbesondere sind wir spezialisiert auf die Behandlung von Nasenverstopfung, Behandlung von chronischer Rhinitis und von Schnarchen. Hierf\u00fcr wird die modernste Technologie einschlie\u00dflich eines Lasers eingesetzt.<\/p> <p>In den angegebenen F\u00e4llen ist die Zusammenarbeit von HNO-Chirurg, Zahnarzt und plastischem Chirurgen m\u00f6glich.<\/p>\n<h3 style=\"text-align: left;\">Behandlung chronischer Rhinitis<\/h3> <h4 style=\"text-align: left;\">Behandlung der chronischen Rhinitis - Laserreduktion des Nasenschalenvolumens<\/h4> <p>Chronische Rhinitis ist eine Entz\u00fcndung der Nasenschleimhaut, die manchmal allergischen Ursprungs ist. Allm\u00e4hlich kann es zu einer irreversiblen Schwellung der Schleimhaut und einer Verstopfung der Nase kommen. Ziel des Verfahrens ist es, die Schleimhaut der Nasenschalen zu behandeln, d.h. mit einem Laserstrahl zu verkleinern. Im Vergleich zu anderen Methoden kommt es zu keinen Komplikationen wie Blutung, Austrocknung der Schleimhaut oder Bildung blutiger Krusten. Der Eingriff kann nur unter \u00f6rtlicher Bet\u00e4ubung durchgef\u00fchrt werden. In der postoperativen Phase ist der Patient nicht wesentlich eingeschr\u00e4nkt, hat keine Schmerzen und kann arbeiten.<\/p>\n<img src=\"http:\/\/eczk.cz\/wp-content\/uploads\/2020\/10\/brittany-colette-CDN2nTKfrA-unsplash.jpg\" width=\"500\" height=\"400\" title=\"HNO\" alt=\"HNO\">\n<img src=\"http:\/\/eczk.cz\/wp-content\/uploads\/2020\/10\/damir-spanic-14OzPVGzScg-unsplash.jpg\" width=\"500\" height=\"400\" title=\"HNO\" alt=\"HNO\">\n<h3 style=\"text-align: left;\">Beseitigung von Schnarchen<\/h3> <h4 style=\"text-align: left;\">Beseitigung von Schnarchen - Laserkorrektur des weichen Gaumens<\/h4> <p>Schnarchen tritt am h\u00e4ufigsten auf, wenn ein- und ausgeatmete Luft in die verengten Bereiche der oberen Atemwege eindringt, insbesondere in den weichen Gaumen. In einigen F\u00e4llen kann es sich jedoch auch um eine schwerwiegendere St\u00f6rung handeln - das sogenannte Schlafapnoe-Syndrom, bei dem die Atemwege w\u00e4hrend des Schlafes kurzfristig vollst\u00e4ndig geschlossen werden.<\/p> <p>Wenn die Untersuchung und der chirurgische Eingriff richtig gew\u00e4hlt sind, kann das Schnarchen beseitigt werden. W\u00e4hrend der Operation f\u00fchrt der Arzt eine plastische Operation des weichen Gaumens mit einem Laserstrahl durch. Ziel ist es, den weichen Gaumen und das Z\u00e4pfchen so zu korrigieren und zu modellieren, dass er verk\u00fcrzt und verst\u00e4rkt wird. Der Eingriff dauert ca. 15 min.<\/p> <p>Wenn der Eingriff nur unter \u00f6rtlicher Bet\u00e4ubung durchgef\u00fchrt wird, geht der Patient unmittelbar nach der Operation nach Hause. In der postoperativen Phase sind mehrere Tage dauernde Halsschmerzen h\u00e4ufig.<\/p>\n<h2 style=\"text-align: center;\"><strong>MUDr. Pavel Krejzl\u00edk<\/strong><\/h2> \n \n <i><svg><use href=\"#tf-ti-email\"><\/use><\/svg><\/i> \n <p style=\"text-align: center;\"><a href=\"mailto:info@lasercentra.cz\">info@lasercentra.cz<\/a><\/p> \n \n <i><svg><use href=\"#tf-ti-mobile\"><\/use><\/svg><\/i> \n <p style=\"text-align: center;\"><a href=\"tel:725800900\">+420 725 800 900<\/a><\/p> \n \n <i><svg><use href=\"#tf-ti-headphone-alt\"><\/use><\/svg><\/i> \n <p style=\"text-align: center;\">Betriebsstunden 7:00 \u2013 15:30<\/p> \n \n \n <a href=\"https:\/\/www.facebook.com\/mudr.pavel.krejzlik\"> <i><svg><use href=\"#tf-ti-facebook\"><\/use><\/svg><\/i> <\/a> <a href=\"https:\/\/www.instagram.com\/mudr.pavel.krejzlik\/\"> <i><svg><use href=\"#tf-ti-instagram\"><\/use><\/svg><\/i> <\/a> <a href=\"https:\/\/www.youtube.com\/channel\/UC8cfRPhtNPvL_Ze6j1bwrLA\"> <i><svg><use href=\"#tf-ti-youtube\"><\/use><\/svg><\/i> <\/a>","_links":{"self":[{"href":"https:\/\/www.eczk.cz\/index.php\/wp-json\/wp\/v2\/pages\/860"}],"collection":[{"href":"https:\/\/www.eczk.cz\/index.php\/wp-json\/wp\/v2\/pages"}],"about":[{"href":"https:\/\/www.eczk.cz\/index.php\/wp-json\/wp\/v2\/types\/page"}],"author":[{"embeddable":true,"href":"https:\/\/www.eczk.cz\/index.php\/wp-json\/wp\/v2\/users\/1"}],"replies":[{"embeddable":true,"href":"https:\/\/www.eczk.cz\/index.php\/wp-json\/wp\/v2\/comments?post=860"}],"version-history":[{"count":11,"href":"https:\/\/www.eczk.cz\/index.php\/wp-json\/wp\/v2\/pages\/860\/revisions"}],"predecessor-version":[{"id":3155,"href":"https:\/\/www.eczk.cz\/index.php\/wp-json\/wp\/v2\/pages\/860\/revisions\/3155"}],"wp:attachment":[{"href":"https:\/\/www.eczk.cz\/index.php\/wp-json\/wp\/v2\/media?parent=860"}],"wp:term":[{"taxonomy":"category","embeddable":true,"href":"https:\/\/www.eczk.cz\/index.php\/wp-json\/wp\/v2\/categories?post=860"},{"taxonomy":"post_tag","embeddable":true,"href":"https:\/\/www.eczk.cz\/index.php\/wp-json\/wp\/v2\/tags?post=860"}],"curies":[{"name":"wp","href":"https:\/\/api.w.org\/{rel}","templated":true}]}}