{"id":674,"date":"2020-10-07T16:54:03","date_gmt":"2020-10-07T14:54:03","guid":{"rendered":"http:\/\/new.eczk.cz\/?page_id=674"},"modified":"2020-10-20T19:53:30","modified_gmt":"2020-10-20T17:53:30","slug":"mudr-libor-polak","status":"publish","type":"page","link":"https:\/\/www.eczk.cz\/index.php\/lekari\/mudr-libor-polak\/","title":{"rendered":"MUDr. Libor Pol\u00e1k"},"content":{"rendered":"<div id=\"themify_builder_content-674\" data-postid=\"674\" class=\"themify_builder_content themify_builder_content-674 themify_builder tf_clear\">\n    \t<!-- module_row -->\n\t<div   data-css_id=\"tb_ir3v551\" data-lazy=\"1\" class=\"themify_builder_row module_row tb_ir3v551 tb_first clearfix\">\n\t    \t    <div class=\"row_inner col_align_top tf_box tf_w tf_rel\" >\n\t\t\t<div  data-lazy=\"1\" class=\"module_column tb-column col-full first tb_sva5552 repeat tf_box\" >\n\t    \t    \t        <div class=\"tb-column-inner tf_box tf_w\">\n\t\t    \t<div  data-lazy=\"1\" class=\"themify_builder_sub_row module_subrow repeat tb_7eda552 tf_w clearfix\" >\n\t    \t    <div class=\"subrow_inner gutter-none col_align_middle tf_box tf_w\"   data-mobile_dir=\"rtl\">\n\t\t\t<div  data-lazy=\"1\" class=\"sub_column module_column tf_box col2-1 first tb_hww1553 repeat\" > \n\t    \t    \t        <div class=\"tb-column-inner tf_box tf_w\">\n\t\t        <!-- module fancy heading -->\n<div  class=\"module module-fancy-heading tb_pbxs553 \" data-lazy=\"1\">\n        <h2 class=\"fancy-heading tf_textl\">\n    <span  class=\"main-head tf_block\">\n\tMUDr. Libor Pol\u00e1k    <\/span>\n    <span class=\"sub-head tb_hide_divider  tf_block tf_rel\">\n\tOdborn\u00fd l\u00e9ka\u0159    <\/span>\n\n    <\/h2>\n<\/div>\n<!-- \/module fancy heading -->\n<!-- module text -->\n<div  class=\"module module-text tb_m8nu553   \" data-lazy=\"1\">\n            <div  class=\"tb_text_wrap\">\n    <h3>Profesn\u00ed \u017eivotopis<\/h3>\n<p><span class=\"\">1990\u00a0<\/span>&#8211;\u00a0LF UP Olomouc &#8211;\u00a0promoce<\/p>\n<p><span class=\"\">1990-1994<\/span>\u00a0&#8211;\u00a0Chirurgick\u00e9 odd\u011blen\u00ed nemocnice Fr\u00fddek-M\u00edstek<\/p>\n<p><span class=\"\">1994\u00a0<\/span>&#8211;\u00a0Atestace z\u00a0chirurgie<\/p>\n<p><span class=\"\">1994-1996<\/span>\u00a0&#8211;\u00a0Odd\u011blen\u00ed plastick\u00e9 chirurgie FN Ostrava-Poruba<\/p>\n<p><span class=\"\">1997\u00a0<\/span>&#8211;\u00a0Klinika pop\u00e1lenin a\u00a0rekonstruk\u010dn\u00ed chirurgie FN Brno-Bohunice<\/p>\n<p><span class=\"\">1997-1999<\/span>\u00a0&#8211;\u00a0Klinika plastick\u00e9 chirurgie FN Praha-Bulovka<\/p>\n<p><span class=\"\">1999\u00a0<\/span>&#8211;\u00a0Atestace z\u00a0plastick\u00e9 chirurgie<\/p>\n<p><span class=\"\">2000-2002<\/span>\u00a0&#8211;\u00a0Prim\u00e1\u0159 odd\u011blen\u00ed plastick\u00e9 chirurgie Nemocnice T\u0159inec<\/p>\n<p><span class=\"\">2000-dodnes<\/span>\u00a0&#8211;\u00a0Soukrom\u00e1 praxe v\u00a0oboru estetick\u00e9 chirurgie,<\/p>\n<p><span class=\"\">2012\u00a0<\/span>&#8211;\u00a0majitel a\u00a0vedouc\u00ed l\u00e9ka\u0159 kliniky estetick\u00e9 chirurgie Polmedicana v\u00a0Ostrav\u011b<\/p>    <\/div>\n<\/div>\n<!-- \/module text --><!-- module icon -->\n<div  class=\"module module-icon tb_s94h553  small circle icon_horizontal tf_textl\" data-lazy=\"1\">\n            <div class=\"module-icon\">\n\t\t    <div class=\"module-icon-item tf_inline_b\">\n\t\t\t\t    <a href=\"http:\/\/facebook.com\" rel=\"noopener\" target=\"_blank\">\n\t\t    \t\t    \t\t\t\t    \t\t\t<i class=\"ui tf_vmiddle tf_textc tf_box light-blue\"><svg class=\"tf_fa tf-ti-facebook\"><use href=\"#tf-ti-facebook\"><\/use><\/svg><\/i>\n\t\t    \t\t    \t\t    \t\t    <\/a>\n\t\t\t    <\/div>\n\t\t    <div class=\"module-icon-item tf_inline_b\">\n\t\t\t\t    <a href=\"http:\/\/twitter.com\" rel=\"noopener\" target=\"_blank\">\n\t\t    \t\t    \t\t\t\t    \t\t\t<i class=\"ui tf_vmiddle tf_textc tf_box light-blue\"><svg class=\"tf_fa tf-ti-twitter-alt\"><use href=\"#tf-ti-twitter-alt\"><\/use><\/svg><\/i>\n\t\t    \t\t    \t\t    \t\t    <\/a>\n\t\t\t    <\/div>\n\t\t    <div class=\"module-icon-item tf_inline_b\">\n\t\t\t\t    <a href=\"https:\/\/www.linkedin.com\" rel=\"noopener\" target=\"_blank\">\n\t\t    \t\t    \t\t\t\t    \t\t\t<i class=\"ui tf_vmiddle tf_textc tf_box light-blue\"><svg class=\"tf_fa tf-ti-linkedin\"><use href=\"#tf-ti-linkedin\"><\/use><\/svg><\/i>\n\t\t    \t\t    \t\t    \t\t    <\/a>\n\t\t\t    <\/div>\n\t\t    <div class=\"module-icon-item tf_inline_b\">\n\t\t\t\t    <a href=\"mailto:pavel.krejzlik@eczk.cz\" data-zoom-config=\"50%|50%\" class=\"lightbox-builder themify_lightbox\">\n\t\t    \t\t    \t\t\t\t    \t\t\t<i class=\"ui tf_vmiddle tf_textc tf_box light-blue\"><svg class=\"tf_fa tf-ti-email\"><use href=\"#tf-ti-email\"><\/use><\/svg><\/i>\n\t\t    \t\t    \t\t    \t\t    <\/a>\n\t\t\t    <\/div>\n\t    <\/div>\n<\/div>\n<!-- \/module icon -->\n\t        <\/div>\n\t    \t<\/div>\n\t\t<div  data-lazy=\"1\" class=\"sub_column module_column tf_box col2-1 last tb_96v3553 best-fit-image\" > \n\t    \t    \t<\/div>\n\t\t    <\/div>\n\t<\/div><!-- \/themify_builder_sub_row -->\n\t\t<div  data-lazy=\"1\" class=\"themify_builder_sub_row module_subrow repeat tb_ofyz33 tf_w clearfix\" >\n\t    \t    <div class=\"subrow_inner gutter-none col_align_middle tf_box tf_w\"   data-mobile_dir=\"rtl\">\n\t\t\t<div  data-lazy=\"1\" class=\"sub_column module_column tf_box col-full first tb_2z4b34 repeat\" > \n\t    \t    \t        <div class=\"tb-column-inner tf_box tf_w\">\n\t\t    <!-- module text -->\n<div  class=\"module module-text tb_hux134   \" data-lazy=\"1\">\n            <div  class=\"tb_text_wrap\">\n    <h3>Absolvovan\u00e9 st\u00e1\u017ee a\u00a0kongresy<\/h3>\n<p><span class=\"\">1994-1999<\/span>\u00a0&#8211;\u00a015 m\u011bs\u00edc\u016f st\u00e1\u017ee &#8211;\u00a0Klinika\u00a0plastick\u00e9\u00a0chirurgie FN Vinohrady a\u00a0FN Brno<\/p>\n<p><span class=\"\">2007\u00a0<\/span>&#8211;\u00a0St\u00e1\u017e &#8211;\u00a0klinika\u00a0prof. Fischera v\u00a0\u0158\u00edm\u011b &#8211;\u00a0operace nosu<\/p>\n<p><span class=\"\">2010\u00a0<\/span>&#8211;\u00a0St\u00e1\u017e &#8211; Lisborg Klinik v\u00a0Klagenfurtu &#8211;\u00a0face lifting, operace v\u00ed\u010dek<\/p>\n<p><span class=\"\">2011\u00a0<\/span>&#8211;\u00a0St\u00e1\u017e &#8211; Lisborg klinik v\u00a0Klagenfurtu &#8211;\u00a0p\u0159enos tuku<\/p>\n<p><span class=\"\">2011\u00a0<\/span>&#8211;\u00a0Kongres V\u00edde\u0148 &#8211; rhinoplastika,\u00a0prsa, p\u0159enos tuku<\/p>\n<p><span class=\"\">2012\u00a0<\/span>&#8211;\u00a0Kongres &#8211; Mnichov &#8211; rhinoplastika a\u00a0operace prsou<\/p>\n<p><span class=\"\">2012\u00a0<\/span>&#8211;\u00a0St\u00e1\u017e &#8211;\u00a0klinika\u00a0Villa Bella &#8211;\u00a0Salo &#8211;\u00a0prof. Botti &#8211; prsa<\/p>\n<p><span class=\"\">2012\u00a0<\/span>&#8211;\u00a0St\u00e1\u017e &#8211;\u00a0Lisborg Klinik v\u00a0Klagenfurtu &#8211;\u00a0p\u0159enos tuku a\u00a0operace prsou<\/p>\n<p><span class=\"\">2015<\/span>\u00a0&#8211; T\u00fddenn\u00ed \u0161kolen\u00ed a workshop v\u00a0Istanbulu &#8211; otev\u0159en\u00e1 rhinoplastika &#8211;\u00a0Nazim\u00a0Cerkes<\/p>\n<p><span class=\"\">2016<\/span>\u00a0&#8211; Dvoudenn\u00ed \u0161kolen\u00ed a workshop Stuttgard\u00a0&#8211; rhinoplastika &#8211; Wolfgang\u00a0Gubisch<\/p>\n<p><span class=\"\">2017<\/span>\u00a0&#8211; Dvoudenn\u00ed \u0161kolen\u00ed a workshop &#8211;\u00a0Bukure\u0161\u0165 &#8211; operace prsou a rhinoplastika\u00a0&#8211;\u00a0Constantin Stan<\/p>    <\/div>\n<\/div>\n<!-- \/module text -->\t        <\/div>\n\t    \t<\/div>\n\t\t    <\/div>\n\t<\/div><!-- \/themify_builder_sub_row -->\n\t\t        <\/div>\n\t    \t<\/div>\n\t\t    <\/div>\n\t    <!-- \/row_inner -->\n\t<\/div>\n\t<!-- \/module_row -->\n\t\t<!-- module_row -->\n\t<div   data-css_id=\"tb_5joj668\" data-lazy=\"1\" class=\"themify_builder_row module_row tb_5joj668 clearfix hide-mobile\">\n\t    \t    <div class=\"row_inner col_align_top tf_box tf_w tf_rel\" >\n\t\t\t<div  data-lazy=\"1\" class=\"module_column tb-column col-full first tb_gofc668 tf_box\">\n\t    \t    \t        <div class=\"tb-column-inner tf_box tf_w\">\n\t\t    <!-- module template_part -->\n<div  class=\"module module-layout-part tb_mksc4 \">\n    <div class=\"tb_layout_part_wrap tf_w\">\n    <div class=\"themify_builder_content themify_builder_content-278 themify_builder not_editable_builder in_the_loop\" data-postid=\"278\">\n        \t<!-- module_row -->\n\t<div   data-css_id=\"tb_qytw158\" data-lazy=\"1\" class=\"themify_builder_row module_row repeat fullwidth tb_qytw158 clearfix\">\n\t    \t    <div class=\"row_inner col_align_middle gutter-none tf_box tf_w tf_rel\"   data-basecol=\"1\" data-col_tablet=\"tablet-full\" data-col_mobile=\"column-full\">\n\t\t\t<div  data-lazy=\"1\" class=\"module_column tb-column col-full first tb_q9as158 repeat tf_box\" >\n\t    \t    \t        <div class=\"tb-column-inner tf_box tf_w\">\n\t\t    <!-- module text -->\n<div  class=\"module module-text tb_8147158  repeat \" data-lazy=\"1\">\n            <div  class=\"tb_text_wrap\">\n    <h2 style=\"text-align: center;\"><strong>MUDr. Pavel Krejzl\u00edk<\/strong><\/h2>    <\/div>\n<\/div>\n<!-- \/module text -->\t<div  data-lazy=\"1\" class=\"themify_builder_sub_row module_subrow tb_t11r158 tf_w clearfix\">\n\t    \t    <div class=\"subrow_inner gutter-none col_auto_height col_align_middle tf_box tf_w\" >\n\t\t\t<div  data-lazy=\"1\" class=\"sub_column module_column tf_box col3-1 first tb_tuq6158\"> \n\t    \t    \t        <div class=\"tb-column-inner tf_box tf_w\">\n\t\t    <!-- module icon -->\n<div  class=\"module module-icon tb_5cc6158  normal circle icon_horizontal tf_textc\" data-lazy=\"1\">\n            <div class=\"module-icon\">\n\t\t    <div class=\"module-icon-item tf_inline_b\">\n\t\t\t\t    \t\t\t\t    \t\t\t<i class=\"ui tf_vmiddle tf_textc tf_box transparent\"><svg class=\"tf_fa tf-ti-email\"><use href=\"#tf-ti-email\"><\/use><\/svg><\/i>\n\t\t    \t\t    \t\t    \t    <\/div>\n\t    <\/div>\n<\/div>\n<!-- \/module icon -->\n<!-- module text -->\n<div  class=\"module module-text tb_xpej158   \" data-lazy=\"1\">\n            <div  class=\"tb_text_wrap\">\n    <p style=\"text-align: center;\"><a href=\"mailto:info@lasercentra.cz\">&#105;&#110;&#102;&#111;&#64;&#108;&#97;&#115;&#101;&#114;&#99;&#101;&#110;&#116;&#114;&#97;&#46;&#99;&#122;<\/a><\/p>\n    <\/div>\n<\/div>\n<!-- \/module text -->\t        <\/div>\n\t    \t<\/div>\n\t\t<div  data-lazy=\"1\" class=\"sub_column module_column tf_box col3-1 middle tb_7l6h158\"> \n\t    \t    \t        <div class=\"tb-column-inner tf_box tf_w\">\n\t\t    <!-- module icon -->\n<div  class=\"module module-icon tb_lh98158  normal circle icon_horizontal tf_textc\" data-lazy=\"1\">\n            <div class=\"module-icon\">\n\t\t    <div class=\"module-icon-item tf_inline_b\">\n\t\t\t\t    \t\t\t\t    \t\t\t<i class=\"ui tf_vmiddle tf_textc tf_box transparent\"><svg class=\"tf_fa tf-ti-mobile\"><use href=\"#tf-ti-mobile\"><\/use><\/svg><\/i>\n\t\t    \t\t    \t\t    \t    <\/div>\n\t    <\/div>\n<\/div>\n<!-- \/module icon -->\n<!-- module text -->\n<div  class=\"module module-text tb_ftur158   \" data-lazy=\"1\">\n            <div  class=\"tb_text_wrap\">\n    <p style=\"text-align: center;\"><a href=\"tel:725800900\">+420 725 800 900<\/a><\/p>    <\/div>\n<\/div>\n<!-- \/module text -->\t        <\/div>\n\t    \t<\/div>\n\t\t<div  data-lazy=\"1\" class=\"sub_column module_column tf_box col3-1 last tb_6fkn158\"> \n\t    \t    \t        <div class=\"tb-column-inner tf_box tf_w\">\n\t\t    <!-- module icon -->\n<div  class=\"module module-icon tb_ynya158  normal circle icon_horizontal tf_textc\" data-lazy=\"1\">\n            <div class=\"module-icon\">\n\t\t    <div class=\"module-icon-item tf_inline_b\">\n\t\t\t\t    \t\t\t\t    \t\t\t<i class=\"ui tf_vmiddle tf_textc tf_box transparent\"><svg class=\"tf_fa tf-ti-headphone-alt\"><use href=\"#tf-ti-headphone-alt\"><\/use><\/svg><\/i>\n\t\t    \t\t    \t\t    \t    <\/div>\n\t    <\/div>\n<\/div>\n<!-- \/module icon -->\n<!-- module text -->\n<div  class=\"module module-text tb_nmx8158   \" data-lazy=\"1\">\n            <div  class=\"tb_text_wrap\">\n    <p style=\"text-align: center;\">Provozn\u00ed doba 7:00 \u2013 15:30<\/p>    <\/div>\n<\/div>\n<!-- \/module text -->\t        <\/div>\n\t    \t<\/div>\n\t\t    <\/div>\n\t<\/div><!-- \/themify_builder_sub_row -->\n\t<!-- module text -->\n<div  class=\"module module-text tb_uz43763  repeat \" data-lazy=\"1\">\n            <div  class=\"tb_text_wrap\">\n    <p style=\"text-align: center;\">\u010c\u00edslo bankovn\u00edho \u00fa\u010dtu: 107-3046290297\/0100<\/p>    <\/div>\n<\/div>\n<!-- \/module text --><!-- module divider -->\n<div  class=\"module tf_mw module-divider tb_ckpz158 solid   \" style=\"border-width: 1px;border-color: rgba(0,0,0, 0.05);margin-top: 10px;margin-bottom: 10px;\" data-lazy=\"1\">\n        <\/div>\n<!-- \/module divider -->\n<!-- module icon -->\n<div  class=\"module module-icon tb_2140158  normal none icon_horizontal tf_textc\" data-lazy=\"1\">\n            <div class=\"module-icon\">\n\t\t    <div class=\"module-icon-item tf_inline_b\">\n\t\t\t\t    <a href=\"https:\/\/www.facebook.com\/mudr.pavel.krejzlik\">\n\t\t    \t\t    \t\t\t\t    \t\t\t<i class=\"ui tf_vmiddle tf_textc tf_box black\"><svg class=\"tf_fa tf-ti-facebook\"><use href=\"#tf-ti-facebook\"><\/use><\/svg><\/i>\n\t\t    \t\t    \t\t    \t\t    <\/a>\n\t\t\t    <\/div>\n\t\t    <div class=\"module-icon-item tf_inline_b\">\n\t\t\t\t    <a href=\"https:\/\/www.instagram.com\/mudr.pavel.krejzlik\/\">\n\t\t    \t\t    \t\t\t\t    \t\t\t<i class=\"ui tf_vmiddle tf_textc tf_box black\"><svg class=\"tf_fa tf-ti-instagram\"><use href=\"#tf-ti-instagram\"><\/use><\/svg><\/i>\n\t\t    \t\t    \t\t    \t\t    <\/a>\n\t\t\t    <\/div>\n\t\t    <div class=\"module-icon-item tf_inline_b\">\n\t\t\t\t    <a href=\"https:\/\/www.youtube.com\/channel\/UC8cfRPhtNPvL_Ze6j1bwrLA?&amp;ab_channel=OndraJana\">\n\t\t    \t\t    \t\t\t\t    \t\t\t<i class=\"ui tf_vmiddle tf_textc tf_box black\"><svg class=\"tf_fa tf-ti-youtube\"><use href=\"#tf-ti-youtube\"><\/use><\/svg><\/i>\n\t\t    \t\t    \t\t    \t\t    <\/a>\n\t\t\t    <\/div>\n\t    <\/div>\n<\/div>\n<!-- \/module icon -->\n\t        <\/div>\n\t    \t<\/div>\n\t\t    <\/div>\n\t    <!-- \/row_inner -->\n\t<\/div>\n\t<!-- \/module_row -->\n\t    <\/div>\n<\/div>\n<\/div>\n<!-- \/module template_part -->\n\t        <\/div>\n\t    \t<\/div>\n\t\t    <\/div>\n\t    <!-- \/row_inner -->\n\t<\/div>\n\t<!-- \/module_row -->\n\t<\/div>\n\n","protected":false},"excerpt":{"rendered":"<p>MUDr. Libor Pol\u00e1kOdborn\u00fd l\u00e9ka\u0159 Profesn\u00ed \u017eivotopis 1990\u00a0&#8211;\u00a0LF UP Olomouc &#8211;\u00a0promoce 1990-1994\u00a0&#8211;\u00a0Chirurgick\u00e9 odd\u011blen\u00ed nemocnice Fr\u00fddek-M\u00edstek 1994\u00a0&#8211;\u00a0Atestace z\u00a0chirurgie 1994-1996\u00a0&#8211;\u00a0Odd\u011blen\u00ed plastick\u00e9 chirurgie FN Ostrava-Poruba 1997\u00a0&#8211;\u00a0Klinika pop\u00e1lenin a\u00a0rekonstruk\u010dn\u00ed chirurgie FN Brno-Bohunice 1997-1999\u00a0&#8211;\u00a0Klinika plastick\u00e9 chirurgie FN Praha-Bulovka 1999\u00a0&#8211;\u00a0Atestace z\u00a0plastick\u00e9 chirurgie 2000-2002\u00a0&#8211;\u00a0Prim\u00e1\u0159 odd\u011blen\u00ed plastick\u00e9 chirurgie Nemocnice T\u0159inec 2000-dodnes\u00a0&#8211;\u00a0Soukrom\u00e1 praxe v\u00a0oboru estetick\u00e9 chirurgie, 2012\u00a0&#8211;\u00a0majitel a\u00a0vedouc\u00ed l\u00e9ka\u0159 kliniky estetick\u00e9 chirurgie Polmedicana v\u00a0Ostrav\u011b Absolvovan\u00e9 [&hellip;]<\/p>\n","protected":false},"author":1,"featured_media":0,"parent":72,"menu_order":0,"comment_status":"closed","ping_status":"closed","template":"","meta":[],"categories":[24],"tags":[],"builder_content":"<h2>MUDr. Libor Pol\u00e1k<br\/>Odborn\u00fd l\u00e9ka\u0159<\/h2>\n<h3>Profesn\u00ed \u017eivotopis<\/h3> <p>1990\u00a0-\u00a0LF UP Olomouc -\u00a0promoce<\/p> <p>1990-1994\u00a0-\u00a0Chirurgick\u00e9 odd\u011blen\u00ed nemocnice Fr\u00fddek-M\u00edstek<\/p> <p>1994\u00a0-\u00a0Atestace z\u00a0chirurgie<\/p> <p>1994-1996\u00a0-\u00a0Odd\u011blen\u00ed plastick\u00e9 chirurgie FN Ostrava-Poruba<\/p> <p>1997\u00a0-\u00a0Klinika pop\u00e1lenin a\u00a0rekonstruk\u010dn\u00ed chirurgie FN Brno-Bohunice<\/p> <p>1997-1999\u00a0-\u00a0Klinika plastick\u00e9 chirurgie FN Praha-Bulovka<\/p> <p>1999\u00a0-\u00a0Atestace z\u00a0plastick\u00e9 chirurgie<\/p> <p>2000-2002\u00a0-\u00a0Prim\u00e1\u0159 odd\u011blen\u00ed plastick\u00e9 chirurgie Nemocnice T\u0159inec<\/p> <p>2000-dodnes\u00a0-\u00a0Soukrom\u00e1 praxe v\u00a0oboru estetick\u00e9 chirurgie,<\/p> <p>2012\u00a0-\u00a0majitel a\u00a0vedouc\u00ed l\u00e9ka\u0159 kliniky estetick\u00e9 chirurgie Polmedicana v\u00a0Ostrav\u011b<\/p>\n<a href=\"http:\/\/facebook.com\" rel=\"noopener\" target=\"_blank\"> <i><svg><use href=\"#tf-ti-facebook\"><\/use><\/svg><\/i> <\/a> <a href=\"http:\/\/twitter.com\" rel=\"noopener\" target=\"_blank\"> <i><svg><use href=\"#tf-ti-twitter-alt\"><\/use><\/svg><\/i> <\/a> <a href=\"https:\/\/www.linkedin.com\" rel=\"noopener\" target=\"_blank\"> <i><svg><use href=\"#tf-ti-linkedin\"><\/use><\/svg><\/i> <\/a> <a href=\"mailto:pavel.krejzlik@eczk.cz\" data-zoom-config=\"50%|50%\"> <i><svg><use href=\"#tf-ti-email\"><\/use><\/svg><\/i> <\/a>\n<h3>Absolvovan\u00e9 st\u00e1\u017ee a\u00a0kongresy<\/h3> <p>1994-1999\u00a0-\u00a015 m\u011bs\u00edc\u016f st\u00e1\u017ee -\u00a0Klinika\u00a0plastick\u00e9\u00a0chirurgie FN Vinohrady a\u00a0FN Brno<\/p> <p>2007\u00a0-\u00a0St\u00e1\u017e -\u00a0klinika\u00a0prof. Fischera v\u00a0\u0158\u00edm\u011b -\u00a0operace nosu<\/p> <p>2010\u00a0-\u00a0St\u00e1\u017e - Lisborg Klinik v\u00a0Klagenfurtu -\u00a0face lifting, operace v\u00ed\u010dek<\/p> <p>2011\u00a0-\u00a0St\u00e1\u017e - Lisborg klinik v\u00a0Klagenfurtu -\u00a0p\u0159enos tuku<\/p> <p>2011\u00a0-\u00a0Kongres V\u00edde\u0148 - rhinoplastika,\u00a0prsa, p\u0159enos tuku<\/p> <p>2012\u00a0-\u00a0Kongres - Mnichov - rhinoplastika a\u00a0operace prsou<\/p> <p>2012\u00a0-\u00a0St\u00e1\u017e -\u00a0klinika\u00a0Villa Bella -\u00a0Salo -\u00a0prof. Botti - prsa<\/p> <p>2012\u00a0-\u00a0St\u00e1\u017e -\u00a0Lisborg Klinik v\u00a0Klagenfurtu -\u00a0p\u0159enos tuku a\u00a0operace prsou<\/p> <p>2015\u00a0- T\u00fddenn\u00ed \u0161kolen\u00ed a workshop v\u00a0Istanbulu - otev\u0159en\u00e1 rhinoplastika -\u00a0Nazim\u00a0Cerkes<\/p> <p>2016\u00a0- Dvoudenn\u00ed \u0161kolen\u00ed a workshop Stuttgard\u00a0- rhinoplastika - Wolfgang\u00a0Gubisch<\/p> <p>2017\u00a0- Dvoudenn\u00ed \u0161kolen\u00ed a workshop -\u00a0Bukure\u0161\u0165 - operace prsou a rhinoplastika\u00a0-\u00a0Constantin Stan<\/p>\n<h2 style=\"text-align: center;\"><strong>MUDr. Pavel Krejzl\u00edk<\/strong><\/h2> \n \n <i><svg><use href=\"#tf-ti-email\"><\/use><\/svg><\/i> \n <p style=\"text-align: center;\"><a href=\"mailto:info@lasercentra.cz\">&#105;&#110;&#102;&#111;&#64;&#108;&#97;&#115;&#101;&#114;&#99;&#101;&#110;&#116;&#114;&#97;&#46;&#99;&#122;<\/a><\/p> \n \n <i><svg><use href=\"#tf-ti-mobile\"><\/use><\/svg><\/i> \n <p style=\"text-align: center;\"><a href=\"tel:725800900\">+420 725 800 900<\/a><\/p> \n \n <i><svg><use href=\"#tf-ti-headphone-alt\"><\/use><\/svg><\/i> \n <p style=\"text-align: center;\">Provozn\u00ed doba 7:00 \u2013 15:30<\/p> \n \n <p style=\"text-align: center;\">\u010c\u00edslo bankovn\u00edho \u00fa\u010dtu: 107-3046290297\/0100<\/p> \n \n <a href=\"https:\/\/www.facebook.com\/mudr.pavel.krejzlik\"> <i><svg><use href=\"#tf-ti-facebook\"><\/use><\/svg><\/i> <\/a> <a href=\"https:\/\/www.instagram.com\/mudr.pavel.krejzlik\/\"> <i><svg><use href=\"#tf-ti-instagram\"><\/use><\/svg><\/i> <\/a> <a href=\"https:\/\/www.youtube.com\/channel\/UC8cfRPhtNPvL_Ze6j1bwrLA?&amp;ab_channel=OndraJana\"> <i><svg><use href=\"#tf-ti-youtube\"><\/use><\/svg><\/i> <\/a>","_links":{"self":[{"href":"https:\/\/www.eczk.cz\/index.php\/wp-json\/wp\/v2\/pages\/674"}],"collection":[{"href":"https:\/\/www.eczk.cz\/index.php\/wp-json\/wp\/v2\/pages"}],"about":[{"href":"https:\/\/www.eczk.cz\/index.php\/wp-json\/wp\/v2\/types\/page"}],"author":[{"embeddable":true,"href":"https:\/\/www.eczk.cz\/index.php\/wp-json\/wp\/v2\/users\/1"}],"replies":[{"embeddable":true,"href":"https:\/\/www.eczk.cz\/index.php\/wp-json\/wp\/v2\/comments?post=674"}],"version-history":[{"count":5,"href":"https:\/\/www.eczk.cz\/index.php\/wp-json\/wp\/v2\/pages\/674\/revisions"}],"predecessor-version":[{"id":1615,"href":"https:\/\/www.eczk.cz\/index.php\/wp-json\/wp\/v2\/pages\/674\/revisions\/1615"}],"up":[{"embeddable":true,"href":"https:\/\/www.eczk.cz\/index.php\/wp-json\/wp\/v2\/pages\/72"}],"wp:attachment":[{"href":"https:\/\/www.eczk.cz\/index.php\/wp-json\/wp\/v2\/media?parent=674"}],"wp:term":[{"taxonomy":"category","embeddable":true,"href":"https:\/\/www.eczk.cz\/index.php\/wp-json\/wp\/v2\/categories?post=674"},{"taxonomy":"post_tag","embeddable":true,"href":"https:\/\/www.eczk.cz\/index.php\/wp-json\/wp\/v2\/tags?post=674"}],"curies":[{"name":"wp","href":"https:\/\/api.w.org\/{rel}","templated":true}]}}