{"id":3932,"date":"2026-03-31T14:49:43","date_gmt":"2026-03-31T12:49:43","guid":{"rendered":"https:\/\/www.eczk.cz\/?page_id=3932"},"modified":"2026-03-31T14:52:00","modified_gmt":"2026-03-31T12:52:00","slug":"mddr-michaela-novakova","status":"publish","type":"page","link":"https:\/\/www.eczk.cz\/index.php\/lekari\/mddr-michaela-novakova\/","title":{"rendered":"MDDr. Michaela Nov\u00e1kov\u00e1"},"content":{"rendered":"<div id=\"themify_builder_content-3932\" data-postid=\"3932\" class=\"themify_builder_content themify_builder_content-3932 themify_builder tf_clear\">\n    \t<!-- module_row -->\n\t<div   data-css_id=\"tb_ir3v551\" data-lazy=\"1\" class=\"themify_builder_row module_row tb_ir3v551 tb_first clearfix\">\n\t    \t    <div class=\"row_inner col_align_top tf_box tf_w tf_rel\" >\n\t\t\t<div  data-lazy=\"1\" class=\"module_column tb-column col-full first tb_sva5552 repeat tf_box\" >\n\t    \t    \t        <div class=\"tb-column-inner tf_box tf_w\">\n\t\t    \t<div  data-lazy=\"1\" class=\"themify_builder_sub_row module_subrow repeat tb_7eda552 tf_w clearfix\" >\n\t    \t    <div class=\"subrow_inner gutter-none col_align_middle tf_box tf_w\"   data-mobile_dir=\"rtl\">\n\t\t\t<div  data-lazy=\"1\" class=\"sub_column module_column tf_box col2-1 first tb_hww1553 repeat\" > \n\t    \t    \t        <div class=\"tb-column-inner tf_box tf_w\">\n\t\t        <!-- module fancy heading -->\n<div  class=\"module module-fancy-heading tb_pbxs553 \" data-lazy=\"1\">\n        <h2 class=\"fancy-heading tf_textl\">\n    <span  class=\"main-head tf_block\">\n\tMDDr. Michaela Nov\u00e1kov\u00e1    <\/span>\n    <span class=\"sub-head tb_hide_divider  tf_block tf_rel\">\n\tOdborn\u00e1 l\u00e9ka\u0159ka    <\/span>\n\n    <\/h2>\n<\/div>\n<!-- \/module fancy heading -->\n<!-- module text -->\n<div  class=\"module module-text tb_m8nu553   \" data-lazy=\"1\">\n            <div  class=\"tb_text_wrap\">\n    <p class=\"s2\">Pan\u00ed doktorka poch\u00e1z\u00ed z\u00a0Kyjova, ale Brno ji p\u0159irostlo k\u00a0srdci b\u011bhem studia na L\u00e9ka\u0159sk\u00e9 fakult\u011b Masarykovy univerzity. U\u017e b\u011bhem studia doch\u00e1zela do soukrom\u00fdch zubn\u00edch prax\u00ed, p\u016fsobila jako \u0161kolitelka v\u00a0zubn\u00edm preventivn\u00edm programu Dental Prevention a p\u0159ed ukon\u010den\u00edm \u0161koly vycestovala na ro\u010dn\u00ed pobyt v\u00a0r\u00e1mci programu Erasmus do \u0158\u00edma, kde mimo studium na univerzit\u011b Tor Vergata pozn\u00e1vala italskou kulturu a jazyk.<\/p>\n<p class=\"s2\">Po ukon\u010den\u00ed studia nastoupila na \u010d\u00e1ste\u010dn\u00fd \u00favazek i do Fakultn\u00ed nemocnice u sv. Anny na Konzerva\u010dn\u00ed odd\u011blen\u00ed. S fakultn\u00edm prost\u0159ed\u00edm tak\u00e9 neztratila\u00a0kontakt, jeliko\u017e p\u016fsob\u00ed jako vyu\u010duj\u00edc\u00ed student\u016f zubn\u00edho l\u00e9ka\u0159stv\u00ed. Tato v\u00fduka ji velmi napl\u0148uje a r\u00e1da p\u0159ed\u00e1v\u00e1 poznatky a informace budouc\u00ed generaci zubn\u00edch l\u00e9ka\u0159\u016f. Sama se tak\u00e9 vzd\u011bl\u00e1v\u00e1 prost\u0159ednictv\u00edm odborn\u00fdch kurz\u016f a \u010dl\u00e1nk\u016f, \u00fa\u010dastn\u00ed se kongres\u016f a st\u00e1\u017e\u00ed.<\/p>\n<p class=\"s2\">V\u00a0praxi se zam\u011b\u0159uje p\u0159ev\u00e1\u017en\u011b na mikroskopickou stomatologii a protetiku.<\/p>    <\/div>\n<\/div>\n<!-- \/module text --><!-- module icon -->\n<div  class=\"module module-icon tb_s94h553  small circle icon_horizontal tf_textl\" data-lazy=\"1\">\n            <div class=\"module-icon\">\n\t\t    <div class=\"module-icon-item tf_inline_b\">\n\t\t\t\t    <a href=\"http:\/\/facebook.com\" rel=\"noopener\" target=\"_blank\">\n\t\t    \t\t    \t\t\t\t    \t\t\t<i class=\"ui tf_vmiddle tf_textc tf_box light-blue\"><svg class=\"tf_fa tf-ti-facebook\"><use href=\"#tf-ti-facebook\"><\/use><\/svg><\/i>\n\t\t    \t\t    \t\t    \t\t    <\/a>\n\t\t\t    <\/div>\n\t\t    <div class=\"module-icon-item tf_inline_b\">\n\t\t\t\t    <a href=\"http:\/\/twitter.com\" rel=\"noopener\" target=\"_blank\">\n\t\t    \t\t    \t\t\t\t    \t\t\t<i class=\"ui tf_vmiddle tf_textc tf_box light-blue\"><svg class=\"tf_fa tf-ti-twitter-alt\"><use href=\"#tf-ti-twitter-alt\"><\/use><\/svg><\/i>\n\t\t    \t\t    \t\t    \t\t    <\/a>\n\t\t\t    <\/div>\n\t\t    <div class=\"module-icon-item tf_inline_b\">\n\t\t\t\t    <a href=\"https:\/\/www.linkedin.com\" rel=\"noopener\" target=\"_blank\">\n\t\t    \t\t    \t\t\t\t    \t\t\t<i class=\"ui tf_vmiddle tf_textc tf_box light-blue\"><svg class=\"tf_fa tf-ti-linkedin\"><use href=\"#tf-ti-linkedin\"><\/use><\/svg><\/i>\n\t\t    \t\t    \t\t    \t\t    <\/a>\n\t\t\t    <\/div>\n\t\t    <div class=\"module-icon-item tf_inline_b\">\n\t\t\t\t    <a href=\"mailto:pavel.krejzlik@eczk.cz\" data-zoom-config=\"50%|50%\" class=\"lightbox-builder themify_lightbox\">\n\t\t    \t\t    \t\t\t\t    \t\t\t<i class=\"ui tf_vmiddle tf_textc tf_box light-blue\"><svg class=\"tf_fa tf-ti-email\"><use href=\"#tf-ti-email\"><\/use><\/svg><\/i>\n\t\t    \t\t    \t\t    \t\t    <\/a>\n\t\t\t    <\/div>\n\t    <\/div>\n<\/div>\n<!-- \/module icon -->\n\t        <\/div>\n\t    \t<\/div>\n\t\t<div  data-lazy=\"1\" class=\"sub_column module_column tf_box col2-1 last tb_96v3553 best-fit-image\" > \n\t    \t    \t<\/div>\n\t\t    <\/div>\n\t<\/div><!-- \/themify_builder_sub_row -->\n\t\t<div  data-lazy=\"1\" class=\"themify_builder_sub_row module_subrow repeat tb_ofyz33 tf_w clearfix\" >\n\t    \t    <div class=\"subrow_inner gutter-none col_align_middle tf_box tf_w\"   data-mobile_dir=\"rtl\">\n\t\t\t<div  data-lazy=\"1\" class=\"sub_column module_column tf_box col-full first tb_2z4b34 repeat\" > \n\t    \t    \t        <div class=\"tb-column-inner tf_box tf_w\">\n\t\t    <!-- module text -->\n<div  class=\"module module-text tb_hux134   \" data-lazy=\"1\">\n            <div  class=\"tb_text_wrap\">\n        <\/div>\n<\/div>\n<!-- \/module text -->\t        <\/div>\n\t    \t<\/div>\n\t\t    <\/div>\n\t<\/div><!-- \/themify_builder_sub_row -->\n\t\t        <\/div>\n\t    \t<\/div>\n\t\t    <\/div>\n\t    <!-- \/row_inner -->\n\t<\/div>\n\t<!-- \/module_row -->\n\t\t<!-- module_row -->\n\t<div   data-css_id=\"tb_5joj668\" data-lazy=\"1\" class=\"themify_builder_row module_row tb_5joj668 clearfix hide-mobile\">\n\t    \t    <div class=\"row_inner col_align_top tf_box tf_w tf_rel\" >\n\t\t\t<div  data-lazy=\"1\" class=\"module_column tb-column col-full first tb_gofc668 tf_box\">\n\t    \t    \t        <div class=\"tb-column-inner tf_box tf_w\">\n\t\t    <!-- module template_part -->\n<div  class=\"module module-layout-part tb_mksc4 \">\n    <div class=\"tb_layout_part_wrap tf_w\">\n    <div class=\"themify_builder_content themify_builder_content-278 themify_builder not_editable_builder in_the_loop\" data-postid=\"278\">\n        \t<!-- module_row -->\n\t<div   data-css_id=\"tb_qytw158\" data-lazy=\"1\" class=\"themify_builder_row module_row repeat fullwidth tb_qytw158 clearfix\">\n\t    \t    <div class=\"row_inner col_align_middle gutter-none tf_box tf_w tf_rel\"   data-basecol=\"1\" data-col_tablet=\"tablet-full\" data-col_mobile=\"column-full\">\n\t\t\t<div  data-lazy=\"1\" class=\"module_column tb-column col-full first tb_q9as158 repeat tf_box\" >\n\t    \t    \t        <div class=\"tb-column-inner tf_box tf_w\">\n\t\t    <!-- module text -->\n<div  class=\"module module-text tb_8147158  repeat \" data-lazy=\"1\">\n            <div  class=\"tb_text_wrap\">\n    <h2 style=\"text-align: center;\"><strong>MUDr. Pavel Krejzl\u00edk<\/strong><\/h2>    <\/div>\n<\/div>\n<!-- \/module text -->\t<div  data-lazy=\"1\" class=\"themify_builder_sub_row module_subrow tb_t11r158 tf_w clearfix\">\n\t    \t    <div class=\"subrow_inner gutter-none col_auto_height col_align_middle tf_box tf_w\" >\n\t\t\t<div  data-lazy=\"1\" class=\"sub_column module_column tf_box col3-1 first tb_tuq6158\"> \n\t    \t    \t        <div class=\"tb-column-inner tf_box tf_w\">\n\t\t    <!-- module icon -->\n<div  class=\"module module-icon tb_5cc6158  normal circle icon_horizontal tf_textc\" data-lazy=\"1\">\n            <div class=\"module-icon\">\n\t\t    <div class=\"module-icon-item tf_inline_b\">\n\t\t\t\t    \t\t\t\t    \t\t\t<i class=\"ui tf_vmiddle tf_textc tf_box transparent\"><svg class=\"tf_fa tf-ti-email\"><use href=\"#tf-ti-email\"><\/use><\/svg><\/i>\n\t\t    \t\t    \t\t    \t    <\/div>\n\t    <\/div>\n<\/div>\n<!-- \/module icon -->\n<!-- module text -->\n<div  class=\"module module-text tb_xpej158   \" data-lazy=\"1\">\n            <div  class=\"tb_text_wrap\">\n    <p style=\"text-align: center;\"><a href=\"mailto:info@lasercentra.cz\">&#105;&#110;&#102;&#111;&#64;&#108;&#97;&#115;&#101;&#114;&#99;&#101;&#110;&#116;&#114;&#97;&#46;&#99;&#122;<\/a><\/p>\n    <\/div>\n<\/div>\n<!-- \/module text -->\t        <\/div>\n\t    \t<\/div>\n\t\t<div  data-lazy=\"1\" class=\"sub_column module_column tf_box col3-1 middle tb_7l6h158\"> \n\t    \t    \t        <div class=\"tb-column-inner tf_box tf_w\">\n\t\t    <!-- module icon -->\n<div  class=\"module module-icon tb_lh98158  normal circle icon_horizontal tf_textc\" data-lazy=\"1\">\n            <div class=\"module-icon\">\n\t\t    <div class=\"module-icon-item tf_inline_b\">\n\t\t\t\t    \t\t\t\t    \t\t\t<i class=\"ui tf_vmiddle tf_textc tf_box transparent\"><svg class=\"tf_fa tf-ti-mobile\"><use href=\"#tf-ti-mobile\"><\/use><\/svg><\/i>\n\t\t    \t\t    \t\t    \t    <\/div>\n\t    <\/div>\n<\/div>\n<!-- \/module icon -->\n<!-- module text -->\n<div  class=\"module module-text tb_ftur158   \" data-lazy=\"1\">\n            <div  class=\"tb_text_wrap\">\n    <p style=\"text-align: center;\"><a href=\"tel:725800900\">+420 725 800 900<\/a><\/p>    <\/div>\n<\/div>\n<!-- \/module text -->\t        <\/div>\n\t    \t<\/div>\n\t\t<div  data-lazy=\"1\" class=\"sub_column module_column tf_box col3-1 last tb_6fkn158\"> \n\t    \t    \t        <div class=\"tb-column-inner tf_box tf_w\">\n\t\t    <!-- module icon -->\n<div  class=\"module module-icon tb_ynya158  normal circle icon_horizontal tf_textc\" data-lazy=\"1\">\n            <div class=\"module-icon\">\n\t\t    <div class=\"module-icon-item tf_inline_b\">\n\t\t\t\t    \t\t\t\t    \t\t\t<i class=\"ui tf_vmiddle tf_textc tf_box transparent\"><svg class=\"tf_fa tf-ti-headphone-alt\"><use href=\"#tf-ti-headphone-alt\"><\/use><\/svg><\/i>\n\t\t    \t\t    \t\t    \t    <\/div>\n\t    <\/div>\n<\/div>\n<!-- \/module icon -->\n<!-- module text -->\n<div  class=\"module module-text tb_nmx8158   \" data-lazy=\"1\">\n            <div  class=\"tb_text_wrap\">\n    <p style=\"text-align: center;\">Provozn\u00ed doba 7:00 \u2013 15:30<\/p>    <\/div>\n<\/div>\n<!-- \/module text -->\t        <\/div>\n\t    \t<\/div>\n\t\t    <\/div>\n\t<\/div><!-- \/themify_builder_sub_row -->\n\t<!-- module text -->\n<div  class=\"module module-text tb_uz43763  repeat \" data-lazy=\"1\">\n            <div  class=\"tb_text_wrap\">\n    <p style=\"text-align: center;\">\u010c\u00edslo bankovn\u00edho \u00fa\u010dtu: 107-3046290297\/0100<\/p>    <\/div>\n<\/div>\n<!-- \/module text --><!-- module divider -->\n<div  class=\"module tf_mw module-divider tb_ckpz158 solid   \" style=\"border-width: 1px;border-color: rgba(0,0,0, 0.05);margin-top: 10px;margin-bottom: 10px;\" data-lazy=\"1\">\n        <\/div>\n<!-- \/module divider -->\n<!-- module icon -->\n<div  class=\"module module-icon tb_2140158  normal none icon_horizontal tf_textc\" data-lazy=\"1\">\n            <div class=\"module-icon\">\n\t\t    <div class=\"module-icon-item tf_inline_b\">\n\t\t\t\t    <a href=\"https:\/\/www.facebook.com\/mudr.pavel.krejzlik\">\n\t\t    \t\t    \t\t\t\t    \t\t\t<i class=\"ui tf_vmiddle tf_textc tf_box black\"><svg class=\"tf_fa tf-ti-facebook\"><use href=\"#tf-ti-facebook\"><\/use><\/svg><\/i>\n\t\t    \t\t    \t\t    \t\t    <\/a>\n\t\t\t    <\/div>\n\t\t    <div class=\"module-icon-item tf_inline_b\">\n\t\t\t\t    <a href=\"https:\/\/www.instagram.com\/mudr.pavel.krejzlik\/\">\n\t\t    \t\t    \t\t\t\t    \t\t\t<i class=\"ui tf_vmiddle tf_textc tf_box black\"><svg class=\"tf_fa tf-ti-instagram\"><use href=\"#tf-ti-instagram\"><\/use><\/svg><\/i>\n\t\t    \t\t    \t\t    \t\t    <\/a>\n\t\t\t    <\/div>\n\t\t    <div class=\"module-icon-item tf_inline_b\">\n\t\t\t\t    <a href=\"https:\/\/www.youtube.com\/channel\/UC8cfRPhtNPvL_Ze6j1bwrLA?&amp;ab_channel=OndraJana\">\n\t\t    \t\t    \t\t\t\t    \t\t\t<i class=\"ui tf_vmiddle tf_textc tf_box black\"><svg class=\"tf_fa tf-ti-youtube\"><use href=\"#tf-ti-youtube\"><\/use><\/svg><\/i>\n\t\t    \t\t    \t\t    \t\t    <\/a>\n\t\t\t    <\/div>\n\t    <\/div>\n<\/div>\n<!-- \/module icon -->\n\t        <\/div>\n\t    \t<\/div>\n\t\t    <\/div>\n\t    <!-- \/row_inner -->\n\t<\/div>\n\t<!-- \/module_row -->\n\t    <\/div>\n<\/div>\n<\/div>\n<!-- \/module template_part -->\n\t        <\/div>\n\t    \t<\/div>\n\t\t    <\/div>\n\t    <!-- \/row_inner -->\n\t<\/div>\n\t<!-- \/module_row -->\n\t<\/div>\n\n","protected":false},"excerpt":{"rendered":"<p>MDDr. Michaela Nov\u00e1kov\u00e1Odborn\u00e1 l\u00e9ka\u0159ka Pan\u00ed doktorka poch\u00e1z\u00ed z\u00a0Kyjova, ale Brno ji p\u0159irostlo k\u00a0srdci b\u011bhem studia na L\u00e9ka\u0159sk\u00e9 fakult\u011b Masarykovy univerzity. U\u017e b\u011bhem studia doch\u00e1zela do soukrom\u00fdch zubn\u00edch prax\u00ed, p\u016fsobila jako \u0161kolitelka v\u00a0zubn\u00edm preventivn\u00edm programu Dental Prevention a p\u0159ed ukon\u010den\u00edm \u0161koly vycestovala na ro\u010dn\u00ed pobyt v\u00a0r\u00e1mci programu Erasmus do \u0158\u00edma, kde mimo studium na univerzit\u011b Tor [&hellip;]<\/p>\n","protected":false},"author":3,"featured_media":0,"parent":72,"menu_order":0,"comment_status":"closed","ping_status":"closed","template":"","meta":[],"categories":[24],"tags":[],"builder_content":"<h2>MDDr. Michaela Nov\u00e1kov\u00e1<br\/>Odborn\u00e1 l\u00e9ka\u0159ka<\/h2>\n<p>Pan\u00ed doktorka poch\u00e1z\u00ed z\u00a0Kyjova, ale Brno ji p\u0159irostlo k\u00a0srdci b\u011bhem studia na L\u00e9ka\u0159sk\u00e9 fakult\u011b Masarykovy univerzity. U\u017e b\u011bhem studia doch\u00e1zela do soukrom\u00fdch zubn\u00edch prax\u00ed, p\u016fsobila jako \u0161kolitelka v\u00a0zubn\u00edm preventivn\u00edm programu Dental Prevention a p\u0159ed ukon\u010den\u00edm \u0161koly vycestovala na ro\u010dn\u00ed pobyt v\u00a0r\u00e1mci programu Erasmus do \u0158\u00edma, kde mimo studium na univerzit\u011b Tor Vergata pozn\u00e1vala italskou kulturu a jazyk.<\/p> <p>Po ukon\u010den\u00ed studia nastoupila na \u010d\u00e1ste\u010dn\u00fd \u00favazek i do Fakultn\u00ed nemocnice u sv. Anny na Konzerva\u010dn\u00ed odd\u011blen\u00ed. S fakultn\u00edm prost\u0159ed\u00edm tak\u00e9 neztratila\u00a0kontakt, jeliko\u017e p\u016fsob\u00ed jako vyu\u010duj\u00edc\u00ed student\u016f zubn\u00edho l\u00e9ka\u0159stv\u00ed. Tato v\u00fduka ji velmi napl\u0148uje a r\u00e1da p\u0159ed\u00e1v\u00e1 poznatky a informace budouc\u00ed generaci zubn\u00edch l\u00e9ka\u0159\u016f. Sama se tak\u00e9 vzd\u011bl\u00e1v\u00e1 prost\u0159ednictv\u00edm odborn\u00fdch kurz\u016f a \u010dl\u00e1nk\u016f, \u00fa\u010dastn\u00ed se kongres\u016f a st\u00e1\u017e\u00ed.<\/p> <p>V\u00a0praxi se zam\u011b\u0159uje p\u0159ev\u00e1\u017en\u011b na mikroskopickou stomatologii a protetiku.<\/p>\n<a href=\"http:\/\/facebook.com\" rel=\"noopener\" target=\"_blank\"> <i><svg><use href=\"#tf-ti-facebook\"><\/use><\/svg><\/i> <\/a> <a href=\"http:\/\/twitter.com\" rel=\"noopener\" target=\"_blank\"> <i><svg><use href=\"#tf-ti-twitter-alt\"><\/use><\/svg><\/i> <\/a> <a href=\"https:\/\/www.linkedin.com\" rel=\"noopener\" target=\"_blank\"> <i><svg><use href=\"#tf-ti-linkedin\"><\/use><\/svg><\/i> <\/a> <a href=\"mailto:pavel.krejzlik@eczk.cz\" data-zoom-config=\"50%|50%\"> <i><svg><use href=\"#tf-ti-email\"><\/use><\/svg><\/i> <\/a>\n\n<h2 style=\"text-align: center;\"><strong>MUDr. Pavel Krejzl\u00edk<\/strong><\/h2> \n \n <i><svg><use href=\"#tf-ti-email\"><\/use><\/svg><\/i> \n <p style=\"text-align: center;\"><a href=\"mailto:info@lasercentra.cz\">&#105;&#110;&#102;&#111;&#64;&#108;&#97;&#115;&#101;&#114;&#99;&#101;&#110;&#116;&#114;&#97;&#46;&#99;&#122;<\/a><\/p> \n \n <i><svg><use href=\"#tf-ti-mobile\"><\/use><\/svg><\/i> \n <p style=\"text-align: center;\"><a href=\"tel:725800900\">+420 725 800 900<\/a><\/p> \n \n <i><svg><use href=\"#tf-ti-headphone-alt\"><\/use><\/svg><\/i> \n <p style=\"text-align: center;\">Provozn\u00ed doba 7:00 \u2013 15:30<\/p> \n \n <p style=\"text-align: center;\">\u010c\u00edslo bankovn\u00edho \u00fa\u010dtu: 107-3046290297\/0100<\/p> \n \n <a href=\"https:\/\/www.facebook.com\/mudr.pavel.krejzlik\"> <i><svg><use href=\"#tf-ti-facebook\"><\/use><\/svg><\/i> <\/a> <a href=\"https:\/\/www.instagram.com\/mudr.pavel.krejzlik\/\"> <i><svg><use href=\"#tf-ti-instagram\"><\/use><\/svg><\/i> <\/a> <a href=\"https:\/\/www.youtube.com\/channel\/UC8cfRPhtNPvL_Ze6j1bwrLA?&amp;ab_channel=OndraJana\"> <i><svg><use href=\"#tf-ti-youtube\"><\/use><\/svg><\/i> <\/a>","_links":{"self":[{"href":"https:\/\/www.eczk.cz\/index.php\/wp-json\/wp\/v2\/pages\/3932"}],"collection":[{"href":"https:\/\/www.eczk.cz\/index.php\/wp-json\/wp\/v2\/pages"}],"about":[{"href":"https:\/\/www.eczk.cz\/index.php\/wp-json\/wp\/v2\/types\/page"}],"author":[{"embeddable":true,"href":"https:\/\/www.eczk.cz\/index.php\/wp-json\/wp\/v2\/users\/3"}],"replies":[{"embeddable":true,"href":"https:\/\/www.eczk.cz\/index.php\/wp-json\/wp\/v2\/comments?post=3932"}],"version-history":[{"count":3,"href":"https:\/\/www.eczk.cz\/index.php\/wp-json\/wp\/v2\/pages\/3932\/revisions"}],"predecessor-version":[{"id":3935,"href":"https:\/\/www.eczk.cz\/index.php\/wp-json\/wp\/v2\/pages\/3932\/revisions\/3935"}],"up":[{"embeddable":true,"href":"https:\/\/www.eczk.cz\/index.php\/wp-json\/wp\/v2\/pages\/72"}],"wp:attachment":[{"href":"https:\/\/www.eczk.cz\/index.php\/wp-json\/wp\/v2\/media?parent=3932"}],"wp:term":[{"taxonomy":"category","embeddable":true,"href":"https:\/\/www.eczk.cz\/index.php\/wp-json\/wp\/v2\/categories?post=3932"},{"taxonomy":"post_tag","embeddable":true,"href":"https:\/\/www.eczk.cz\/index.php\/wp-json\/wp\/v2\/tags?post=3932"}],"curies":[{"name":"wp","href":"https:\/\/api.w.org\/{rel}","templated":true}]}}