{"id":3795,"date":"2025-11-03T17:31:11","date_gmt":"2025-11-03T15:31:11","guid":{"rendered":"https:\/\/www.eczk.cz\/?page_id=3795"},"modified":"2025-11-03T17:31:17","modified_gmt":"2025-11-03T15:31:17","slug":"nikola-uhlirova","status":"publish","type":"page","link":"https:\/\/www.eczk.cz\/index.php\/nikola-uhlirova\/","title":{"rendered":"Nikola Uhl\u00ed\u0159ov\u00e1"},"content":{"rendered":"<div id=\"themify_builder_content-3795\" data-postid=\"3795\" class=\"themify_builder_content themify_builder_content-3795 themify_builder tf_clear\">\n    \t<!-- module_row -->\n\t<div   data-css_id=\"tb_5wl3123\" data-lazy=\"1\" class=\"themify_builder_row module_row fullwidth tb_5wl3123 tb_first clearfix\">\n\t    \t    <div class=\"row_inner col_align_top tf_box tf_w tf_rel\" >\n\t\t\t<div  data-lazy=\"1\" class=\"module_column tb-column col-full first tb_9uoo123 tf_box\">\n\t    \t    \t        <div class=\"tb-column-inner tf_box tf_w\">\n\t\t    <!-- module text -->\n<div  class=\"module module-text tb_am9n587   \" data-lazy=\"1\">\n            <div  class=\"tb_text_wrap\">\n    <h3 style=\"text-align: center;\"><a href=\"https:\/\/www.instagram.com\/nikola_uhlirova\/\">Nikola Uhl\u00ed\u0159ov\u00e1<\/a><\/h3>    <\/div>\n<\/div>\n<!-- \/module text --><!-- module gallery -->\n<div  class=\"module gallery module-gallery tb_4pbd643 layout-grid  \" data-lazy=\"1\">\n            <div class=\"module-gallery-grid gallery-columns-3 tf_clear\">\n\t\t\t<dl class=\"gallery-item\">\n\t\t\t<dt class=\"gallery-icon\">\n\t\t\t<a data-title=\"\" title=\"\" href=\"https:\/\/www.eczk.cz\/wp-content\/uploads\/2025\/11\/WhatsApp-Image-2025-11-02-at-19.00.01.jpeg\" data-rel=\"tb_4pbd643\" class=\"themify_lightbox\"><img loading=\"lazy\" src=\"https:\/\/www.eczk.cz\/wp-content\/uploads\/2025\/11\/WhatsApp-Image-2025-11-02-at-19.00.01-768x1024-300x200.jpeg\" width=\"300\" height=\"200\" class=\"wp-post-image wp-image-3798\" title=\"WhatsApp Image 2025-11-02 at 19.00.01\" alt=\"WhatsApp Image 2025-11-02 at 19.00.01\"><\/a>\t\t\t<\/dt>\n\t\t\t<dd>\n\t\t\t\t\t\t\t\t\t\t\t<\/dd>\n\t\t<\/dl>\n\t\t\t<dl class=\"gallery-item\">\n\t\t\t<dt class=\"gallery-icon\">\n\t\t\t<a data-title=\"\" title=\"\" href=\"https:\/\/www.eczk.cz\/wp-content\/uploads\/2025\/11\/WhatsApp-Image-2025-11-02-at-19.00.02.jpeg\" data-rel=\"tb_4pbd643\" class=\"themify_lightbox\"><img loading=\"lazy\" src=\"https:\/\/www.eczk.cz\/wp-content\/uploads\/2025\/11\/WhatsApp-Image-2025-11-02-at-19.00.02-768x1024-300x200.jpeg\" width=\"300\" height=\"200\" class=\"wp-post-image wp-image-3799\" title=\"WhatsApp Image 2025-11-02 at 19.00.02\" alt=\"WhatsApp Image 2025-11-02 at 19.00.02\"><\/a>\t\t\t<\/dt>\n\t\t\t<dd>\n\t\t\t\t\t\t\t\t\t\t\t<\/dd>\n\t\t<\/dl>\n\t\t\t<dl class=\"gallery-item\">\n\t\t\t<dt class=\"gallery-icon\">\n\t\t\t<a data-title=\"\" title=\"\" href=\"https:\/\/www.eczk.cz\/wp-content\/uploads\/2025\/11\/WhatsApp-Image-2025-11-02-at-19.00.02-1.jpeg\" data-rel=\"tb_4pbd643\" class=\"themify_lightbox\"><img loading=\"lazy\" src=\"https:\/\/www.eczk.cz\/wp-content\/uploads\/2025\/11\/WhatsApp-Image-2025-11-02-at-19.00.02-1-768x1024-300x200.jpeg\" width=\"300\" height=\"200\" class=\"wp-post-image wp-image-3800\" title=\"WhatsApp Image 2025-11-02 at 19.00.02 (1)\" alt=\"WhatsApp Image 2025-11-02 at 19.00.02 (1)\"><\/a>\t\t\t<\/dt>\n\t\t\t<dd>\n\t\t\t\t\t\t\t\t\t\t\t<\/dd>\n\t\t<\/dl>\n\t\t\t<dl class=\"gallery-item\">\n\t\t\t<dt class=\"gallery-icon\">\n\t\t\t<a data-title=\"\" title=\"\" href=\"https:\/\/www.eczk.cz\/wp-content\/uploads\/2025\/11\/WhatsApp-Image-2025-11-02-at-19.00.02-2.jpeg\" data-rel=\"tb_4pbd643\" class=\"themify_lightbox\"><img loading=\"lazy\" src=\"https:\/\/www.eczk.cz\/wp-content\/uploads\/2025\/11\/WhatsApp-Image-2025-11-02-at-19.00.02-2-768x1024-300x200.jpeg\" width=\"300\" height=\"200\" class=\"wp-post-image wp-image-3801\" title=\"WhatsApp Image 2025-11-02 at 19.00.02 (2)\" alt=\"WhatsApp Image 2025-11-02 at 19.00.02 (2)\"><\/a>\t\t\t<\/dt>\n\t\t\t<dd>\n\t\t\t\t\t\t\t\t\t\t\t<\/dd>\n\t\t<\/dl>\n\t\t\t<dl class=\"gallery-item\">\n\t\t\t<dt class=\"gallery-icon\">\n\t\t\t<a data-title=\"\" title=\"\" href=\"https:\/\/www.eczk.cz\/wp-content\/uploads\/2025\/11\/WhatsApp-Image-2025-11-02-at-19.00.02-3.jpeg\" data-rel=\"tb_4pbd643\" class=\"themify_lightbox\"><img loading=\"lazy\" src=\"https:\/\/www.eczk.cz\/wp-content\/uploads\/2025\/11\/WhatsApp-Image-2025-11-02-at-19.00.02-3-713x1024-300x200.jpeg\" width=\"300\" height=\"200\" class=\"wp-post-image wp-image-3802\" title=\"WhatsApp Image 2025-11-02 at 19.00.02 (3)\" alt=\"WhatsApp Image 2025-11-02 at 19.00.02 (3)\"><\/a>\t\t\t<\/dt>\n\t\t\t<dd>\n\t\t\t\t\t\t\t\t\t\t\t<\/dd>\n\t\t<\/dl>\n\t\t\t<dl class=\"gallery-item\">\n\t\t\t<dt class=\"gallery-icon\">\n\t\t\t<a data-title=\"\" title=\"\" href=\"https:\/\/www.eczk.cz\/wp-content\/uploads\/2025\/11\/WhatsApp-Image-2025-11-02-at-19.00.02-4.jpeg\" data-rel=\"tb_4pbd643\" class=\"themify_lightbox\"><img loading=\"lazy\" src=\"https:\/\/www.eczk.cz\/wp-content\/uploads\/2025\/11\/WhatsApp-Image-2025-11-02-at-19.00.02-4-768x1024-300x200.jpeg\" width=\"300\" height=\"200\" class=\"wp-post-image wp-image-3803\" title=\"WhatsApp Image 2025-11-02 at 19.00.02 (4)\" alt=\"WhatsApp Image 2025-11-02 at 19.00.02 (4)\"><\/a>\t\t\t<\/dt>\n\t\t\t<dd>\n\t\t\t\t\t\t\t\t\t\t\t<\/dd>\n\t\t<\/dl>\n\t\t\t<dl class=\"gallery-item\">\n\t\t\t<dt class=\"gallery-icon\">\n\t\t\t<a data-title=\"\" title=\"\" href=\"https:\/\/www.eczk.cz\/wp-content\/uploads\/2025\/11\/WhatsApp-Image-2025-11-02-at-19.00.02-5.jpeg\" data-rel=\"tb_4pbd643\" class=\"themify_lightbox\"><img loading=\"lazy\" src=\"https:\/\/www.eczk.cz\/wp-content\/uploads\/2025\/11\/WhatsApp-Image-2025-11-02-at-19.00.02-5-768x1024-300x200.jpeg\" width=\"300\" height=\"200\" class=\"wp-post-image wp-image-3804\" title=\"WhatsApp Image 2025-11-02 at 19.00.02 (5)\" alt=\"WhatsApp Image 2025-11-02 at 19.00.02 (5)\"><\/a>\t\t\t<\/dt>\n\t\t\t<dd>\n\t\t\t\t\t\t\t\t\t\t\t<\/dd>\n\t\t<\/dl>\n\t\t\t<dl class=\"gallery-item\">\n\t\t\t<dt class=\"gallery-icon\">\n\t\t\t<a data-title=\"\" title=\"\" href=\"https:\/\/www.eczk.cz\/wp-content\/uploads\/2025\/11\/WhatsApp-Image-2025-11-02-at-19.00.02-6.jpeg\" data-rel=\"tb_4pbd643\" class=\"themify_lightbox\"><img loading=\"lazy\" src=\"https:\/\/www.eczk.cz\/wp-content\/uploads\/2025\/11\/WhatsApp-Image-2025-11-02-at-19.00.02-6-768x1024-300x200.jpeg\" width=\"300\" height=\"200\" class=\"wp-post-image wp-image-3805\" title=\"WhatsApp Image 2025-11-02 at 19.00.02 (6)\" alt=\"WhatsApp Image 2025-11-02 at 19.00.02 (6)\"><\/a>\t\t\t<\/dt>\n\t\t\t<dd>\n\t\t\t\t\t\t\t\t\t\t\t<\/dd>\n\t\t<\/dl>\n\t\t\t<dl class=\"gallery-item\">\n\t\t\t<dt class=\"gallery-icon\">\n\t\t\t<a data-title=\"\" title=\"\" href=\"https:\/\/www.eczk.cz\/wp-content\/uploads\/2025\/11\/WhatsApp-Image-2025-11-02-at-19.00.02-7.jpeg\" data-rel=\"tb_4pbd643\" class=\"themify_lightbox\"><img loading=\"lazy\" src=\"https:\/\/www.eczk.cz\/wp-content\/uploads\/2025\/11\/WhatsApp-Image-2025-11-02-at-19.00.02-7-768x1024-300x200.jpeg\" width=\"300\" height=\"200\" class=\"wp-post-image wp-image-3806\" title=\"WhatsApp Image 2025-11-02 at 19.00.02 (7)\" alt=\"WhatsApp Image 2025-11-02 at 19.00.02 (7)\"><\/a>\t\t\t<\/dt>\n\t\t\t<dd>\n\t\t\t\t\t\t\t\t\t\t\t<\/dd>\n\t\t<\/dl>\n\t\t\t<dl class=\"gallery-item\">\n\t\t\t<dt class=\"gallery-icon\">\n\t\t\t<a data-title=\"\" title=\"\" href=\"https:\/\/www.eczk.cz\/wp-content\/uploads\/2025\/11\/WhatsApp-Image-2025-11-02-at-19.00.02-8.jpeg\" data-rel=\"tb_4pbd643\" class=\"themify_lightbox\"><img loading=\"lazy\" src=\"https:\/\/www.eczk.cz\/wp-content\/uploads\/2025\/11\/WhatsApp-Image-2025-11-02-at-19.00.02-8-861x1024-300x200.jpeg\" width=\"300\" height=\"200\" class=\"wp-post-image wp-image-3807\" title=\"WhatsApp Image 2025-11-02 at 19.00.02 (8)\" alt=\"WhatsApp Image 2025-11-02 at 19.00.02 (8)\"><\/a>\t\t\t<\/dt>\n\t\t\t<dd>\n\t\t\t\t\t\t\t\t\t\t\t<\/dd>\n\t\t<\/dl>\n\t\t\t<dl class=\"gallery-item\">\n\t\t\t<dt class=\"gallery-icon\">\n\t\t\t<a data-title=\"\" title=\"\" href=\"https:\/\/www.eczk.cz\/wp-content\/uploads\/2025\/11\/WhatsApp-Image-2025-11-02-at-19.00.02-9.jpeg\" data-rel=\"tb_4pbd643\" class=\"themify_lightbox\"><img loading=\"lazy\" src=\"https:\/\/www.eczk.cz\/wp-content\/uploads\/2025\/11\/WhatsApp-Image-2025-11-02-at-19.00.02-9-768x1024-300x200.jpeg\" width=\"300\" height=\"200\" class=\"wp-post-image wp-image-3808\" title=\"WhatsApp Image 2025-11-02 at 19.00.02 (9)\" alt=\"WhatsApp Image 2025-11-02 at 19.00.02 (9)\"><\/a>\t\t\t<\/dt>\n\t\t\t<dd>\n\t\t\t\t\t\t\t\t\t\t\t<\/dd>\n\t\t<\/dl>\n\t\t\t<dl class=\"gallery-item\">\n\t\t\t<dt class=\"gallery-icon\">\n\t\t\t<a data-title=\"\" title=\"\" href=\"https:\/\/www.eczk.cz\/wp-content\/uploads\/2025\/11\/WhatsApp-Image-2025-11-02-at-19.00.02-10.jpeg\" data-rel=\"tb_4pbd643\" class=\"themify_lightbox\"><img loading=\"lazy\" src=\"https:\/\/www.eczk.cz\/wp-content\/uploads\/2025\/11\/WhatsApp-Image-2025-11-02-at-19.00.02-10-768x1024-300x200.jpeg\" width=\"300\" height=\"200\" class=\"wp-post-image wp-image-3809\" title=\"WhatsApp Image 2025-11-02 at 19.00.02 (10)\" alt=\"WhatsApp Image 2025-11-02 at 19.00.02 (10)\"><\/a>\t\t\t<\/dt>\n\t\t\t<dd>\n\t\t\t\t\t\t\t\t\t\t\t<\/dd>\n\t\t<\/dl>\n\t\t\t<dl class=\"gallery-item\">\n\t\t\t<dt class=\"gallery-icon\">\n\t\t\t<a data-title=\"\" title=\"\" href=\"https:\/\/www.eczk.cz\/wp-content\/uploads\/2025\/11\/WhatsApp-Image-2025-11-02-at-19.00.02-11.jpeg\" data-rel=\"tb_4pbd643\" class=\"themify_lightbox\"><img loading=\"lazy\" src=\"https:\/\/www.eczk.cz\/wp-content\/uploads\/2025\/11\/WhatsApp-Image-2025-11-02-at-19.00.02-11-917x1024-300x200.jpeg\" width=\"300\" height=\"200\" class=\"wp-post-image wp-image-3810\" title=\"WhatsApp Image 2025-11-02 at 19.00.02 (11)\" alt=\"WhatsApp Image 2025-11-02 at 19.00.02 (11)\"><\/a>\t\t\t<\/dt>\n\t\t\t<dd>\n\t\t\t\t\t\t\t\t\t\t\t<\/dd>\n\t\t<\/dl>\n\t\t\t<dl class=\"gallery-item\">\n\t\t\t<dt class=\"gallery-icon\">\n\t\t\t<a data-title=\"\" title=\"\" href=\"https:\/\/www.eczk.cz\/wp-content\/uploads\/2025\/11\/WhatsApp-Image-2025-11-02-at-19.00.02-12.jpeg\" data-rel=\"tb_4pbd643\" class=\"themify_lightbox\"><img loading=\"lazy\" src=\"https:\/\/www.eczk.cz\/wp-content\/uploads\/2025\/11\/WhatsApp-Image-2025-11-02-at-19.00.02-12-956x1024-300x200.jpeg\" width=\"300\" height=\"200\" class=\"wp-post-image wp-image-3811\" title=\"WhatsApp Image 2025-11-02 at 19.00.02 (12)\" alt=\"WhatsApp Image 2025-11-02 at 19.00.02 (12)\"><\/a>\t\t\t<\/dt>\n\t\t\t<dd>\n\t\t\t\t\t\t\t\t\t\t\t<\/dd>\n\t\t<\/dl>\n\t\t\t<dl class=\"gallery-item\">\n\t\t\t<dt class=\"gallery-icon\">\n\t\t\t<a data-title=\"\" title=\"\" href=\"https:\/\/www.eczk.cz\/wp-content\/uploads\/2025\/11\/WhatsApp-Image-2025-11-02-at-19.00.02-13.jpeg\" data-rel=\"tb_4pbd643\" class=\"themify_lightbox\"><img loading=\"lazy\" src=\"https:\/\/www.eczk.cz\/wp-content\/uploads\/2025\/11\/WhatsApp-Image-2025-11-02-at-19.00.02-13-768x1024-300x200.jpeg\" width=\"300\" height=\"200\" class=\"wp-post-image wp-image-3812\" title=\"WhatsApp Image 2025-11-02 at 19.00.02 (13)\" alt=\"WhatsApp Image 2025-11-02 at 19.00.02 (13)\"><\/a>\t\t\t<\/dt>\n\t\t\t<dd>\n\t\t\t\t\t\t\t\t\t\t\t<\/dd>\n\t\t<\/dl>\n\t\t\t<dl class=\"gallery-item\">\n\t\t\t<dt class=\"gallery-icon\">\n\t\t\t<a data-title=\"\" title=\"\" href=\"https:\/\/www.eczk.cz\/wp-content\/uploads\/2025\/11\/WhatsApp-Image-2025-11-02-at-19.00.03.jpeg\" data-rel=\"tb_4pbd643\" class=\"themify_lightbox\"><img loading=\"lazy\" src=\"https:\/\/www.eczk.cz\/wp-content\/uploads\/2025\/11\/WhatsApp-Image-2025-11-02-at-19.00.03-638x1024-300x200.jpeg\" width=\"300\" height=\"200\" class=\"wp-post-image wp-image-3813\" title=\"WhatsApp Image 2025-11-02 at 19.00.03\" alt=\"WhatsApp Image 2025-11-02 at 19.00.03\"><\/a>\t\t\t<\/dt>\n\t\t\t<dd>\n\t\t\t\t\t\t\t\t\t\t\t<\/dd>\n\t\t<\/dl>\n\t\t\t<dl class=\"gallery-item\">\n\t\t\t<dt class=\"gallery-icon\">\n\t\t\t<a data-title=\"\" title=\"\" href=\"https:\/\/www.eczk.cz\/wp-content\/uploads\/2025\/11\/WhatsApp-Image-2025-11-02-at-19.00.03-1.jpeg\" data-rel=\"tb_4pbd643\" class=\"themify_lightbox\"><img loading=\"lazy\" src=\"https:\/\/www.eczk.cz\/wp-content\/uploads\/2025\/11\/WhatsApp-Image-2025-11-02-at-19.00.03-1-768x1024-300x200.jpeg\" width=\"300\" height=\"200\" class=\"wp-post-image wp-image-3814\" title=\"WhatsApp Image 2025-11-02 at 19.00.03 (1)\" alt=\"WhatsApp Image 2025-11-02 at 19.00.03 (1)\"><\/a>\t\t\t<\/dt>\n\t\t\t<dd>\n\t\t\t\t\t\t\t\t\t\t\t<\/dd>\n\t\t<\/dl>\n\t\t\t<dl class=\"gallery-item\">\n\t\t\t<dt class=\"gallery-icon\">\n\t\t\t<a data-title=\"\" title=\"\" href=\"https:\/\/www.eczk.cz\/wp-content\/uploads\/2025\/11\/WhatsApp-Image-2025-11-02-at-19.00.03-2.jpeg\" data-rel=\"tb_4pbd643\" class=\"themify_lightbox\"><img loading=\"lazy\" src=\"https:\/\/www.eczk.cz\/wp-content\/uploads\/2025\/11\/WhatsApp-Image-2025-11-02-at-19.00.03-2-691x1024-300x200.jpeg\" width=\"300\" height=\"200\" class=\"wp-post-image wp-image-3815\" title=\"WhatsApp Image 2025-11-02 at 19.00.03 (2)\" alt=\"WhatsApp Image 2025-11-02 at 19.00.03 (2)\"><\/a>\t\t\t<\/dt>\n\t\t\t<dd>\n\t\t\t\t\t\t\t\t\t\t\t<\/dd>\n\t\t<\/dl>\n\t\t\t<dl class=\"gallery-item\">\n\t\t\t<dt class=\"gallery-icon\">\n\t\t\t<a data-title=\"\" title=\"\" href=\"https:\/\/www.eczk.cz\/wp-content\/uploads\/2025\/11\/WhatsApp-Image-2025-11-02-at-19.00.03-3.jpeg\" data-rel=\"tb_4pbd643\" class=\"themify_lightbox\"><img loading=\"lazy\" src=\"https:\/\/www.eczk.cz\/wp-content\/uploads\/2025\/11\/WhatsApp-Image-2025-11-02-at-19.00.03-3-768x1024-300x200.jpeg\" width=\"300\" height=\"200\" class=\"wp-post-image wp-image-3816\" title=\"WhatsApp Image 2025-11-02 at 19.00.03 (3)\" alt=\"WhatsApp Image 2025-11-02 at 19.00.03 (3)\"><\/a>\t\t\t<\/dt>\n\t\t\t<dd>\n\t\t\t\t\t\t\t\t\t\t\t<\/dd>\n\t\t<\/dl>\n\t\t\t<dl class=\"gallery-item\">\n\t\t\t<dt class=\"gallery-icon\">\n\t\t\t<a data-title=\"\" title=\"\" href=\"https:\/\/www.eczk.cz\/wp-content\/uploads\/2025\/11\/WhatsApp-Image-2025-11-02-at-19.00.03-4.jpeg\" data-rel=\"tb_4pbd643\" class=\"themify_lightbox\"><img loading=\"lazy\" src=\"https:\/\/www.eczk.cz\/wp-content\/uploads\/2025\/11\/WhatsApp-Image-2025-11-02-at-19.00.03-4-768x1024-300x200.jpeg\" width=\"300\" height=\"200\" class=\"wp-post-image wp-image-3817\" title=\"WhatsApp Image 2025-11-02 at 19.00.03 (4)\" alt=\"WhatsApp Image 2025-11-02 at 19.00.03 (4)\"><\/a>\t\t\t<\/dt>\n\t\t\t<dd>\n\t\t\t\t\t\t\t\t\t\t\t<\/dd>\n\t\t<\/dl>\n\t\t\t<dl class=\"gallery-item\">\n\t\t\t<dt class=\"gallery-icon\">\n\t\t\t<a data-title=\"\" title=\"\" href=\"https:\/\/www.eczk.cz\/wp-content\/uploads\/2025\/11\/WhatsApp-Image-2025-11-02-at-19.00.03-5.jpeg\" data-rel=\"tb_4pbd643\" class=\"themify_lightbox\"><img loading=\"lazy\" src=\"https:\/\/www.eczk.cz\/wp-content\/uploads\/2025\/11\/WhatsApp-Image-2025-11-02-at-19.00.03-5-677x1024-300x200.jpeg\" width=\"300\" height=\"200\" class=\"wp-post-image wp-image-3818\" title=\"WhatsApp Image 2025-11-02 at 19.00.03 (5)\" alt=\"WhatsApp Image 2025-11-02 at 19.00.03 (5)\"><\/a>\t\t\t<\/dt>\n\t\t\t<dd>\n\t\t\t\t\t\t\t\t\t\t\t<\/dd>\n\t\t<\/dl>\n\t\t\t<dl class=\"gallery-item\">\n\t\t\t<dt class=\"gallery-icon\">\n\t\t\t<a data-title=\"\" title=\"\" href=\"https:\/\/www.eczk.cz\/wp-content\/uploads\/2025\/11\/WhatsApp-Image-2025-11-02-at-19.00.03-6.jpeg\" data-rel=\"tb_4pbd643\" class=\"themify_lightbox\"><img loading=\"lazy\" src=\"https:\/\/www.eczk.cz\/wp-content\/uploads\/2025\/11\/WhatsApp-Image-2025-11-02-at-19.00.03-6-768x1024-300x200.jpeg\" width=\"300\" height=\"200\" class=\"wp-post-image wp-image-3819\" title=\"WhatsApp Image 2025-11-02 at 19.00.03 (6)\" alt=\"WhatsApp Image 2025-11-02 at 19.00.03 (6)\"><\/a>\t\t\t<\/dt>\n\t\t\t<dd>\n\t\t\t\t\t\t\t\t\t\t\t<\/dd>\n\t\t<\/dl>\n\t\t\t<dl class=\"gallery-item\">\n\t\t\t<dt class=\"gallery-icon\">\n\t\t\t<a data-title=\"\" title=\"\" href=\"https:\/\/www.eczk.cz\/wp-content\/uploads\/2025\/11\/WhatsApp-Image-2025-11-02-at-19.00.03-7.jpeg\" data-rel=\"tb_4pbd643\" class=\"themify_lightbox\"><img loading=\"lazy\" src=\"https:\/\/www.eczk.cz\/wp-content\/uploads\/2025\/11\/WhatsApp-Image-2025-11-02-at-19.00.03-7-768x1024-300x200.jpeg\" width=\"300\" height=\"200\" class=\"wp-post-image wp-image-3820\" title=\"WhatsApp Image 2025-11-02 at 19.00.03 (7)\" alt=\"WhatsApp Image 2025-11-02 at 19.00.03 (7)\"><\/a>\t\t\t<\/dt>\n\t\t\t<dd>\n\t\t\t\t\t\t\t\t\t\t\t<\/dd>\n\t\t<\/dl>\n\t\t\t<dl class=\"gallery-item\">\n\t\t\t<dt class=\"gallery-icon\">\n\t\t\t<a data-title=\"\" title=\"\" href=\"https:\/\/www.eczk.cz\/wp-content\/uploads\/2025\/11\/WhatsApp-Image-2025-11-02-at-19.00.03-8.jpeg\" data-rel=\"tb_4pbd643\" class=\"themify_lightbox\"><img loading=\"lazy\" src=\"https:\/\/www.eczk.cz\/wp-content\/uploads\/2025\/11\/WhatsApp-Image-2025-11-02-at-19.00.03-8-768x1024-300x200.jpeg\" width=\"300\" height=\"200\" class=\"wp-post-image wp-image-3821\" title=\"WhatsApp Image 2025-11-02 at 19.00.03 (8)\" alt=\"WhatsApp Image 2025-11-02 at 19.00.03 (8)\"><\/a>\t\t\t<\/dt>\n\t\t\t<dd>\n\t\t\t\t\t\t\t\t\t\t\t<\/dd>\n\t\t<\/dl>\n\t\t\t<dl class=\"gallery-item\">\n\t\t\t<dt class=\"gallery-icon\">\n\t\t\t<a data-title=\"\" title=\"\" href=\"https:\/\/www.eczk.cz\/wp-content\/uploads\/2025\/11\/WhatsApp-Image-2025-11-02-at-19.00.03-9.jpeg\" data-rel=\"tb_4pbd643\" class=\"themify_lightbox\"><img loading=\"lazy\" src=\"https:\/\/www.eczk.cz\/wp-content\/uploads\/2025\/11\/WhatsApp-Image-2025-11-02-at-19.00.03-9-699x1024-300x200.jpeg\" width=\"300\" height=\"200\" class=\"wp-post-image wp-image-3822\" title=\"WhatsApp Image 2025-11-02 at 19.00.03 (9)\" alt=\"WhatsApp Image 2025-11-02 at 19.00.03 (9)\"><\/a>\t\t\t<\/dt>\n\t\t\t<dd>\n\t\t\t\t\t\t\t\t\t\t\t<\/dd>\n\t\t<\/dl>\n\t\t\t<dl class=\"gallery-item\">\n\t\t\t<dt class=\"gallery-icon\">\n\t\t\t<a data-title=\"\" title=\"\" href=\"https:\/\/www.eczk.cz\/wp-content\/uploads\/2025\/11\/WhatsApp-Image-2025-11-02-at-19.00.03-10.jpeg\" data-rel=\"tb_4pbd643\" class=\"themify_lightbox\"><img loading=\"lazy\" src=\"https:\/\/www.eczk.cz\/wp-content\/uploads\/2025\/11\/WhatsApp-Image-2025-11-02-at-19.00.03-10-855x1024-300x200.jpeg\" width=\"300\" height=\"200\" class=\"wp-post-image wp-image-3823\" title=\"WhatsApp Image 2025-11-02 at 19.00.03 (10)\" alt=\"WhatsApp Image 2025-11-02 at 19.00.03 (10)\"><\/a>\t\t\t<\/dt>\n\t\t\t<dd>\n\t\t\t\t\t\t\t\t\t\t\t<\/dd>\n\t\t<\/dl>\n\t\t\t<dl class=\"gallery-item\">\n\t\t\t<dt class=\"gallery-icon\">\n\t\t\t<a data-title=\"\" title=\"\" href=\"https:\/\/www.eczk.cz\/wp-content\/uploads\/2025\/11\/WhatsApp-Image-2025-11-02-at-19.00.03-11.jpeg\" data-rel=\"tb_4pbd643\" class=\"themify_lightbox\"><img loading=\"lazy\" src=\"https:\/\/www.eczk.cz\/wp-content\/uploads\/2025\/11\/WhatsApp-Image-2025-11-02-at-19.00.03-11-768x1024-300x200.jpeg\" width=\"300\" height=\"200\" class=\"wp-post-image wp-image-3824\" title=\"WhatsApp Image 2025-11-02 at 19.00.03 (11)\" alt=\"WhatsApp Image 2025-11-02 at 19.00.03 (11)\"><\/a>\t\t\t<\/dt>\n\t\t\t<dd>\n\t\t\t\t\t\t\t\t\t\t\t<\/dd>\n\t\t<\/dl>\n\t\t\t<dl class=\"gallery-item\">\n\t\t\t<dt class=\"gallery-icon\">\n\t\t\t<a data-title=\"\" title=\"\" href=\"https:\/\/www.eczk.cz\/wp-content\/uploads\/2025\/11\/WhatsApp-Image-2025-11-02-at-19.00.03-12.jpeg\" data-rel=\"tb_4pbd643\" class=\"themify_lightbox\"><img loading=\"lazy\" src=\"https:\/\/www.eczk.cz\/wp-content\/uploads\/2025\/11\/WhatsApp-Image-2025-11-02-at-19.00.03-12-768x1024-300x200.jpeg\" width=\"300\" height=\"200\" class=\"wp-post-image wp-image-3825\" title=\"WhatsApp Image 2025-11-02 at 19.00.03 (12)\" alt=\"WhatsApp Image 2025-11-02 at 19.00.03 (12)\"><\/a>\t\t\t<\/dt>\n\t\t\t<dd>\n\t\t\t\t\t\t\t\t\t\t\t<\/dd>\n\t\t<\/dl>\n\t\t\t<dl class=\"gallery-item\">\n\t\t\t<dt class=\"gallery-icon\">\n\t\t\t<a data-title=\"\" title=\"\" href=\"https:\/\/www.eczk.cz\/wp-content\/uploads\/2025\/11\/WhatsApp-Image-2025-11-02-at-19.00.03-13.jpeg\" data-rel=\"tb_4pbd643\" class=\"themify_lightbox\"><img loading=\"lazy\" src=\"https:\/\/www.eczk.cz\/wp-content\/uploads\/2025\/11\/WhatsApp-Image-2025-11-02-at-19.00.03-13-768x1024-300x200.jpeg\" width=\"300\" height=\"200\" class=\"wp-post-image wp-image-3826\" title=\"WhatsApp Image 2025-11-02 at 19.00.03 (13)\" alt=\"WhatsApp Image 2025-11-02 at 19.00.03 (13)\"><\/a>\t\t\t<\/dt>\n\t\t\t<dd>\n\t\t\t\t\t\t\t\t\t\t\t<\/dd>\n\t\t<\/dl>\n\t<\/div>\n\n<\/div>\n<!-- \/module gallery -->\n\t        <\/div>\n\t    \t<\/div>\n\t\t    <\/div>\n\t    <!-- \/row_inner -->\n\t<\/div>\n\t<!-- \/module_row -->\n\t<\/div>\n\n","protected":false},"excerpt":{"rendered":"<p>Nikola Uhl\u00ed\u0159ov\u00e1<\/p>\n","protected":false},"author":3,"featured_media":0,"parent":0,"menu_order":0,"comment_status":"closed","ping_status":"closed","template":"","meta":[],"categories":[],"tags":[],"builder_content":"<h3 style=\"text-align: center;\"><a href=\"https:\/\/www.instagram.com\/nikola_uhlirova\/\">Nikola Uhl\u00ed\u0159ov\u00e1<\/a><\/h3>\n[gallery ids=\"3798,3799,3800,3801,3802,3803,3804,3805,3806,3807,3808,3809,3810,3811,3812,3813,3814,3815,3816,3817,3818,3819,3820,3821,3822,3823,3824,3825,3826\"]","_links":{"self":[{"href":"https:\/\/www.eczk.cz\/index.php\/wp-json\/wp\/v2\/pages\/3795"}],"collection":[{"href":"https:\/\/www.eczk.cz\/index.php\/wp-json\/wp\/v2\/pages"}],"about":[{"href":"https:\/\/www.eczk.cz\/index.php\/wp-json\/wp\/v2\/types\/page"}],"author":[{"embeddable":true,"href":"https:\/\/www.eczk.cz\/index.php\/wp-json\/wp\/v2\/users\/3"}],"replies":[{"embeddable":true,"href":"https:\/\/www.eczk.cz\/index.php\/wp-json\/wp\/v2\/comments?post=3795"}],"version-history":[{"count":1,"href":"https:\/\/www.eczk.cz\/index.php\/wp-json\/wp\/v2\/pages\/3795\/revisions"}],"predecessor-version":[{"id":3827,"href":"https:\/\/www.eczk.cz\/index.php\/wp-json\/wp\/v2\/pages\/3795\/revisions\/3827"}],"wp:attachment":[{"href":"https:\/\/www.eczk.cz\/index.php\/wp-json\/wp\/v2\/media?parent=3795"}],"wp:term":[{"taxonomy":"category","embeddable":true,"href":"https:\/\/www.eczk.cz\/index.php\/wp-json\/wp\/v2\/categories?post=3795"},{"taxonomy":"post_tag","embeddable":true,"href":"https:\/\/www.eczk.cz\/index.php\/wp-json\/wp\/v2\/tags?post=3795"}],"curies":[{"name":"wp","href":"https:\/\/api.w.org\/{rel}","templated":true}]}}