{"id":3549,"date":"2023-10-29T15:53:49","date_gmt":"2023-10-29T13:53:49","guid":{"rendered":"https:\/\/www.eczk.cz\/?page_id=3549"},"modified":"2023-10-29T15:53:54","modified_gmt":"2023-10-29T13:53:54","slug":"otevirani-ordinaci-masarykova-8","status":"publish","type":"page","link":"https:\/\/www.eczk.cz\/index.php\/otevirani-ordinaci-masarykova-8\/","title":{"rendered":"Otev\u00edr\u00e1n\u00ed ordinac\u00ed Masarykova 8"},"content":{"rendered":"<div id=\"themify_builder_content-3549\" data-postid=\"3549\" class=\"themify_builder_content themify_builder_content-3549 themify_builder tf_clear\">\n    \t<!-- module_row -->\n\t<div   data-css_id=\"tb_kqdv391\" data-lazy=\"1\" class=\"themify_builder_row module_row tb_kqdv391 tb_first clearfix\">\n\t    \t    <div class=\"row_inner col_align_top tf_box tf_w tf_rel\" >\n\t\t\t<div  data-lazy=\"1\" class=\"module_column tb-column col-full first tb_juuw392 tf_box\">\n\t    \t    \t        <div class=\"tb-column-inner tf_box tf_w\">\n\t\t    <!-- module text -->\n<div  class=\"module module-text tb_f1sl532  repeat \" data-lazy=\"1\">\n            <div  class=\"tb_text_wrap\">\n    <h1 style=\"text-align: center;\">Fotogalerie otev\u00edr\u00e1n\u00ed ordinac\u00ed Masarykova 8<\/h1>    <\/div>\n<\/div>\n<!-- \/module text -->\t        <\/div>\n\t    \t<\/div>\n\t\t    <\/div>\n\t    <!-- \/row_inner -->\n\t<\/div>\n\t<!-- \/module_row -->\n\t\t<!-- module_row -->\n\t<div   data-css_id=\"tb_vmeu862\" data-lazy=\"1\" class=\"themify_builder_row module_row fullwidth tb_vmeu862 clearfix\">\n\t    \t    <div class=\"row_inner col_align_top tf_box tf_w tf_rel\" >\n\t\t\t<div  data-lazy=\"1\" class=\"module_column tb-column col-full first tb_nx52863 tf_box\">\n\t    \t    \t        <div class=\"tb-column-inner tf_box tf_w\">\n\t\t    <!-- module gallery -->\n<div  class=\"module gallery module-gallery tb_7aao355 layout-grid  \" data-lazy=\"1\">\n            <div class=\"module-gallery-grid gallery-columns-4 tf_clear\">\n\t\t\t<dl class=\"gallery-item\">\n\t\t\t<dt class=\"gallery-icon\">\n\t\t\t<a data-title=\"\" title=\"\" href=\"https:\/\/www.eczk.cz\/wp-content\/uploads\/2023\/10\/JDS6269-scaled.jpg\" data-rel=\"tb_7aao355\" class=\"themify_lightbox\"><img loading=\"lazy\" src=\"https:\/\/www.eczk.cz\/wp-content\/uploads\/2023\/10\/JDS6269-1024x682-300x200.jpg\" width=\"300\" height=\"200\" class=\"wp-post-image wp-image-3482\" title=\"_JDS6269\" alt=\"_JDS6269\"><\/a>\t\t\t<\/dt>\n\t\t\t<dd>\n\t\t\t\t\t\t\t\t\t\t\t<\/dd>\n\t\t<\/dl>\n\t\t\t<dl class=\"gallery-item\">\n\t\t\t<dt class=\"gallery-icon\">\n\t\t\t<a data-title=\"\" title=\"\" href=\"https:\/\/www.eczk.cz\/wp-content\/uploads\/2023\/10\/JDS6271-scaled.jpg\" data-rel=\"tb_7aao355\" class=\"themify_lightbox\"><img loading=\"lazy\" src=\"https:\/\/www.eczk.cz\/wp-content\/uploads\/2023\/10\/JDS6271-1024x682-300x200.jpg\" width=\"300\" height=\"200\" class=\"wp-post-image wp-image-3484\" title=\"_JDS6271\" alt=\"_JDS6271\"><\/a>\t\t\t<\/dt>\n\t\t\t<dd>\n\t\t\t\t\t\t\t\t\t\t\t<\/dd>\n\t\t<\/dl>\n\t\t\t<dl class=\"gallery-item\">\n\t\t\t<dt class=\"gallery-icon\">\n\t\t\t<a data-title=\"\" title=\"\" href=\"https:\/\/www.eczk.cz\/wp-content\/uploads\/2023\/10\/JDS6280-scaled.jpg\" data-rel=\"tb_7aao355\" class=\"themify_lightbox\"><img loading=\"lazy\" src=\"https:\/\/www.eczk.cz\/wp-content\/uploads\/2023\/10\/JDS6280-1024x682-300x200.jpg\" width=\"300\" height=\"200\" class=\"wp-post-image wp-image-3486\" title=\"_JDS6280\" alt=\"_JDS6280\"><\/a>\t\t\t<\/dt>\n\t\t\t<dd>\n\t\t\t\t\t\t\t\t\t\t\t<\/dd>\n\t\t<\/dl>\n\t\t\t<dl class=\"gallery-item\">\n\t\t\t<dt class=\"gallery-icon\">\n\t\t\t<a data-title=\"\" title=\"\" href=\"https:\/\/www.eczk.cz\/wp-content\/uploads\/2023\/10\/JDS6505-scaled.jpg\" data-rel=\"tb_7aao355\" class=\"themify_lightbox\"><img loading=\"lazy\" src=\"https:\/\/www.eczk.cz\/wp-content\/uploads\/2023\/10\/JDS6505-1024x685-300x200.jpg\" width=\"300\" height=\"200\" class=\"wp-post-image wp-image-3503\" title=\"_JDS6505\" alt=\"_JDS6505\"><\/a>\t\t\t<\/dt>\n\t\t\t<dd>\n\t\t\t\t\t\t\t\t\t\t\t<\/dd>\n\t\t<\/dl>\n\t\t\t<dl class=\"gallery-item\">\n\t\t\t<dt class=\"gallery-icon\">\n\t\t\t<a data-title=\"\" title=\"\" href=\"https:\/\/www.eczk.cz\/wp-content\/uploads\/2023\/10\/JDS6499-scaled.jpg\" data-rel=\"tb_7aao355\" class=\"themify_lightbox\"><img loading=\"lazy\" src=\"https:\/\/www.eczk.cz\/wp-content\/uploads\/2023\/10\/JDS6499-1024x721-300x200.jpg\" width=\"300\" height=\"200\" class=\"wp-post-image wp-image-3502\" title=\"_JDS6499\" alt=\"_JDS6499\"><\/a>\t\t\t<\/dt>\n\t\t\t<dd>\n\t\t\t\t\t\t\t\t\t\t\t<\/dd>\n\t\t<\/dl>\n\t\t\t<dl class=\"gallery-item\">\n\t\t\t<dt class=\"gallery-icon\">\n\t\t\t<a data-title=\"\" title=\"\" href=\"https:\/\/www.eczk.cz\/wp-content\/uploads\/2023\/10\/JDS6517-scaled.jpg\" data-rel=\"tb_7aao355\" class=\"themify_lightbox\"><img loading=\"lazy\" src=\"https:\/\/www.eczk.cz\/wp-content\/uploads\/2023\/10\/JDS6517-1024x705-300x200.jpg\" width=\"300\" height=\"200\" class=\"wp-post-image wp-image-3504\" title=\"_JDS6517\" alt=\"_JDS6517\"><\/a>\t\t\t<\/dt>\n\t\t\t<dd>\n\t\t\t\t\t\t\t\t\t\t\t<\/dd>\n\t\t<\/dl>\n\t\t\t<dl class=\"gallery-item\">\n\t\t\t<dt class=\"gallery-icon\">\n\t\t\t<a data-title=\"\" title=\"\" href=\"https:\/\/www.eczk.cz\/wp-content\/uploads\/2023\/10\/JDS6549-scaled.jpg\" data-rel=\"tb_7aao355\" class=\"themify_lightbox\"><img loading=\"lazy\" src=\"https:\/\/www.eczk.cz\/wp-content\/uploads\/2023\/10\/JDS6549-1024x676-300x200.jpg\" width=\"300\" height=\"200\" class=\"wp-post-image wp-image-3505\" title=\"_JDS6549\" alt=\"_JDS6549\"><\/a>\t\t\t<\/dt>\n\t\t\t<dd>\n\t\t\t\t\t\t\t\t\t\t\t<\/dd>\n\t\t<\/dl>\n\t\t\t<dl class=\"gallery-item\">\n\t\t\t<dt class=\"gallery-icon\">\n\t\t\t<a data-title=\"\" title=\"\" href=\"https:\/\/www.eczk.cz\/wp-content\/uploads\/2023\/10\/JDS6415-scaled.jpg\" data-rel=\"tb_7aao355\" class=\"themify_lightbox\"><img loading=\"lazy\" src=\"https:\/\/www.eczk.cz\/wp-content\/uploads\/2023\/10\/JDS6415-631x1024-300x200.jpg\" width=\"300\" height=\"200\" class=\"wp-post-image wp-image-3494\" title=\"_JDS6415\" alt=\"_JDS6415\"><\/a>\t\t\t<\/dt>\n\t\t\t<dd>\n\t\t\t\t\t\t\t\t\t\t\t<\/dd>\n\t\t<\/dl>\n\t\t\t<dl class=\"gallery-item\">\n\t\t\t<dt class=\"gallery-icon\">\n\t\t\t<a data-title=\"\" title=\"\" href=\"https:\/\/www.eczk.cz\/wp-content\/uploads\/2023\/10\/JDS6167-scaled.jpg\" data-rel=\"tb_7aao355\" class=\"themify_lightbox\"><img loading=\"lazy\" src=\"https:\/\/www.eczk.cz\/wp-content\/uploads\/2023\/10\/JDS6167-654x1024-300x200.jpg\" width=\"300\" height=\"200\" class=\"wp-post-image wp-image-3476\" title=\"_JDS6167\" alt=\"_JDS6167\"><\/a>\t\t\t<\/dt>\n\t\t\t<dd>\n\t\t\t\t\t\t\t\t\t\t\t<\/dd>\n\t\t<\/dl>\n\t\t\t<dl class=\"gallery-item\">\n\t\t\t<dt class=\"gallery-icon\">\n\t\t\t<a data-title=\"\" title=\"\" href=\"https:\/\/www.eczk.cz\/wp-content\/uploads\/2023\/10\/JDS6054-scaled.jpg\" data-rel=\"tb_7aao355\" class=\"themify_lightbox\"><img loading=\"lazy\" src=\"https:\/\/www.eczk.cz\/wp-content\/uploads\/2023\/10\/JDS6054-1024x683-300x200.jpg\" width=\"300\" height=\"200\" class=\"wp-post-image wp-image-3463\" title=\"_JDS6054\" alt=\"_JDS6054\"><\/a>\t\t\t<\/dt>\n\t\t\t<dd>\n\t\t\t\t\t\t\t\t\t\t\t<\/dd>\n\t\t<\/dl>\n\t\t\t<dl class=\"gallery-item\">\n\t\t\t<dt class=\"gallery-icon\">\n\t\t\t<a data-title=\"\" title=\"\" href=\"https:\/\/www.eczk.cz\/wp-content\/uploads\/2023\/10\/JDS5901-scaled.jpg\" data-rel=\"tb_7aao355\" class=\"themify_lightbox\"><img loading=\"lazy\" src=\"https:\/\/www.eczk.cz\/wp-content\/uploads\/2023\/10\/JDS5901-676x1024-300x200.jpg\" width=\"300\" height=\"200\" class=\"wp-post-image wp-image-3452\" title=\"_JDS5901\" alt=\"_JDS5901\"><\/a>\t\t\t<\/dt>\n\t\t\t<dd>\n\t\t\t\t\t\t\t\t\t\t\t<\/dd>\n\t\t<\/dl>\n\t\t\t<dl class=\"gallery-item\">\n\t\t\t<dt class=\"gallery-icon\">\n\t\t\t<a data-title=\"\" title=\"\" href=\"https:\/\/www.eczk.cz\/wp-content\/uploads\/2023\/10\/JDS5908-scaled.jpg\" data-rel=\"tb_7aao355\" class=\"themify_lightbox\"><img loading=\"lazy\" src=\"https:\/\/www.eczk.cz\/wp-content\/uploads\/2023\/10\/JDS5908-1024x762-300x200.jpg\" width=\"300\" height=\"200\" class=\"wp-post-image wp-image-3454\" title=\"_JDS5908\" alt=\"_JDS5908\"><\/a>\t\t\t<\/dt>\n\t\t\t<dd>\n\t\t\t\t\t\t\t\t\t\t\t<\/dd>\n\t\t<\/dl>\n\t\t\t<dl class=\"gallery-item\">\n\t\t\t<dt class=\"gallery-icon\">\n\t\t\t<a data-title=\"\" title=\"\" href=\"https:\/\/www.eczk.cz\/wp-content\/uploads\/2023\/10\/JDS5885-scaled.jpg\" data-rel=\"tb_7aao355\" class=\"themify_lightbox\"><img loading=\"lazy\" src=\"https:\/\/www.eczk.cz\/wp-content\/uploads\/2023\/10\/JDS5885-1024x685-300x200.jpg\" width=\"300\" height=\"200\" class=\"wp-post-image wp-image-3449\" title=\"_JDS5885\" alt=\"_JDS5885\"><\/a>\t\t\t<\/dt>\n\t\t\t<dd>\n\t\t\t\t\t\t\t\t\t\t\t<\/dd>\n\t\t<\/dl>\n\t\t\t<dl class=\"gallery-item\">\n\t\t\t<dt class=\"gallery-icon\">\n\t\t\t<a data-title=\"\" title=\"\" href=\"https:\/\/www.eczk.cz\/wp-content\/uploads\/2023\/10\/JDS5851-scaled.jpg\" data-rel=\"tb_7aao355\" class=\"themify_lightbox\"><img loading=\"lazy\" src=\"https:\/\/www.eczk.cz\/wp-content\/uploads\/2023\/10\/JDS5851-679x1024-300x200.jpg\" width=\"300\" height=\"200\" class=\"wp-post-image wp-image-3447\" title=\"_JDS5851\" alt=\"_JDS5851\"><\/a>\t\t\t<\/dt>\n\t\t\t<dd>\n\t\t\t\t\t\t\t\t\t\t\t<\/dd>\n\t\t<\/dl>\n\t\t\t<dl class=\"gallery-item\">\n\t\t\t<dt class=\"gallery-icon\">\n\t\t\t<a data-title=\"\" title=\"\" href=\"https:\/\/www.eczk.cz\/wp-content\/uploads\/2023\/10\/JDS5730-scaled.jpg\" data-rel=\"tb_7aao355\" class=\"themify_lightbox\"><img loading=\"lazy\" src=\"https:\/\/www.eczk.cz\/wp-content\/uploads\/2023\/10\/JDS5730-1024x691-300x200.jpg\" width=\"300\" height=\"200\" class=\"wp-post-image wp-image-3433\" title=\"_JDS5730\" alt=\"_JDS5730\"><\/a>\t\t\t<\/dt>\n\t\t\t<dd>\n\t\t\t\t\t\t\t\t\t\t\t<\/dd>\n\t\t<\/dl>\n\t\t\t<dl class=\"gallery-item\">\n\t\t\t<dt class=\"gallery-icon\">\n\t\t\t<a data-title=\"\" title=\"\" href=\"https:\/\/www.eczk.cz\/wp-content\/uploads\/2023\/10\/JDS5521-scaled.jpg\" data-rel=\"tb_7aao355\" class=\"themify_lightbox\"><img loading=\"lazy\" src=\"https:\/\/www.eczk.cz\/wp-content\/uploads\/2023\/10\/JDS5521-662x1024-300x200.jpg\" width=\"300\" height=\"200\" class=\"wp-post-image wp-image-3408\" title=\"_JDS5521\" alt=\"_JDS5521\"><\/a>\t\t\t<\/dt>\n\t\t\t<dd>\n\t\t\t\t\t\t\t\t\t\t\t<\/dd>\n\t\t<\/dl>\n\t\t\t<dl class=\"gallery-item\">\n\t\t\t<dt class=\"gallery-icon\">\n\t\t\t<a data-title=\"\" title=\"\" href=\"https:\/\/www.eczk.cz\/wp-content\/uploads\/2023\/10\/DSC9380-scaled.jpg\" data-rel=\"tb_7aao355\" class=\"themify_lightbox\"><img loading=\"lazy\" src=\"https:\/\/www.eczk.cz\/wp-content\/uploads\/2023\/10\/DSC9380-662x1024-300x200.jpg\" width=\"300\" height=\"200\" class=\"wp-post-image wp-image-3378\" title=\"_DSC9380\" alt=\"_DSC9380\"><\/a>\t\t\t<\/dt>\n\t\t\t<dd>\n\t\t\t\t\t\t\t\t\t\t\t<\/dd>\n\t\t<\/dl>\n\t\t\t<dl class=\"gallery-item\">\n\t\t\t<dt class=\"gallery-icon\">\n\t\t\t<a data-title=\"\" title=\"\" href=\"https:\/\/www.eczk.cz\/wp-content\/uploads\/2023\/10\/JDS5768-scaled.jpg\" data-rel=\"tb_7aao355\" class=\"themify_lightbox\"><img loading=\"lazy\" src=\"https:\/\/www.eczk.cz\/wp-content\/uploads\/2023\/10\/JDS5768-719x1024-300x200.jpg\" width=\"300\" height=\"200\" class=\"wp-post-image wp-image-3439\" title=\"_JDS5768\" alt=\"_JDS5768\"><\/a>\t\t\t<\/dt>\n\t\t\t<dd>\n\t\t\t\t\t\t\t\t\t\t\t<\/dd>\n\t\t<\/dl>\n\t\t\t<dl class=\"gallery-item\">\n\t\t\t<dt class=\"gallery-icon\">\n\t\t\t<a data-title=\"\" title=\"\" href=\"https:\/\/www.eczk.cz\/wp-content\/uploads\/2023\/10\/JDS5708-scaled.jpg\" data-rel=\"tb_7aao355\" class=\"themify_lightbox\"><img loading=\"lazy\" src=\"https:\/\/www.eczk.cz\/wp-content\/uploads\/2023\/10\/JDS5708-1024x731-300x200.jpg\" width=\"300\" height=\"200\" class=\"wp-post-image wp-image-3430\" title=\"_JDS5708\" alt=\"_JDS5708\"><\/a>\t\t\t<\/dt>\n\t\t\t<dd>\n\t\t\t\t\t\t\t\t\t\t\t<\/dd>\n\t\t<\/dl>\n\t\t\t<dl class=\"gallery-item\">\n\t\t\t<dt class=\"gallery-icon\">\n\t\t\t<a data-title=\"\" title=\"\" href=\"https:\/\/www.eczk.cz\/wp-content\/uploads\/2023\/10\/JDS5681-scaled.jpg\" data-rel=\"tb_7aao355\" class=\"themify_lightbox\"><img loading=\"lazy\" src=\"https:\/\/www.eczk.cz\/wp-content\/uploads\/2023\/10\/JDS5681-1024x726-300x200.jpg\" width=\"300\" height=\"200\" class=\"wp-post-image wp-image-3427\" title=\"_JDS5681\" alt=\"_JDS5681\"><\/a>\t\t\t<\/dt>\n\t\t\t<dd>\n\t\t\t\t\t\t\t\t\t\t\t<\/dd>\n\t\t<\/dl>\n\t\t\t<dl class=\"gallery-item\">\n\t\t\t<dt class=\"gallery-icon\">\n\t\t\t<a data-title=\"\" title=\"\" href=\"https:\/\/www.eczk.cz\/wp-content\/uploads\/2023\/10\/DSC9386-scaled.jpg\" data-rel=\"tb_7aao355\" class=\"themify_lightbox\"><img loading=\"lazy\" src=\"https:\/\/www.eczk.cz\/wp-content\/uploads\/2023\/10\/DSC9386-1024x680-300x200.jpg\" width=\"300\" height=\"200\" class=\"wp-post-image wp-image-3379\" title=\"_DSC9386\" alt=\"_DSC9386\"><\/a>\t\t\t<\/dt>\n\t\t\t<dd>\n\t\t\t\t\t\t\t\t\t\t\t<\/dd>\n\t\t<\/dl>\n\t\t\t<dl class=\"gallery-item\">\n\t\t\t<dt class=\"gallery-icon\">\n\t\t\t<a data-title=\"\" title=\"\" href=\"https:\/\/www.eczk.cz\/wp-content\/uploads\/2023\/10\/DSC9243-scaled.jpg\" data-rel=\"tb_7aao355\" class=\"themify_lightbox\"><img loading=\"lazy\" src=\"https:\/\/www.eczk.cz\/wp-content\/uploads\/2023\/10\/DSC9243-643x1024-300x200.jpg\" width=\"300\" height=\"200\" class=\"wp-post-image wp-image-3374\" title=\"_DSC9243\" alt=\"_DSC9243\"><\/a>\t\t\t<\/dt>\n\t\t\t<dd>\n\t\t\t\t\t\t\t\t\t\t\t<\/dd>\n\t\t<\/dl>\n\t\t\t<dl class=\"gallery-item\">\n\t\t\t<dt class=\"gallery-icon\">\n\t\t\t<a data-title=\"\" title=\"\" href=\"https:\/\/www.eczk.cz\/wp-content\/uploads\/2023\/10\/DSC8976-scaled.jpg\" data-rel=\"tb_7aao355\" class=\"themify_lightbox\"><img loading=\"lazy\" src=\"https:\/\/www.eczk.cz\/wp-content\/uploads\/2023\/10\/DSC8976-676x1024-300x200.jpg\" width=\"300\" height=\"200\" class=\"wp-post-image wp-image-3372\" title=\"_DSC8976\" alt=\"_DSC8976\"><\/a>\t\t\t<\/dt>\n\t\t\t<dd>\n\t\t\t\t\t\t\t\t\t\t\t<\/dd>\n\t\t<\/dl>\n\t\t\t<dl class=\"gallery-item\">\n\t\t\t<dt class=\"gallery-icon\">\n\t\t\t<a data-title=\"\" title=\"\" href=\"https:\/\/www.eczk.cz\/wp-content\/uploads\/2023\/10\/JDS6619-scaled.jpg\" data-rel=\"tb_7aao355\" class=\"themify_lightbox\"><img loading=\"lazy\" src=\"https:\/\/www.eczk.cz\/wp-content\/uploads\/2023\/10\/JDS6619-692x1024-300x200.jpg\" width=\"300\" height=\"200\" class=\"wp-post-image wp-image-3512\" title=\"_JDS6619\" alt=\"_JDS6619\"><\/a>\t\t\t<\/dt>\n\t\t\t<dd>\n\t\t\t\t\t\t\t\t\t\t\t<\/dd>\n\t\t<\/dl>\n\t\t\t<dl class=\"gallery-item\">\n\t\t\t<dt class=\"gallery-icon\">\n\t\t\t<a data-title=\"\" title=\"\" href=\"https:\/\/www.eczk.cz\/wp-content\/uploads\/2023\/10\/JDS6667-scaled.jpg\" data-rel=\"tb_7aao355\" class=\"themify_lightbox\"><img loading=\"lazy\" src=\"https:\/\/www.eczk.cz\/wp-content\/uploads\/2023\/10\/JDS6667-687x1024-300x200.jpg\" width=\"300\" height=\"200\" class=\"wp-post-image wp-image-3519\" title=\"_JDS6667\" alt=\"_JDS6667\"><\/a>\t\t\t<\/dt>\n\t\t\t<dd>\n\t\t\t\t\t\t\t\t\t\t\t<\/dd>\n\t\t<\/dl>\n\t\t\t<dl class=\"gallery-item\">\n\t\t\t<dt class=\"gallery-icon\">\n\t\t\t<a data-title=\"\" title=\"\" href=\"https:\/\/www.eczk.cz\/wp-content\/uploads\/2023\/10\/JDS6744-scaled.jpg\" data-rel=\"tb_7aao355\" class=\"themify_lightbox\"><img loading=\"lazy\" src=\"https:\/\/www.eczk.cz\/wp-content\/uploads\/2023\/10\/JDS6744-682x1024-300x200.jpg\" width=\"300\" height=\"200\" class=\"wp-post-image wp-image-3525\" title=\"_JDS6744\" alt=\"_JDS6744\"><\/a>\t\t\t<\/dt>\n\t\t\t<dd>\n\t\t\t\t\t\t\t\t\t\t\t<\/dd>\n\t\t<\/dl>\n\t<\/div>\n\n<\/div>\n<!-- \/module gallery -->\n\t        <\/div>\n\t    \t<\/div>\n\t\t    <\/div>\n\t    <!-- \/row_inner -->\n\t<\/div>\n\t<!-- \/module_row -->\n\t<\/div>\n\n","protected":false},"excerpt":{"rendered":"<p>Fotogalerie otev\u00edr\u00e1n\u00ed ordinac\u00ed Masarykova 8<\/p>\n","protected":false},"author":3,"featured_media":0,"parent":0,"menu_order":0,"comment_status":"closed","ping_status":"closed","template":"","meta":[],"categories":[],"tags":[],"builder_content":"<h1 style=\"text-align: center;\">Fotogalerie otev\u00edr\u00e1n\u00ed ordinac\u00ed Masarykova 8<\/h1>\n[gallery ids=\"3482,3484,3486,3503,3502,3504,3505,3494,3476,3463,3452,3454,3449,3447,3433,3408,3378,3439,3430,3427,3379,3374,3372,3512,3519,3525\"]","_links":{"self":[{"href":"https:\/\/www.eczk.cz\/index.php\/wp-json\/wp\/v2\/pages\/3549"}],"collection":[{"href":"https:\/\/www.eczk.cz\/index.php\/wp-json\/wp\/v2\/pages"}],"about":[{"href":"https:\/\/www.eczk.cz\/index.php\/wp-json\/wp\/v2\/types\/page"}],"author":[{"embeddable":true,"href":"https:\/\/www.eczk.cz\/index.php\/wp-json\/wp\/v2\/users\/3"}],"replies":[{"embeddable":true,"href":"https:\/\/www.eczk.cz\/index.php\/wp-json\/wp\/v2\/comments?post=3549"}],"version-history":[{"count":2,"href":"https:\/\/www.eczk.cz\/index.php\/wp-json\/wp\/v2\/pages\/3549\/revisions"}],"predecessor-version":[{"id":3551,"href":"https:\/\/www.eczk.cz\/index.php\/wp-json\/wp\/v2\/pages\/3549\/revisions\/3551"}],"wp:attachment":[{"href":"https:\/\/www.eczk.cz\/index.php\/wp-json\/wp\/v2\/media?parent=3549"}],"wp:term":[{"taxonomy":"category","embeddable":true,"href":"https:\/\/www.eczk.cz\/index.php\/wp-json\/wp\/v2\/categories?post=3549"},{"taxonomy":"post_tag","embeddable":true,"href":"https:\/\/www.eczk.cz\/index.php\/wp-json\/wp\/v2\/tags?post=3549"}],"curies":[{"name":"wp","href":"https:\/\/api.w.org\/{rel}","templated":true}]}}