{"id":3043,"date":"2022-08-16T20:21:45","date_gmt":"2022-08-16T18:21:45","guid":{"rendered":"https:\/\/www.eczk.cz\/?page_id=3043"},"modified":"2022-08-16T20:25:33","modified_gmt":"2022-08-16T18:25:33","slug":"hana-maslikova","status":"publish","type":"page","link":"https:\/\/www.eczk.cz\/index.php\/hana-maslikova\/","title":{"rendered":"Hana Ma\u0161l\u00edkov\u00e1"},"content":{"rendered":"<div id=\"themify_builder_content-3043\" data-postid=\"3043\" class=\"themify_builder_content themify_builder_content-3043 themify_builder tf_clear\">\n    \t<!-- module_row -->\n\t<div   data-css_id=\"tb_5wl3123\" data-lazy=\"1\" class=\"themify_builder_row module_row fullwidth tb_5wl3123 tb_first clearfix\">\n\t    \t    <div class=\"row_inner col_align_top tf_box tf_w tf_rel\" >\n\t\t\t<div  data-lazy=\"1\" class=\"module_column tb-column col-full first tb_9uoo123 tf_box\">\n\t    \t    \t        <div class=\"tb-column-inner tf_box tf_w\">\n\t\t    <!-- module text -->\n<div  class=\"module module-text tb_am9n587   \" data-lazy=\"1\">\n            <div  class=\"tb_text_wrap\">\n    <h3 style=\"text-align: center;\"><a title=\"https:\/\/www.instagram.com\/anetavignerova\/\" href=\"https:\/\/www.instagram.com\/hanamaslikova\/?hl=cs\" target=\"_blank\" rel=\"noreferrer noopener\">Hana Ma\u0161l\u00edkov\u00e1<\/a><\/h3>    <\/div>\n<\/div>\n<!-- \/module text --><!-- module gallery -->\n<div  class=\"module gallery module-gallery tb_4pbd643 layout-grid  \" data-lazy=\"1\">\n            <div class=\"module-gallery-grid gallery-columns-3 tf_clear\">\n\t\t\t<dl class=\"gallery-item\">\n\t\t\t<dt class=\"gallery-icon\">\n\t\t\t<a data-title=\"\" title=\"\" href=\"https:\/\/www.eczk.cz\/wp-content\/uploads\/2022\/08\/033-hm.jpg\" data-rel=\"tb_4pbd643\" class=\"themify_lightbox\"><img loading=\"lazy\" src=\"https:\/\/www.eczk.cz\/wp-content\/uploads\/2022\/08\/033-hm-1024x684-300x200.jpg\" width=\"300\" height=\"200\" class=\"wp-post-image wp-image-3076\" title=\"033-hm\" alt=\"033-hm\" srcset=\"https:\/\/www.eczk.cz\/wp-content\/uploads\/2022\/08\/033-hm-1024x684-300x200.jpg 300w, https:\/\/www.eczk.cz\/wp-content\/uploads\/2022\/08\/033-hm-1024x684.jpg 1024w, https:\/\/www.eczk.cz\/wp-content\/uploads\/2022\/08\/033-hm-768x513.jpg 768w, https:\/\/www.eczk.cz\/wp-content\/uploads\/2022\/08\/033-hm-1536x1025.jpg 1536w, https:\/\/www.eczk.cz\/wp-content\/uploads\/2022\/08\/033-hm.jpg 2048w\" sizes=\"(max-width: 300px) 100vw, 300px\" \/><\/a>\t\t\t<\/dt>\n\t\t\t<dd>\n\t\t\t\t\t\t\t\t\t\t\t<\/dd>\n\t\t<\/dl>\n\t\t\t<dl class=\"gallery-item\">\n\t\t\t<dt class=\"gallery-icon\">\n\t\t\t<a data-title=\"\" title=\"\" href=\"https:\/\/www.eczk.cz\/wp-content\/uploads\/2022\/08\/034-hm.jpg\" data-rel=\"tb_4pbd643\" class=\"themify_lightbox\"><img loading=\"lazy\" src=\"https:\/\/www.eczk.cz\/wp-content\/uploads\/2022\/08\/034-hm-684x1024-300x200.jpg\" width=\"300\" height=\"200\" class=\"wp-post-image wp-image-3077\" title=\"034-hm\" alt=\"034-hm\"><\/a>\t\t\t<\/dt>\n\t\t\t<dd>\n\t\t\t\t\t\t\t\t\t\t\t<\/dd>\n\t\t<\/dl>\n\t\t\t<dl class=\"gallery-item\">\n\t\t\t<dt class=\"gallery-icon\">\n\t\t\t<a data-title=\"\" title=\"\" href=\"https:\/\/www.eczk.cz\/wp-content\/uploads\/2022\/08\/001-hm.jpg\" data-rel=\"tb_4pbd643\" class=\"themify_lightbox\"><img loading=\"lazy\" src=\"https:\/\/www.eczk.cz\/wp-content\/uploads\/2022\/08\/001-hm-1024x684-300x200.jpg\" width=\"300\" height=\"200\" class=\"wp-post-image wp-image-3044\" title=\"001-hm\" alt=\"001-hm\" srcset=\"https:\/\/www.eczk.cz\/wp-content\/uploads\/2022\/08\/001-hm-1024x684-300x200.jpg 300w, https:\/\/www.eczk.cz\/wp-content\/uploads\/2022\/08\/001-hm-1024x684.jpg 1024w, https:\/\/www.eczk.cz\/wp-content\/uploads\/2022\/08\/001-hm-768x513.jpg 768w, https:\/\/www.eczk.cz\/wp-content\/uploads\/2022\/08\/001-hm-1536x1025.jpg 1536w, https:\/\/www.eczk.cz\/wp-content\/uploads\/2022\/08\/001-hm.jpg 2048w\" sizes=\"(max-width: 300px) 100vw, 300px\" \/><\/a>\t\t\t<\/dt>\n\t\t\t<dd>\n\t\t\t\t\t\t\t\t\t\t\t<\/dd>\n\t\t<\/dl>\n\t\t\t<dl class=\"gallery-item\">\n\t\t\t<dt class=\"gallery-icon\">\n\t\t\t<a data-title=\"\" title=\"\" href=\"https:\/\/www.eczk.cz\/wp-content\/uploads\/2022\/08\/002-hm.jpg\" data-rel=\"tb_4pbd643\" class=\"themify_lightbox\"><img loading=\"lazy\" src=\"https:\/\/www.eczk.cz\/wp-content\/uploads\/2022\/08\/002-hm-684x1024-300x200.jpg\" width=\"300\" height=\"200\" class=\"wp-post-image wp-image-3045\" title=\"002-hm\" alt=\"002-hm\"><\/a>\t\t\t<\/dt>\n\t\t\t<dd>\n\t\t\t\t\t\t\t\t\t\t\t<\/dd>\n\t\t<\/dl>\n\t\t\t<dl class=\"gallery-item\">\n\t\t\t<dt class=\"gallery-icon\">\n\t\t\t<a data-title=\"\" title=\"\" href=\"https:\/\/www.eczk.cz\/wp-content\/uploads\/2022\/08\/003-hm.jpg\" data-rel=\"tb_4pbd643\" class=\"themify_lightbox\"><img loading=\"lazy\" src=\"https:\/\/www.eczk.cz\/wp-content\/uploads\/2022\/08\/003-hm-1024x684-300x200.jpg\" width=\"300\" height=\"200\" class=\"wp-post-image wp-image-3046\" title=\"003-hm\" alt=\"003-hm\" srcset=\"https:\/\/www.eczk.cz\/wp-content\/uploads\/2022\/08\/003-hm-1024x684-300x200.jpg 300w, https:\/\/www.eczk.cz\/wp-content\/uploads\/2022\/08\/003-hm-1024x684.jpg 1024w, https:\/\/www.eczk.cz\/wp-content\/uploads\/2022\/08\/003-hm-768x513.jpg 768w, https:\/\/www.eczk.cz\/wp-content\/uploads\/2022\/08\/003-hm-1536x1025.jpg 1536w, https:\/\/www.eczk.cz\/wp-content\/uploads\/2022\/08\/003-hm.jpg 2048w\" sizes=\"(max-width: 300px) 100vw, 300px\" \/><\/a>\t\t\t<\/dt>\n\t\t\t<dd>\n\t\t\t\t\t\t\t\t\t\t\t<\/dd>\n\t\t<\/dl>\n\t\t\t<dl class=\"gallery-item\">\n\t\t\t<dt class=\"gallery-icon\">\n\t\t\t<a data-title=\"\" title=\"\" href=\"https:\/\/www.eczk.cz\/wp-content\/uploads\/2022\/08\/004-hm.jpg\" data-rel=\"tb_4pbd643\" class=\"themify_lightbox\"><img loading=\"lazy\" src=\"https:\/\/www.eczk.cz\/wp-content\/uploads\/2022\/08\/004-hm-1024x684-300x200.jpg\" width=\"300\" height=\"200\" class=\"wp-post-image wp-image-3047\" title=\"004-hm\" alt=\"004-hm\" srcset=\"https:\/\/www.eczk.cz\/wp-content\/uploads\/2022\/08\/004-hm-1024x684-300x200.jpg 300w, https:\/\/www.eczk.cz\/wp-content\/uploads\/2022\/08\/004-hm-1024x684.jpg 1024w, https:\/\/www.eczk.cz\/wp-content\/uploads\/2022\/08\/004-hm-768x513.jpg 768w, https:\/\/www.eczk.cz\/wp-content\/uploads\/2022\/08\/004-hm-1536x1025.jpg 1536w, https:\/\/www.eczk.cz\/wp-content\/uploads\/2022\/08\/004-hm.jpg 2048w\" sizes=\"(max-width: 300px) 100vw, 300px\" \/><\/a>\t\t\t<\/dt>\n\t\t\t<dd>\n\t\t\t\t\t\t\t\t\t\t\t<\/dd>\n\t\t<\/dl>\n\t\t\t<dl class=\"gallery-item\">\n\t\t\t<dt class=\"gallery-icon\">\n\t\t\t<a data-title=\"\" title=\"\" href=\"https:\/\/www.eczk.cz\/wp-content\/uploads\/2022\/08\/005-hm.jpg\" data-rel=\"tb_4pbd643\" class=\"themify_lightbox\"><img loading=\"lazy\" src=\"https:\/\/www.eczk.cz\/wp-content\/uploads\/2022\/08\/005-hm-1024x684-300x200.jpg\" width=\"300\" height=\"200\" class=\"wp-post-image wp-image-3048\" title=\"005-hm\" alt=\"005-hm\" srcset=\"https:\/\/www.eczk.cz\/wp-content\/uploads\/2022\/08\/005-hm-1024x684-300x200.jpg 300w, https:\/\/www.eczk.cz\/wp-content\/uploads\/2022\/08\/005-hm-1024x684.jpg 1024w, https:\/\/www.eczk.cz\/wp-content\/uploads\/2022\/08\/005-hm-768x513.jpg 768w, https:\/\/www.eczk.cz\/wp-content\/uploads\/2022\/08\/005-hm-1536x1025.jpg 1536w, https:\/\/www.eczk.cz\/wp-content\/uploads\/2022\/08\/005-hm.jpg 2048w\" sizes=\"(max-width: 300px) 100vw, 300px\" \/><\/a>\t\t\t<\/dt>\n\t\t\t<dd>\n\t\t\t\t\t\t\t\t\t\t\t<\/dd>\n\t\t<\/dl>\n\t\t\t<dl class=\"gallery-item\">\n\t\t\t<dt class=\"gallery-icon\">\n\t\t\t<a data-title=\"\" title=\"\" href=\"https:\/\/www.eczk.cz\/wp-content\/uploads\/2022\/08\/006-hm.jpg\" data-rel=\"tb_4pbd643\" class=\"themify_lightbox\"><img loading=\"lazy\" src=\"https:\/\/www.eczk.cz\/wp-content\/uploads\/2022\/08\/006-hm-1024x684-300x200.jpg\" width=\"300\" height=\"200\" class=\"wp-post-image wp-image-3049\" title=\"006-hm\" alt=\"006-hm\" srcset=\"https:\/\/www.eczk.cz\/wp-content\/uploads\/2022\/08\/006-hm-1024x684-300x200.jpg 300w, https:\/\/www.eczk.cz\/wp-content\/uploads\/2022\/08\/006-hm-1024x684.jpg 1024w, https:\/\/www.eczk.cz\/wp-content\/uploads\/2022\/08\/006-hm-768x513.jpg 768w, https:\/\/www.eczk.cz\/wp-content\/uploads\/2022\/08\/006-hm-1536x1025.jpg 1536w, https:\/\/www.eczk.cz\/wp-content\/uploads\/2022\/08\/006-hm.jpg 2048w\" sizes=\"(max-width: 300px) 100vw, 300px\" \/><\/a>\t\t\t<\/dt>\n\t\t\t<dd>\n\t\t\t\t\t\t\t\t\t\t\t<\/dd>\n\t\t<\/dl>\n\t\t\t<dl class=\"gallery-item\">\n\t\t\t<dt class=\"gallery-icon\">\n\t\t\t<a data-title=\"\" title=\"\" href=\"https:\/\/www.eczk.cz\/wp-content\/uploads\/2022\/08\/009-hm.jpg\" data-rel=\"tb_4pbd643\" class=\"themify_lightbox\"><img loading=\"lazy\" src=\"https:\/\/www.eczk.cz\/wp-content\/uploads\/2022\/08\/009-hm-1024x682-300x200.jpg\" width=\"300\" height=\"200\" class=\"wp-post-image wp-image-3052\" title=\"009-hm\" alt=\"009-hm\" srcset=\"https:\/\/www.eczk.cz\/wp-content\/uploads\/2022\/08\/009-hm-1024x682-300x200.jpg 300w, https:\/\/www.eczk.cz\/wp-content\/uploads\/2022\/08\/009-hm-1024x682.jpg 1024w, https:\/\/www.eczk.cz\/wp-content\/uploads\/2022\/08\/009-hm-768x511.jpg 768w, https:\/\/www.eczk.cz\/wp-content\/uploads\/2022\/08\/009-hm-1536x1022.jpg 1536w, https:\/\/www.eczk.cz\/wp-content\/uploads\/2022\/08\/009-hm.jpg 2048w\" sizes=\"(max-width: 300px) 100vw, 300px\" \/><\/a>\t\t\t<\/dt>\n\t\t\t<dd>\n\t\t\t\t\t\t\t\t\t\t\t<\/dd>\n\t\t<\/dl>\n\t\t\t<dl class=\"gallery-item\">\n\t\t\t<dt class=\"gallery-icon\">\n\t\t\t<a data-title=\"\" title=\"\" href=\"https:\/\/www.eczk.cz\/wp-content\/uploads\/2022\/08\/010-hm.jpg\" data-rel=\"tb_4pbd643\" class=\"themify_lightbox\"><img loading=\"lazy\" src=\"https:\/\/www.eczk.cz\/wp-content\/uploads\/2022\/08\/010-hm-1024x684-300x200.jpg\" width=\"300\" height=\"200\" class=\"wp-post-image wp-image-3053\" title=\"010-hm\" alt=\"010-hm\" srcset=\"https:\/\/www.eczk.cz\/wp-content\/uploads\/2022\/08\/010-hm-1024x684-300x200.jpg 300w, https:\/\/www.eczk.cz\/wp-content\/uploads\/2022\/08\/010-hm-1024x684.jpg 1024w, https:\/\/www.eczk.cz\/wp-content\/uploads\/2022\/08\/010-hm-768x513.jpg 768w, https:\/\/www.eczk.cz\/wp-content\/uploads\/2022\/08\/010-hm-1536x1025.jpg 1536w, https:\/\/www.eczk.cz\/wp-content\/uploads\/2022\/08\/010-hm.jpg 2048w\" sizes=\"(max-width: 300px) 100vw, 300px\" \/><\/a>\t\t\t<\/dt>\n\t\t\t<dd>\n\t\t\t\t\t\t\t\t\t\t\t<\/dd>\n\t\t<\/dl>\n\t\t\t<dl class=\"gallery-item\">\n\t\t\t<dt class=\"gallery-icon\">\n\t\t\t<a data-title=\"\" title=\"\" href=\"https:\/\/www.eczk.cz\/wp-content\/uploads\/2022\/08\/012-hm.jpg\" data-rel=\"tb_4pbd643\" class=\"themify_lightbox\"><img loading=\"lazy\" src=\"https:\/\/www.eczk.cz\/wp-content\/uploads\/2022\/08\/012-hm-1024x684-300x200.jpg\" width=\"300\" height=\"200\" class=\"wp-post-image wp-image-3055\" title=\"012-hm\" alt=\"012-hm\" srcset=\"https:\/\/www.eczk.cz\/wp-content\/uploads\/2022\/08\/012-hm-1024x684-300x200.jpg 300w, https:\/\/www.eczk.cz\/wp-content\/uploads\/2022\/08\/012-hm-1024x684.jpg 1024w, https:\/\/www.eczk.cz\/wp-content\/uploads\/2022\/08\/012-hm-768x513.jpg 768w, https:\/\/www.eczk.cz\/wp-content\/uploads\/2022\/08\/012-hm-1536x1025.jpg 1536w, https:\/\/www.eczk.cz\/wp-content\/uploads\/2022\/08\/012-hm.jpg 2048w\" sizes=\"(max-width: 300px) 100vw, 300px\" \/><\/a>\t\t\t<\/dt>\n\t\t\t<dd>\n\t\t\t\t\t\t\t\t\t\t\t<\/dd>\n\t\t<\/dl>\n\t\t\t<dl class=\"gallery-item\">\n\t\t\t<dt class=\"gallery-icon\">\n\t\t\t<a data-title=\"\" title=\"\" href=\"https:\/\/www.eczk.cz\/wp-content\/uploads\/2022\/08\/013-hm.jpg\" data-rel=\"tb_4pbd643\" class=\"themify_lightbox\"><img loading=\"lazy\" src=\"https:\/\/www.eczk.cz\/wp-content\/uploads\/2022\/08\/013-hm-1024x684-300x200.jpg\" width=\"300\" height=\"200\" class=\"wp-post-image wp-image-3056\" title=\"013-hm\" alt=\"013-hm\" srcset=\"https:\/\/www.eczk.cz\/wp-content\/uploads\/2022\/08\/013-hm-1024x684-300x200.jpg 300w, https:\/\/www.eczk.cz\/wp-content\/uploads\/2022\/08\/013-hm-1024x684.jpg 1024w, https:\/\/www.eczk.cz\/wp-content\/uploads\/2022\/08\/013-hm-768x513.jpg 768w, https:\/\/www.eczk.cz\/wp-content\/uploads\/2022\/08\/013-hm-1536x1025.jpg 1536w, https:\/\/www.eczk.cz\/wp-content\/uploads\/2022\/08\/013-hm.jpg 2048w\" sizes=\"(max-width: 300px) 100vw, 300px\" \/><\/a>\t\t\t<\/dt>\n\t\t\t<dd>\n\t\t\t\t\t\t\t\t\t\t\t<\/dd>\n\t\t<\/dl>\n\t\t\t<dl class=\"gallery-item\">\n\t\t\t<dt class=\"gallery-icon\">\n\t\t\t<a data-title=\"\" title=\"\" href=\"https:\/\/www.eczk.cz\/wp-content\/uploads\/2022\/08\/014-hm.jpg\" data-rel=\"tb_4pbd643\" class=\"themify_lightbox\"><img loading=\"lazy\" src=\"https:\/\/www.eczk.cz\/wp-content\/uploads\/2022\/08\/014-hm-1024x684-300x200.jpg\" width=\"300\" height=\"200\" class=\"wp-post-image wp-image-3057\" title=\"014-hm\" alt=\"014-hm\" srcset=\"https:\/\/www.eczk.cz\/wp-content\/uploads\/2022\/08\/014-hm-1024x684-300x200.jpg 300w, https:\/\/www.eczk.cz\/wp-content\/uploads\/2022\/08\/014-hm-1024x684.jpg 1024w, https:\/\/www.eczk.cz\/wp-content\/uploads\/2022\/08\/014-hm-768x513.jpg 768w, https:\/\/www.eczk.cz\/wp-content\/uploads\/2022\/08\/014-hm-1536x1025.jpg 1536w, https:\/\/www.eczk.cz\/wp-content\/uploads\/2022\/08\/014-hm.jpg 2048w\" sizes=\"(max-width: 300px) 100vw, 300px\" \/><\/a>\t\t\t<\/dt>\n\t\t\t<dd>\n\t\t\t\t\t\t\t\t\t\t\t<\/dd>\n\t\t<\/dl>\n\t\t\t<dl class=\"gallery-item\">\n\t\t\t<dt class=\"gallery-icon\">\n\t\t\t<a data-title=\"\" title=\"\" href=\"https:\/\/www.eczk.cz\/wp-content\/uploads\/2022\/08\/016-hm.jpg\" data-rel=\"tb_4pbd643\" class=\"themify_lightbox\"><img loading=\"lazy\" src=\"https:\/\/www.eczk.cz\/wp-content\/uploads\/2022\/08\/016-hm-684x1024-300x200.jpg\" width=\"300\" height=\"200\" class=\"wp-post-image wp-image-3059\" title=\"016-hm\" alt=\"016-hm\"><\/a>\t\t\t<\/dt>\n\t\t\t<dd>\n\t\t\t\t\t\t\t\t\t\t\t<\/dd>\n\t\t<\/dl>\n\t\t\t<dl class=\"gallery-item\">\n\t\t\t<dt class=\"gallery-icon\">\n\t\t\t<a data-title=\"\" title=\"\" href=\"https:\/\/www.eczk.cz\/wp-content\/uploads\/2022\/08\/018-hm.jpg\" data-rel=\"tb_4pbd643\" class=\"themify_lightbox\"><img loading=\"lazy\" src=\"https:\/\/www.eczk.cz\/wp-content\/uploads\/2022\/08\/018-hm-682x1024-300x200.jpg\" width=\"300\" height=\"200\" class=\"wp-post-image wp-image-3061\" title=\"018-hm\" alt=\"018-hm\"><\/a>\t\t\t<\/dt>\n\t\t\t<dd>\n\t\t\t\t\t\t\t\t\t\t\t<\/dd>\n\t\t<\/dl>\n\t\t\t<dl class=\"gallery-item\">\n\t\t\t<dt class=\"gallery-icon\">\n\t\t\t<a data-title=\"\" title=\"\" href=\"https:\/\/www.eczk.cz\/wp-content\/uploads\/2022\/08\/023-hm.jpg\" data-rel=\"tb_4pbd643\" class=\"themify_lightbox\"><img loading=\"lazy\" src=\"https:\/\/www.eczk.cz\/wp-content\/uploads\/2022\/08\/023-hm-684x1024-300x200.jpg\" width=\"300\" height=\"200\" class=\"wp-post-image wp-image-3066\" title=\"023-hm\" alt=\"023-hm\"><\/a>\t\t\t<\/dt>\n\t\t\t<dd>\n\t\t\t\t\t\t\t\t\t\t\t<\/dd>\n\t\t<\/dl>\n\t\t\t<dl class=\"gallery-item\">\n\t\t\t<dt class=\"gallery-icon\">\n\t\t\t<a data-title=\"\" title=\"\" href=\"https:\/\/www.eczk.cz\/wp-content\/uploads\/2022\/08\/024-hm.jpg\" data-rel=\"tb_4pbd643\" class=\"themify_lightbox\"><img loading=\"lazy\" src=\"https:\/\/www.eczk.cz\/wp-content\/uploads\/2022\/08\/024-hm-684x1024-300x200.jpg\" width=\"300\" height=\"200\" class=\"wp-post-image wp-image-3067\" title=\"024-hm\" alt=\"024-hm\"><\/a>\t\t\t<\/dt>\n\t\t\t<dd>\n\t\t\t\t\t\t\t\t\t\t\t<\/dd>\n\t\t<\/dl>\n\t\t\t<dl class=\"gallery-item\">\n\t\t\t<dt class=\"gallery-icon\">\n\t\t\t<a data-title=\"\" title=\"\" href=\"https:\/\/www.eczk.cz\/wp-content\/uploads\/2022\/08\/025-hm.jpg\" data-rel=\"tb_4pbd643\" class=\"themify_lightbox\"><img loading=\"lazy\" src=\"https:\/\/www.eczk.cz\/wp-content\/uploads\/2022\/08\/025-hm-684x1024-300x200.jpg\" width=\"300\" height=\"200\" class=\"wp-post-image wp-image-3068\" title=\"025-hm\" alt=\"025-hm\"><\/a>\t\t\t<\/dt>\n\t\t\t<dd>\n\t\t\t\t\t\t\t\t\t\t\t<\/dd>\n\t\t<\/dl>\n\t\t\t<dl class=\"gallery-item\">\n\t\t\t<dt class=\"gallery-icon\">\n\t\t\t<a data-title=\"\" title=\"\" href=\"https:\/\/www.eczk.cz\/wp-content\/uploads\/2022\/08\/030-hm.jpg\" data-rel=\"tb_4pbd643\" class=\"themify_lightbox\"><img loading=\"lazy\" src=\"https:\/\/www.eczk.cz\/wp-content\/uploads\/2022\/08\/030-hm-684x1024-300x200.jpg\" width=\"300\" height=\"200\" class=\"wp-post-image wp-image-3073\" title=\"030-hm\" alt=\"030-hm\"><\/a>\t\t\t<\/dt>\n\t\t\t<dd>\n\t\t\t\t\t\t\t\t\t\t\t<\/dd>\n\t\t<\/dl>\n\t\t\t<dl class=\"gallery-item\">\n\t\t\t<dt class=\"gallery-icon\">\n\t\t\t<a data-title=\"\" title=\"\" href=\"https:\/\/www.eczk.cz\/wp-content\/uploads\/2022\/08\/031-hm.jpg\" data-rel=\"tb_4pbd643\" class=\"themify_lightbox\"><img loading=\"lazy\" src=\"https:\/\/www.eczk.cz\/wp-content\/uploads\/2022\/08\/031-hm-684x1024-300x200.jpg\" width=\"300\" height=\"200\" class=\"wp-post-image wp-image-3074\" title=\"031-hm\" alt=\"031-hm\"><\/a>\t\t\t<\/dt>\n\t\t\t<dd>\n\t\t\t\t\t\t\t\t\t\t\t<\/dd>\n\t\t<\/dl>\n\t\t\t<dl class=\"gallery-item\">\n\t\t\t<dt class=\"gallery-icon\">\n\t\t\t<a data-title=\"\" title=\"\" href=\"https:\/\/www.eczk.cz\/wp-content\/uploads\/2022\/08\/032-hm.jpg\" data-rel=\"tb_4pbd643\" class=\"themify_lightbox\"><img loading=\"lazy\" src=\"https:\/\/www.eczk.cz\/wp-content\/uploads\/2022\/08\/032-hm-1024x684-300x200.jpg\" width=\"300\" height=\"200\" class=\"wp-post-image wp-image-3075\" title=\"032-hm\" alt=\"032-hm\" srcset=\"https:\/\/www.eczk.cz\/wp-content\/uploads\/2022\/08\/032-hm-1024x684-300x200.jpg 300w, https:\/\/www.eczk.cz\/wp-content\/uploads\/2022\/08\/032-hm-1024x684.jpg 1024w, https:\/\/www.eczk.cz\/wp-content\/uploads\/2022\/08\/032-hm-768x513.jpg 768w, https:\/\/www.eczk.cz\/wp-content\/uploads\/2022\/08\/032-hm-1536x1025.jpg 1536w, https:\/\/www.eczk.cz\/wp-content\/uploads\/2022\/08\/032-hm.jpg 2048w\" sizes=\"(max-width: 300px) 100vw, 300px\" \/><\/a>\t\t\t<\/dt>\n\t\t\t<dd>\n\t\t\t\t\t\t\t\t\t\t\t<\/dd>\n\t\t<\/dl>\n\t\t\t<dl class=\"gallery-item\">\n\t\t\t<dt class=\"gallery-icon\">\n\t\t\t<a data-title=\"\" title=\"\" href=\"https:\/\/www.eczk.cz\/wp-content\/uploads\/2022\/08\/035-hm.jpg\" data-rel=\"tb_4pbd643\" class=\"themify_lightbox\"><img loading=\"lazy\" src=\"https:\/\/www.eczk.cz\/wp-content\/uploads\/2022\/08\/035-hm-684x1024-300x200.jpg\" width=\"300\" height=\"200\" class=\"wp-post-image wp-image-3078\" title=\"035-hm\" alt=\"035-hm\"><\/a>\t\t\t<\/dt>\n\t\t\t<dd>\n\t\t\t\t\t\t\t\t\t\t\t<\/dd>\n\t\t<\/dl>\n\t\t\t<dl class=\"gallery-item\">\n\t\t\t<dt class=\"gallery-icon\">\n\t\t\t<a data-title=\"\" title=\"\" href=\"https:\/\/www.eczk.cz\/wp-content\/uploads\/2022\/08\/045-hm.jpg\" data-rel=\"tb_4pbd643\" class=\"themify_lightbox\"><img loading=\"lazy\" src=\"https:\/\/www.eczk.cz\/wp-content\/uploads\/2022\/08\/045-hm-1024x684-300x200.jpg\" width=\"300\" height=\"200\" class=\"wp-post-image wp-image-3088\" title=\"045-hm\" alt=\"045-hm\" srcset=\"https:\/\/www.eczk.cz\/wp-content\/uploads\/2022\/08\/045-hm-1024x684-300x200.jpg 300w, https:\/\/www.eczk.cz\/wp-content\/uploads\/2022\/08\/045-hm-1024x684.jpg 1024w, https:\/\/www.eczk.cz\/wp-content\/uploads\/2022\/08\/045-hm-768x513.jpg 768w, https:\/\/www.eczk.cz\/wp-content\/uploads\/2022\/08\/045-hm-1536x1025.jpg 1536w, https:\/\/www.eczk.cz\/wp-content\/uploads\/2022\/08\/045-hm.jpg 2048w\" sizes=\"(max-width: 300px) 100vw, 300px\" \/><\/a>\t\t\t<\/dt>\n\t\t\t<dd>\n\t\t\t\t\t\t\t\t\t\t\t<\/dd>\n\t\t<\/dl>\n\t\t\t<dl class=\"gallery-item\">\n\t\t\t<dt class=\"gallery-icon\">\n\t\t\t<a data-title=\"\" title=\"\" href=\"https:\/\/www.eczk.cz\/wp-content\/uploads\/2022\/08\/046-hm.jpg\" data-rel=\"tb_4pbd643\" class=\"themify_lightbox\"><img loading=\"lazy\" src=\"https:\/\/www.eczk.cz\/wp-content\/uploads\/2022\/08\/046-hm-1024x684-300x200.jpg\" width=\"300\" height=\"200\" class=\"wp-post-image wp-image-3089\" title=\"046-hm\" alt=\"046-hm\" srcset=\"https:\/\/www.eczk.cz\/wp-content\/uploads\/2022\/08\/046-hm-1024x684-300x200.jpg 300w, https:\/\/www.eczk.cz\/wp-content\/uploads\/2022\/08\/046-hm-1024x684.jpg 1024w, https:\/\/www.eczk.cz\/wp-content\/uploads\/2022\/08\/046-hm-768x513.jpg 768w, https:\/\/www.eczk.cz\/wp-content\/uploads\/2022\/08\/046-hm-1536x1025.jpg 1536w, https:\/\/www.eczk.cz\/wp-content\/uploads\/2022\/08\/046-hm.jpg 2048w\" sizes=\"(max-width: 300px) 100vw, 300px\" \/><\/a>\t\t\t<\/dt>\n\t\t\t<dd>\n\t\t\t\t\t\t\t\t\t\t\t<\/dd>\n\t\t<\/dl>\n\t\t\t<dl class=\"gallery-item\">\n\t\t\t<dt class=\"gallery-icon\">\n\t\t\t<a data-title=\"\" title=\"\" href=\"https:\/\/www.eczk.cz\/wp-content\/uploads\/2022\/08\/048-hm.jpg\" data-rel=\"tb_4pbd643\" class=\"themify_lightbox\"><img loading=\"lazy\" src=\"https:\/\/www.eczk.cz\/wp-content\/uploads\/2022\/08\/048-hm-1024x684-300x200.jpg\" width=\"300\" height=\"200\" class=\"wp-post-image wp-image-3091\" title=\"048-hm\" alt=\"048-hm\" srcset=\"https:\/\/www.eczk.cz\/wp-content\/uploads\/2022\/08\/048-hm-1024x684-300x200.jpg 300w, https:\/\/www.eczk.cz\/wp-content\/uploads\/2022\/08\/048-hm-1024x684.jpg 1024w, https:\/\/www.eczk.cz\/wp-content\/uploads\/2022\/08\/048-hm-768x513.jpg 768w, https:\/\/www.eczk.cz\/wp-content\/uploads\/2022\/08\/048-hm-1536x1025.jpg 1536w, https:\/\/www.eczk.cz\/wp-content\/uploads\/2022\/08\/048-hm.jpg 2048w\" sizes=\"(max-width: 300px) 100vw, 300px\" \/><\/a>\t\t\t<\/dt>\n\t\t\t<dd>\n\t\t\t\t\t\t\t\t\t\t\t<\/dd>\n\t\t<\/dl>\n\t\t\t<dl class=\"gallery-item\">\n\t\t\t<dt class=\"gallery-icon\">\n\t\t\t<a data-title=\"\" title=\"\" href=\"https:\/\/www.eczk.cz\/wp-content\/uploads\/2022\/08\/051-hm.jpg\" data-rel=\"tb_4pbd643\" class=\"themify_lightbox\"><img loading=\"lazy\" src=\"https:\/\/www.eczk.cz\/wp-content\/uploads\/2022\/08\/051-hm-1024x684-300x200.jpg\" width=\"300\" height=\"200\" class=\"wp-post-image wp-image-3094\" title=\"051-hm\" alt=\"051-hm\" srcset=\"https:\/\/www.eczk.cz\/wp-content\/uploads\/2022\/08\/051-hm-1024x684-300x200.jpg 300w, https:\/\/www.eczk.cz\/wp-content\/uploads\/2022\/08\/051-hm-1024x684.jpg 1024w, https:\/\/www.eczk.cz\/wp-content\/uploads\/2022\/08\/051-hm-768x513.jpg 768w, https:\/\/www.eczk.cz\/wp-content\/uploads\/2022\/08\/051-hm-1536x1025.jpg 1536w, https:\/\/www.eczk.cz\/wp-content\/uploads\/2022\/08\/051-hm.jpg 2048w\" sizes=\"(max-width: 300px) 100vw, 300px\" \/><\/a>\t\t\t<\/dt>\n\t\t\t<dd>\n\t\t\t\t\t\t\t\t\t\t\t<\/dd>\n\t\t<\/dl>\n\t\t\t<dl class=\"gallery-item\">\n\t\t\t<dt class=\"gallery-icon\">\n\t\t\t<a data-title=\"\" title=\"\" href=\"https:\/\/www.eczk.cz\/wp-content\/uploads\/2022\/08\/052-hm.jpg\" data-rel=\"tb_4pbd643\" class=\"themify_lightbox\"><img loading=\"lazy\" src=\"https:\/\/www.eczk.cz\/wp-content\/uploads\/2022\/08\/052-hm-1024x684-300x200.jpg\" width=\"300\" height=\"200\" class=\"wp-post-image wp-image-3095\" title=\"052-hm\" alt=\"052-hm\" srcset=\"https:\/\/www.eczk.cz\/wp-content\/uploads\/2022\/08\/052-hm-1024x684-300x200.jpg 300w, https:\/\/www.eczk.cz\/wp-content\/uploads\/2022\/08\/052-hm-1024x684.jpg 1024w, https:\/\/www.eczk.cz\/wp-content\/uploads\/2022\/08\/052-hm-768x513.jpg 768w, https:\/\/www.eczk.cz\/wp-content\/uploads\/2022\/08\/052-hm-1536x1025.jpg 1536w, https:\/\/www.eczk.cz\/wp-content\/uploads\/2022\/08\/052-hm.jpg 2048w\" sizes=\"(max-width: 300px) 100vw, 300px\" \/><\/a>\t\t\t<\/dt>\n\t\t\t<dd>\n\t\t\t\t\t\t\t\t\t\t\t<\/dd>\n\t\t<\/dl>\n\t<\/div>\n\n<\/div>\n<!-- \/module gallery -->\n\t        <\/div>\n\t    \t<\/div>\n\t\t    <\/div>\n\t    <!-- \/row_inner -->\n\t<\/div>\n\t<!-- \/module_row -->\n\t<\/div>\n\n","protected":false},"excerpt":{"rendered":"<p>Hana Ma\u0161l\u00edkov\u00e1<\/p>\n","protected":false},"author":3,"featured_media":0,"parent":0,"menu_order":0,"comment_status":"closed","ping_status":"closed","template":"","meta":[],"categories":[],"tags":[],"builder_content":"<h3 style=\"text-align: center;\"><a title=\"https:\/\/www.instagram.com\/anetavignerova\/\" href=\"https:\/\/www.instagram.com\/hanamaslikova\/?hl=cs\" target=\"_blank\" rel=\"noreferrer noopener\">Hana Ma\u0161l\u00edkov\u00e1<\/a><\/h3>\n[gallery ids=\"3076,3077,3044,3045,3046,3047,3048,3049,3052,3053,3055,3056,3057,3059,3061,3066,3067,3068,3073,3074,3075,3078,3088,3089,3091,3094,3095\"]","_links":{"self":[{"href":"https:\/\/www.eczk.cz\/index.php\/wp-json\/wp\/v2\/pages\/3043"}],"collection":[{"href":"https:\/\/www.eczk.cz\/index.php\/wp-json\/wp\/v2\/pages"}],"about":[{"href":"https:\/\/www.eczk.cz\/index.php\/wp-json\/wp\/v2\/types\/page"}],"author":[{"embeddable":true,"href":"https:\/\/www.eczk.cz\/index.php\/wp-json\/wp\/v2\/users\/3"}],"replies":[{"embeddable":true,"href":"https:\/\/www.eczk.cz\/index.php\/wp-json\/wp\/v2\/comments?post=3043"}],"version-history":[{"count":8,"href":"https:\/\/www.eczk.cz\/index.php\/wp-json\/wp\/v2\/pages\/3043\/revisions"}],"predecessor-version":[{"id":3106,"href":"https:\/\/www.eczk.cz\/index.php\/wp-json\/wp\/v2\/pages\/3043\/revisions\/3106"}],"wp:attachment":[{"href":"https:\/\/www.eczk.cz\/index.php\/wp-json\/wp\/v2\/media?parent=3043"}],"wp:term":[{"taxonomy":"category","embeddable":true,"href":"https:\/\/www.eczk.cz\/index.php\/wp-json\/wp\/v2\/categories?post=3043"},{"taxonomy":"post_tag","embeddable":true,"href":"https:\/\/www.eczk.cz\/index.php\/wp-json\/wp\/v2\/tags?post=3043"}],"curies":[{"name":"wp","href":"https:\/\/api.w.org\/{rel}","templated":true}]}}