{"id":2985,"date":"2022-06-15T12:18:52","date_gmt":"2022-06-15T10:18:52","guid":{"rendered":"http:\/\/www.eczk.cz\/?page_id=2985"},"modified":"2022-06-15T12:18:53","modified_gmt":"2022-06-15T10:18:53","slug":"katerina-prusova","status":"publish","type":"page","link":"https:\/\/www.eczk.cz\/index.php\/katerina-prusova\/","title":{"rendered":"Kate\u0159ina Pr\u016f\u0161ov\u00e1"},"content":{"rendered":"<div id=\"themify_builder_content-2985\" data-postid=\"2985\" class=\"themify_builder_content themify_builder_content-2985 themify_builder tf_clear\">\n    \t<!-- module_row -->\n\t<div   data-css_id=\"tb_5wl3123\" data-lazy=\"1\" class=\"themify_builder_row module_row fullwidth tb_5wl3123 tb_first clearfix\">\n\t    \t    <div class=\"row_inner col_align_top tf_box tf_w tf_rel\" >\n\t\t\t<div  data-lazy=\"1\" class=\"module_column tb-column col-full first tb_9uoo123 tf_box\">\n\t    \t    \t        <div class=\"tb-column-inner tf_box tf_w\">\n\t\t    <!-- module text -->\n<div  class=\"module module-text tb_rmzr146   \" data-lazy=\"1\">\n            <div  class=\"tb_text_wrap\">\n    <h3 style=\"text-align: center;\"><a href=\"https:\/\/www.instagram.com\/katerinaprusova1\/\" target=\"_blank\" rel=\"noreferrer noopener\">Kate\u0159ina Pr\u016f\u0161ov\u00e1<\/a><\/h3>    <\/div>\n<\/div>\n<!-- \/module text --><!-- module gallery -->\n<div  class=\"module gallery module-gallery tb_mgx1179 layout-grid  \" data-lazy=\"1\">\n            <div class=\"module-gallery-grid gallery-columns-3 tf_clear\">\n\t\t\t<dl class=\"gallery-item\">\n\t\t\t<dt class=\"gallery-icon\">\n\t\t\t<a data-title=\"\" title=\"\" href=\"https:\/\/www.eczk.cz\/wp-content\/uploads\/2021\/01\/FDS2615-scaled.jpg\" data-rel=\"tb_mgx1179\" class=\"themify_lightbox\"><img loading=\"lazy\" src=\"https:\/\/www.eczk.cz\/wp-content\/uploads\/2021\/01\/FDS2615-1024x734-300x200.jpg\" width=\"300\" height=\"200\" class=\"wp-post-image wp-image-2203\" title=\"_FDS2615\" alt=\"_FDS2615\"><\/a>\t\t\t<\/dt>\n\t\t\t<dd>\n\t\t\t\t\t\t\t\t\t\t\t<\/dd>\n\t\t<\/dl>\n\t\t\t<dl class=\"gallery-item\">\n\t\t\t<dt class=\"gallery-icon\">\n\t\t\t<a data-title=\"\" title=\"\" href=\"https:\/\/www.eczk.cz\/wp-content\/uploads\/2021\/01\/FDS2632-scaled.jpg\" data-rel=\"tb_mgx1179\" class=\"themify_lightbox\"><img loading=\"lazy\" src=\"https:\/\/www.eczk.cz\/wp-content\/uploads\/2021\/01\/FDS2632-1024x715-300x200.jpg\" width=\"300\" height=\"200\" class=\"wp-post-image wp-image-2205\" title=\"_FDS2632\" alt=\"_FDS2632\"><\/a>\t\t\t<\/dt>\n\t\t\t<dd>\n\t\t\t\t\t\t\t\t\t\t\t<\/dd>\n\t\t<\/dl>\n\t\t\t<dl class=\"gallery-item\">\n\t\t\t<dt class=\"gallery-icon\">\n\t\t\t<a data-title=\"\" title=\"\" href=\"https:\/\/www.eczk.cz\/wp-content\/uploads\/2021\/01\/FDS2620-scaled.jpg\" data-rel=\"tb_mgx1179\" class=\"themify_lightbox\"><img loading=\"lazy\" src=\"https:\/\/www.eczk.cz\/wp-content\/uploads\/2021\/01\/FDS2620-1024x774-300x200.jpg\" width=\"300\" height=\"200\" class=\"wp-post-image wp-image-2204\" title=\"_FDS2620\" alt=\"_FDS2620\"><\/a>\t\t\t<\/dt>\n\t\t\t<dd>\n\t\t\t\t\t\t\t\t\t\t\t<\/dd>\n\t\t<\/dl>\n\t\t\t<dl class=\"gallery-item\">\n\t\t\t<dt class=\"gallery-icon\">\n\t\t\t<a data-title=\"\" title=\"\" href=\"https:\/\/www.eczk.cz\/wp-content\/uploads\/2021\/01\/JDS9192-scaled.jpg\" data-rel=\"tb_mgx1179\" class=\"themify_lightbox\"><img loading=\"lazy\" src=\"https:\/\/www.eczk.cz\/wp-content\/uploads\/2021\/01\/JDS9192-1024x646-300x200.jpg\" width=\"300\" height=\"200\" class=\"wp-post-image wp-image-2217\" title=\"_JDS9192\" alt=\"_JDS9192\"><\/a>\t\t\t<\/dt>\n\t\t\t<dd>\n\t\t\t\t\t\t\t\t\t\t\t<\/dd>\n\t\t<\/dl>\n\t\t\t<dl class=\"gallery-item\">\n\t\t\t<dt class=\"gallery-icon\">\n\t\t\t<a data-title=\"\" title=\"\" href=\"https:\/\/www.eczk.cz\/wp-content\/uploads\/2021\/01\/FDS2882-scaled.jpg\" data-rel=\"tb_mgx1179\" class=\"themify_lightbox\"><img loading=\"lazy\" src=\"https:\/\/www.eczk.cz\/wp-content\/uploads\/2021\/01\/FDS2882-682x1024-300x200.jpg\" width=\"300\" height=\"200\" class=\"wp-post-image wp-image-2215\" title=\"_FDS2882\" alt=\"_FDS2882\"><\/a>\t\t\t<\/dt>\n\t\t\t<dd>\n\t\t\t\t\t\t\t\t\t\t\t<\/dd>\n\t\t<\/dl>\n\t\t\t<dl class=\"gallery-item\">\n\t\t\t<dt class=\"gallery-icon\">\n\t\t\t<a data-title=\"\" title=\"\" href=\"https:\/\/www.eczk.cz\/wp-content\/uploads\/2021\/01\/JDS9817-scaled.jpg\" data-rel=\"tb_mgx1179\" class=\"themify_lightbox\"><img loading=\"lazy\" src=\"https:\/\/www.eczk.cz\/wp-content\/uploads\/2021\/01\/JDS9817-1024x796-300x200.jpg\" width=\"300\" height=\"200\" class=\"wp-post-image wp-image-2224\" title=\"_JDS9817\" alt=\"_JDS9817\"><\/a>\t\t\t<\/dt>\n\t\t\t<dd>\n\t\t\t\t\t\t\t\t\t\t\t<\/dd>\n\t\t<\/dl>\n\t<\/div>\n\n<\/div>\n<!-- \/module gallery -->\n\t        <\/div>\n\t    \t<\/div>\n\t\t    <\/div>\n\t    <!-- \/row_inner -->\n\t<\/div>\n\t<!-- \/module_row -->\n\t<\/div>\n\n","protected":false},"excerpt":{"rendered":"<p>Kate\u0159ina Pr\u016f\u0161ov\u00e1<\/p>\n","protected":false},"author":3,"featured_media":0,"parent":0,"menu_order":0,"comment_status":"closed","ping_status":"closed","template":"","meta":[],"categories":[],"tags":[],"builder_content":"<h3 style=\"text-align: center;\"><a href=\"https:\/\/www.instagram.com\/katerinaprusova1\/\" target=\"_blank\" rel=\"noreferrer noopener\">Kate\u0159ina Pr\u016f\u0161ov\u00e1<\/a><\/h3>\n[gallery ids=\"2203,2205,2204,2217,2215,2224\"]","_links":{"self":[{"href":"https:\/\/www.eczk.cz\/index.php\/wp-json\/wp\/v2\/pages\/2985"}],"collection":[{"href":"https:\/\/www.eczk.cz\/index.php\/wp-json\/wp\/v2\/pages"}],"about":[{"href":"https:\/\/www.eczk.cz\/index.php\/wp-json\/wp\/v2\/types\/page"}],"author":[{"embeddable":true,"href":"https:\/\/www.eczk.cz\/index.php\/wp-json\/wp\/v2\/users\/3"}],"replies":[{"embeddable":true,"href":"https:\/\/www.eczk.cz\/index.php\/wp-json\/wp\/v2\/comments?post=2985"}],"version-history":[{"count":2,"href":"https:\/\/www.eczk.cz\/index.php\/wp-json\/wp\/v2\/pages\/2985\/revisions"}],"predecessor-version":[{"id":2987,"href":"https:\/\/www.eczk.cz\/index.php\/wp-json\/wp\/v2\/pages\/2985\/revisions\/2987"}],"wp:attachment":[{"href":"https:\/\/www.eczk.cz\/index.php\/wp-json\/wp\/v2\/media?parent=2985"}],"wp:term":[{"taxonomy":"category","embeddable":true,"href":"https:\/\/www.eczk.cz\/index.php\/wp-json\/wp\/v2\/categories?post=2985"},{"taxonomy":"post_tag","embeddable":true,"href":"https:\/\/www.eczk.cz\/index.php\/wp-json\/wp\/v2\/tags?post=2985"}],"curies":[{"name":"wp","href":"https:\/\/api.w.org\/{rel}","templated":true}]}}