{"id":2699,"date":"2022-02-15T10:52:12","date_gmt":"2022-02-15T08:52:12","guid":{"rendered":"http:\/\/www.eczk.cz\/?page_id=2699"},"modified":"2022-02-15T10:56:32","modified_gmt":"2022-02-15T08:56:32","slug":"mudr-pavel-krejzlik-v-dobrem-ranu-na-ct-1-2022","status":"publish","type":"page","link":"https:\/\/www.eczk.cz\/index.php\/mudr-pavel-krejzlik-v-dobrem-ranu-na-ct-1-2022\/","title":{"rendered":"MUDr. Pavel Krejzl\u00edk v Dobr\u00e9m r\u00e1nu na \u010cT 1  2022"},"content":{"rendered":"<div id=\"themify_builder_content-2699\" data-postid=\"2699\" class=\"themify_builder_content themify_builder_content-2699 themify_builder tf_clear\">\n    \t<!-- module_row -->\n\t<div   data-css_id=\"tb_5wl3123\" data-lazy=\"1\" class=\"themify_builder_row module_row fullwidth tb_5wl3123 tb_first clearfix\">\n\t    \t    <div class=\"row_inner col_align_top tf_box tf_w tf_rel\" >\n\t\t\t<div  data-lazy=\"1\" class=\"module_column tb-column col-full first tb_9uoo123 tf_box\">\n\t    \t    \t        <div class=\"tb-column-inner tf_box tf_w\">\n\t\t    <!-- module gallery -->\n<div  class=\"module gallery module-gallery tb_hgm684 layout-grid  \" data-lazy=\"1\">\n            <div class=\"module-gallery-grid gallery-columns-4 tf_clear\">\n\t\t\t<dl class=\"gallery-item\">\n\t\t\t<dt class=\"gallery-icon\">\n\t\t\t<a data-title=\"\" title=\"\" href=\"https:\/\/www.eczk.cz\/wp-content\/uploads\/2022\/02\/IMG_5423-scaled.jpg\" data-rel=\"tb_hgm684\" class=\"themify_lightbox\"><img loading=\"lazy\" src=\"https:\/\/www.eczk.cz\/wp-content\/uploads\/2022\/02\/IMG_5423-1024x768-300x200.jpg\" width=\"300\" height=\"200\" class=\"wp-post-image wp-image-2701\" title=\"IMG_5423\" alt=\"IMG_5423\"><\/a>\t\t\t<\/dt>\n\t\t\t<dd>\n\t\t\t\t\t\t\t\t\t\t\t<\/dd>\n\t\t<\/dl>\n\t\t\t<dl class=\"gallery-item\">\n\t\t\t<dt class=\"gallery-icon\">\n\t\t\t<a data-title=\"\" title=\"\" href=\"https:\/\/www.eczk.cz\/wp-content\/uploads\/2022\/02\/IMG_5422-scaled.jpg\" data-rel=\"tb_hgm684\" class=\"themify_lightbox\"><img loading=\"lazy\" src=\"https:\/\/www.eczk.cz\/wp-content\/uploads\/2022\/02\/IMG_5422-768x1024-300x200.jpg\" width=\"300\" height=\"200\" class=\"wp-post-image wp-image-2702\" title=\"IMG_5422\" alt=\"IMG_5422\"><\/a>\t\t\t<\/dt>\n\t\t\t<dd>\n\t\t\t\t\t\t\t\t\t\t\t<\/dd>\n\t\t<\/dl>\n\t\t\t<dl class=\"gallery-item\">\n\t\t\t<dt class=\"gallery-icon\">\n\t\t\t<a data-title=\"\" title=\"\" href=\"https:\/\/www.eczk.cz\/wp-content\/uploads\/2022\/02\/IMG_5421-scaled.jpg\" data-rel=\"tb_hgm684\" class=\"themify_lightbox\"><img loading=\"lazy\" src=\"https:\/\/www.eczk.cz\/wp-content\/uploads\/2022\/02\/IMG_5421-1024x768-300x200.jpg\" width=\"300\" height=\"200\" class=\"wp-post-image wp-image-2703\" title=\"IMG_5421\" alt=\"IMG_5421\"><\/a>\t\t\t<\/dt>\n\t\t\t<dd>\n\t\t\t\t\t\t\t\t\t\t\t<\/dd>\n\t\t<\/dl>\n\t\t\t<dl class=\"gallery-item\">\n\t\t\t<dt class=\"gallery-icon\">\n\t\t\t<a data-title=\"\" title=\"\" href=\"https:\/\/www.eczk.cz\/wp-content\/uploads\/2022\/02\/IMG_5420-scaled.jpg\" data-rel=\"tb_hgm684\" class=\"themify_lightbox\"><img loading=\"lazy\" src=\"https:\/\/www.eczk.cz\/wp-content\/uploads\/2022\/02\/IMG_5420-1024x768-300x200.jpg\" width=\"300\" height=\"200\" class=\"wp-post-image wp-image-2704\" title=\"IMG_5420\" alt=\"IMG_5420\"><\/a>\t\t\t<\/dt>\n\t\t\t<dd>\n\t\t\t\t\t\t\t\t\t\t\t<\/dd>\n\t\t<\/dl>\n\t\t\t<dl class=\"gallery-item\">\n\t\t\t<dt class=\"gallery-icon\">\n\t\t\t<a data-title=\"\" title=\"\" href=\"https:\/\/www.eczk.cz\/wp-content\/uploads\/2022\/02\/IMG_5419-scaled.jpg\" data-rel=\"tb_hgm684\" class=\"themify_lightbox\"><img loading=\"lazy\" src=\"https:\/\/www.eczk.cz\/wp-content\/uploads\/2022\/02\/IMG_5419-1024x768-300x200.jpg\" width=\"300\" height=\"200\" class=\"wp-post-image wp-image-2705\" title=\"IMG_5419\" alt=\"IMG_5419\"><\/a>\t\t\t<\/dt>\n\t\t\t<dd>\n\t\t\t\t\t\t\t\t\t\t\t<\/dd>\n\t\t<\/dl>\n\t\t\t<dl class=\"gallery-item\">\n\t\t\t<dt class=\"gallery-icon\">\n\t\t\t<a data-title=\"\" title=\"\" href=\"https:\/\/www.eczk.cz\/wp-content\/uploads\/2022\/02\/IMG_5418-scaled.jpg\" data-rel=\"tb_hgm684\" class=\"themify_lightbox\"><img loading=\"lazy\" src=\"https:\/\/www.eczk.cz\/wp-content\/uploads\/2022\/02\/IMG_5418-1024x768-300x200.jpg\" width=\"300\" height=\"200\" class=\"wp-post-image wp-image-2706\" title=\"IMG_5418\" alt=\"IMG_5418\"><\/a>\t\t\t<\/dt>\n\t\t\t<dd>\n\t\t\t\t\t\t\t\t\t\t\t<\/dd>\n\t\t<\/dl>\n\t\t\t<dl class=\"gallery-item\">\n\t\t\t<dt class=\"gallery-icon\">\n\t\t\t<a data-title=\"\" title=\"\" href=\"https:\/\/www.eczk.cz\/wp-content\/uploads\/2022\/02\/IMG_5429-scaled.jpg\" data-rel=\"tb_hgm684\" class=\"themify_lightbox\"><img loading=\"lazy\" src=\"https:\/\/www.eczk.cz\/wp-content\/uploads\/2022\/02\/IMG_5429-1024x768-300x200.jpg\" width=\"300\" height=\"200\" class=\"wp-post-image wp-image-2707\" title=\"IMG_5429\" alt=\"IMG_5429\"><\/a>\t\t\t<\/dt>\n\t\t\t<dd>\n\t\t\t\t\t\t\t\t\t\t\t<\/dd>\n\t\t<\/dl>\n\t\t\t<dl class=\"gallery-item\">\n\t\t\t<dt class=\"gallery-icon\">\n\t\t\t<a data-title=\"\" title=\"\" href=\"https:\/\/www.eczk.cz\/wp-content\/uploads\/2022\/02\/IMG_5428-scaled.jpg\" data-rel=\"tb_hgm684\" class=\"themify_lightbox\"><img loading=\"lazy\" src=\"https:\/\/www.eczk.cz\/wp-content\/uploads\/2022\/02\/IMG_5428-1024x768-300x200.jpg\" width=\"300\" height=\"200\" class=\"wp-post-image wp-image-2708\" title=\"IMG_5428\" alt=\"IMG_5428\"><\/a>\t\t\t<\/dt>\n\t\t\t<dd>\n\t\t\t\t\t\t\t\t\t\t\t<\/dd>\n\t\t<\/dl>\n\t\t\t<dl class=\"gallery-item\">\n\t\t\t<dt class=\"gallery-icon\">\n\t\t\t<a data-title=\"\" title=\"\" href=\"https:\/\/www.eczk.cz\/wp-content\/uploads\/2022\/02\/IMG_5427-scaled.jpg\" data-rel=\"tb_hgm684\" class=\"themify_lightbox\"><img loading=\"lazy\" src=\"https:\/\/www.eczk.cz\/wp-content\/uploads\/2022\/02\/IMG_5427-1024x768-300x200.jpg\" width=\"300\" height=\"200\" class=\"wp-post-image wp-image-2709\" title=\"IMG_5427\" alt=\"IMG_5427\"><\/a>\t\t\t<\/dt>\n\t\t\t<dd>\n\t\t\t\t\t\t\t\t\t\t\t<\/dd>\n\t\t<\/dl>\n\t\t\t<dl class=\"gallery-item\">\n\t\t\t<dt class=\"gallery-icon\">\n\t\t\t<a data-title=\"\" title=\"\" href=\"https:\/\/www.eczk.cz\/wp-content\/uploads\/2022\/02\/IMG_5426-scaled.jpg\" data-rel=\"tb_hgm684\" class=\"themify_lightbox\"><img loading=\"lazy\" src=\"https:\/\/www.eczk.cz\/wp-content\/uploads\/2022\/02\/IMG_5426-1024x768-300x200.jpg\" width=\"300\" height=\"200\" class=\"wp-post-image wp-image-2710\" title=\"IMG_5426\" alt=\"IMG_5426\"><\/a>\t\t\t<\/dt>\n\t\t\t<dd>\n\t\t\t\t\t\t\t\t\t\t\t<\/dd>\n\t\t<\/dl>\n\t\t\t<dl class=\"gallery-item\">\n\t\t\t<dt class=\"gallery-icon\">\n\t\t\t<a data-title=\"\" title=\"\" href=\"https:\/\/www.eczk.cz\/wp-content\/uploads\/2022\/02\/IMG_5425-scaled.jpg\" data-rel=\"tb_hgm684\" class=\"themify_lightbox\"><img loading=\"lazy\" src=\"https:\/\/www.eczk.cz\/wp-content\/uploads\/2022\/02\/IMG_5425-1024x768-300x200.jpg\" width=\"300\" height=\"200\" class=\"wp-post-image wp-image-2711\" title=\"IMG_5425\" alt=\"IMG_5425\"><\/a>\t\t\t<\/dt>\n\t\t\t<dd>\n\t\t\t\t\t\t\t\t\t\t\t<\/dd>\n\t\t<\/dl>\n\t\t\t<dl class=\"gallery-item\">\n\t\t\t<dt class=\"gallery-icon\">\n\t\t\t<a data-title=\"\" title=\"\" href=\"https:\/\/www.eczk.cz\/wp-content\/uploads\/2022\/02\/IMG_5424-scaled.jpg\" data-rel=\"tb_hgm684\" class=\"themify_lightbox\"><img loading=\"lazy\" src=\"https:\/\/www.eczk.cz\/wp-content\/uploads\/2022\/02\/IMG_5424-1024x768-300x200.jpg\" width=\"300\" height=\"200\" class=\"wp-post-image wp-image-2712\" title=\"IMG_5424\" alt=\"IMG_5424\"><\/a>\t\t\t<\/dt>\n\t\t\t<dd>\n\t\t\t\t\t\t\t\t\t\t\t<\/dd>\n\t\t<\/dl>\n\t<\/div>\n\n<\/div>\n<!-- \/module gallery -->\n\t        <\/div>\n\t    \t<\/div>\n\t\t    <\/div>\n\t    <!-- \/row_inner -->\n\t<\/div>\n\t<!-- \/module_row -->\n\t<\/div>\n\n","protected":false},"excerpt":{"rendered":"","protected":false},"author":3,"featured_media":0,"parent":0,"menu_order":0,"comment_status":"closed","ping_status":"closed","template":"","meta":[],"categories":[],"tags":[],"builder_content":"[gallery ids=\"2701,2702,2703,2704,2705,2706,2707,2708,2709,2710,2711,2712\"]","_links":{"self":[{"href":"https:\/\/www.eczk.cz\/index.php\/wp-json\/wp\/v2\/pages\/2699"}],"collection":[{"href":"https:\/\/www.eczk.cz\/index.php\/wp-json\/wp\/v2\/pages"}],"about":[{"href":"https:\/\/www.eczk.cz\/index.php\/wp-json\/wp\/v2\/types\/page"}],"author":[{"embeddable":true,"href":"https:\/\/www.eczk.cz\/index.php\/wp-json\/wp\/v2\/users\/3"}],"replies":[{"embeddable":true,"href":"https:\/\/www.eczk.cz\/index.php\/wp-json\/wp\/v2\/comments?post=2699"}],"version-history":[{"count":2,"href":"https:\/\/www.eczk.cz\/index.php\/wp-json\/wp\/v2\/pages\/2699\/revisions"}],"predecessor-version":[{"id":2713,"href":"https:\/\/www.eczk.cz\/index.php\/wp-json\/wp\/v2\/pages\/2699\/revisions\/2713"}],"wp:attachment":[{"href":"https:\/\/www.eczk.cz\/index.php\/wp-json\/wp\/v2\/media?parent=2699"}],"wp:term":[{"taxonomy":"category","embeddable":true,"href":"https:\/\/www.eczk.cz\/index.php\/wp-json\/wp\/v2\/categories?post=2699"},{"taxonomy":"post_tag","embeddable":true,"href":"https:\/\/www.eczk.cz\/index.php\/wp-json\/wp\/v2\/tags?post=2699"}],"curies":[{"name":"wp","href":"https:\/\/api.w.org\/{rel}","templated":true}]}}