{"id":2681,"date":"2022-01-28T17:16:09","date_gmt":"2022-01-28T15:16:09","guid":{"rendered":"http:\/\/www.eczk.cz\/?page_id=2681"},"modified":"2022-01-28T17:19:36","modified_gmt":"2022-01-28T15:19:36","slug":"mddr-dominika-hulova","status":"publish","type":"page","link":"https:\/\/www.eczk.cz\/index.php\/mddr-dominika-hulova\/","title":{"rendered":"MDDr. Dominika Hulov\u00e1"},"content":{"rendered":"<div id=\"themify_builder_content-2681\" data-postid=\"2681\" class=\"themify_builder_content themify_builder_content-2681 themify_builder tf_clear\">\n    \t<!-- module_row -->\n\t<div   data-css_id=\"tb_ir3v551\" data-lazy=\"1\" class=\"themify_builder_row module_row tb_ir3v551 tb_first clearfix\">\n\t    \t    <div class=\"row_inner col_align_top tf_box tf_w tf_rel\" >\n\t\t\t<div  data-lazy=\"1\" class=\"module_column tb-column col-full first tb_sva5552 repeat tf_box\" >\n\t    \t    \t        <div class=\"tb-column-inner tf_box tf_w\">\n\t\t    \t<div  data-lazy=\"1\" class=\"themify_builder_sub_row module_subrow repeat tb_7eda552 tf_w clearfix\" >\n\t    \t    <div class=\"subrow_inner gutter-none col_align_middle tf_box tf_w\"   data-mobile_dir=\"rtl\">\n\t\t\t<div  data-lazy=\"1\" class=\"sub_column module_column tf_box col2-1 first tb_hww1553 repeat\" > \n\t    \t    \t        <div class=\"tb-column-inner tf_box tf_w\">\n\t\t        <!-- module fancy heading -->\n<div  class=\"module module-fancy-heading tb_pbxs553 \" data-lazy=\"1\">\n        <h2 class=\"fancy-heading tf_textl\">\n    <span  class=\"main-head tf_block\">\n\tMDDr. Dominika Hulov\u00e1    <\/span>\n    <span class=\"sub-head tb_hide_divider  tf_block tf_rel\">\n\tl\u00e9k\u00e1\u0159ka    <\/span>\n\n    <\/h2>\n<\/div>\n<!-- \/module fancy heading -->\n<!-- module text -->\n<div  class=\"module module-text tb_m8nu553   \" data-lazy=\"1\">\n            <div  class=\"tb_text_wrap\">\n    <p>Obor Zubn\u00ed l\u00e9ka\u0159stv\u00ed absolvovala v roce 2014 na L\u00e9ka\u0159sk\u00e9 fakult\u011b Masarykovy univerzity v Brn\u011b. B\u011bhem studia vycestovala na zahrani\u010dn\u00ed st\u00e1\u017ee do N\u011bmecka, Rakouska, absolvovala \u010detn\u00e9 st\u00e1\u017ee i v tuzemsku a na Slovensku. Po studiu pracovala n\u011bkolik let jako zubn\u00ed l\u00e9ka\u0159 ve Vazebn\u00ed v\u011bznici v Brn\u011b, D\u011btsk\u00e9 nemocnici v Brn\u011b, na soukrom\u00e9 klinice Dens Caninus ve Slavonic\u00edch a v Zb\u00fd\u0161ov\u011b. Od roku 2017 p\u016fsob\u00ed i na Chirurgick\u00e9m odd\u011blen\u00ed Stomatologick\u00e9 kliniky Fakultn\u00ed nemocnice u sv. Anny. Sou\u010dasn\u011b slou\u017e\u00ed na zubn\u00ed pohotovosti v \u00darazov\u00e9 nemocnici a pracuje na soukrom\u00e9 klinice Dens Caninus v Oslavanech. Krom\u011b toho mene\u017euje dobro\u010dinnou organizaci Dnes pom\u00e1h\u00e1m, z.s. v Brn\u011b.<\/p>\n<p>Mezi jej\u00ed z\u00e1jmy pat\u0159\u00ed b\u011bh na dlouh\u00e9 trat\u011b, konstruov\u00e1n\u00ed taktick\u00e9 v\u00fdstroje a historie.<\/p>    <\/div>\n<\/div>\n<!-- \/module text --><!-- module icon -->\n<div  class=\"module module-icon tb_s94h553  small circle icon_horizontal tf_textl\" data-lazy=\"1\">\n            <div class=\"module-icon\">\n\t\t    <div class=\"module-icon-item tf_inline_b\">\n\t\t\t\t    <a href=\"http:\/\/facebook.com\" rel=\"noopener\" target=\"_blank\">\n\t\t    \t\t    \t\t\t\t    \t\t\t<i class=\"ui tf_vmiddle tf_textc tf_box light-blue\"><svg class=\"tf_fa tf-ti-facebook\"><use href=\"#tf-ti-facebook\"><\/use><\/svg><\/i>\n\t\t    \t\t    \t\t    \t\t    <\/a>\n\t\t\t    <\/div>\n\t\t    <div class=\"module-icon-item tf_inline_b\">\n\t\t\t\t    <a href=\"http:\/\/twitter.com\" rel=\"noopener\" target=\"_blank\">\n\t\t    \t\t    \t\t\t\t    \t\t\t<i class=\"ui tf_vmiddle tf_textc tf_box light-blue\"><svg class=\"tf_fa tf-ti-twitter-alt\"><use href=\"#tf-ti-twitter-alt\"><\/use><\/svg><\/i>\n\t\t    \t\t    \t\t    \t\t    <\/a>\n\t\t\t    <\/div>\n\t\t    <div class=\"module-icon-item tf_inline_b\">\n\t\t\t\t    <a href=\"https:\/\/www.linkedin.com\" rel=\"noopener\" target=\"_blank\">\n\t\t    \t\t    \t\t\t\t    \t\t\t<i class=\"ui tf_vmiddle tf_textc tf_box light-blue\"><svg class=\"tf_fa tf-ti-linkedin\"><use href=\"#tf-ti-linkedin\"><\/use><\/svg><\/i>\n\t\t    \t\t    \t\t    \t\t    <\/a>\n\t\t\t    <\/div>\n\t\t    <div class=\"module-icon-item tf_inline_b\">\n\t\t\t\t    <a href=\"mailto:pavel.krejzlik@eczk.cz\" data-zoom-config=\"50%|50%\" class=\"lightbox-builder themify_lightbox\">\n\t\t    \t\t    \t\t\t\t    \t\t\t<i class=\"ui tf_vmiddle tf_textc tf_box light-blue\"><svg class=\"tf_fa tf-ti-email\"><use href=\"#tf-ti-email\"><\/use><\/svg><\/i>\n\t\t    \t\t    \t\t    \t\t    <\/a>\n\t\t\t    <\/div>\n\t    <\/div>\n<\/div>\n<!-- \/module icon -->\n\t        <\/div>\n\t    \t<\/div>\n\t\t<div  data-lazy=\"1\" class=\"sub_column module_column tf_box col2-1 last tb_96v3553 fullcover\" > \n\t    \t    \t<\/div>\n\t\t    <\/div>\n\t<\/div><!-- \/themify_builder_sub_row -->\n\t\t<div  data-lazy=\"1\" class=\"themify_builder_sub_row module_subrow repeat tb_ofyz33 tf_w clearfix\" >\n\t    \t    <div class=\"subrow_inner gutter-none col_align_middle tf_box tf_w\"   data-mobile_dir=\"rtl\">\n\t\t\t<div  data-lazy=\"1\" class=\"sub_column module_column tf_box col-full first tb_2z4b34 repeat\" > \n\t    \t    \t        <div class=\"tb-column-inner tf_box tf_w\">\n\t\t    <!-- module text -->\n<div  class=\"module module-text tb_hux134   \" data-lazy=\"1\">\n            <div  class=\"tb_text_wrap\">\n        <\/div>\n<\/div>\n<!-- \/module text -->\t        <\/div>\n\t    \t<\/div>\n\t\t    <\/div>\n\t<\/div><!-- \/themify_builder_sub_row -->\n\t\t        <\/div>\n\t    \t<\/div>\n\t\t    <\/div>\n\t    <!-- \/row_inner -->\n\t<\/div>\n\t<!-- \/module_row -->\n\t\t<!-- module_row -->\n\t<div   data-css_id=\"tb_5joj668\" data-lazy=\"1\" class=\"themify_builder_row module_row tb_5joj668 clearfix hide-mobile\">\n\t    \t    <div class=\"row_inner col_align_top tf_box tf_w tf_rel\" >\n\t\t\t<div  data-lazy=\"1\" class=\"module_column tb-column col-full first tb_gofc668 tf_box\">\n\t    \t    \t        <div class=\"tb-column-inner tf_box tf_w\">\n\t\t    <!-- module template_part -->\n<div  class=\"module module-layout-part tb_mksc4 \">\n    <div class=\"tb_layout_part_wrap tf_w\">\n    <div class=\"themify_builder_content themify_builder_content-278 themify_builder not_editable_builder in_the_loop\" data-postid=\"278\">\n        \t<!-- module_row -->\n\t<div   data-css_id=\"tb_qytw158\" data-lazy=\"1\" class=\"themify_builder_row module_row repeat fullwidth tb_qytw158 clearfix\">\n\t    \t    <div class=\"row_inner col_align_middle gutter-none tf_box tf_w tf_rel\"   data-basecol=\"1\" data-col_tablet=\"tablet-full\" data-col_mobile=\"column-full\">\n\t\t\t<div  data-lazy=\"1\" class=\"module_column tb-column col-full first tb_q9as158 repeat tf_box\" >\n\t    \t    \t        <div class=\"tb-column-inner tf_box tf_w\">\n\t\t    <!-- module text -->\n<div  class=\"module module-text tb_8147158  repeat \" data-lazy=\"1\">\n            <div  class=\"tb_text_wrap\">\n    <h2 style=\"text-align: center;\"><strong>MUDr. Pavel Krejzl\u00edk<\/strong><\/h2>    <\/div>\n<\/div>\n<!-- \/module text -->\t<div  data-lazy=\"1\" class=\"themify_builder_sub_row module_subrow tb_t11r158 tf_w clearfix\">\n\t    \t    <div class=\"subrow_inner gutter-none col_auto_height col_align_middle tf_box tf_w\" >\n\t\t\t<div  data-lazy=\"1\" class=\"sub_column module_column tf_box col3-1 first tb_tuq6158\"> \n\t    \t    \t        <div class=\"tb-column-inner tf_box tf_w\">\n\t\t    <!-- module icon -->\n<div  class=\"module module-icon tb_5cc6158  normal circle icon_horizontal tf_textc\" data-lazy=\"1\">\n            <div class=\"module-icon\">\n\t\t    <div class=\"module-icon-item tf_inline_b\">\n\t\t\t\t    \t\t\t\t    \t\t\t<i class=\"ui tf_vmiddle tf_textc tf_box transparent\"><svg class=\"tf_fa tf-ti-email\"><use href=\"#tf-ti-email\"><\/use><\/svg><\/i>\n\t\t    \t\t    \t\t    \t    <\/div>\n\t    <\/div>\n<\/div>\n<!-- \/module icon -->\n<!-- module text -->\n<div  class=\"module module-text tb_xpej158   \" data-lazy=\"1\">\n            <div  class=\"tb_text_wrap\">\n    <p style=\"text-align: center;\"><a href=\"mailto:info@lasercentra.cz\">&#105;&#110;&#102;&#111;&#64;&#108;&#97;&#115;&#101;&#114;&#99;&#101;&#110;&#116;&#114;&#97;&#46;&#99;&#122;<\/a><\/p>\n    <\/div>\n<\/div>\n<!-- \/module text -->\t        <\/div>\n\t    \t<\/div>\n\t\t<div  data-lazy=\"1\" class=\"sub_column module_column tf_box col3-1 middle tb_7l6h158\"> \n\t    \t    \t        <div class=\"tb-column-inner tf_box tf_w\">\n\t\t    <!-- module icon -->\n<div  class=\"module module-icon tb_lh98158  normal circle icon_horizontal tf_textc\" data-lazy=\"1\">\n            <div class=\"module-icon\">\n\t\t    <div class=\"module-icon-item tf_inline_b\">\n\t\t\t\t    \t\t\t\t    \t\t\t<i class=\"ui tf_vmiddle tf_textc tf_box transparent\"><svg class=\"tf_fa tf-ti-mobile\"><use href=\"#tf-ti-mobile\"><\/use><\/svg><\/i>\n\t\t    \t\t    \t\t    \t    <\/div>\n\t    <\/div>\n<\/div>\n<!-- \/module icon -->\n<!-- module text -->\n<div  class=\"module module-text tb_ftur158   \" data-lazy=\"1\">\n            <div  class=\"tb_text_wrap\">\n    <p style=\"text-align: center;\"><a href=\"tel:725800900\">+420 725 800 900<\/a><\/p>    <\/div>\n<\/div>\n<!-- \/module text -->\t        <\/div>\n\t    \t<\/div>\n\t\t<div  data-lazy=\"1\" class=\"sub_column module_column tf_box col3-1 last tb_6fkn158\"> \n\t    \t    \t        <div class=\"tb-column-inner tf_box tf_w\">\n\t\t    <!-- module icon -->\n<div  class=\"module module-icon tb_ynya158  normal circle icon_horizontal tf_textc\" data-lazy=\"1\">\n            <div class=\"module-icon\">\n\t\t    <div class=\"module-icon-item tf_inline_b\">\n\t\t\t\t    \t\t\t\t    \t\t\t<i class=\"ui tf_vmiddle tf_textc tf_box transparent\"><svg class=\"tf_fa tf-ti-headphone-alt\"><use href=\"#tf-ti-headphone-alt\"><\/use><\/svg><\/i>\n\t\t    \t\t    \t\t    \t    <\/div>\n\t    <\/div>\n<\/div>\n<!-- \/module icon -->\n<!-- module text -->\n<div  class=\"module module-text tb_nmx8158   \" data-lazy=\"1\">\n            <div  class=\"tb_text_wrap\">\n    <p style=\"text-align: center;\">Provozn\u00ed doba 7:00 \u2013 15:30<\/p>    <\/div>\n<\/div>\n<!-- \/module text -->\t        <\/div>\n\t    \t<\/div>\n\t\t    <\/div>\n\t<\/div><!-- \/themify_builder_sub_row -->\n\t<!-- module text -->\n<div  class=\"module module-text tb_uz43763  repeat \" data-lazy=\"1\">\n            <div  class=\"tb_text_wrap\">\n    <p style=\"text-align: center;\">\u010c\u00edslo bankovn\u00edho \u00fa\u010dtu: 107-3046290297\/0100<\/p>    <\/div>\n<\/div>\n<!-- \/module text --><!-- module divider -->\n<div  class=\"module tf_mw module-divider tb_ckpz158 solid   \" style=\"border-width: 1px;border-color: rgba(0,0,0, 0.05);margin-top: 10px;margin-bottom: 10px;\" data-lazy=\"1\">\n        <\/div>\n<!-- \/module divider -->\n<!-- module icon -->\n<div  class=\"module module-icon tb_2140158  normal none icon_horizontal tf_textc\" data-lazy=\"1\">\n            <div class=\"module-icon\">\n\t\t    <div class=\"module-icon-item tf_inline_b\">\n\t\t\t\t    <a href=\"https:\/\/www.facebook.com\/mudr.pavel.krejzlik\">\n\t\t    \t\t    \t\t\t\t    \t\t\t<i class=\"ui tf_vmiddle tf_textc tf_box black\"><svg class=\"tf_fa tf-ti-facebook\"><use href=\"#tf-ti-facebook\"><\/use><\/svg><\/i>\n\t\t    \t\t    \t\t    \t\t    <\/a>\n\t\t\t    <\/div>\n\t\t    <div class=\"module-icon-item tf_inline_b\">\n\t\t\t\t    <a href=\"https:\/\/www.instagram.com\/mudr.pavel.krejzlik\/\">\n\t\t    \t\t    \t\t\t\t    \t\t\t<i class=\"ui tf_vmiddle tf_textc tf_box black\"><svg class=\"tf_fa tf-ti-instagram\"><use href=\"#tf-ti-instagram\"><\/use><\/svg><\/i>\n\t\t    \t\t    \t\t    \t\t    <\/a>\n\t\t\t    <\/div>\n\t\t    <div class=\"module-icon-item tf_inline_b\">\n\t\t\t\t    <a href=\"https:\/\/www.youtube.com\/channel\/UC8cfRPhtNPvL_Ze6j1bwrLA?&amp;ab_channel=OndraJana\">\n\t\t    \t\t    \t\t\t\t    \t\t\t<i class=\"ui tf_vmiddle tf_textc tf_box black\"><svg class=\"tf_fa tf-ti-youtube\"><use href=\"#tf-ti-youtube\"><\/use><\/svg><\/i>\n\t\t    \t\t    \t\t    \t\t    <\/a>\n\t\t\t    <\/div>\n\t    <\/div>\n<\/div>\n<!-- \/module icon -->\n\t        <\/div>\n\t    \t<\/div>\n\t\t    <\/div>\n\t    <!-- \/row_inner -->\n\t<\/div>\n\t<!-- \/module_row -->\n\t    <\/div>\n<\/div>\n<\/div>\n<!-- \/module template_part -->\n\t        <\/div>\n\t    \t<\/div>\n\t\t    <\/div>\n\t    <!-- \/row_inner -->\n\t<\/div>\n\t<!-- \/module_row -->\n\t<\/div>\n\n","protected":false},"excerpt":{"rendered":"<p>l\u00e9k\u00e1\u0159ka Obor Zubn\u00ed l\u00e9ka\u0159stv\u00ed absolvovala v roce 2014 na L\u00e9ka\u0159sk\u00e9 fakult\u011b Masarykovy univerzity v Brn\u011b. B\u011bhem studia vycestovala na zahrani\u010dn\u00ed st\u00e1\u017ee do N\u011bmecka, Rakouska, absolvovala \u010detn\u00e9 st\u00e1\u017ee i v tuzemsku a na Slovensku. Po studiu pracovala n\u011bkolik let jako zubn\u00ed l\u00e9ka\u0159 ve Vazebn\u00ed v\u011bznici v Brn\u011b, D\u011btsk\u00e9 nemocnici v Brn\u011b, na soukrom\u00e9 klinice Dens Caninus [&hellip;]<\/p>\n","protected":false},"author":3,"featured_media":0,"parent":0,"menu_order":0,"comment_status":"closed","ping_status":"closed","template":"","meta":[],"categories":[31],"tags":[],"builder_content":"<h2><br\/>l\u00e9k\u00e1\u0159ka<\/h2>\n<p>Obor Zubn\u00ed l\u00e9ka\u0159stv\u00ed absolvovala v roce 2014 na L\u00e9ka\u0159sk\u00e9 fakult\u011b Masarykovy univerzity v Brn\u011b. B\u011bhem studia vycestovala na zahrani\u010dn\u00ed st\u00e1\u017ee do N\u011bmecka, Rakouska, absolvovala \u010detn\u00e9 st\u00e1\u017ee i v tuzemsku a na Slovensku. Po studiu pracovala n\u011bkolik let jako zubn\u00ed l\u00e9ka\u0159 ve Vazebn\u00ed v\u011bznici v Brn\u011b, D\u011btsk\u00e9 nemocnici v Brn\u011b, na soukrom\u00e9 klinice Dens Caninus ve Slavonic\u00edch a v Zb\u00fd\u0161ov\u011b. Od roku 2017 p\u016fsob\u00ed i na Chirurgick\u00e9m odd\u011blen\u00ed Stomatologick\u00e9 kliniky Fakultn\u00ed nemocnice u sv. Anny. Sou\u010dasn\u011b slou\u017e\u00ed na zubn\u00ed pohotovosti v \u00darazov\u00e9 nemocnici a pracuje na soukrom\u00e9 klinice Dens Caninus v Oslavanech. Krom\u011b toho mene\u017euje dobro\u010dinnou organizaci Dnes pom\u00e1h\u00e1m, z.s. v Brn\u011b.<\/p> <p>Mezi jej\u00ed z\u00e1jmy pat\u0159\u00ed b\u011bh na dlouh\u00e9 trat\u011b, konstruov\u00e1n\u00ed taktick\u00e9 v\u00fdstroje a historie.<\/p>\n<a href=\"http:\/\/facebook.com\" rel=\"noopener\" target=\"_blank\"> <i><svg><use href=\"#tf-ti-facebook\"><\/use><\/svg><\/i> <\/a> <a href=\"http:\/\/twitter.com\" rel=\"noopener\" target=\"_blank\"> <i><svg><use href=\"#tf-ti-twitter-alt\"><\/use><\/svg><\/i> <\/a> <a href=\"https:\/\/www.linkedin.com\" rel=\"noopener\" target=\"_blank\"> <i><svg><use href=\"#tf-ti-linkedin\"><\/use><\/svg><\/i> <\/a> <a href=\"mailto:pavel.krejzlik@eczk.cz\" data-zoom-config=\"50%|50%\"> <i><svg><use href=\"#tf-ti-email\"><\/use><\/svg><\/i> <\/a>\n\n<h2 style=\"text-align: center;\"><strong>MUDr. Pavel Krejzl\u00edk<\/strong><\/h2> \n \n <i><svg><use href=\"#tf-ti-email\"><\/use><\/svg><\/i> \n <p style=\"text-align: center;\"><a href=\"mailto:info@lasercentra.cz\">&#105;&#110;&#102;&#111;&#64;&#108;&#97;&#115;&#101;&#114;&#99;&#101;&#110;&#116;&#114;&#97;&#46;&#99;&#122;<\/a><\/p> \n \n <i><svg><use href=\"#tf-ti-mobile\"><\/use><\/svg><\/i> \n <p style=\"text-align: center;\"><a href=\"tel:725800900\">+420 725 800 900<\/a><\/p> \n \n <i><svg><use href=\"#tf-ti-headphone-alt\"><\/use><\/svg><\/i> \n <p style=\"text-align: center;\">Provozn\u00ed doba 7:00 \u2013 15:30<\/p> \n \n <p style=\"text-align: center;\">\u010c\u00edslo bankovn\u00edho \u00fa\u010dtu: 107-3046290297\/0100<\/p> \n \n <a href=\"https:\/\/www.facebook.com\/mudr.pavel.krejzlik\"> <i><svg><use href=\"#tf-ti-facebook\"><\/use><\/svg><\/i> <\/a> <a href=\"https:\/\/www.instagram.com\/mudr.pavel.krejzlik\/\"> <i><svg><use href=\"#tf-ti-instagram\"><\/use><\/svg><\/i> <\/a> <a href=\"https:\/\/www.youtube.com\/channel\/UC8cfRPhtNPvL_Ze6j1bwrLA?&amp;ab_channel=OndraJana\"> <i><svg><use href=\"#tf-ti-youtube\"><\/use><\/svg><\/i> <\/a>","_links":{"self":[{"href":"https:\/\/www.eczk.cz\/index.php\/wp-json\/wp\/v2\/pages\/2681"}],"collection":[{"href":"https:\/\/www.eczk.cz\/index.php\/wp-json\/wp\/v2\/pages"}],"about":[{"href":"https:\/\/www.eczk.cz\/index.php\/wp-json\/wp\/v2\/types\/page"}],"author":[{"embeddable":true,"href":"https:\/\/www.eczk.cz\/index.php\/wp-json\/wp\/v2\/users\/3"}],"replies":[{"embeddable":true,"href":"https:\/\/www.eczk.cz\/index.php\/wp-json\/wp\/v2\/comments?post=2681"}],"version-history":[{"count":2,"href":"https:\/\/www.eczk.cz\/index.php\/wp-json\/wp\/v2\/pages\/2681\/revisions"}],"predecessor-version":[{"id":2685,"href":"https:\/\/www.eczk.cz\/index.php\/wp-json\/wp\/v2\/pages\/2681\/revisions\/2685"}],"wp:attachment":[{"href":"https:\/\/www.eczk.cz\/index.php\/wp-json\/wp\/v2\/media?parent=2681"}],"wp:term":[{"taxonomy":"category","embeddable":true,"href":"https:\/\/www.eczk.cz\/index.php\/wp-json\/wp\/v2\/categories?post=2681"},{"taxonomy":"post_tag","embeddable":true,"href":"https:\/\/www.eczk.cz\/index.php\/wp-json\/wp\/v2\/tags?post=2681"}],"curies":[{"name":"wp","href":"https:\/\/api.w.org\/{rel}","templated":true}]}}