{"id":2647,"date":"2022-01-04T17:33:47","date_gmt":"2022-01-04T15:33:47","guid":{"rendered":"http:\/\/www.eczk.cz\/?page_id=2647"},"modified":"2023-11-08T13:32:11","modified_gmt":"2023-11-08T11:32:11","slug":"mddr-lucie-babickova","status":"publish","type":"page","link":"https:\/\/www.eczk.cz\/index.php\/doktor\/mddr-lucie-babickova\/","title":{"rendered":"MDDr. Jozef Imri\u0161ek"},"content":{"rendered":"<div id=\"themify_builder_content-2647\" data-postid=\"2647\" class=\"themify_builder_content themify_builder_content-2647 themify_builder tf_clear\">\n    \t<!-- module_row -->\n\t<div   data-css_id=\"tb_ir3v551\" data-lazy=\"1\" class=\"themify_builder_row module_row tb_ir3v551 tb_first clearfix\">\n\t    \t    <div class=\"row_inner col_align_top tf_box tf_w tf_rel\" >\n\t\t\t<div  data-lazy=\"1\" class=\"module_column tb-column col-full first tb_sva5552 repeat tf_box\" >\n\t    \t    \t        <div class=\"tb-column-inner tf_box tf_w\">\n\t\t    \t<div  data-lazy=\"1\" class=\"themify_builder_sub_row module_subrow repeat tb_7eda552 tf_w clearfix\" >\n\t    \t    <div class=\"subrow_inner gutter-none col_align_middle tf_box tf_w\"   data-mobile_dir=\"rtl\">\n\t\t\t<div  data-lazy=\"1\" class=\"sub_column module_column tf_box col2-1 first tb_hww1553 repeat\" > \n\t    \t    \t        <div class=\"tb-column-inner tf_box tf_w\">\n\t\t        <!-- module fancy heading -->\n<div  class=\"module module-fancy-heading tb_pbxs553 \" data-lazy=\"1\">\n        <h2 class=\"fancy-heading tf_textl\">\n    <span  class=\"main-head tf_block\">\n\tMDDr. Jozef Imri\u0161ek    <\/span>\n    <span class=\"sub-head tb_hide_divider  tf_block tf_rel\">\n\tZubn\u00ed l\u00e9ka\u0159    <\/span>\n\n    <\/h2>\n<\/div>\n<!-- \/module fancy heading -->\n<!-- module text -->\n<div  class=\"module module-text tb_m8nu553   \" data-lazy=\"1\">\n            <div  class=\"tb_text_wrap\">\n        <\/div>\n<\/div>\n<!-- \/module text --><!-- module icon -->\n<div  class=\"module module-icon tb_s94h553  small circle icon_horizontal tf_textl\" data-lazy=\"1\">\n            <div class=\"module-icon\">\n\t\t    <div class=\"module-icon-item tf_inline_b\">\n\t\t\t\t    <a href=\"http:\/\/facebook.com\" rel=\"noopener\" target=\"_blank\">\n\t\t    \t\t    \t\t\t\t    \t\t\t<i class=\"ui tf_vmiddle tf_textc tf_box light-blue\"><svg class=\"tf_fa tf-ti-facebook\"><use href=\"#tf-ti-facebook\"><\/use><\/svg><\/i>\n\t\t    \t\t    \t\t    \t\t    <\/a>\n\t\t\t    <\/div>\n\t\t    <div class=\"module-icon-item tf_inline_b\">\n\t\t\t\t    <a href=\"http:\/\/twitter.com\" rel=\"noopener\" target=\"_blank\">\n\t\t    \t\t    \t\t\t\t    \t\t\t<i class=\"ui tf_vmiddle tf_textc tf_box light-blue\"><svg class=\"tf_fa tf-ti-twitter-alt\"><use href=\"#tf-ti-twitter-alt\"><\/use><\/svg><\/i>\n\t\t    \t\t    \t\t    \t\t    <\/a>\n\t\t\t    <\/div>\n\t\t    <div class=\"module-icon-item tf_inline_b\">\n\t\t\t\t    <a href=\"https:\/\/www.linkedin.com\" rel=\"noopener\" target=\"_blank\">\n\t\t    \t\t    \t\t\t\t    \t\t\t<i class=\"ui tf_vmiddle tf_textc tf_box light-blue\"><svg class=\"tf_fa tf-ti-linkedin\"><use href=\"#tf-ti-linkedin\"><\/use><\/svg><\/i>\n\t\t    \t\t    \t\t    \t\t    <\/a>\n\t\t\t    <\/div>\n\t\t    <div class=\"module-icon-item tf_inline_b\">\n\t\t\t\t    <a href=\"mailto:pavel.krejzlik@eczk.cz\" data-zoom-config=\"50%|50%\" class=\"lightbox-builder themify_lightbox\">\n\t\t    \t\t    \t\t\t\t    \t\t\t<i class=\"ui tf_vmiddle tf_textc tf_box light-blue\"><svg class=\"tf_fa tf-ti-email\"><use href=\"#tf-ti-email\"><\/use><\/svg><\/i>\n\t\t    \t\t    \t\t    \t\t    <\/a>\n\t\t\t    <\/div>\n\t    <\/div>\n<\/div>\n<!-- \/module icon -->\n\t        <\/div>\n\t    \t<\/div>\n\t\t<div  data-lazy=\"1\" class=\"sub_column module_column tf_box col2-1 last tb_96v3553 fullcover\" > \n\t    \t    \t<\/div>\n\t\t    <\/div>\n\t<\/div><!-- \/themify_builder_sub_row -->\n\t\t<div  data-lazy=\"1\" class=\"themify_builder_sub_row module_subrow repeat tb_ofyz33 tf_w clearfix\" >\n\t    \t    <div class=\"subrow_inner gutter-none col_align_middle tf_box tf_w\"   data-mobile_dir=\"rtl\">\n\t\t\t<div  data-lazy=\"1\" class=\"sub_column module_column tf_box col-full first tb_2z4b34 repeat\" > \n\t    \t    \t        <div class=\"tb-column-inner tf_box tf_w\">\n\t\t    <!-- module text -->\n<div  class=\"module module-text tb_hux134   \" data-lazy=\"1\">\n            <div  class=\"tb_text_wrap\">\n    <h2>Certifikace a licence<\/h2>\n<div>\n<div class=\"\">\n<div class=\"\" dir=\"auto\">\n<div class=\"\" dir=\"ltr\">\n<div class=\"\" dir=\"ltr\">\n<div class=\"\">Poch\u00e1dzam zo Slovenka, kde som vy\u0161tudoval gymn\u00e1zium v Trnave, Slovensk\u00fa zdravotn\u00edcku univerzitu v Bratislave. Predsedal som akademick\u00e9mu sen\u00e1tu LF i univerzitn\u00e9mu sen\u00e1tu univerzity. U\u017e po\u010das \u0161t\u00fadia som podst\u00fapil nieko\u013eko st\u00e1\u017ei a prax na klinik\u00e1ch v hlavnom meste. Nieko\u013ekoro\u010dn\u00e1 pr\u00e1ca na pilotnom programe zdravotnej gramotnosti v oblasti \u00fastneho zdravia a v\u00fdsledn\u00e9 publik\u00e1cie v spolupr\u00e1ci s hlavnou odborn\u00ed\u010dkou MZ SR prof. Markovskou. Po ukon\u010den\u00ed \u0161t\u00fadia som pracoval na modernej klinike v Nitre a venoval sa komplexnej starostlivosti pacientov v\u0161etk\u00fdch vekov\u00fdch skup\u00edn pomocov modern\u00fdch technologi\u00ed. Certifikovan\u00e9 st\u00e1\u017ee z estetickej medic\u00edny z d\u00f4vodu celkovej rehabilit\u00e1cie nielen \u00fasmevu ale aj v\u00fdrazu tv\u00e1re a krku som podst\u00fapil pod vedenim Dr. Novotnej na klinike Esthetic.<\/div>\n<div class=\"\">\u00a0<\/div>\n<div class=\"\">Kr\u00e1sa mi imponuje nielen v medic\u00edne, ale i v umen\u00ed, v \u0161porte, v pr\u00edrode, cestovan\u00ed, \u010di gastron\u00f3mii. 15 rokov som profesion\u00e1lne hral na klav\u00edri, venujem sa akt\u00edvne \u0161portu, nekone\u010dn\u00fdmi prechadzkami s moj\u00edm psom spozn\u00e1vame kr\u00e1sy okolia Brna i \u010ciech. Ktor\u00e9 sa mi nateraz stali domovom.\u00a0<\/div>\n<\/div>\n<\/div>\n<\/div>\n<\/div>\n<\/div>    <\/div>\n<\/div>\n<!-- \/module text -->\t        <\/div>\n\t    \t<\/div>\n\t\t    <\/div>\n\t<\/div><!-- \/themify_builder_sub_row -->\n\t\t        <\/div>\n\t    \t<\/div>\n\t\t    <\/div>\n\t    <!-- \/row_inner -->\n\t<\/div>\n\t<!-- \/module_row -->\n\t\t<!-- module_row -->\n\t<div   data-css_id=\"tb_5joj668\" data-lazy=\"1\" class=\"themify_builder_row module_row tb_5joj668 clearfix hide-mobile\">\n\t    \t    <div class=\"row_inner col_align_top tf_box tf_w tf_rel\" >\n\t\t\t<div  data-lazy=\"1\" class=\"module_column tb-column col-full first tb_gofc668 tf_box\">\n\t    \t    \t        <div class=\"tb-column-inner tf_box tf_w\">\n\t\t    <!-- module template_part -->\n<div  class=\"module module-layout-part tb_mksc4 \">\n    <div class=\"tb_layout_part_wrap tf_w\">\n    <div class=\"themify_builder_content themify_builder_content-278 themify_builder not_editable_builder in_the_loop\" data-postid=\"278\">\n        \t<!-- module_row -->\n\t<div   data-css_id=\"tb_qytw158\" data-lazy=\"1\" class=\"themify_builder_row module_row repeat fullwidth tb_qytw158 clearfix\">\n\t    \t    <div class=\"row_inner col_align_middle gutter-none tf_box tf_w tf_rel\"   data-basecol=\"1\" data-col_tablet=\"tablet-full\" data-col_mobile=\"column-full\">\n\t\t\t<div  data-lazy=\"1\" class=\"module_column tb-column col-full first tb_q9as158 repeat tf_box\" >\n\t    \t    \t        <div class=\"tb-column-inner tf_box tf_w\">\n\t\t    <!-- module text -->\n<div  class=\"module module-text tb_8147158  repeat \" data-lazy=\"1\">\n            <div  class=\"tb_text_wrap\">\n    <h2 style=\"text-align: center;\"><strong>MUDr. Pavel Krejzl\u00edk<\/strong><\/h2>    <\/div>\n<\/div>\n<!-- \/module text -->\t<div  data-lazy=\"1\" class=\"themify_builder_sub_row module_subrow tb_t11r158 tf_w clearfix\">\n\t    \t    <div class=\"subrow_inner gutter-none col_auto_height col_align_middle tf_box tf_w\" >\n\t\t\t<div  data-lazy=\"1\" class=\"sub_column module_column tf_box col3-1 first tb_tuq6158\"> \n\t    \t    \t        <div class=\"tb-column-inner tf_box tf_w\">\n\t\t    <!-- module icon -->\n<div  class=\"module module-icon tb_5cc6158  normal circle icon_horizontal tf_textc\" data-lazy=\"1\">\n            <div class=\"module-icon\">\n\t\t    <div class=\"module-icon-item tf_inline_b\">\n\t\t\t\t    \t\t\t\t    \t\t\t<i class=\"ui tf_vmiddle tf_textc tf_box transparent\"><svg class=\"tf_fa tf-ti-email\"><use href=\"#tf-ti-email\"><\/use><\/svg><\/i>\n\t\t    \t\t    \t\t    \t    <\/div>\n\t    <\/div>\n<\/div>\n<!-- \/module icon -->\n<!-- module text -->\n<div  class=\"module module-text tb_xpej158   \" data-lazy=\"1\">\n            <div  class=\"tb_text_wrap\">\n    <p style=\"text-align: center;\"><a href=\"mailto:info@lasercentra.cz\">&#105;&#110;&#102;&#111;&#64;&#108;&#97;&#115;&#101;&#114;&#99;&#101;&#110;&#116;&#114;&#97;&#46;&#99;&#122;<\/a><\/p>\n    <\/div>\n<\/div>\n<!-- \/module text -->\t        <\/div>\n\t    \t<\/div>\n\t\t<div  data-lazy=\"1\" class=\"sub_column module_column tf_box col3-1 middle tb_7l6h158\"> \n\t    \t    \t        <div class=\"tb-column-inner tf_box tf_w\">\n\t\t    <!-- module icon -->\n<div  class=\"module module-icon tb_lh98158  normal circle icon_horizontal tf_textc\" data-lazy=\"1\">\n            <div class=\"module-icon\">\n\t\t    <div class=\"module-icon-item tf_inline_b\">\n\t\t\t\t    \t\t\t\t    \t\t\t<i class=\"ui tf_vmiddle tf_textc tf_box transparent\"><svg class=\"tf_fa tf-ti-mobile\"><use href=\"#tf-ti-mobile\"><\/use><\/svg><\/i>\n\t\t    \t\t    \t\t    \t    <\/div>\n\t    <\/div>\n<\/div>\n<!-- \/module icon -->\n<!-- module text -->\n<div  class=\"module module-text tb_ftur158   \" data-lazy=\"1\">\n            <div  class=\"tb_text_wrap\">\n    <p style=\"text-align: center;\"><a href=\"tel:725800900\">+420 725 800 900<\/a><\/p>    <\/div>\n<\/div>\n<!-- \/module text -->\t        <\/div>\n\t    \t<\/div>\n\t\t<div  data-lazy=\"1\" class=\"sub_column module_column tf_box col3-1 last tb_6fkn158\"> \n\t    \t    \t        <div class=\"tb-column-inner tf_box tf_w\">\n\t\t    <!-- module icon -->\n<div  class=\"module module-icon tb_ynya158  normal circle icon_horizontal tf_textc\" data-lazy=\"1\">\n            <div class=\"module-icon\">\n\t\t    <div class=\"module-icon-item tf_inline_b\">\n\t\t\t\t    \t\t\t\t    \t\t\t<i class=\"ui tf_vmiddle tf_textc tf_box transparent\"><svg class=\"tf_fa tf-ti-headphone-alt\"><use href=\"#tf-ti-headphone-alt\"><\/use><\/svg><\/i>\n\t\t    \t\t    \t\t    \t    <\/div>\n\t    <\/div>\n<\/div>\n<!-- \/module icon -->\n<!-- module text -->\n<div  class=\"module module-text tb_nmx8158   \" data-lazy=\"1\">\n            <div  class=\"tb_text_wrap\">\n    <p style=\"text-align: center;\">Provozn\u00ed doba 7:00 \u2013 15:30<\/p>    <\/div>\n<\/div>\n<!-- \/module text -->\t        <\/div>\n\t    \t<\/div>\n\t\t    <\/div>\n\t<\/div><!-- \/themify_builder_sub_row -->\n\t<!-- module text -->\n<div  class=\"module module-text tb_uz43763  repeat \" data-lazy=\"1\">\n            <div  class=\"tb_text_wrap\">\n    <p style=\"text-align: center;\">\u010c\u00edslo bankovn\u00edho \u00fa\u010dtu: 107-3046290297\/0100<\/p>    <\/div>\n<\/div>\n<!-- \/module text --><!-- module divider -->\n<div  class=\"module tf_mw module-divider tb_ckpz158 solid   \" style=\"border-width: 1px;border-color: rgba(0,0,0, 0.05);margin-top: 10px;margin-bottom: 10px;\" data-lazy=\"1\">\n        <\/div>\n<!-- \/module divider -->\n<!-- module icon -->\n<div  class=\"module module-icon tb_2140158  normal none icon_horizontal tf_textc\" data-lazy=\"1\">\n            <div class=\"module-icon\">\n\t\t    <div class=\"module-icon-item tf_inline_b\">\n\t\t\t\t    <a href=\"https:\/\/www.facebook.com\/mudr.pavel.krejzlik\">\n\t\t    \t\t    \t\t\t\t    \t\t\t<i class=\"ui tf_vmiddle tf_textc tf_box black\"><svg class=\"tf_fa tf-ti-facebook\"><use href=\"#tf-ti-facebook\"><\/use><\/svg><\/i>\n\t\t    \t\t    \t\t    \t\t    <\/a>\n\t\t\t    <\/div>\n\t\t    <div class=\"module-icon-item tf_inline_b\">\n\t\t\t\t    <a href=\"https:\/\/www.instagram.com\/mudr.pavel.krejzlik\/\">\n\t\t    \t\t    \t\t\t\t    \t\t\t<i class=\"ui tf_vmiddle tf_textc tf_box black\"><svg class=\"tf_fa tf-ti-instagram\"><use href=\"#tf-ti-instagram\"><\/use><\/svg><\/i>\n\t\t    \t\t    \t\t    \t\t    <\/a>\n\t\t\t    <\/div>\n\t\t    <div class=\"module-icon-item tf_inline_b\">\n\t\t\t\t    <a href=\"https:\/\/www.youtube.com\/channel\/UC8cfRPhtNPvL_Ze6j1bwrLA?&amp;ab_channel=OndraJana\">\n\t\t    \t\t    \t\t\t\t    \t\t\t<i class=\"ui tf_vmiddle tf_textc tf_box black\"><svg class=\"tf_fa tf-ti-youtube\"><use href=\"#tf-ti-youtube\"><\/use><\/svg><\/i>\n\t\t    \t\t    \t\t    \t\t    <\/a>\n\t\t\t    <\/div>\n\t    <\/div>\n<\/div>\n<!-- \/module icon -->\n\t        <\/div>\n\t    \t<\/div>\n\t\t    <\/div>\n\t    <!-- \/row_inner -->\n\t<\/div>\n\t<!-- \/module_row -->\n\t    <\/div>\n<\/div>\n<\/div>\n<!-- \/module template_part -->\n\t        <\/div>\n\t    \t<\/div>\n\t\t    <\/div>\n\t    <!-- \/row_inner -->\n\t<\/div>\n\t<!-- \/module_row -->\n\t<\/div>\n\n","protected":false},"excerpt":{"rendered":"<p>Certifikace a licence Poch\u00e1dzam zo Slovenka, kde som vy\u0161tudoval gymn\u00e1zium v Trnave, Slovensk\u00fa zdravotn\u00edcku univerzitu v Bratislave. Predsedal som akademick\u00e9mu sen\u00e1tu LF i univerzitn\u00e9mu sen\u00e1tu univerzity. U\u017e po\u010das \u0161t\u00fadia som podst\u00fapil nieko\u013eko st\u00e1\u017ei a prax na klinik\u00e1ch v hlavnom meste. Nieko\u013ekoro\u010dn\u00e1 pr\u00e1ca na pilotnom programe zdravotnej gramotnosti v oblasti \u00fastneho zdravia a v\u00fdsledn\u00e9 publik\u00e1cie v [&hellip;]<\/p>\n","protected":false},"author":3,"featured_media":0,"parent":1145,"menu_order":0,"comment_status":"closed","ping_status":"closed","template":"","meta":[],"categories":[],"tags":[],"builder_content":"<h2>MDDr. Jozef Imri\u0161ek<br\/>Zubn\u00ed l\u00e9ka\u0159<\/h2>\n\n<a href=\"http:\/\/facebook.com\" rel=\"noopener\" target=\"_blank\"> <i><svg><use href=\"#tf-ti-facebook\"><\/use><\/svg><\/i> <\/a> <a href=\"http:\/\/twitter.com\" rel=\"noopener\" target=\"_blank\"> <i><svg><use href=\"#tf-ti-twitter-alt\"><\/use><\/svg><\/i> <\/a> <a href=\"https:\/\/www.linkedin.com\" rel=\"noopener\" target=\"_blank\"> <i><svg><use href=\"#tf-ti-linkedin\"><\/use><\/svg><\/i> <\/a> <a href=\"mailto:pavel.krejzlik@eczk.cz\" data-zoom-config=\"50%|50%\"> <i><svg><use href=\"#tf-ti-email\"><\/use><\/svg><\/i> <\/a>\n<h2>Certifikace a licence<\/h2>\nPoch\u00e1dzam zo Slovenka, kde som vy\u0161tudoval gymn\u00e1zium v Trnave, Slovensk\u00fa zdravotn\u00edcku univerzitu v Bratislave. Predsedal som akademick\u00e9mu sen\u00e1tu LF i univerzitn\u00e9mu sen\u00e1tu univerzity. U\u017e po\u010das \u0161t\u00fadia som podst\u00fapil nieko\u013eko st\u00e1\u017ei a prax na klinik\u00e1ch v hlavnom meste. Nieko\u013ekoro\u010dn\u00e1 pr\u00e1ca na pilotnom programe zdravotnej gramotnosti v oblasti \u00fastneho zdravia a v\u00fdsledn\u00e9 publik\u00e1cie v spolupr\u00e1ci s hlavnou odborn\u00ed\u010dkou MZ SR prof. Markovskou. Po ukon\u010den\u00ed \u0161t\u00fadia som pracoval na modernej klinike v Nitre a venoval sa komplexnej starostlivosti pacientov v\u0161etk\u00fdch vekov\u00fdch skup\u00edn pomocov modern\u00fdch technologi\u00ed. Certifikovan\u00e9 st\u00e1\u017ee z estetickej medic\u00edny z d\u00f4vodu celkovej rehabilit\u00e1cie nielen \u00fasmevu ale aj v\u00fdrazu tv\u00e1re a krku som podst\u00fapil pod vedenim Dr. Novotnej na klinike Esthetic. \u00a0 Kr\u00e1sa mi imponuje nielen v medic\u00edne, ale i v umen\u00ed, v \u0161porte, v pr\u00edrode, cestovan\u00ed, \u010di gastron\u00f3mii. 15 rokov som profesion\u00e1lne hral na klav\u00edri, venujem sa akt\u00edvne \u0161portu, nekone\u010dn\u00fdmi prechadzkami s moj\u00edm psom spozn\u00e1vame kr\u00e1sy okolia Brna i \u010ciech. Ktor\u00e9 sa mi nateraz stali domovom.\u00a0\n<h2 style=\"text-align: center;\"><strong>MUDr. Pavel Krejzl\u00edk<\/strong><\/h2> \n \n <i><svg><use href=\"#tf-ti-email\"><\/use><\/svg><\/i> \n <p style=\"text-align: center;\"><a href=\"mailto:info@lasercentra.cz\">&#105;&#110;&#102;&#111;&#64;&#108;&#97;&#115;&#101;&#114;&#99;&#101;&#110;&#116;&#114;&#97;&#46;&#99;&#122;<\/a><\/p> \n \n <i><svg><use href=\"#tf-ti-mobile\"><\/use><\/svg><\/i> \n <p style=\"text-align: center;\"><a href=\"tel:725800900\">+420 725 800 900<\/a><\/p> \n \n <i><svg><use href=\"#tf-ti-headphone-alt\"><\/use><\/svg><\/i> \n <p style=\"text-align: center;\">Provozn\u00ed doba 7:00 \u2013 15:30<\/p> \n \n <p style=\"text-align: center;\">\u010c\u00edslo bankovn\u00edho \u00fa\u010dtu: 107-3046290297\/0100<\/p> \n \n <a href=\"https:\/\/www.facebook.com\/mudr.pavel.krejzlik\"> <i><svg><use href=\"#tf-ti-facebook\"><\/use><\/svg><\/i> <\/a> <a href=\"https:\/\/www.instagram.com\/mudr.pavel.krejzlik\/\"> <i><svg><use href=\"#tf-ti-instagram\"><\/use><\/svg><\/i> <\/a> <a href=\"https:\/\/www.youtube.com\/channel\/UC8cfRPhtNPvL_Ze6j1bwrLA?&amp;ab_channel=OndraJana\"> <i><svg><use href=\"#tf-ti-youtube\"><\/use><\/svg><\/i> <\/a>","_links":{"self":[{"href":"https:\/\/www.eczk.cz\/index.php\/wp-json\/wp\/v2\/pages\/2647"}],"collection":[{"href":"https:\/\/www.eczk.cz\/index.php\/wp-json\/wp\/v2\/pages"}],"about":[{"href":"https:\/\/www.eczk.cz\/index.php\/wp-json\/wp\/v2\/types\/page"}],"author":[{"embeddable":true,"href":"https:\/\/www.eczk.cz\/index.php\/wp-json\/wp\/v2\/users\/3"}],"replies":[{"embeddable":true,"href":"https:\/\/www.eczk.cz\/index.php\/wp-json\/wp\/v2\/comments?post=2647"}],"version-history":[{"count":5,"href":"https:\/\/www.eczk.cz\/index.php\/wp-json\/wp\/v2\/pages\/2647\/revisions"}],"predecessor-version":[{"id":3567,"href":"https:\/\/www.eczk.cz\/index.php\/wp-json\/wp\/v2\/pages\/2647\/revisions\/3567"}],"up":[{"embeddable":true,"href":"https:\/\/www.eczk.cz\/index.php\/wp-json\/wp\/v2\/pages\/1145"}],"wp:attachment":[{"href":"https:\/\/www.eczk.cz\/index.php\/wp-json\/wp\/v2\/media?parent=2647"}],"wp:term":[{"taxonomy":"category","embeddable":true,"href":"https:\/\/www.eczk.cz\/index.php\/wp-json\/wp\/v2\/categories?post=2647"},{"taxonomy":"post_tag","embeddable":true,"href":"https:\/\/www.eczk.cz\/index.php\/wp-json\/wp\/v2\/tags?post=2647"}],"curies":[{"name":"wp","href":"https:\/\/api.w.org\/{rel}","templated":true}]}}