{"id":16,"date":"2020-09-27T12:23:10","date_gmt":"2020-09-27T12:23:10","guid":{"rendered":"http:\/\/new.eczk.cz\/?page_id=16"},"modified":"2024-05-03T13:12:58","modified_gmt":"2024-05-03T11:12:58","slug":"dermatologie-laserova-chirurgie","status":"publish","type":"page","link":"https:\/\/www.eczk.cz\/index.php\/dermatologie-laserova-chirurgie\/","title":{"rendered":"Dermatologie"},"content":{"rendered":"<div id=\"themify_builder_content-16\" data-postid=\"16\" class=\"themify_builder_content themify_builder_content-16 themify_builder tf_clear\">\n    \t<!-- module_row -->\n\t<div   data-css_id=\"tb_ewqr196\" data-lazy=\"1\" class=\"themify_builder_row module_row fullcover fullwidth tb_ewqr196 tb_first clearfix\">\n\t    \t    <div class=\"row_inner col_align_middle tf_box tf_w tf_rel\" >\n\t\t\t<div  data-lazy=\"1\" class=\"module_column tb-column col4-2 first tb_h417196 tf_box\" >\n\t    \t    \t        <div class=\"tb-column-inner tf_box tf_w\">\n\t\t    \t<div  data-lazy=\"1\" class=\"themify_builder_sub_row module_subrow tb_oo2a196 tf_w clearfix\" >\n\t    \t    <div class=\"subrow_inner col_align_top tf_box tf_w\" >\n\t\t\t<div  data-lazy=\"1\" class=\"sub_column module_column tf_box col-full first tb_0kgo196\"> \n\t    \t    \t        <div class=\"tb-column-inner tf_box tf_w\">\n\t\t    <!-- module text -->\n<div  class=\"module module-text tb_etum196  repeat \" data-lazy=\"1\">\n            <div  class=\"tb_text_wrap\">\n    <div class=\"module module-text tb_ok2c601  repeat  \">\n<div class=\"tb_text_wrap\">\n<p style=\"text-align: left;\">MUDr. Pavel Krejzl\u00edk<\/p>\n<\/div>\n<\/div>    <\/div>\n<\/div>\n<!-- \/module text --><!-- module text -->\n<div  class=\"module module-text tb_8ye7196  repeat \" data-lazy=\"1\">\n            <div  class=\"tb_text_wrap\">\n    <h1><b>Dermatologie<\/b><\/h1>    <\/div>\n<\/div>\n<!-- \/module text --><!-- module buttons -->\n<div  class=\"module module-buttons tb_4qnm196 buttons-horizontal outline  squared\" data-lazy=\"1\">\n            \t<div class=\"module-buttons-item tf_inline_b\">\n\t    \t\t    <a href=\"\/index.php\/kontakty\" class=\"ui builder_button tb_default_color\" >\n\t\t\t\t        \t\t<span class=\"tf_inline_b tf_vmiddle\">Rezervujte si term\u00edn<\/span>\n\t\t    \t\t    \t\t    <\/a>\n\t\t        \t<\/div>\n\t    <\/div>\n<!-- \/module buttons -->\n\t        <\/div>\n\t    \t<\/div>\n\t\t    <\/div>\n\t<\/div><!-- \/themify_builder_sub_row -->\n\t\t        <\/div>\n\t    \t<\/div>\n\t\t<div  data-lazy=\"1\" class=\"module_column tb-column col4-2 last tb_9psz196 tf_box\">\n\t    \t    \t<\/div>\n\t\t    <\/div>\n\t    <!-- \/row_inner -->\n\t<\/div>\n\t<!-- \/module_row -->\n\t\t<!-- module_row -->\n\t<div   data-css_id=\"tb_wfyy938\" data-lazy=\"1\" class=\"themify_builder_row module_row fullwidth tb_wfyy938 clearfix\">\n\t    \t    <div class=\"row_inner col_align_top tf_box tf_w tf_rel\" >\n\t\t\t<div  data-lazy=\"1\" class=\"module_column tb-column col-full first tb_hlo1938 tf_box\">\n\t    \t    \t        <div class=\"tb-column-inner tf_box tf_w\">\n\t\t    <!-- module text -->\n<div  class=\"module module-text tb_w290938  repeat \" data-lazy=\"1\">\n            <div  class=\"tb_text_wrap\">\n    <h2 style=\"text-align: center;\"><b>Dermatologie \u2013 laserov\u00e1 chirurgie<\/b><\/h2>    <\/div>\n<\/div>\n<!-- \/module text -->\t        <\/div>\n\t    \t<\/div>\n\t\t    <\/div>\n\t    <!-- \/row_inner -->\n\t<\/div>\n\t<!-- \/module_row -->\n\t\t<!-- module_row -->\n\t<div   data-css_id=\"tb_4prh211\" data-lazy=\"1\" class=\"themify_builder_row module_row fullwidth tb_4prh211 clearfix\">\n\t    \t    <div class=\"row_inner col_align_middle tf_box tf_w tf_rel\"   data-basecol=\"2\" data-col_tablet=\"column4-2\" data-col_mobile=\"column-full\">\n\t\t\t<div  data-lazy=\"1\" class=\"module_column tb-column col4-2 first tb_ia7n211 tf_box\" >\n\t    \t    \t        <div class=\"tb-column-inner tf_box tf_w\">\n\t\t    \t        <\/div>\n\t    \t<\/div>\n\t\t<div  data-lazy=\"1\" class=\"module_column tb-column col4-2 last tb_14nm211 tf_box\" >\n\t    \t    \t        <div class=\"tb-column-inner tf_box tf_w\">\n\t\t    \t        <\/div>\n\t    \t<\/div>\n\t\t    <\/div>\n\t    <!-- \/row_inner -->\n\t<\/div>\n\t<!-- \/module_row -->\n\t\t<!-- module_row -->\n\t<div   data-css_id=\"tb_bdyf999\" data-lazy=\"1\" class=\"themify_builder_row module_row fullwidth tb_bdyf999 clearfix\">\n\t    \t    <div class=\"row_inner col_align_middle tf_box tf_w tf_rel\"   data-mobile_dir=\"rtl\" data-basecol=\"2\" data-col_tablet=\"column4-2\" data-col_mobile=\"column-full\">\n\t\t\t<div  data-lazy=\"1\" class=\"module_column tb-column col4-2 first tb_0215999 repeat tf_box\" >\n\t    \t    \t        <div class=\"tb-column-inner tf_box tf_w\">\n\t\t    <!-- module image -->\n<div  class=\"module module-image tb_aigz999   image-right tf_mw\" data-lazy=\"1\">\n            <div class=\"image-wrap tf_rel tf_mw\">\n\t\t    <img src=\"http:\/\/www.eczk.cz\/wp-content\/uploads\/2020\/10\/635486656982174566-PNI-met-laser-scaled.jpg\" width=\"500\" height=\"400\" title=\"Dermatologie\" alt=\"Dermatologie\">\t\n\t\t<\/div>\n\t<!-- \/image-wrap -->\n    \n    \n<\/div>\n<!-- \/module image -->\t        <\/div>\n\t    \t<\/div>\n\t\t<div  data-lazy=\"1\" class=\"module_column tb-column col4-2 last tb_e19e999 tf_box\" >\n\t    \t    \t        <div class=\"tb-column-inner tf_box tf_w\">\n\t\t    <!-- module text -->\n<div  class=\"module module-text tb_14dj999   \" data-lazy=\"1\">\n            <div  class=\"tb_text_wrap\">\n    <h3 style=\"text-align: left;\">Laserov\u00e9 odstran\u011bn\u00ed mate\u0159sk\u00fdch znam\u00e9nek<\/h3>\n<p>Odstra\u0148ujeme ko\u017en\u00ed v\u00fdr\u016fstky typu mate\u0159sk\u00fdch znam\u00e9nek, mili\u00ed nebo fibrom\u016f. <br \/>O\u0161et\u0159en\u00ed p\u0159edch\u00e1z\u00ed vy\u0161et\u0159en\u00ed ko\u017en\u00edm l\u00e9ka\u0159em, eventu\u00e1ln\u011b i diagnostika dermatoskopem. Cel\u00fd v\u00fdkon trv\u00e1 n\u011bkolik minut a prov\u00e1d\u00ed se v m\u00edstn\u00edm znecitliv\u011bn\u00ed. Po o\u0161et\u0159en\u00ed se b\u011bhem dvou dn\u016f vytvo\u0159\u00ed stroupek velikosti o\u0161et\u0159en\u00e9ho m\u00edsta, kter\u00fd do 10-14 dn\u016f odpadne. Pot\u00e9 z\u016fst\u00e1v\u00e1 jen r\u016f\u017eov\u00e1 skvrnka po dobu 6-9 m\u011bs\u00edc\u016f, kter\u00e1 postupn\u011b bledne. V r\u00e1mci jednoho sezen\u00ed je mo\u017en\u00e9 prov\u00e9st odstran\u011bn\u00ed v\u00edce \u00fatvar\u016f.<\/p>\n<p>Pro objedn\u00e1v\u00e1n\u00ed na laserov\u00e9 odstran\u011bn\u00ed mate\u0159sk\u00fdch znam\u00e9nek volejte <br \/>na tel. \u010d. <a href=\"tel:733599669\">733 599 669<\/a> &#8211; MUDr. Zuzana Kub\u00ed\u010dkov\u00e1.<\/p>\n<p>Toto \u010d\u00edslo slou\u017e\u00ed V\u00ddHRADN\u011a pro objedn\u00e1n\u00ed k laserov\u00e9mu odstran\u011bn\u00ed ko\u017en\u00edch v\u00fdr\u016fstk\u016f, nikoli k objedn\u00e1v\u00e1n\u00ed do ko\u017en\u00ed ambulance k vy\u0161et\u0159en\u00ed pro jin\u00e1 dermatologick\u00e1 onemocn\u011bn\u00ed.\u00a0<\/p>\n<p>Pro tento p\u0159\u00edpad m\u016f\u017eete volat do dermatologick\u00e9 ambulance Z\u00e1brdovick\u00e1 18 &#8211; tel. <a href=\"tel:973 44 54 56\">973 44 54 56<\/a>.<\/p>    <\/div>\n<\/div>\n<!-- \/module text -->\t        <\/div>\n\t    \t<\/div>\n\t\t    <\/div>\n\t    <!-- \/row_inner -->\n\t<\/div>\n\t<!-- \/module_row -->\n\t\t<!-- module_row -->\n\t<div   data-css_id=\"tb_rouh437\" data-lazy=\"1\" class=\"themify_builder_row module_row fullwidth tb_rouh437 clearfix\">\n\t    \t    <div class=\"row_inner col_align_top tf_box tf_w tf_rel\" >\n\t\t\t<div  data-lazy=\"1\" class=\"module_column tb-column col-full first tb_xne1437 tf_box\">\n\t    \t    \t        <div class=\"tb-column-inner tf_box tf_w\">\n\t\t    <!-- module template_part -->\n<div  class=\"module module-layout-part tb_m6rv370 \">\n    <div class=\"tb_layout_part_wrap tf_w\">\n    <div class=\"themify_builder_content themify_builder_content-278 themify_builder not_editable_builder in_the_loop\" data-postid=\"278\">\n        \t<!-- module_row -->\n\t<div   data-css_id=\"tb_qytw158\" data-lazy=\"1\" class=\"themify_builder_row module_row repeat fullwidth tb_qytw158 clearfix\">\n\t    \t    <div class=\"row_inner col_align_middle gutter-none tf_box tf_w tf_rel\"   data-basecol=\"1\" data-col_tablet=\"tablet-full\" data-col_mobile=\"column-full\">\n\t\t\t<div  data-lazy=\"1\" class=\"module_column tb-column col-full first tb_q9as158 repeat tf_box\" >\n\t    \t    \t        <div class=\"tb-column-inner tf_box tf_w\">\n\t\t    <!-- module text -->\n<div  class=\"module module-text tb_8147158  repeat \" data-lazy=\"1\">\n            <div  class=\"tb_text_wrap\">\n    <h2 style=\"text-align: center;\"><strong>MUDr. Pavel Krejzl\u00edk<\/strong><\/h2>    <\/div>\n<\/div>\n<!-- \/module text -->\t<div  data-lazy=\"1\" class=\"themify_builder_sub_row module_subrow tb_t11r158 tf_w clearfix\">\n\t    \t    <div class=\"subrow_inner gutter-none col_auto_height col_align_middle tf_box tf_w\" >\n\t\t\t<div  data-lazy=\"1\" class=\"sub_column module_column tf_box col3-1 first tb_tuq6158\"> \n\t    \t    \t        <div class=\"tb-column-inner tf_box tf_w\">\n\t\t    <!-- module icon -->\n<div  class=\"module module-icon tb_5cc6158  normal circle icon_horizontal tf_textc\" data-lazy=\"1\">\n            <div class=\"module-icon\">\n\t\t    <div class=\"module-icon-item tf_inline_b\">\n\t\t\t\t    \t\t\t\t    \t\t\t<i class=\"ui tf_vmiddle tf_textc tf_box transparent\"><svg class=\"tf_fa tf-ti-email\"><use href=\"#tf-ti-email\"><\/use><\/svg><\/i>\n\t\t    \t\t    \t\t    \t    <\/div>\n\t    <\/div>\n<\/div>\n<!-- \/module icon -->\n<!-- module text -->\n<div  class=\"module module-text tb_xpej158   \" data-lazy=\"1\">\n            <div  class=\"tb_text_wrap\">\n    <p style=\"text-align: center;\"><a href=\"mailto:info@lasercentra.cz\">&#105;&#110;&#102;&#111;&#64;&#108;&#97;&#115;&#101;&#114;&#99;&#101;&#110;&#116;&#114;&#97;&#46;&#99;&#122;<\/a><\/p>\n    <\/div>\n<\/div>\n<!-- \/module text -->\t        <\/div>\n\t    \t<\/div>\n\t\t<div  data-lazy=\"1\" class=\"sub_column module_column tf_box col3-1 middle tb_7l6h158\"> \n\t    \t    \t        <div class=\"tb-column-inner tf_box tf_w\">\n\t\t    <!-- module icon -->\n<div  class=\"module module-icon tb_lh98158  normal circle icon_horizontal tf_textc\" data-lazy=\"1\">\n            <div class=\"module-icon\">\n\t\t    <div class=\"module-icon-item tf_inline_b\">\n\t\t\t\t    \t\t\t\t    \t\t\t<i class=\"ui tf_vmiddle tf_textc tf_box transparent\"><svg class=\"tf_fa tf-ti-mobile\"><use href=\"#tf-ti-mobile\"><\/use><\/svg><\/i>\n\t\t    \t\t    \t\t    \t    <\/div>\n\t    <\/div>\n<\/div>\n<!-- \/module icon -->\n<!-- module text -->\n<div  class=\"module module-text tb_ftur158   \" data-lazy=\"1\">\n            <div  class=\"tb_text_wrap\">\n    <p style=\"text-align: center;\"><a href=\"tel:725800900\">+420 725 800 900<\/a><\/p>    <\/div>\n<\/div>\n<!-- \/module text -->\t        <\/div>\n\t    \t<\/div>\n\t\t<div  data-lazy=\"1\" class=\"sub_column module_column tf_box col3-1 last tb_6fkn158\"> \n\t    \t    \t        <div class=\"tb-column-inner tf_box tf_w\">\n\t\t    <!-- module icon -->\n<div  class=\"module module-icon tb_ynya158  normal circle icon_horizontal tf_textc\" data-lazy=\"1\">\n            <div class=\"module-icon\">\n\t\t    <div class=\"module-icon-item tf_inline_b\">\n\t\t\t\t    \t\t\t\t    \t\t\t<i class=\"ui tf_vmiddle tf_textc tf_box transparent\"><svg class=\"tf_fa tf-ti-headphone-alt\"><use href=\"#tf-ti-headphone-alt\"><\/use><\/svg><\/i>\n\t\t    \t\t    \t\t    \t    <\/div>\n\t    <\/div>\n<\/div>\n<!-- \/module icon -->\n<!-- module text -->\n<div  class=\"module module-text tb_nmx8158   \" data-lazy=\"1\">\n            <div  class=\"tb_text_wrap\">\n    <p style=\"text-align: center;\">Provozn\u00ed doba 7:00 \u2013 15:30<\/p>    <\/div>\n<\/div>\n<!-- \/module text -->\t        <\/div>\n\t    \t<\/div>\n\t\t    <\/div>\n\t<\/div><!-- \/themify_builder_sub_row -->\n\t<!-- module text -->\n<div  class=\"module module-text tb_uz43763  repeat \" data-lazy=\"1\">\n            <div  class=\"tb_text_wrap\">\n    <p style=\"text-align: center;\">\u010c\u00edslo bankovn\u00edho \u00fa\u010dtu: 107-3046290297\/0100<\/p>    <\/div>\n<\/div>\n<!-- \/module text --><!-- module divider -->\n<div  class=\"module tf_mw module-divider tb_ckpz158 solid   \" style=\"border-width: 1px;border-color: rgba(0,0,0, 0.05);margin-top: 10px;margin-bottom: 10px;\" data-lazy=\"1\">\n        <\/div>\n<!-- \/module divider -->\n<!-- module icon -->\n<div  class=\"module module-icon tb_2140158  normal none icon_horizontal tf_textc\" data-lazy=\"1\">\n            <div class=\"module-icon\">\n\t\t    <div class=\"module-icon-item tf_inline_b\">\n\t\t\t\t    <a href=\"https:\/\/www.facebook.com\/mudr.pavel.krejzlik\">\n\t\t    \t\t    \t\t\t\t    \t\t\t<i class=\"ui tf_vmiddle tf_textc tf_box black\"><svg class=\"tf_fa tf-ti-facebook\"><use href=\"#tf-ti-facebook\"><\/use><\/svg><\/i>\n\t\t    \t\t    \t\t    \t\t    <\/a>\n\t\t\t    <\/div>\n\t\t    <div class=\"module-icon-item tf_inline_b\">\n\t\t\t\t    <a href=\"https:\/\/www.instagram.com\/mudr.pavel.krejzlik\/\">\n\t\t    \t\t    \t\t\t\t    \t\t\t<i class=\"ui tf_vmiddle tf_textc tf_box black\"><svg class=\"tf_fa tf-ti-instagram\"><use href=\"#tf-ti-instagram\"><\/use><\/svg><\/i>\n\t\t    \t\t    \t\t    \t\t    <\/a>\n\t\t\t    <\/div>\n\t\t    <div class=\"module-icon-item tf_inline_b\">\n\t\t\t\t    <a href=\"https:\/\/www.youtube.com\/channel\/UC8cfRPhtNPvL_Ze6j1bwrLA?&amp;ab_channel=OndraJana\">\n\t\t    \t\t    \t\t\t\t    \t\t\t<i class=\"ui tf_vmiddle tf_textc tf_box black\"><svg class=\"tf_fa tf-ti-youtube\"><use href=\"#tf-ti-youtube\"><\/use><\/svg><\/i>\n\t\t    \t\t    \t\t    \t\t    <\/a>\n\t\t\t    <\/div>\n\t    <\/div>\n<\/div>\n<!-- \/module icon -->\n\t        <\/div>\n\t    \t<\/div>\n\t\t    <\/div>\n\t    <!-- \/row_inner -->\n\t<\/div>\n\t<!-- \/module_row -->\n\t    <\/div>\n<\/div>\n<\/div>\n<!-- \/module template_part -->\n\t        <\/div>\n\t    \t<\/div>\n\t\t    <\/div>\n\t    <!-- \/row_inner -->\n\t<\/div>\n\t<!-- \/module_row -->\n\t<\/div>\n\n","protected":false},"excerpt":{"rendered":"<p>MUDr. Pavel Krejzl\u00edk Dermatologie Rezervujte si term\u00edn Dermatologie \u2013 laserov\u00e1 chirurgie Laserov\u00e9 odstran\u011bn\u00ed mate\u0159sk\u00fdch znam\u00e9nek Odstra\u0148ujeme ko\u017en\u00ed v\u00fdr\u016fstky typu mate\u0159sk\u00fdch znam\u00e9nek, mili\u00ed nebo fibrom\u016f. O\u0161et\u0159en\u00ed p\u0159edch\u00e1z\u00ed vy\u0161et\u0159en\u00ed ko\u017en\u00edm l\u00e9ka\u0159em, eventu\u00e1ln\u011b i diagnostika dermatoskopem. Cel\u00fd v\u00fdkon trv\u00e1 n\u011bkolik minut a prov\u00e1d\u00ed se v m\u00edstn\u00edm znecitliv\u011bn\u00ed. Po o\u0161et\u0159en\u00ed se b\u011bhem dvou dn\u016f vytvo\u0159\u00ed stroupek velikosti o\u0161et\u0159en\u00e9ho m\u00edsta, [&hellip;]<\/p>\n","protected":false},"author":1,"featured_media":0,"parent":0,"menu_order":0,"comment_status":"closed","ping_status":"closed","template":"","meta":[],"categories":[],"tags":[],"builder_content":"<p style=\"text-align: left;\">MUDr. Pavel Krejzl\u00edk<\/p>\n<h1><b>Dermatologie<\/b><\/h1>\n<a href=\"\/index.php\/kontakty\" > Rezervujte si term\u00edn <\/a>\n<h2 style=\"text-align: center;\"><b>Dermatologie \u2013 laserov\u00e1 chirurgie<\/b><\/h2>\n\n\n<img src=\"http:\/\/www.eczk.cz\/wp-content\/uploads\/2020\/10\/635486656982174566-PNI-met-laser-scaled.jpg\" width=\"500\" height=\"400\" title=\"Dermatologie\" alt=\"Dermatologie\">\n<h3 style=\"text-align: left;\">Laserov\u00e9 odstran\u011bn\u00ed mate\u0159sk\u00fdch znam\u00e9nek<\/h3> <p>Odstra\u0148ujeme ko\u017en\u00ed v\u00fdr\u016fstky typu mate\u0159sk\u00fdch znam\u00e9nek, mili\u00ed nebo fibrom\u016f. <br \/>O\u0161et\u0159en\u00ed p\u0159edch\u00e1z\u00ed vy\u0161et\u0159en\u00ed ko\u017en\u00edm l\u00e9ka\u0159em, eventu\u00e1ln\u011b i diagnostika dermatoskopem. Cel\u00fd v\u00fdkon trv\u00e1 n\u011bkolik minut a prov\u00e1d\u00ed se v m\u00edstn\u00edm znecitliv\u011bn\u00ed. Po o\u0161et\u0159en\u00ed se b\u011bhem dvou dn\u016f vytvo\u0159\u00ed stroupek velikosti o\u0161et\u0159en\u00e9ho m\u00edsta, kter\u00fd do 10-14 dn\u016f odpadne. Pot\u00e9 z\u016fst\u00e1v\u00e1 jen r\u016f\u017eov\u00e1 skvrnka po dobu 6-9 m\u011bs\u00edc\u016f, kter\u00e1 postupn\u011b bledne. V r\u00e1mci jednoho sezen\u00ed je mo\u017en\u00e9 prov\u00e9st odstran\u011bn\u00ed v\u00edce \u00fatvar\u016f.<\/p> <p>Pro objedn\u00e1v\u00e1n\u00ed na laserov\u00e9 odstran\u011bn\u00ed mate\u0159sk\u00fdch znam\u00e9nek volejte <br \/>na tel. \u010d. <a href=\"tel:733599669\">733 599 669<\/a> - MUDr. Zuzana Kub\u00ed\u010dkov\u00e1.<\/p> <p>Toto \u010d\u00edslo slou\u017e\u00ed V\u00ddHRADN\u011a pro objedn\u00e1n\u00ed k laserov\u00e9mu odstran\u011bn\u00ed ko\u017en\u00edch v\u00fdr\u016fstk\u016f, nikoli k objedn\u00e1v\u00e1n\u00ed do ko\u017en\u00ed ambulance k vy\u0161et\u0159en\u00ed pro jin\u00e1 dermatologick\u00e1 onemocn\u011bn\u00ed.\u00a0<\/p> <p>Pro tento p\u0159\u00edpad m\u016f\u017eete volat do dermatologick\u00e9 ambulance Z\u00e1brdovick\u00e1 18 - tel. <a href=\"tel:973 44 54 56\">973 44 54 56<\/a>.<\/p>\n<h2 style=\"text-align: center;\"><strong>MUDr. Pavel Krejzl\u00edk<\/strong><\/h2> \n \n <i><svg><use href=\"#tf-ti-email\"><\/use><\/svg><\/i> \n <p style=\"text-align: center;\"><a href=\"mailto:info@lasercentra.cz\">&#105;&#110;&#102;&#111;&#64;&#108;&#97;&#115;&#101;&#114;&#99;&#101;&#110;&#116;&#114;&#97;&#46;&#99;&#122;<\/a><\/p> \n \n <i><svg><use href=\"#tf-ti-mobile\"><\/use><\/svg><\/i> \n <p style=\"text-align: center;\"><a href=\"tel:725800900\">+420 725 800 900<\/a><\/p> \n \n <i><svg><use href=\"#tf-ti-headphone-alt\"><\/use><\/svg><\/i> \n <p style=\"text-align: center;\">Provozn\u00ed doba 7:00 \u2013 15:30<\/p> \n \n <p style=\"text-align: center;\">\u010c\u00edslo bankovn\u00edho \u00fa\u010dtu: 107-3046290297\/0100<\/p> \n \n <a href=\"https:\/\/www.facebook.com\/mudr.pavel.krejzlik\"> <i><svg><use href=\"#tf-ti-facebook\"><\/use><\/svg><\/i> <\/a> <a href=\"https:\/\/www.instagram.com\/mudr.pavel.krejzlik\/\"> <i><svg><use href=\"#tf-ti-instagram\"><\/use><\/svg><\/i> <\/a> <a href=\"https:\/\/www.youtube.com\/channel\/UC8cfRPhtNPvL_Ze6j1bwrLA?&amp;ab_channel=OndraJana\"> <i><svg><use href=\"#tf-ti-youtube\"><\/use><\/svg><\/i> <\/a>","_links":{"self":[{"href":"https:\/\/www.eczk.cz\/index.php\/wp-json\/wp\/v2\/pages\/16"}],"collection":[{"href":"https:\/\/www.eczk.cz\/index.php\/wp-json\/wp\/v2\/pages"}],"about":[{"href":"https:\/\/www.eczk.cz\/index.php\/wp-json\/wp\/v2\/types\/page"}],"author":[{"embeddable":true,"href":"https:\/\/www.eczk.cz\/index.php\/wp-json\/wp\/v2\/users\/1"}],"replies":[{"embeddable":true,"href":"https:\/\/www.eczk.cz\/index.php\/wp-json\/wp\/v2\/comments?post=16"}],"version-history":[{"count":40,"href":"https:\/\/www.eczk.cz\/index.php\/wp-json\/wp\/v2\/pages\/16\/revisions"}],"predecessor-version":[{"id":3655,"href":"https:\/\/www.eczk.cz\/index.php\/wp-json\/wp\/v2\/pages\/16\/revisions\/3655"}],"wp:attachment":[{"href":"https:\/\/www.eczk.cz\/index.php\/wp-json\/wp\/v2\/media?parent=16"}],"wp:term":[{"taxonomy":"category","embeddable":true,"href":"https:\/\/www.eczk.cz\/index.php\/wp-json\/wp\/v2\/categories?post=16"},{"taxonomy":"post_tag","embeddable":true,"href":"https:\/\/www.eczk.cz\/index.php\/wp-json\/wp\/v2\/tags?post=16"}],"curies":[{"name":"wp","href":"https:\/\/api.w.org\/{rel}","templated":true}]}}