{"id":1478,"date":"2020-10-16T23:33:35","date_gmt":"2020-10-16T21:33:35","guid":{"rendered":"http:\/\/new.eczk.cz\/?page_id=1478"},"modified":"2020-10-17T00:53:58","modified_gmt":"2020-10-16T22:53:58","slug":"lucie-krupickova-2","status":"publish","type":"page","link":"https:\/\/www.eczk.cz\/index.php\/lucie-krupickova-2\/","title":{"rendered":"Lucie Krupi\u010dkov\u00e1"},"content":{"rendered":"<div id=\"themify_builder_content-1478\" data-postid=\"1478\" class=\"themify_builder_content themify_builder_content-1478 themify_builder tf_clear\">\n    \t<!-- module_row -->\n\t<div   data-css_id=\"tb_ir3v551\" data-lazy=\"1\" class=\"themify_builder_row module_row tb_ir3v551 tb_first clearfix\">\n\t    \t    <div class=\"row_inner col_align_top tf_box tf_w tf_rel\" >\n\t\t\t<div  data-lazy=\"1\" class=\"module_column tb-column col-full first tb_sva5552 repeat tf_box\" >\n\t    \t    \t        <div class=\"tb-column-inner tf_box tf_w\">\n\t\t    \t<div  data-lazy=\"1\" class=\"themify_builder_sub_row module_subrow repeat tb_7eda552 tf_w clearfix\" >\n\t    \t    <div class=\"subrow_inner gutter-none col_align_middle tf_box tf_w\"   data-mobile_dir=\"rtl\">\n\t\t\t<div  data-lazy=\"1\" class=\"sub_column module_column tf_box col2-1 first tb_hww1553 repeat\" > \n\t    \t    \t        <div class=\"tb-column-inner tf_box tf_w\">\n\t\t        <!-- module fancy heading -->\n<div  class=\"module module-fancy-heading tb_pbxs553 \" data-lazy=\"1\">\n        <h2 class=\"fancy-heading tf_textl\">\n    <span  class=\"main-head tf_block\">\n\tLucie Krupi\u010dkov\u00e1    <\/span>\n    <span class=\"sub-head tb_hide_divider  tf_block tf_rel\">\n\t\/zam\u011b\u0159en\u00ed\/    <\/span>\n\n    <\/h2>\n<\/div>\n<!-- \/module fancy heading -->\n<!-- module text -->\n<div  class=\"module module-text tb_m8nu553   \" data-lazy=\"1\">\n            <div  class=\"tb_text_wrap\">\n    <p>Sed ut perspiciatis unde omnis iste natus error sit voluptatem accusantium doloremque laudantium, totam rem aperiam, eaque ipsa quae ab illo inventore veritatis et quasi architecto beatae vitae dicta sunt explicabo. Nemo enim ipsam voluptatem quia voluptas sit aspernatur aut odit aut fugit, sed quia consequuntur magni dolores eos qui ratione voluptatem sequi nesciunt. Neque porro quisquam est, qui dolorem ipsum quia dolor sit amet, consectetur.<\/p>    <\/div>\n<\/div>\n<!-- \/module text --><!-- module icon -->\n<div  class=\"module module-icon tb_s94h553  small circle icon_horizontal tf_textl\" data-lazy=\"1\">\n            <div class=\"module-icon\">\n\t\t    <div class=\"module-icon-item tf_inline_b\">\n\t\t\t\t    <a href=\"http:\/\/facebook.com\" rel=\"noopener\" target=\"_blank\">\n\t\t    \t\t    \t\t\t\t    \t\t\t<i class=\"ui tf_vmiddle tf_textc tf_box light-blue\"><svg class=\"tf_fa tf-ti-facebook\"><use href=\"#tf-ti-facebook\"><\/use><\/svg><\/i>\n\t\t    \t\t    \t\t    \t\t    <\/a>\n\t\t\t    <\/div>\n\t\t    <div class=\"module-icon-item tf_inline_b\">\n\t\t\t\t    <a href=\"http:\/\/twitter.com\" rel=\"noopener\" target=\"_blank\">\n\t\t    \t\t    \t\t\t\t    \t\t\t<i class=\"ui tf_vmiddle tf_textc tf_box light-blue\"><svg class=\"tf_fa tf-ti-twitter-alt\"><use href=\"#tf-ti-twitter-alt\"><\/use><\/svg><\/i>\n\t\t    \t\t    \t\t    \t\t    <\/a>\n\t\t\t    <\/div>\n\t\t    <div class=\"module-icon-item tf_inline_b\">\n\t\t\t\t    <a href=\"https:\/\/www.linkedin.com\" rel=\"noopener\" target=\"_blank\">\n\t\t    \t\t    \t\t\t\t    \t\t\t<i class=\"ui tf_vmiddle tf_textc tf_box light-blue\"><svg class=\"tf_fa tf-ti-linkedin\"><use href=\"#tf-ti-linkedin\"><\/use><\/svg><\/i>\n\t\t    \t\t    \t\t    \t\t    <\/a>\n\t\t\t    <\/div>\n\t\t    <div class=\"module-icon-item tf_inline_b\">\n\t\t\t\t    <a href=\"mailto:pavel.krejzlik@eczk.cz\" data-zoom-config=\"50%|50%\" class=\"lightbox-builder themify_lightbox\">\n\t\t    \t\t    \t\t\t\t    \t\t\t<i class=\"ui tf_vmiddle tf_textc tf_box light-blue\"><svg class=\"tf_fa tf-ti-email\"><use href=\"#tf-ti-email\"><\/use><\/svg><\/i>\n\t\t    \t\t    \t\t    \t\t    <\/a>\n\t\t\t    <\/div>\n\t    <\/div>\n<\/div>\n<!-- \/module icon -->\n\t        <\/div>\n\t    \t<\/div>\n\t\t<div  data-lazy=\"1\" class=\"sub_column module_column tf_box col2-1 last tb_96v3553 fullcover\" > \n\t    \t    \t<\/div>\n\t\t    <\/div>\n\t<\/div><!-- \/themify_builder_sub_row -->\n\t\t<div  data-lazy=\"1\" class=\"themify_builder_sub_row module_subrow repeat tb_ofyz33 tf_w clearfix\" >\n\t    \t    <div class=\"subrow_inner gutter-none col_align_middle tf_box tf_w\"   data-mobile_dir=\"rtl\">\n\t\t\t<div  data-lazy=\"1\" class=\"sub_column module_column tf_box col-full first tb_2z4b34 repeat\" > \n\t    \t    \t        <div class=\"tb-column-inner tf_box tf_w\">\n\t\t    <!-- module text -->\n<div  class=\"module module-text tb_hux134   \" data-lazy=\"1\">\n            <div  class=\"tb_text_wrap\">\n    <h2>Certifikace a licence<\/h2>\n<div>licence \u010cesk\u00e9 stomatologick\u00e9 komory pro praktick\u00e9 zubn\u00ed l\u00e9ka\u0159stv\u00ed<\/div>\n<div>licence \u010cesk\u00e9 stomatologick\u00e9 komory pro \u00fastn\u00ed, \u010delistn\u00ed a obli\u010dejovou chirurgii<\/div>\n<div>specializace v oboru stomatologie I. stupn\u011b<\/div>\n<div>specializace v oboru stomatologick\u00e1 chirurgie<\/div>\n<div>certifik\u00e1t pro pr\u00e1ci s laserem &#8220;SKLEROLASER&#8221;, Candela USA<\/div>\n<div>certifik\u00e1t pro pr\u00e1ci s laserem &#8220;SKINLIGHT&#8221;, Candela, USA<\/div>\n<div>certifik\u00e1t k v\u00fdkon\u016fm l\u00e9ka\u0159sk\u00e9ho peelingu<\/div>\n<div>certifik\u00e1t k pr\u00e1ci s nitrokostn\u00edmi implant\u00e1ty<\/div>\n<div>certifik\u00e1t pro pr\u00e1ci s diodov\u00fdm laserem Ceralas D<\/div>\n<div>certifik\u00e1t k aplikaci botulotoxinu\u00a0<\/div>\n<div>certifik\u00e1t k aplikaci v\u00fdpl\u0148ov\u00fdch materi\u00e1l\u016f &#8211; Restylane, Perlane<\/div>\n<div>Certifik\u00e1t k aplikaci v\u00fdpl\u0148ov\u00fdch materi\u00e1l\u016f &#8211; Outline \/Fr.\/<\/div>\n<div>Certifik\u00e1t &#8221; COSMETIC BOTULINUM TOXIN MASTER COURSE 2005&#8243;, Paris<\/div>\n<div>absolovent kurzu ESTETICK\u00c1 MEZOTERAPIE, 2006<\/div>\n<div>Absolovent kurzu dent\u00e1ln\u00ed implantologie, Brno 1996<\/div>\n<div>Certifik\u00e1t o absolvov\u00e1n\u00ed kurzu &#8220;\u0158\u00edzen\u00e1 tk\u00e1\u0148ov\u00e1 regenerace v teorii a praxi&#8221;, Hradec Kr\u00e1lov\u00e9 1999<\/div>\n<div>Certifik\u00e1t &#8211; l\u00e9\u010debn\u011b kosmetick\u00e9 mo\u017enosti pou\u017eit\u00ed p\u0159\u00edpravku botulotoxin<\/div>\n<div>\u010dlen Komory soudn\u00edch znalc\u016f \u010cesk\u00e9 republiky<\/div>\n<div>\u010dlen Spole\u010dnosti pro vyu\u017eit\u00ed laseru v medic\u00edn\u011b \u010cLS JEP<\/div>\n<div>\u010dlen Spole\u010dnosti maxillo-faci\u00e1ln\u00ed chirurgie \u010cLS JEP<\/div>\n<div>Certifik\u00e1t &#8220;INTERNATIONAL MASTER COURSE ON AGING SKIN&#8221;, Paris 2008<\/div>\n<div>OSV\u011aD\u010cEN\u00cd Ministerstva zdravotnictv\u00ed \u010cR o specializovan\u00e9 zp\u016fsobilosti v oboru or\u00e1ln\u00ed a maxilofaci\u00e1ln\u00ed chirurgie<\/div>\n<div>OSV\u011aD\u010cEN\u00cd ODBORNOSTI \u010cLK &#8211; praktick\u00fd zubn\u00ed l\u00e9ka\u0159 stomatochirurg<\/div>\n<div>Specialist training course for the use of RESTYLANE, 2011<\/div>\n<div>Botulinum toxin and the Fillers in the Head and Neck, 2013\u00a0<\/div>\n<div>Certifik\u00e1t &#8221; I. kongres estetick\u00e9 a laserov\u00e9 medic\u00edny&#8221;, Praha 2014<\/div>\n<div>\u0160kolen\u00ed KPM Zdravotnick\u00e9 z\u00e1chrann\u00e9 slu\u017eby Jihomor. kraje, Brno 2014<\/div>\n<div>CERTIFIK\u00c1T &#8211; ADVANCED SURGERIES, extraction &#8211; implantation, immediate loading and bone grafting &#8211; Francie 2018<\/div>\n<div>CERTIFIK\u00c1T &#8211; L\u00e9\u010debn\u00e9-kosmetick\u00e9 mo\u017enosti pou\u017eit\u00ed kyseliny hyaluronov\u00e9 v p\u0159\u00edpravc\u00edch Restylane a Restylane Skinboosters &#8211; 2018<\/div>\n<div>\u00a0<\/div>\n<h2>Odborn\u00e9 st\u00e1\u017ee<\/h2>\n<div>Klinika plastick\u00e9 a estetick\u00e9 chirurgie Brno<\/div>\n<div>Neurochirurgick\u00e1 klinika, FN Brno-Bohunice<\/div>\n<div>Klinika d\u011btsk\u00e9 stomatologie PRAHA &#8211; MOTOL<\/div>\n<div>I. stomatologick\u00e1 klinika 1. LF UK, Praha<\/div>\n<div>II. stomatologick\u00e1 klinika LF MU, Brno<\/div>\n<div>\u00a0<\/div>\n<h2>Vzd\u011bl\u00e1n\u00ed<\/h2>\n<div>r. 1992 &#8211; PROMOCE<\/div>\n<div>r. 1994 &#8211; I. ATESTACE &#8211; stomatologie<\/div>\n<div>r. 2000 &#8211; II. ATESTACE &#8211; maxilofaci\u00e1ln\u00ed chirurgie<\/div>    <\/div>\n<\/div>\n<!-- \/module text -->\t        <\/div>\n\t    \t<\/div>\n\t\t    <\/div>\n\t<\/div><!-- \/themify_builder_sub_row -->\n\t\t        <\/div>\n\t    \t<\/div>\n\t\t    <\/div>\n\t    <!-- \/row_inner -->\n\t<\/div>\n\t<!-- \/module_row -->\n\t\t<!-- module_row -->\n\t<div   data-css_id=\"tb_5joj668\" data-lazy=\"1\" class=\"themify_builder_row module_row tb_5joj668 clearfix hide-mobile\">\n\t    \t    <div class=\"row_inner col_align_top tf_box tf_w tf_rel\" >\n\t\t\t<div  data-lazy=\"1\" class=\"module_column tb-column col-full first tb_gofc668 tf_box\">\n\t    \t    \t        <div class=\"tb-column-inner tf_box tf_w\">\n\t\t    <!-- module template_part -->\n<div  class=\"module module-layout-part tb_mksc4 \">\n    <div class=\"tb_layout_part_wrap tf_w\">\n    <div class=\"themify_builder_content themify_builder_content-278 themify_builder not_editable_builder in_the_loop\" data-postid=\"278\">\n        \t<!-- module_row -->\n\t<div   data-css_id=\"tb_qytw158\" data-lazy=\"1\" class=\"themify_builder_row module_row repeat fullwidth tb_qytw158 clearfix\">\n\t    \t    <div class=\"row_inner col_align_middle gutter-none tf_box tf_w tf_rel\"   data-basecol=\"1\" data-col_tablet=\"tablet-full\" data-col_mobile=\"column-full\">\n\t\t\t<div  data-lazy=\"1\" class=\"module_column tb-column col-full first tb_q9as158 repeat tf_box\" >\n\t    \t    \t        <div class=\"tb-column-inner tf_box tf_w\">\n\t\t    <!-- module text -->\n<div  class=\"module module-text tb_8147158  repeat \" data-lazy=\"1\">\n            <div  class=\"tb_text_wrap\">\n    <h2 style=\"text-align: center;\"><strong>MUDr. Pavel Krejzl\u00edk<\/strong><\/h2>    <\/div>\n<\/div>\n<!-- \/module text -->\t<div  data-lazy=\"1\" class=\"themify_builder_sub_row module_subrow tb_t11r158 tf_w clearfix\">\n\t    \t    <div class=\"subrow_inner gutter-none col_auto_height col_align_middle tf_box tf_w\" >\n\t\t\t<div  data-lazy=\"1\" class=\"sub_column module_column tf_box col3-1 first tb_tuq6158\"> \n\t    \t    \t        <div class=\"tb-column-inner tf_box tf_w\">\n\t\t    <!-- module icon -->\n<div  class=\"module module-icon tb_5cc6158  normal circle icon_horizontal tf_textc\" data-lazy=\"1\">\n            <div class=\"module-icon\">\n\t\t    <div class=\"module-icon-item tf_inline_b\">\n\t\t\t\t    \t\t\t\t    \t\t\t<i class=\"ui tf_vmiddle tf_textc tf_box transparent\"><svg class=\"tf_fa tf-ti-email\"><use href=\"#tf-ti-email\"><\/use><\/svg><\/i>\n\t\t    \t\t    \t\t    \t    <\/div>\n\t    <\/div>\n<\/div>\n<!-- \/module icon -->\n<!-- module text -->\n<div  class=\"module module-text tb_xpej158   \" data-lazy=\"1\">\n            <div  class=\"tb_text_wrap\">\n    <p style=\"text-align: center;\"><a href=\"mailto:info@lasercentra.cz\">&#105;&#110;&#102;&#111;&#64;&#108;&#97;&#115;&#101;&#114;&#99;&#101;&#110;&#116;&#114;&#97;&#46;&#99;&#122;<\/a><\/p>\n    <\/div>\n<\/div>\n<!-- \/module text -->\t        <\/div>\n\t    \t<\/div>\n\t\t<div  data-lazy=\"1\" class=\"sub_column module_column tf_box col3-1 middle tb_7l6h158\"> \n\t    \t    \t        <div class=\"tb-column-inner tf_box tf_w\">\n\t\t    <!-- module icon -->\n<div  class=\"module module-icon tb_lh98158  normal circle icon_horizontal tf_textc\" data-lazy=\"1\">\n            <div class=\"module-icon\">\n\t\t    <div class=\"module-icon-item tf_inline_b\">\n\t\t\t\t    \t\t\t\t    \t\t\t<i class=\"ui tf_vmiddle tf_textc tf_box transparent\"><svg class=\"tf_fa tf-ti-mobile\"><use href=\"#tf-ti-mobile\"><\/use><\/svg><\/i>\n\t\t    \t\t    \t\t    \t    <\/div>\n\t    <\/div>\n<\/div>\n<!-- \/module icon -->\n<!-- module text -->\n<div  class=\"module module-text tb_ftur158   \" data-lazy=\"1\">\n            <div  class=\"tb_text_wrap\">\n    <p style=\"text-align: center;\"><a href=\"tel:725800900\">+420 725 800 900<\/a><\/p>    <\/div>\n<\/div>\n<!-- \/module text -->\t        <\/div>\n\t    \t<\/div>\n\t\t<div  data-lazy=\"1\" class=\"sub_column module_column tf_box col3-1 last tb_6fkn158\"> \n\t    \t    \t        <div class=\"tb-column-inner tf_box tf_w\">\n\t\t    <!-- module icon -->\n<div  class=\"module module-icon tb_ynya158  normal circle icon_horizontal tf_textc\" data-lazy=\"1\">\n            <div class=\"module-icon\">\n\t\t    <div class=\"module-icon-item tf_inline_b\">\n\t\t\t\t    \t\t\t\t    \t\t\t<i class=\"ui tf_vmiddle tf_textc tf_box transparent\"><svg class=\"tf_fa tf-ti-headphone-alt\"><use href=\"#tf-ti-headphone-alt\"><\/use><\/svg><\/i>\n\t\t    \t\t    \t\t    \t    <\/div>\n\t    <\/div>\n<\/div>\n<!-- \/module icon -->\n<!-- module text -->\n<div  class=\"module module-text tb_nmx8158   \" data-lazy=\"1\">\n            <div  class=\"tb_text_wrap\">\n    <p style=\"text-align: center;\">Provozn\u00ed doba 7:00 \u2013 15:30<\/p>    <\/div>\n<\/div>\n<!-- \/module text -->\t        <\/div>\n\t    \t<\/div>\n\t\t    <\/div>\n\t<\/div><!-- \/themify_builder_sub_row -->\n\t<!-- module text -->\n<div  class=\"module module-text tb_uz43763  repeat \" data-lazy=\"1\">\n            <div  class=\"tb_text_wrap\">\n    <p style=\"text-align: center;\">\u010c\u00edslo bankovn\u00edho \u00fa\u010dtu: 107-3046290297\/0100<\/p>    <\/div>\n<\/div>\n<!-- \/module text --><!-- module divider -->\n<div  class=\"module tf_mw module-divider tb_ckpz158 solid   \" style=\"border-width: 1px;border-color: rgba(0,0,0, 0.05);margin-top: 10px;margin-bottom: 10px;\" data-lazy=\"1\">\n        <\/div>\n<!-- \/module divider -->\n<!-- module icon -->\n<div  class=\"module module-icon tb_2140158  normal none icon_horizontal tf_textc\" data-lazy=\"1\">\n            <div class=\"module-icon\">\n\t\t    <div class=\"module-icon-item tf_inline_b\">\n\t\t\t\t    <a href=\"https:\/\/www.facebook.com\/mudr.pavel.krejzlik\">\n\t\t    \t\t    \t\t\t\t    \t\t\t<i class=\"ui tf_vmiddle tf_textc tf_box black\"><svg class=\"tf_fa tf-ti-facebook\"><use href=\"#tf-ti-facebook\"><\/use><\/svg><\/i>\n\t\t    \t\t    \t\t    \t\t    <\/a>\n\t\t\t    <\/div>\n\t\t    <div class=\"module-icon-item tf_inline_b\">\n\t\t\t\t    <a href=\"https:\/\/www.instagram.com\/mudr.pavel.krejzlik\/\">\n\t\t    \t\t    \t\t\t\t    \t\t\t<i class=\"ui tf_vmiddle tf_textc tf_box black\"><svg class=\"tf_fa tf-ti-instagram\"><use href=\"#tf-ti-instagram\"><\/use><\/svg><\/i>\n\t\t    \t\t    \t\t    \t\t    <\/a>\n\t\t\t    <\/div>\n\t\t    <div class=\"module-icon-item tf_inline_b\">\n\t\t\t\t    <a href=\"https:\/\/www.youtube.com\/channel\/UC8cfRPhtNPvL_Ze6j1bwrLA?&amp;ab_channel=OndraJana\">\n\t\t    \t\t    \t\t\t\t    \t\t\t<i class=\"ui tf_vmiddle tf_textc tf_box black\"><svg class=\"tf_fa tf-ti-youtube\"><use href=\"#tf-ti-youtube\"><\/use><\/svg><\/i>\n\t\t    \t\t    \t\t    \t\t    <\/a>\n\t\t\t    <\/div>\n\t    <\/div>\n<\/div>\n<!-- \/module icon -->\n\t        <\/div>\n\t    \t<\/div>\n\t\t    <\/div>\n\t    <!-- \/row_inner -->\n\t<\/div>\n\t<!-- \/module_row -->\n\t    <\/div>\n<\/div>\n<\/div>\n<!-- \/module template_part -->\n\t        <\/div>\n\t    \t<\/div>\n\t\t    <\/div>\n\t    <!-- \/row_inner -->\n\t<\/div>\n\t<!-- \/module_row -->\n\t<\/div>\n\n","protected":false},"excerpt":{"rendered":"<p>Sed ut perspiciatis unde omnis iste natus error sit voluptatem accusantium doloremque laudantium, totam rem aperiam, eaque ipsa quae ab illo inventore veritatis et quasi architecto beatae vitae dicta sunt explicabo. Nemo enim ipsam voluptatem quia voluptas sit aspernatur aut odit aut fugit, sed quia consequuntur magni dolores eos qui ratione voluptatem sequi nesciunt. Neque [&hellip;]<\/p>\n","protected":false},"author":1,"featured_media":0,"parent":0,"menu_order":0,"comment_status":"closed","ping_status":"closed","template":"","meta":[],"categories":[],"tags":[],"builder_content":"<h2><br\/>\/zam\u011b\u0159en\u00ed\/<\/h2>\n<p>Sed ut perspiciatis unde omnis iste natus error sit voluptatem accusantium doloremque laudantium, totam rem aperiam, eaque ipsa quae ab illo inventore veritatis et quasi architecto beatae vitae dicta sunt explicabo. Nemo enim ipsam voluptatem quia voluptas sit aspernatur aut odit aut fugit, sed quia consequuntur magni dolores eos qui ratione voluptatem sequi nesciunt. Neque porro quisquam est, qui dolorem ipsum quia dolor sit amet, consectetur.<\/p>\n<a href=\"http:\/\/facebook.com\" rel=\"noopener\" target=\"_blank\"> <i><svg><use href=\"#tf-ti-facebook\"><\/use><\/svg><\/i> <\/a> <a href=\"http:\/\/twitter.com\" rel=\"noopener\" target=\"_blank\"> <i><svg><use href=\"#tf-ti-twitter-alt\"><\/use><\/svg><\/i> <\/a> <a href=\"https:\/\/www.linkedin.com\" rel=\"noopener\" target=\"_blank\"> <i><svg><use href=\"#tf-ti-linkedin\"><\/use><\/svg><\/i> <\/a> <a href=\"mailto:pavel.krejzlik@eczk.cz\" data-zoom-config=\"50%|50%\"> <i><svg><use href=\"#tf-ti-email\"><\/use><\/svg><\/i> <\/a>\n<h2>Certifikace a licence<\/h2> licence \u010cesk\u00e9 stomatologick\u00e9 komory pro praktick\u00e9 zubn\u00ed l\u00e9ka\u0159stv\u00ed licence \u010cesk\u00e9 stomatologick\u00e9 komory pro \u00fastn\u00ed, \u010delistn\u00ed a obli\u010dejovou chirurgii specializace v oboru stomatologie I. stupn\u011b specializace v oboru stomatologick\u00e1 chirurgie certifik\u00e1t pro pr\u00e1ci s laserem \"SKLEROLASER\", Candela USA certifik\u00e1t pro pr\u00e1ci s laserem \"SKINLIGHT\", Candela, USA certifik\u00e1t k v\u00fdkon\u016fm l\u00e9ka\u0159sk\u00e9ho peelingu certifik\u00e1t k pr\u00e1ci s nitrokostn\u00edmi implant\u00e1ty certifik\u00e1t pro pr\u00e1ci s diodov\u00fdm laserem Ceralas D certifik\u00e1t k aplikaci botulotoxinu\u00a0 certifik\u00e1t k aplikaci v\u00fdpl\u0148ov\u00fdch materi\u00e1l\u016f - Restylane, Perlane Certifik\u00e1t k aplikaci v\u00fdpl\u0148ov\u00fdch materi\u00e1l\u016f - Outline \/Fr.\/ Certifik\u00e1t \" COSMETIC BOTULINUM TOXIN MASTER COURSE 2005\", Paris absolovent kurzu ESTETICK\u00c1 MEZOTERAPIE, 2006 Absolovent kurzu dent\u00e1ln\u00ed implantologie, Brno 1996 Certifik\u00e1t o absolvov\u00e1n\u00ed kurzu \"\u0158\u00edzen\u00e1 tk\u00e1\u0148ov\u00e1 regenerace v teorii a praxi\", Hradec Kr\u00e1lov\u00e9 1999 Certifik\u00e1t - l\u00e9\u010debn\u011b kosmetick\u00e9 mo\u017enosti pou\u017eit\u00ed p\u0159\u00edpravku botulotoxin \u010dlen Komory soudn\u00edch znalc\u016f \u010cesk\u00e9 republiky \u010dlen Spole\u010dnosti pro vyu\u017eit\u00ed laseru v medic\u00edn\u011b \u010cLS JEP \u010dlen Spole\u010dnosti maxillo-faci\u00e1ln\u00ed chirurgie \u010cLS JEP Certifik\u00e1t \"INTERNATIONAL MASTER COURSE ON AGING SKIN\", Paris 2008 OSV\u011aD\u010cEN\u00cd Ministerstva zdravotnictv\u00ed \u010cR o specializovan\u00e9 zp\u016fsobilosti v oboru or\u00e1ln\u00ed a maxilofaci\u00e1ln\u00ed chirurgie OSV\u011aD\u010cEN\u00cd ODBORNOSTI \u010cLK - praktick\u00fd zubn\u00ed l\u00e9ka\u0159 stomatochirurg Specialist training course for the use of RESTYLANE, 2011 Botulinum toxin and the Fillers in the Head and Neck, 2013\u00a0 Certifik\u00e1t \" I. kongres estetick\u00e9 a laserov\u00e9 medic\u00edny\", Praha 2014 \u0160kolen\u00ed KPM Zdravotnick\u00e9 z\u00e1chrann\u00e9 slu\u017eby Jihomor. kraje, Brno 2014 CERTIFIK\u00c1T - ADVANCED SURGERIES, extraction - implantation, immediate loading and bone grafting - Francie 2018 CERTIFIK\u00c1T - L\u00e9\u010debn\u00e9-kosmetick\u00e9 mo\u017enosti pou\u017eit\u00ed kyseliny hyaluronov\u00e9 v p\u0159\u00edpravc\u00edch Restylane a Restylane Skinboosters - 2018 \u00a0 <h2>Odborn\u00e9 st\u00e1\u017ee<\/h2> Klinika plastick\u00e9 a estetick\u00e9 chirurgie Brno Neurochirurgick\u00e1 klinika, FN Brno-Bohunice Klinika d\u011btsk\u00e9 stomatologie PRAHA - MOTOL I. stomatologick\u00e1 klinika 1. LF UK, Praha II. stomatologick\u00e1 klinika LF MU, Brno \u00a0 <h2>Vzd\u011bl\u00e1n\u00ed<\/h2> r. 1992 - PROMOCE r. 1994 - I. ATESTACE - stomatologie r. 2000 - II. ATESTACE - maxilofaci\u00e1ln\u00ed chirurgie\n<h2 style=\"text-align: center;\"><strong>MUDr. Pavel Krejzl\u00edk<\/strong><\/h2> \n \n <i><svg><use href=\"#tf-ti-email\"><\/use><\/svg><\/i> \n <p style=\"text-align: center;\"><a href=\"mailto:info@lasercentra.cz\">&#105;&#110;&#102;&#111;&#64;&#108;&#97;&#115;&#101;&#114;&#99;&#101;&#110;&#116;&#114;&#97;&#46;&#99;&#122;<\/a><\/p> \n \n <i><svg><use href=\"#tf-ti-mobile\"><\/use><\/svg><\/i> \n <p style=\"text-align: center;\"><a href=\"tel:725800900\">+420 725 800 900<\/a><\/p> \n \n <i><svg><use href=\"#tf-ti-headphone-alt\"><\/use><\/svg><\/i> \n <p style=\"text-align: center;\">Provozn\u00ed doba 7:00 \u2013 15:30<\/p> \n \n <p style=\"text-align: center;\">\u010c\u00edslo bankovn\u00edho \u00fa\u010dtu: 107-3046290297\/0100<\/p> \n \n <a href=\"https:\/\/www.facebook.com\/mudr.pavel.krejzlik\"> <i><svg><use href=\"#tf-ti-facebook\"><\/use><\/svg><\/i> <\/a> <a href=\"https:\/\/www.instagram.com\/mudr.pavel.krejzlik\/\"> <i><svg><use href=\"#tf-ti-instagram\"><\/use><\/svg><\/i> <\/a> <a href=\"https:\/\/www.youtube.com\/channel\/UC8cfRPhtNPvL_Ze6j1bwrLA?&amp;ab_channel=OndraJana\"> <i><svg><use href=\"#tf-ti-youtube\"><\/use><\/svg><\/i> <\/a>","_links":{"self":[{"href":"https:\/\/www.eczk.cz\/index.php\/wp-json\/wp\/v2\/pages\/1478"}],"collection":[{"href":"https:\/\/www.eczk.cz\/index.php\/wp-json\/wp\/v2\/pages"}],"about":[{"href":"https:\/\/www.eczk.cz\/index.php\/wp-json\/wp\/v2\/types\/page"}],"author":[{"embeddable":true,"href":"https:\/\/www.eczk.cz\/index.php\/wp-json\/wp\/v2\/users\/1"}],"replies":[{"embeddable":true,"href":"https:\/\/www.eczk.cz\/index.php\/wp-json\/wp\/v2\/comments?post=1478"}],"version-history":[{"count":1,"href":"https:\/\/www.eczk.cz\/index.php\/wp-json\/wp\/v2\/pages\/1478\/revisions"}],"predecessor-version":[{"id":1481,"href":"https:\/\/www.eczk.cz\/index.php\/wp-json\/wp\/v2\/pages\/1478\/revisions\/1481"}],"wp:attachment":[{"href":"https:\/\/www.eczk.cz\/index.php\/wp-json\/wp\/v2\/media?parent=1478"}],"wp:term":[{"taxonomy":"category","embeddable":true,"href":"https:\/\/www.eczk.cz\/index.php\/wp-json\/wp\/v2\/categories?post=1478"},{"taxonomy":"post_tag","embeddable":true,"href":"https:\/\/www.eczk.cz\/index.php\/wp-json\/wp\/v2\/tags?post=1478"}],"curies":[{"name":"wp","href":"https:\/\/api.w.org\/{rel}","templated":true}]}}