{"id":14,"date":"2020-09-27T12:22:35","date_gmt":"2020-09-27T12:22:35","guid":{"rendered":"http:\/\/new.eczk.cz\/?page_id=14"},"modified":"2022-06-22T09:59:23","modified_gmt":"2022-06-22T07:59:23","slug":"orl","status":"publish","type":"page","link":"https:\/\/www.eczk.cz\/index.php\/orl\/","title":{"rendered":"ORL"},"content":{"rendered":"<div id=\"themify_builder_content-14\" data-postid=\"14\" class=\"themify_builder_content themify_builder_content-14 themify_builder tf_clear\">\n    \t<!-- module_row -->\n\t<div   data-css_id=\"tb_ewqr196\" data-lazy=\"1\" class=\"themify_builder_row module_row fullcover fullwidth tb_ewqr196 tb_first clearfix\">\n\t    \t    <div class=\"row_inner col_align_middle tf_box tf_w tf_rel\" >\n\t\t\t<div  data-lazy=\"1\" class=\"module_column tb-column col4-2 first tb_h417196 tf_box\" >\n\t    \t    \t        <div class=\"tb-column-inner tf_box tf_w\">\n\t\t    \t<div  data-lazy=\"1\" class=\"themify_builder_sub_row module_subrow tb_oo2a196 tf_w clearfix\" >\n\t    \t    <div class=\"subrow_inner col_align_top tf_box tf_w\" >\n\t\t\t<div  data-lazy=\"1\" class=\"sub_column module_column tf_box col-full first tb_0kgo196\"> \n\t    \t    \t        <div class=\"tb-column-inner tf_box tf_w\">\n\t\t    <!-- module text -->\n<div  class=\"module module-text tb_etum196  repeat \" data-lazy=\"1\">\n            <div  class=\"tb_text_wrap\">\n    <div class=\"module module-text tb_ok2c601  repeat  \">\n<div class=\"tb_text_wrap\">\n<p style=\"text-align: left;\">MUDr. Pavel Krejzl\u00edk<\/p>\n<\/div>\n<\/div>    <\/div>\n<\/div>\n<!-- \/module text --><!-- module text -->\n<div  class=\"module module-text tb_8ye7196  repeat \" data-lazy=\"1\">\n            <div  class=\"tb_text_wrap\">\n    <h1>ORL<\/h1>    <\/div>\n<\/div>\n<!-- \/module text --><!-- module buttons -->\n<div  class=\"module module-buttons tb_4qnm196 buttons-horizontal outline  squared\" data-lazy=\"1\">\n            \t<div class=\"module-buttons-item tf_inline_b\">\n\t    \t\t    <a href=\"\/index.php\/kontakty\" class=\"ui builder_button black\" >\n\t\t\t\t        \t\t<span class=\"tf_inline_b tf_vmiddle\">Rezervujte si term\u00edn<\/span>\n\t\t    \t\t    \t\t    <\/a>\n\t\t        \t<\/div>\n\t    <\/div>\n<!-- \/module buttons -->\n\t        <\/div>\n\t    \t<\/div>\n\t\t    <\/div>\n\t<\/div><!-- \/themify_builder_sub_row -->\n\t\t        <\/div>\n\t    \t<\/div>\n\t\t<div  data-lazy=\"1\" class=\"module_column tb-column col4-2 last tb_9psz196 tf_box\">\n\t    \t    \t<\/div>\n\t\t    <\/div>\n\t    <!-- \/row_inner -->\n\t<\/div>\n\t<!-- \/module_row -->\n\t\t<!-- module_row -->\n\t<div   data-css_id=\"tb_wfyy938\" data-lazy=\"1\" class=\"themify_builder_row module_row fullwidth tb_wfyy938 clearfix\">\n\t    \t    <div class=\"row_inner col_align_top tf_box tf_w tf_rel\" >\n\t\t\t<div  data-lazy=\"1\" class=\"module_column tb-column col-full first tb_hlo1938 tf_box\">\n\t    \t    \t        <div class=\"tb-column-inner tf_box tf_w\">\n\t\t    <!-- module text -->\n<div  class=\"module module-text tb_w290938  repeat \" data-lazy=\"1\">\n            <div  class=\"tb_text_wrap\">\n        <\/div>\n<\/div>\n<!-- \/module text -->\t        <\/div>\n\t    \t<\/div>\n\t\t    <\/div>\n\t    <!-- \/row_inner -->\n\t<\/div>\n\t<!-- \/module_row -->\n\t\t<!-- module_row -->\n\t<div   data-css_id=\"tb_sye8485\" data-lazy=\"1\" class=\"themify_builder_row module_row fullwidth tb_sye8485 clearfix\">\n\t    \t    <div class=\"row_inner col_align_top tf_box tf_w tf_rel\" >\n\t\t\t<div  data-lazy=\"1\" class=\"module_column tb-column col-full first tb_l1v7485 tf_box\">\n\t    \t    \t        <div class=\"tb-column-inner tf_box tf_w\">\n\t\t    <!-- module text -->\n<div  class=\"module module-text tb_vtld211   \" data-lazy=\"1\">\n            <div  class=\"tb_text_wrap\">\n    <h2 style=\"text-align: left;\">Ordinace ORL<\/h2>\n<p>L\u00e9\u010dba zahrnuje vstupn\u00ed komplexn\u00ed ORL vy\u0161et\u0159en\u00ed, konzultaci a n\u00e1vrh \u0159e\u0161en\u00ed. ORL specialista s dlouhodobou klinickou prax\u00ed, kter\u00fd z\u00e1krok indikuje, jej tak\u00e9 prov\u00e1d\u00ed a pacienta kontroluje. \u0158ada v\u00fdkon\u016f je prov\u00e1d\u011bna pouze ambulantn\u011b. Zejm\u00e9na se specializujeme na \u0159e\u0161en\u00ed nosn\u00ed nepr\u016fchodnosti, l\u00e9\u010dbu chronick\u00e9 r\u00fdmy \u010di l\u00e9\u010dbu chr\u00e1p\u00e1n\u00ed. K tomu slou\u017e\u00ed nejmodern\u011bj\u0161\u00ed technika v\u010detn\u011b laseru.\u00a0V indikovan\u00fdch p\u0159\u00edpadech je mo\u017en\u00e1 spolupr\u00e1ce ORL chirurga, stomatochirurga a plastick\u00e9ho chirurga.<\/p>    <\/div>\n<\/div>\n<!-- \/module text -->\t        <\/div>\n\t    \t<\/div>\n\t\t    <\/div>\n\t    <!-- \/row_inner -->\n\t<\/div>\n\t<!-- \/module_row -->\n\t\t<!-- module_row -->\n\t<div   data-css_id=\"tb_4prh211\" data-lazy=\"1\" class=\"themify_builder_row module_row fullwidth tb_4prh211 clearfix\">\n\t    \t    <div class=\"row_inner col_align_middle tf_box tf_w tf_rel\"   data-basecol=\"2\" data-col_tablet=\"column4-2\" data-col_mobile=\"column-full\">\n\t\t\t<div  data-lazy=\"1\" class=\"module_column tb-column col4-2 first tb_ia7n211 tf_box\" >\n\t    \t    \t        <div class=\"tb-column-inner tf_box tf_w\">\n\t\t    <!-- module text -->\n<div  class=\"module module-text tb_xbxg260   \" data-lazy=\"1\">\n            <div  class=\"tb_text_wrap\">\n    <h3>L\u00e9\u010dba chronick\u00e9 r\u00fdmy &#8211; laserov\u00e1 redukce objemu nosn\u00edch lastur<\/h3>\n<p>Chronick\u00e1 r\u00fdma je z\u00e1n\u011bt nosn\u00ed sliznice, n\u011bkdy i alergick\u00e9ho p\u016fvodu. Postupn\u011b m\u016f\u017ee v\u00e9st k nevratn\u00e9mu zdu\u0159en\u00ed sliznice a k nosn\u00ed nepr\u016fchodnosti. C\u00edlem v\u00fdkonu je o\u0161et\u0159en\u00ed sliznice nosn\u00edch sko\u0159ep, tedy zmen\u0161en\u00ed jejich velikosti pomoc\u00ed laserov\u00e9ho paprsku. Oproti jin\u00fdm metod\u00e1m nedoch\u00e1z\u00ed ke komplikac\u00edm ve smyslu krv\u00e1cen\u00ed, vysych\u00e1n\u00ed sliznice \u010di tvorby krvav\u00fdch krust. V\u00fdkon lze prov\u00e9st pouze v m\u00edstn\u00edm znecitliv\u011bn\u00ed. V poopera\u010dn\u00edm obdob\u00ed nen\u00ed pacient v\u00fdrazn\u011bji limitov\u00e1n, nem\u00edv\u00e1 bolesti, je schopen zam\u011bstn\u00e1n\u00ed.<\/p>    <\/div>\n<\/div>\n<!-- \/module text -->\t        <\/div>\n\t    \t<\/div>\n\t\t<div  data-lazy=\"1\" class=\"module_column tb-column col4-2 last tb_14nm211 tf_box\" >\n\t    \t    \t        <div class=\"tb-column-inner tf_box tf_w\">\n\t\t    <!-- module image -->\n<div  class=\"module module-image tb_qhob211   image-left tf_mw\" data-lazy=\"1\">\n            <div class=\"image-wrap tf_rel tf_mw\">\n\t\t    <img src=\"http:\/\/eczk.cz\/wp-content\/uploads\/2020\/10\/brittany-colette-CDN2nTKfrA-unsplash.jpg\" width=\"500\" height=\"400\" title=\"ORL\" alt=\"ORL\">\t\n\t\t<\/div>\n\t<!-- \/image-wrap -->\n    \n    \n<\/div>\n<!-- \/module image -->\t        <\/div>\n\t    \t<\/div>\n\t\t    <\/div>\n\t    <!-- \/row_inner -->\n\t<\/div>\n\t<!-- \/module_row -->\n\t\t<!-- module_row -->\n\t<div   data-css_id=\"tb_bdyf999\" data-lazy=\"1\" class=\"themify_builder_row module_row fullwidth tb_bdyf999 clearfix\">\n\t    \t    <div class=\"row_inner col_align_middle tf_box tf_w tf_rel\"   data-mobile_dir=\"rtl\" data-basecol=\"2\" data-col_tablet=\"column4-2\" data-col_mobile=\"column-full\">\n\t\t\t<div  data-lazy=\"1\" class=\"module_column tb-column col4-2 first tb_0215999 repeat tf_box\" >\n\t    \t    \t        <div class=\"tb-column-inner tf_box tf_w\">\n\t\t    <!-- module image -->\n<div  class=\"module module-image tb_aigz999   image-right tf_mw\" data-lazy=\"1\">\n            <div class=\"image-wrap tf_rel tf_mw\">\n\t\t    <img src=\"http:\/\/eczk.cz\/wp-content\/uploads\/2020\/10\/damir-spanic-14OzPVGzScg-unsplash.jpg\" width=\"500\" height=\"400\" title=\"ORL\" alt=\"ORL\">\t\n\t\t<\/div>\n\t<!-- \/image-wrap -->\n    \n    \n<\/div>\n<!-- \/module image -->\t        <\/div>\n\t    \t<\/div>\n\t\t<div  data-lazy=\"1\" class=\"module_column tb-column col4-2 last tb_e19e999 tf_box\" >\n\t    \t    \t        <div class=\"tb-column-inner tf_box tf_w\">\n\t\t    <!-- module text -->\n<div  class=\"module module-text tb_14dj999   \" data-lazy=\"1\">\n            <div  class=\"tb_text_wrap\">\n    <h3>Odstran\u011bn\u00ed chr\u00e1p\u00e1n\u00ed &#8211; laserov\u00e1 korekce m\u011bkk\u00e9ho patra<\/h3>\n<p>Chr\u00e1p\u00e1n\u00ed nej\u010dast\u011bji vznik\u00e1 p\u0159i pr\u016fniku vdechovan\u00e9ho a vydechovan\u00e9ho vzduchu z\u00fa\u017een\u00fdmi m\u00edsty horn\u00edch cest d\u00fdchac\u00edch, tedy zejm\u00e9na v oblasti m\u011bkk\u00e9ho patra. V n\u011bkter\u00fdch p\u0159\u00edpadech se ale m\u016f\u017ee jednat i o z\u00e1va\u017en\u011bj\u0161\u00ed poruchu &#8211; tzv. sp\u00e1nkov\u00fd apnoick\u00fd syndrom, p\u0159i kter\u00e9m b\u011bhem sp\u00e1nku doch\u00e1z\u00ed ke kr\u00e1tkodob\u00e9mu \u00fapln\u00e9mu uzav\u0159en\u00ed d\u00fdchac\u00edch cest.<\/p>\n<p>Je-li vy\u0161et\u0159ovac\u00ed a opera\u010dn\u00ed postup zvolen spr\u00e1vn\u011b, je mo\u017en\u00e9 chr\u00e1p\u00e1n\u00ed odstranit. P\u0159i operaci prov\u00e1d\u00ed l\u00e9ka\u0159 plastiku m\u011bkk\u00e9ho patra pomoc\u00ed laserov\u00e9ho paprsku. C\u00edlem je korekce a modelace m\u011bkk\u00e9ho patra a \u010d\u00edpku tak, aby do\u0161lo k jeho zkr\u00e1cen\u00ed a vyztu\u017een\u00ed. D\u00e9lka v\u00fdkonu je cca 15 min.<\/p>\n<p>V p\u0159\u00edpad\u011b, \u017ee je z\u00e1krok proveden pouze v m\u00edstn\u00edm znecitliv\u011bn\u00ed, odch\u00e1z\u00ed pacient bezprost\u0159edn\u011b po v\u00fdkonu dom\u016f. V poopera\u010dn\u00edm obdob\u00ed jsou obvykl\u00e9 n\u011bkolik dn\u00ed trvaj\u00edc\u00ed bolesti v krku.<\/p>    <\/div>\n<\/div>\n<!-- \/module text -->\t        <\/div>\n\t    \t<\/div>\n\t\t    <\/div>\n\t    <!-- \/row_inner -->\n\t<\/div>\n\t<!-- \/module_row -->\n\t\t<!-- module_row -->\n\t<div   data-css_id=\"tb_kau3117\" data-lazy=\"1\" class=\"themify_builder_row module_row fullwidth tb_kau3117 clearfix\">\n\t    \t    <div class=\"row_inner col_align_top tf_box tf_w tf_rel\" >\n\t\t\t<div  data-lazy=\"1\" class=\"module_column tb-column col-full first tb_np49118 tf_box\">\n\t    \t    \t        <div class=\"tb-column-inner tf_box tf_w\">\n\t\t    <!-- module template_part -->\n<div  class=\"module module-layout-part tb_9726452 \">\n    <div class=\"tb_layout_part_wrap tf_w\">\n    <div class=\"themify_builder_content themify_builder_content-278 themify_builder not_editable_builder in_the_loop\" data-postid=\"278\">\n        \t<!-- module_row -->\n\t<div   data-css_id=\"tb_qytw158\" data-lazy=\"1\" class=\"themify_builder_row module_row repeat fullwidth tb_qytw158 clearfix\">\n\t    \t    <div class=\"row_inner col_align_middle gutter-none tf_box tf_w tf_rel\"   data-basecol=\"1\" data-col_tablet=\"tablet-full\" data-col_mobile=\"column-full\">\n\t\t\t<div  data-lazy=\"1\" class=\"module_column tb-column col-full first tb_q9as158 repeat tf_box\" >\n\t    \t    \t        <div class=\"tb-column-inner tf_box tf_w\">\n\t\t    <!-- module text -->\n<div  class=\"module module-text tb_8147158  repeat \" data-lazy=\"1\">\n            <div  class=\"tb_text_wrap\">\n    <h2 style=\"text-align: center;\"><strong>MUDr. Pavel Krejzl\u00edk<\/strong><\/h2>    <\/div>\n<\/div>\n<!-- \/module text -->\t<div  data-lazy=\"1\" class=\"themify_builder_sub_row module_subrow tb_t11r158 tf_w clearfix\">\n\t    \t    <div class=\"subrow_inner gutter-none col_auto_height col_align_middle tf_box tf_w\" >\n\t\t\t<div  data-lazy=\"1\" class=\"sub_column module_column tf_box col3-1 first tb_tuq6158\"> \n\t    \t    \t        <div class=\"tb-column-inner tf_box tf_w\">\n\t\t    <!-- module icon -->\n<div  class=\"module module-icon tb_5cc6158  normal circle icon_horizontal tf_textc\" data-lazy=\"1\">\n            <div class=\"module-icon\">\n\t\t    <div class=\"module-icon-item tf_inline_b\">\n\t\t\t\t    \t\t\t\t    \t\t\t<i class=\"ui tf_vmiddle tf_textc tf_box transparent\"><svg class=\"tf_fa tf-ti-email\"><use href=\"#tf-ti-email\"><\/use><\/svg><\/i>\n\t\t    \t\t    \t\t    \t    <\/div>\n\t    <\/div>\n<\/div>\n<!-- \/module icon -->\n<!-- module text -->\n<div  class=\"module module-text tb_xpej158   \" data-lazy=\"1\">\n            <div  class=\"tb_text_wrap\">\n    <p style=\"text-align: center;\"><a href=\"mailto:info@lasercentra.cz\">&#105;&#110;&#102;&#111;&#64;&#108;&#97;&#115;&#101;&#114;&#99;&#101;&#110;&#116;&#114;&#97;&#46;&#99;&#122;<\/a><\/p>\n    <\/div>\n<\/div>\n<!-- \/module text -->\t        <\/div>\n\t    \t<\/div>\n\t\t<div  data-lazy=\"1\" class=\"sub_column module_column tf_box col3-1 middle tb_7l6h158\"> \n\t    \t    \t        <div class=\"tb-column-inner tf_box tf_w\">\n\t\t    <!-- module icon -->\n<div  class=\"module module-icon tb_lh98158  normal circle icon_horizontal tf_textc\" data-lazy=\"1\">\n            <div class=\"module-icon\">\n\t\t    <div class=\"module-icon-item tf_inline_b\">\n\t\t\t\t    \t\t\t\t    \t\t\t<i class=\"ui tf_vmiddle tf_textc tf_box transparent\"><svg class=\"tf_fa tf-ti-mobile\"><use href=\"#tf-ti-mobile\"><\/use><\/svg><\/i>\n\t\t    \t\t    \t\t    \t    <\/div>\n\t    <\/div>\n<\/div>\n<!-- \/module icon -->\n<!-- module text -->\n<div  class=\"module module-text tb_ftur158   \" data-lazy=\"1\">\n            <div  class=\"tb_text_wrap\">\n    <p style=\"text-align: center;\"><a href=\"tel:725800900\">+420 725 800 900<\/a><\/p>    <\/div>\n<\/div>\n<!-- \/module text -->\t        <\/div>\n\t    \t<\/div>\n\t\t<div  data-lazy=\"1\" class=\"sub_column module_column tf_box col3-1 last tb_6fkn158\"> \n\t    \t    \t        <div class=\"tb-column-inner tf_box tf_w\">\n\t\t    <!-- module icon -->\n<div  class=\"module module-icon tb_ynya158  normal circle icon_horizontal tf_textc\" data-lazy=\"1\">\n            <div class=\"module-icon\">\n\t\t    <div class=\"module-icon-item tf_inline_b\">\n\t\t\t\t    \t\t\t\t    \t\t\t<i class=\"ui tf_vmiddle tf_textc tf_box transparent\"><svg class=\"tf_fa tf-ti-headphone-alt\"><use href=\"#tf-ti-headphone-alt\"><\/use><\/svg><\/i>\n\t\t    \t\t    \t\t    \t    <\/div>\n\t    <\/div>\n<\/div>\n<!-- \/module icon -->\n<!-- module text -->\n<div  class=\"module module-text tb_nmx8158   \" data-lazy=\"1\">\n            <div  class=\"tb_text_wrap\">\n    <p style=\"text-align: center;\">Provozn\u00ed doba 7:00 \u2013 15:30<\/p>    <\/div>\n<\/div>\n<!-- \/module text -->\t        <\/div>\n\t    \t<\/div>\n\t\t    <\/div>\n\t<\/div><!-- \/themify_builder_sub_row -->\n\t<!-- module text -->\n<div  class=\"module module-text tb_uz43763  repeat \" data-lazy=\"1\">\n            <div  class=\"tb_text_wrap\">\n    <p style=\"text-align: center;\">\u010c\u00edslo bankovn\u00edho \u00fa\u010dtu: 107-3046290297\/0100<\/p>    <\/div>\n<\/div>\n<!-- \/module text --><!-- module divider -->\n<div  class=\"module tf_mw module-divider tb_ckpz158 solid   \" style=\"border-width: 1px;border-color: rgba(0,0,0, 0.05);margin-top: 10px;margin-bottom: 10px;\" data-lazy=\"1\">\n        <\/div>\n<!-- \/module divider -->\n<!-- module icon -->\n<div  class=\"module module-icon tb_2140158  normal none icon_horizontal tf_textc\" data-lazy=\"1\">\n            <div class=\"module-icon\">\n\t\t    <div class=\"module-icon-item tf_inline_b\">\n\t\t\t\t    <a href=\"https:\/\/www.facebook.com\/mudr.pavel.krejzlik\">\n\t\t    \t\t    \t\t\t\t    \t\t\t<i class=\"ui tf_vmiddle tf_textc tf_box black\"><svg class=\"tf_fa tf-ti-facebook\"><use href=\"#tf-ti-facebook\"><\/use><\/svg><\/i>\n\t\t    \t\t    \t\t    \t\t    <\/a>\n\t\t\t    <\/div>\n\t\t    <div class=\"module-icon-item tf_inline_b\">\n\t\t\t\t    <a href=\"https:\/\/www.instagram.com\/mudr.pavel.krejzlik\/\">\n\t\t    \t\t    \t\t\t\t    \t\t\t<i class=\"ui tf_vmiddle tf_textc tf_box black\"><svg class=\"tf_fa tf-ti-instagram\"><use href=\"#tf-ti-instagram\"><\/use><\/svg><\/i>\n\t\t    \t\t    \t\t    \t\t    <\/a>\n\t\t\t    <\/div>\n\t\t    <div class=\"module-icon-item tf_inline_b\">\n\t\t\t\t    <a href=\"https:\/\/www.youtube.com\/channel\/UC8cfRPhtNPvL_Ze6j1bwrLA?&amp;ab_channel=OndraJana\">\n\t\t    \t\t    \t\t\t\t    \t\t\t<i class=\"ui tf_vmiddle tf_textc tf_box black\"><svg class=\"tf_fa tf-ti-youtube\"><use href=\"#tf-ti-youtube\"><\/use><\/svg><\/i>\n\t\t    \t\t    \t\t    \t\t    <\/a>\n\t\t\t    <\/div>\n\t    <\/div>\n<\/div>\n<!-- \/module icon -->\n\t        <\/div>\n\t    \t<\/div>\n\t\t    <\/div>\n\t    <!-- \/row_inner -->\n\t<\/div>\n\t<!-- \/module_row -->\n\t    <\/div>\n<\/div>\n<\/div>\n<!-- \/module template_part -->\n\t        <\/div>\n\t    \t<\/div>\n\t\t    <\/div>\n\t    <!-- \/row_inner -->\n\t<\/div>\n\t<!-- \/module_row -->\n\t<\/div>\n\n","protected":false},"excerpt":{"rendered":"<p>MUDr. Pavel Krejzl\u00edk ORL Rezervujte si term\u00edn Ordinace ORL L\u00e9\u010dba zahrnuje vstupn\u00ed komplexn\u00ed ORL vy\u0161et\u0159en\u00ed, konzultaci a n\u00e1vrh \u0159e\u0161en\u00ed. ORL specialista s dlouhodobou klinickou prax\u00ed, kter\u00fd z\u00e1krok indikuje, jej tak\u00e9 prov\u00e1d\u00ed a pacienta kontroluje. \u0158ada v\u00fdkon\u016f je prov\u00e1d\u011bna pouze ambulantn\u011b. Zejm\u00e9na se specializujeme na \u0159e\u0161en\u00ed nosn\u00ed nepr\u016fchodnosti, l\u00e9\u010dbu chronick\u00e9 r\u00fdmy \u010di l\u00e9\u010dbu chr\u00e1p\u00e1n\u00ed. K tomu [&hellip;]<\/p>\n","protected":false},"author":1,"featured_media":0,"parent":0,"menu_order":0,"comment_status":"closed","ping_status":"closed","template":"","meta":[],"categories":[],"tags":[],"builder_content":"<p style=\"text-align: left;\">MUDr. Pavel Krejzl\u00edk<\/p>\n<h1>ORL<\/h1>\n<a href=\"\/index.php\/kontakty\" > Rezervujte si term\u00edn <\/a>\n\n<h2 style=\"text-align: left;\">Ordinace ORL<\/h2> <p>L\u00e9\u010dba zahrnuje vstupn\u00ed komplexn\u00ed ORL vy\u0161et\u0159en\u00ed, konzultaci a n\u00e1vrh \u0159e\u0161en\u00ed. ORL specialista s dlouhodobou klinickou prax\u00ed, kter\u00fd z\u00e1krok indikuje, jej tak\u00e9 prov\u00e1d\u00ed a pacienta kontroluje. \u0158ada v\u00fdkon\u016f je prov\u00e1d\u011bna pouze ambulantn\u011b. Zejm\u00e9na se specializujeme na \u0159e\u0161en\u00ed nosn\u00ed nepr\u016fchodnosti, l\u00e9\u010dbu chronick\u00e9 r\u00fdmy \u010di l\u00e9\u010dbu chr\u00e1p\u00e1n\u00ed. K tomu slou\u017e\u00ed nejmodern\u011bj\u0161\u00ed technika v\u010detn\u011b laseru.\u00a0V indikovan\u00fdch p\u0159\u00edpadech je mo\u017en\u00e1 spolupr\u00e1ce ORL chirurga, stomatochirurga a plastick\u00e9ho chirurga.<\/p>\n<h3>L\u00e9\u010dba chronick\u00e9 r\u00fdmy - laserov\u00e1 redukce objemu nosn\u00edch lastur<\/h3> <p>Chronick\u00e1 r\u00fdma je z\u00e1n\u011bt nosn\u00ed sliznice, n\u011bkdy i alergick\u00e9ho p\u016fvodu. Postupn\u011b m\u016f\u017ee v\u00e9st k nevratn\u00e9mu zdu\u0159en\u00ed sliznice a k nosn\u00ed nepr\u016fchodnosti. C\u00edlem v\u00fdkonu je o\u0161et\u0159en\u00ed sliznice nosn\u00edch sko\u0159ep, tedy zmen\u0161en\u00ed jejich velikosti pomoc\u00ed laserov\u00e9ho paprsku. Oproti jin\u00fdm metod\u00e1m nedoch\u00e1z\u00ed ke komplikac\u00edm ve smyslu krv\u00e1cen\u00ed, vysych\u00e1n\u00ed sliznice \u010di tvorby krvav\u00fdch krust. V\u00fdkon lze prov\u00e9st pouze v m\u00edstn\u00edm znecitliv\u011bn\u00ed. V poopera\u010dn\u00edm obdob\u00ed nen\u00ed pacient v\u00fdrazn\u011bji limitov\u00e1n, nem\u00edv\u00e1 bolesti, je schopen zam\u011bstn\u00e1n\u00ed.<\/p>\n<img src=\"http:\/\/eczk.cz\/wp-content\/uploads\/2020\/10\/brittany-colette-CDN2nTKfrA-unsplash.jpg\" width=\"500\" height=\"400\" title=\"ORL\" alt=\"ORL\">\n<img src=\"http:\/\/eczk.cz\/wp-content\/uploads\/2020\/10\/damir-spanic-14OzPVGzScg-unsplash.jpg\" width=\"500\" height=\"400\" title=\"ORL\" alt=\"ORL\">\n<h3>Odstran\u011bn\u00ed chr\u00e1p\u00e1n\u00ed - laserov\u00e1 korekce m\u011bkk\u00e9ho patra<\/h3> <p>Chr\u00e1p\u00e1n\u00ed nej\u010dast\u011bji vznik\u00e1 p\u0159i pr\u016fniku vdechovan\u00e9ho a vydechovan\u00e9ho vzduchu z\u00fa\u017een\u00fdmi m\u00edsty horn\u00edch cest d\u00fdchac\u00edch, tedy zejm\u00e9na v oblasti m\u011bkk\u00e9ho patra. V n\u011bkter\u00fdch p\u0159\u00edpadech se ale m\u016f\u017ee jednat i o z\u00e1va\u017en\u011bj\u0161\u00ed poruchu - tzv. sp\u00e1nkov\u00fd apnoick\u00fd syndrom, p\u0159i kter\u00e9m b\u011bhem sp\u00e1nku doch\u00e1z\u00ed ke kr\u00e1tkodob\u00e9mu \u00fapln\u00e9mu uzav\u0159en\u00ed d\u00fdchac\u00edch cest.<\/p> <p>Je-li vy\u0161et\u0159ovac\u00ed a opera\u010dn\u00ed postup zvolen spr\u00e1vn\u011b, je mo\u017en\u00e9 chr\u00e1p\u00e1n\u00ed odstranit. P\u0159i operaci prov\u00e1d\u00ed l\u00e9ka\u0159 plastiku m\u011bkk\u00e9ho patra pomoc\u00ed laserov\u00e9ho paprsku. C\u00edlem je korekce a modelace m\u011bkk\u00e9ho patra a \u010d\u00edpku tak, aby do\u0161lo k jeho zkr\u00e1cen\u00ed a vyztu\u017een\u00ed. D\u00e9lka v\u00fdkonu je cca 15 min.<\/p> <p>V p\u0159\u00edpad\u011b, \u017ee je z\u00e1krok proveden pouze v m\u00edstn\u00edm znecitliv\u011bn\u00ed, odch\u00e1z\u00ed pacient bezprost\u0159edn\u011b po v\u00fdkonu dom\u016f. V poopera\u010dn\u00edm obdob\u00ed jsou obvykl\u00e9 n\u011bkolik dn\u00ed trvaj\u00edc\u00ed bolesti v krku.<\/p>\n<h2 style=\"text-align: center;\"><strong>MUDr. Pavel Krejzl\u00edk<\/strong><\/h2> \n \n <i><svg><use href=\"#tf-ti-email\"><\/use><\/svg><\/i> \n <p style=\"text-align: center;\"><a href=\"mailto:info@lasercentra.cz\">&#105;&#110;&#102;&#111;&#64;&#108;&#97;&#115;&#101;&#114;&#99;&#101;&#110;&#116;&#114;&#97;&#46;&#99;&#122;<\/a><\/p> \n \n <i><svg><use href=\"#tf-ti-mobile\"><\/use><\/svg><\/i> \n <p style=\"text-align: center;\"><a href=\"tel:725800900\">+420 725 800 900<\/a><\/p> \n \n <i><svg><use href=\"#tf-ti-headphone-alt\"><\/use><\/svg><\/i> \n <p style=\"text-align: center;\">Provozn\u00ed doba 7:00 \u2013 15:30<\/p> \n \n <p style=\"text-align: center;\">\u010c\u00edslo bankovn\u00edho \u00fa\u010dtu: 107-3046290297\/0100<\/p> \n \n <a href=\"https:\/\/www.facebook.com\/mudr.pavel.krejzlik\"> <i><svg><use href=\"#tf-ti-facebook\"><\/use><\/svg><\/i> <\/a> <a href=\"https:\/\/www.instagram.com\/mudr.pavel.krejzlik\/\"> <i><svg><use href=\"#tf-ti-instagram\"><\/use><\/svg><\/i> <\/a> <a href=\"https:\/\/www.youtube.com\/channel\/UC8cfRPhtNPvL_Ze6j1bwrLA?&amp;ab_channel=OndraJana\"> <i><svg><use href=\"#tf-ti-youtube\"><\/use><\/svg><\/i> <\/a>","_links":{"self":[{"href":"https:\/\/www.eczk.cz\/index.php\/wp-json\/wp\/v2\/pages\/14"}],"collection":[{"href":"https:\/\/www.eczk.cz\/index.php\/wp-json\/wp\/v2\/pages"}],"about":[{"href":"https:\/\/www.eczk.cz\/index.php\/wp-json\/wp\/v2\/types\/page"}],"author":[{"embeddable":true,"href":"https:\/\/www.eczk.cz\/index.php\/wp-json\/wp\/v2\/users\/1"}],"replies":[{"embeddable":true,"href":"https:\/\/www.eczk.cz\/index.php\/wp-json\/wp\/v2\/comments?post=14"}],"version-history":[{"count":30,"href":"https:\/\/www.eczk.cz\/index.php\/wp-json\/wp\/v2\/pages\/14\/revisions"}],"predecessor-version":[{"id":3031,"href":"https:\/\/www.eczk.cz\/index.php\/wp-json\/wp\/v2\/pages\/14\/revisions\/3031"}],"wp:attachment":[{"href":"https:\/\/www.eczk.cz\/index.php\/wp-json\/wp\/v2\/media?parent=14"}],"wp:term":[{"taxonomy":"category","embeddable":true,"href":"https:\/\/www.eczk.cz\/index.php\/wp-json\/wp\/v2\/categories?post=14"},{"taxonomy":"post_tag","embeddable":true,"href":"https:\/\/www.eczk.cz\/index.php\/wp-json\/wp\/v2\/tags?post=14"}],"curies":[{"name":"wp","href":"https:\/\/api.w.org\/{rel}","templated":true}]}}